{"id":13830,"date":"2025-10-12T09:58:04","date_gmt":"2025-10-12T01:58:04","guid":{"rendered":"https:\/\/green-grasshopper-921422.hostingersite.com\/?post_type=product&#038;p=13830"},"modified":"2026-01-19T22:07:13","modified_gmt":"2026-01-19T14:07:13","slug":"airmez-matrix-30k-puffs-touch-pad-vape","status":"publish","type":"product","link":"https:\/\/agoravape.com\/fr\/product\/airmez-matrix-30k-puffs-touch-pad-vape\/","title":{"rendered":"Vaporisateur Airmez Matrix 30K Puffs avec pav\u00e9 tactile et double mesh | Saveur longue dur\u00e9e, contr\u00f4le facile"},"content":{"rendered":"<h2 data-v-md-heading=\"what-are-the-highlights-of-the-airmez-matrix-30k-touchpad-dual-mesh-vape\" data-v-md-line=\"3\"><img loading=\"lazy\" decoding=\"async\" class=\"aligncenter size-full wp-image-13842\" src=\"https:\/\/agoravape.com\/wp-content\/uploads\/2025\/10\/Airmez-Matrix-30K-Puffs-Touch-Pad-Dual-Mesh-Vape_Agora_vape-1.webp\" alt=\"\" width=\"2080\" height=\"2080\" srcset=\"https:\/\/agoravape.com\/wp-content\/uploads\/2025\/10\/Airmez-Matrix-30K-Puffs-Touch-Pad-Dual-Mesh-Vape_Agora_vape-1.webp 2080w, https:\/\/agoravape.com\/wp-content\/uploads\/2025\/10\/Airmez-Matrix-30K-Puffs-Touch-Pad-Dual-Mesh-Vape_Agora_vape-1-600x600.webp 600w, https:\/\/agoravape.com\/wp-content\/uploads\/2025\/10\/Airmez-Matrix-30K-Puffs-Touch-Pad-Dual-Mesh-Vape_Agora_vape-1-1200x1200.webp 1200w, https:\/\/agoravape.com\/wp-content\/uploads\/2025\/10\/Airmez-Matrix-30K-Puffs-Touch-Pad-Dual-Mesh-Vape_Agora_vape-1-300x300.webp 300w, https:\/\/agoravape.com\/wp-content\/uploads\/2025\/10\/Airmez-Matrix-30K-Puffs-Touch-Pad-Dual-Mesh-Vape_Agora_vape-1-1024x1024.webp 1024w, https:\/\/agoravape.com\/wp-content\/uploads\/2025\/10\/Airmez-Matrix-30K-Puffs-Touch-Pad-Dual-Mesh-Vape_Agora_vape-1-150x150.webp 150w, https:\/\/agoravape.com\/wp-content\/uploads\/2025\/10\/Airmez-Matrix-30K-Puffs-Touch-Pad-Dual-Mesh-Vape_Agora_vape-1-768x768.webp 768w, https:\/\/agoravape.com\/wp-content\/uploads\/2025\/10\/Airmez-Matrix-30K-Puffs-Touch-Pad-Dual-Mesh-Vape_Agora_vape-1-1536x1536.webp 1536w, https:\/\/agoravape.com\/wp-content\/uploads\/2025\/10\/Airmez-Matrix-30K-Puffs-Touch-Pad-Dual-Mesh-Vape_Agora_vape-1-2048x2048.webp 2048w\" sizes=\"auto, (max-width: 2080px) 100vw, 2080px\" \/><\/h2>\n<h2 data-v-md-heading=\"what-are-the-highlights-of-the-airmez-matrix-30k-touchpad-dual-mesh-vape\" data-v-md-line=\"3\">Quels sont les points forts du vaporisateur Airmez Matrix 30K \u00e0 double mesh et pav\u00e9 tactile ?<\/h2>\n<p data-v-md-line=\"4\">Si vous en avez assez de tomber en panne de carburant d\u00e8s que vous go\u00fbtez une nouvelle saveur, l'Airmez Matrix 30K m\u00e9rite d'\u00eatre essay\u00e9e. Elle est sp\u00e9cialement con\u00e7ue pour ceux qui recherchent de g\u00e9n\u00e9reuses bouff\u00e9es, des saveurs riches et une utilisation facile.<\/p>\n<p data-v-md-line=\"6\">Il est dot\u00e9 d'un pav\u00e9 tactile sensible et d'un \u00e9cran clair de 2,1 pouces, facilitant le r\u00e9glage de l'arriv\u00e9e d'air et la v\u00e9rification du niveau de la batterie. Malgr\u00e9 son format compact, le Matrix reste pratique pour un usage quotidien.<\/p>\n<h2 data-v-md-heading=\"excellent-performance-easy-and-convenient\" data-v-md-line=\"8\">Excellentes performances, facile et pratique<\/h2>\n<p data-v-md-line=\"9\">Sa r\u00e9sistance double mesh (1,2 \u03a9) est son atout majeur. Chauff\u00e9e uniform\u00e9ment, elle garantit une saveur douce et agr\u00e9able \u00e0 chaque bouff\u00e9e. Lorsque la batterie est faible, il suffit de brancher le c\u00e2ble USB-C pour continuer \u00e0 l'utiliser. Plus besoin de chargeur sp\u00e9cifique\u00a0: un gain de temps et d'\u00e9nergie appr\u00e9ciable.<\/p>\n<h2 data-v-md-heading=\"specification-introduction\" data-v-md-line=\"11\">Introduction aux sp\u00e9cifications<\/h2>\n<ul data-v-md-line=\"12\">\n<li>Fr\u00e9quence d'aspiration : jusqu'\u00e0 30\u00a0000 fois<\/li>\n<li>Nicotine : 5 % de sel de nicotine<\/li>\n<li>Principe de fonctionnement : Activation par inhalation<\/li>\n<li>Charging: Standard Type-C USB interface<\/li>\n<li>\u00c9tat : Pr\u00eat \u00e0 l'emploi d\u00e8s la sortie de l'emballage<\/li>\n<li>Capacit\u00e9 du r\u00e9servoir d'e-liquide : 22 millilitres<\/li>\n<li>Batterie : batterie rechargeable de 800 mAh<\/li>\n<li>Flux d'air\u00a0: r\u00e9glable via \u00e9cran tactile<\/li>\n<li>\u00c9cran\u00a0: \u00e9cran de 2,1 pouces pour un affichage facile<\/li>\n<\/ul>\n<h2 data-v-md-heading=\"multiple-flavor-options\" data-v-md-line=\"22\">Plusieurs options de saveurs<\/h2>\n<ul data-v-md-line=\"23\">\n<li>Glace \u00e0 la past\u00e8que<\/li>\n<li>myrtilles glac\u00e9es<\/li>\n<li>Myrtilles et framboises<\/li>\n<li>Glace \u00e0 la fraise<\/li>\n<li>Glace au raisin<\/li>\n<li>baies m\u00e9lang\u00e9es<\/li>\n<li>fruit du dragon<\/li>\n<li>fraise kiwi<\/li>\n<li>Kiwi, fruit de la passion, goyave<\/li>\n<li>framboise bleue acide<\/li>\n<li>Cherry Cola<\/li>\n<li>Citron et citron vert<\/li>\n<\/ul>\n<h2 data-v-md-heading=\"for-you-for-your-business\" data-v-md-line=\"36\">Pour vous, pour votre entreprise<\/h2>\n<p data-v-md-line=\"37\">Vous pouvez choisir l'Airmez Matrix 30K pour un usage personnel ou l'acheter pour votre magasin. Le conditionnement en gros est simple\u00a0: cinq pr\u00e9sentoirs forment une bo\u00eete contenant 200\u00a0pi\u00e8ces. Nous exp\u00e9dions dans toute l'Europe via des transporteurs de confiance tels que UPS, DPD et DHL (DDP), ce qui inclut les frais de douane et vous \u00e9vite tout probl\u00e8me douanier impr\u00e9vu.<\/p>\n<p data-v-md-line=\"39\">La r\u00e9glementation varie d'un pays \u00e0 l'autre. Matrix contient 22 millilitres d'e-liquide et 5 % de nicotine, ce qui peut \u00eatre interdit dans certains pays. Veuillez consulter la r\u00e9glementation locale relative aux TPD\/TRRP avant tout achat ou stockage. Nous proc\u00e9derons \u00e0 une v\u00e9rification d'\u00e2ge pour les commandes concern\u00e9es et ne fournissons que des produits authentiques.<\/p>\n<h2 data-v-md-heading=\"why-do-you-like-it\" data-v-md-line=\"41\">Pourquoi l'aimes-tu ?<\/h2>\n<ul data-v-md-line=\"42\">\n<li>Aspiration massive : plus besoin de changer d'\u00e9quipement, vous avez plus de temps pour savourer vos go\u00fbts.<\/li>\n<li>Option \u00e0 forte concentration de nicotine\u00a0: 5\u00a0% de sel de nicotine, pour une exp\u00e9rience de fumage riche et satisfaisante.<\/li>\n<li>Rechargeable : Utilisez l'interface Type-C pour utiliser tous les e-liquides que vous achetez.<\/li>\n<li>Noyau d'atomiseur \u00e0 double maille : une vapeur constante et un go\u00fbt pur peuvent \u00eatre obtenus \u00e0 chaque inhalation.<\/li>\n<li>Admission r\u00e9glable\u00a0: Ajustez l\u2019aspiration pour une succion plus forte ou ouvrez l\u2019admission pour une exp\u00e9rience plus l\u00e9g\u00e8re et plus douce.<\/li>\n<li>Pav\u00e9 tactile + \u00e9cran : contr\u00f4le rapide et clair sans devinettes.<\/li>\n<\/ul>\n<h2 data-v-md-heading=\"why-collaborate-with-agoravape\" data-v-md-line=\"49\">Pourquoi collaborer avec AgoraVape ?<\/h2>\n<p data-v-md-line=\"50\">Nous ne vendons que des produits 100 % authentiques, sans aucun doute. Profitez de prix de gros tr\u00e8s comp\u00e9titifs, d'une livraison DDP fiable en Europe et d'un suivi pr\u00e9cis avec UPS, DPD ou DHL. Le paiement est s\u00e9curis\u00e9 et vos donn\u00e9es sont toujours prot\u00e9g\u00e9es. En cas de probl\u00e8me, notre \u00e9quipe d'assistance et de retours professionnels vous aidera \u00e0 le r\u00e9soudre facilement. Vous souhaitez acheter la cigarette \u00e9lectronique Airmez Matrix 30K Puffs \u00e0 double mesh et pav\u00e9 tactile\u00a0? Contactez-nous et nous vous aiderons \u00e0 proposer rapidement les saveurs que vos clients recherchent.<\/p>\n<p><script src=\"chrome-extension:\/\/fpelahbljekknahkcaegamhcndkfpfnc\/iFrame.js\" type=\"text\/javascript\"><\/script><\/p>","protected":false},"excerpt":{"rendered":"<p>&nbsp;<\/p>\n<p><script src=\"chrome-extension:\/\/fpelahbljekknahkcaegamhcndkfpfnc\/iFrame.js\" type=\"text\/javascript\"><\/script><\/p>\n<p><script src=\"chrome-extension:\/\/fpelahbljekknahkcaegamhcndkfpfnc\/iFrame.js\" type=\"text\/javascript\"><\/script><\/p>\n<p><script src=\"chrome-extension:\/\/fpelahbljekknahkcaegamhcndkfpfnc\/iFrame.js\" type=\"text\/javascript\"><\/script><\/p>\n<p><script src=\"chrome-extension:\/\/fpelahbljekknahkcaegamhcndkfpfnc\/iFrame.js\" type=\"text\/javascript\"><\/script><\/p>","protected":false},"featured_media":13857,"comment_status":"open","ping_status":"closed","template":"","meta":[],"product_brand":[210],"product_cat":[124,185,194,137,176,174,175,193,191,173,186,180,190,192],"product_tag":[],"class_list":{"0":"post-13830","1":"product","2":"type-product","3":"status-publish","4":"has-post-thumbnail","6":"product_brand-airmez","7":"product_cat-vape-by-brand","8":"product_cat-10000-puffs-high-capacity","9":"product_cat-adjustable-airflow","10":"product_cat-airmez","11":"product_cat-beverage","12":"product_cat-fruit-flavors","13":"product_cat-icy-mint","14":"product_cat-mesh-coil","15":"product_cat-rechargeable-disposables","16":"product_cat-vape-by-flavor-profile","17":"product_cat-vape-by-nicotine-strength","18":"product_cat-vape-by-puff-count","19":"product_cat-vape-by-feature-or-type","20":"product_cat-vapes-with-screens","22":"first","23":"onbackorder","24":"shipping-taxable","25":"purchasable","26":"product-type-variable","27":"has-default-attributes"},"tiered_pricing_type":"percentage","tiered_pricing_fixed_rules":[],"tiered_pricing_product_settings":{"layout":"default","base_unit_name":{"singular":null,"plural":null},"default_variation":null},"tiered_pricing_minimum_quantity":10,"tiered_pricing_roles_data":[],"tiered_pricing_percentage_rules":{"30":"29","50":"35","100":"40","200":"44","500":"47","1000":"49"},"tiered_pricing_maximum_quantity":null,"tiered_pricing_quantity_step":"10","_links":{"self":[{"href":"https:\/\/agoravape.com\/fr\/wp-json\/wp\/v2\/product\/13830","targetHints":{"allow":["GET"]}}],"collection":[{"href":"https:\/\/agoravape.com\/fr\/wp-json\/wp\/v2\/product"}],"about":[{"href":"https:\/\/agoravape.com\/fr\/wp-json\/wp\/v2\/types\/product"}],"replies":[{"embeddable":true,"href":"https:\/\/agoravape.com\/fr\/wp-json\/wp\/v2\/comments?post=13830"}],"version-history":[{"count":0,"href":"https:\/\/agoravape.com\/fr\/wp-json\/wp\/v2\/product\/13830\/revisions"}],"wp:featuredmedia":[{"embeddable":true,"href":"https:\/\/agoravape.com\/fr\/wp-json\/wp\/v2\/media\/13857"}],"wp:attachment":[{"href":"https:\/\/agoravape.com\/fr\/wp-json\/wp\/v2\/media?parent=13830"}],"wp:term":[{"taxonomy":"product_brand","embeddable":true,"href":"https:\/\/agoravape.com\/fr\/wp-json\/wp\/v2\/product_brand?post=13830"},{"taxonomy":"product_cat","embeddable":true,"href":"https:\/\/agoravape.com\/fr\/wp-json\/wp\/v2\/product_cat?post=13830"},{"taxonomy":"product_tag","embeddable":true,"href":"https:\/\/agoravape.com\/fr\/wp-json\/wp\/v2\/product_tag?post=13830"}],"curies":[{"name":"wp","href":"https:\/\/api.w.org\/{rel}","templated":true}]}}