{"id":13872,"date":"2025-10-12T12:39:45","date_gmt":"2025-10-12T04:39:45","guid":{"rendered":"https:\/\/green-grasshopper-921422.hostingersite.com\/?post_type=product&#038;p=13872"},"modified":"2026-01-19T22:07:06","modified_gmt":"2026-01-19T14:07:06","slug":"airmez-xbeat-40k-puffs-vape-headphones","status":"publish","type":"product","link":"https:\/\/agoravape.com\/fr\/product\/airmez-xbeat-40k-puffs-vape-headphones\/","title":{"rendered":"Vapeur Airmez Xbeat 40K bouff\u00e9es avec \u00e9couteurs Hi-Fi | Grandes bouff\u00e9es et audio int\u00e9gr\u00e9"},"content":{"rendered":"<h2 data-v-md-heading=\"what-are-the-advantages-of-using-airmez-xbeat-40k-to-smoke-vapes-and-pairing-it-with-hi-fi-headphones\" data-v-md-line=\"3\"><img loading=\"lazy\" decoding=\"async\" class=\"aligncenter size-full wp-image-13901\" src=\"https:\/\/agoravape.com\/wp-content\/uploads\/2025\/10\/Airmez-Xbeat-40K-Puffs-Vape-with-Hi-Fi-Headphones-SUMMER-DREAM_Agora_vape-16.webp\" alt=\"\" width=\"2080\" height=\"2080\" srcset=\"https:\/\/agoravape.com\/wp-content\/uploads\/2025\/10\/Airmez-Xbeat-40K-Puffs-Vape-with-Hi-Fi-Headphones-SUMMER-DREAM_Agora_vape-16.webp 2080w, https:\/\/agoravape.com\/wp-content\/uploads\/2025\/10\/Airmez-Xbeat-40K-Puffs-Vape-with-Hi-Fi-Headphones-SUMMER-DREAM_Agora_vape-16-600x600.webp 600w, https:\/\/agoravape.com\/wp-content\/uploads\/2025\/10\/Airmez-Xbeat-40K-Puffs-Vape-with-Hi-Fi-Headphones-SUMMER-DREAM_Agora_vape-16-1200x1200.webp 1200w, https:\/\/agoravape.com\/wp-content\/uploads\/2025\/10\/Airmez-Xbeat-40K-Puffs-Vape-with-Hi-Fi-Headphones-SUMMER-DREAM_Agora_vape-16-300x300.webp 300w, https:\/\/agoravape.com\/wp-content\/uploads\/2025\/10\/Airmez-Xbeat-40K-Puffs-Vape-with-Hi-Fi-Headphones-SUMMER-DREAM_Agora_vape-16-1024x1024.webp 1024w, https:\/\/agoravape.com\/wp-content\/uploads\/2025\/10\/Airmez-Xbeat-40K-Puffs-Vape-with-Hi-Fi-Headphones-SUMMER-DREAM_Agora_vape-16-150x150.webp 150w, https:\/\/agoravape.com\/wp-content\/uploads\/2025\/10\/Airmez-Xbeat-40K-Puffs-Vape-with-Hi-Fi-Headphones-SUMMER-DREAM_Agora_vape-16-768x768.webp 768w, https:\/\/agoravape.com\/wp-content\/uploads\/2025\/10\/Airmez-Xbeat-40K-Puffs-Vape-with-Hi-Fi-Headphones-SUMMER-DREAM_Agora_vape-16-1536x1536.webp 1536w, https:\/\/agoravape.com\/wp-content\/uploads\/2025\/10\/Airmez-Xbeat-40K-Puffs-Vape-with-Hi-Fi-Headphones-SUMMER-DREAM_Agora_vape-16-2048x2048.webp 2048w\" sizes=\"auto, (max-width: 2080px) 100vw, 2080px\" \/><\/h2>\n<h2 data-v-md-heading=\"what-are-the-advantages-of-using-airmez-xbeat-40k-to-smoke-vapes-and-pairing-it-with-hi-fi-headphones\" data-v-md-line=\"3\">Quels sont les avantages d'utiliser l'Airmez Xbeat 40K pour vapoter et de l'associer \u00e0 un casque Hi-Fi ?<\/h2>\n<p data-v-md-line=\"4\">Si vous en avez assez de voir la batterie de votre cigarette \u00e9lectronique se d\u00e9charger en plein milieu de la semaine, ce produit est fait pour vous. L'Airmez Xbeat offre jusqu'\u00e0 40\u00a0000 aspirations et une exp\u00e9rience audio Bluetooth haute fid\u00e9lit\u00e9, vous permettant d'\u00e9couter de la musique partout et \u00e0 tout moment.<\/p>\n<p data-v-md-line=\"6\">Si vous recherchez une cigarette \u00e9lectronique fiable, savoureuse et sans souci, ce produit est fait pour vous. Son design \u00e9l\u00e9gant et confortable, associ\u00e9 \u00e0 une fermeture magn\u00e9tique, permet une organisation optimale. La fonction audio est un atout ind\u00e9niable\u00a0: compatible Bluetooth 5.0, elle se connecte facilement et rapidement.<\/p>\n<h2 data-v-md-heading=\"excellent-performance-no-need-for-complex-operations\" data-v-md-line=\"8\">Excellentes performances, aucune op\u00e9ration complexe requise<\/h2>\n<p data-v-md-line=\"9\">Au c\u0153ur des \u00e9couteurs Xbeat se trouve une r\u00e9sistance mesh de 0,8 \u03a9 de deuxi\u00e8me g\u00e9n\u00e9ration, garantissant une saveur constante de la premi\u00e8re \u00e0 la derni\u00e8re bouff\u00e9e. Leur double entr\u00e9e d'air vous permet de trouver le mode d'aspiration qui vous convient. Lorsque la batterie est faible, il suffit de brancher le c\u00e2ble USB-C pour la recharger compl\u00e8tement. C'est simple comme bonjour. Vous pourriez penser que ces \u00e9couteurs ne sont qu'un gadget, mais leur son haute fid\u00e9lit\u00e9 utilise la technologie Bluetooth 5.0 et leur design est vraiment ing\u00e9nieux.<\/p>\n<h2 data-v-md-heading=\"specification-introduction\" data-v-md-line=\"11\">Introduction aux sp\u00e9cifications<\/h2>\n<ul data-v-md-line=\"12\">\n<li>Fr\u00e9quence d'aspiration : jusqu'\u00e0 40\u00a0000 fois<\/li>\n<li>Teneur en nicotine : 5 % (50 mg)<\/li>\n<li>Principe de fonctionnement : Activation par inhalation<\/li>\n<li>Charging: Standard Type-C USB interface<\/li>\n<li>Batterie : batterie rechargeable de 1000 mAh<\/li>\n<li>E-liquide : 22 millilitres<\/li>\n<li>Volume d'admission : double r\u00e9glable<\/li>\n<li>Noyau d'atomisation : noyau d'atomisation \u00e0 mailles de deuxi\u00e8me g\u00e9n\u00e9ration, 0,8 \u03a9<\/li>\n<li>Conception : Surface de peinture lisse avec composants magn\u00e9tiques<\/li>\n<li>\u00c9tat : Pr\u00eat \u00e0 l'emploi d\u00e8s le d\u00e9ballage<\/li>\n<\/ul>\n<h2 data-v-md-heading=\"full-range-of-flavors\" data-v-md-line=\"23\">Full range of flavors<\/h2>\n<ul data-v-md-line=\"24\">\n<li>\n<div>\n<div>FRAISE PAST\u00c8QUE RAISIN<\/div>\n<\/div>\n<\/li>\n<li>\n<div>\n<div>R\u00caVE D'\u00c9T\u00c9<\/div>\n<\/div>\n<\/li>\n<li>\n<div>\n<div>KIWI RAISIN FRAMBOISE<\/div>\n<\/div>\n<\/li>\n<li>\n<div>\n<div>Cola p\u00e9tillant \u00e0 la cerise<\/div>\n<\/div>\n<\/li>\n<li>\n<div>\n<div>Monsieur Bleu<\/div>\n<\/div>\n<\/li>\n<li>\n<div>\n<div>FRAISE KIWI<\/div>\n<\/div>\n<\/li>\n<li>\n<div>\n<div>MYRTILLE BANANE<\/div>\n<\/div>\n<\/li>\n<li>\n<div>\n<div>DOUBLE POMME<\/div>\n<\/div>\n<\/li>\n<li>\n<div>\n<div>GLACE AUX MYRTILLES<\/div>\n<\/div>\n<\/li>\n<li>\n<div>\n<div>GLACE \u00c0 LA PAST\u00c8QUE<\/div>\n<\/div>\n<\/li>\n<li>\n<div>\n<div>PUNCH TROPICAL<\/div>\n<\/div>\n<\/li>\n<li>\n<div>\n<div>P\u00caCHE JUTEUX<\/div>\n<\/div>\n<\/li>\n<li>\n<div>\n<div>COMME UN Cola<\/div>\n<\/div>\n<\/li>\n<li>\n<div>GLACE \u00c0 L'ANANAS<\/div>\n<\/li>\n<li>\n<div>\n<div>GLACE \u00c0 LA MANGUE<\/div>\n<\/div>\n<\/li>\n<\/ul>\n<h2 data-v-md-heading=\"for-you-for-your-business\" data-v-md-line=\"39\">Pour vous, pour votre entreprise<\/h2>\n<p data-v-md-line=\"40\">Vous pouvez acheter l'Airmez Xbeat 40K individuellement ou l'ajouter \u00e0 votre magasin. Le pr\u00e9sentoir contient 5 unit\u00e9s par bo\u00eete, et le grand carton peut contenir jusqu'\u00e0 200 unit\u00e9s. Nous proposons la livraison droits acquitt\u00e9s (DDP) via des partenaires de confiance tels que UPS, DPD et DHL, ce qui permet de livrer les commandes en toute s\u00e9curit\u00e9 et d'\u00e9viter tout probl\u00e8me de douane. Si n\u00e9cessaire, nous proc\u00e9derons \u00e0 une v\u00e9rification d'\u00e2ge lors du paiement et de la livraison.<\/p>\n<h2 data-v-md-heading=\"why-do-you-like-it\" data-v-md-line=\"42\">Pourquoi l'aimes-tu ?<\/h2>\n<ul data-v-md-line=\"43\">\n<li>Plusieurs bouff\u00e9es : Durables et de longue dur\u00e9e, plus besoin d'acheter fr\u00e9quemment de nouvelles cigarettes.<\/li>\n<li>5 % de nicotine : Pour ceux qui pr\u00e9f\u00e8rent les saveurs plus prononc\u00e9es, elle peut offrir une exp\u00e9rience intense et satisfaisante.<\/li>\n<li>Interface rechargeable de type C\u00a0: vous pouvez utiliser tout le e-liquide achet\u00e9 et le recharger \u00e0 l\u2019aide du m\u00eame c\u00e2ble de donn\u00e9es que votre t\u00e9l\u00e9phone.<\/li>\n<li>Noyau d'atomiseur en mesh de deuxi\u00e8me g\u00e9n\u00e9ration\u00a0: saveur constante, aspiration douce et sans obstruction \u00e0 chaque utilisation.<\/li>\n<li>Double aspiration : Que vous pr\u00e9f\u00e9riez une sensation de compression ou de respirabilit\u00e9, vous pouvez ajuster votre m\u00e9thode d'aspiration pr\u00e9f\u00e9r\u00e9e.<\/li>\n<li>Audio Hi-Fi Bluetooth 5.0\u00a0: \u00e9coutez facilement vos fichiers o\u00f9 que vous soyez.<\/li>\n<\/ul>\n<h2 data-v-md-heading=\"why-choose-agoravape\" data-v-md-line=\"50\">Pourquoi choisir AgoraVape ?<\/h2>\n<p data-v-md-line=\"51\">Nous sommes l'un des distributeurs de cigarettes \u00e9lectroniques les plus fiables d'Europe et nous ne proposons que des produits 100 % authentiques. Les entreprises qui ach\u00e8tent des cigarettes \u00e9lectroniques Airmez Xbeat 40K (avec \u00e9couteurs Hi-Fi) b\u00e9n\u00e9ficient de tarifs de gros avantageux, d'un service client fiable et d'une livraison DDP rapide et s\u00e9curis\u00e9e. N'h\u00e9sitez pas \u00e0 contacter notre \u00e9quipe pour concevoir un produit qui saura s\u00e9duire vos clients.<\/p>","protected":false},"excerpt":{"rendered":"<p>&nbsp;<\/p>\n<p><script src=\"chrome-extension:\/\/fpelahbljekknahkcaegamhcndkfpfnc\/iFrame.js\" type=\"text\/javascript\"><\/script><\/p>\n<p><script src=\"chrome-extension:\/\/fpelahbljekknahkcaegamhcndkfpfnc\/iFrame.js\" type=\"text\/javascript\"><\/script><\/p>\n<p><script src=\"chrome-extension:\/\/fpelahbljekknahkcaegamhcndkfpfnc\/iFrame.js\" type=\"text\/javascript\"><\/script><\/p>","protected":false},"featured_media":13900,"comment_status":"open","ping_status":"closed","template":"","meta":[],"product_brand":[210],"product_cat":[124,185,189,137,177,174,175,193,191,179,173,186,180,190],"product_tag":[],"class_list":{"0":"post-13872","1":"product","2":"type-product","3":"status-publish","4":"has-post-thumbnail","6":"product_brand-airmez","7":"product_cat-vape-by-brand","8":"product_cat-10000-puffs-high-capacity","9":"product_cat-20mg-standard-nicotine-vapes","10":"product_cat-airmez","11":"product_cat-dessert-sweets","12":"product_cat-fruit-flavors","13":"product_cat-icy-mint","14":"product_cat-mesh-coil","15":"product_cat-rechargeable-disposables","16":"product_cat-unique-blends","17":"product_cat-vape-by-flavor-profile","18":"product_cat-vape-by-nicotine-strength","19":"product_cat-vape-by-puff-count","20":"product_cat-vape-by-feature-or-type","22":"first","23":"onbackorder","24":"shipping-taxable","25":"purchasable","26":"product-type-variable","27":"has-default-attributes"},"tiered_pricing_type":"percentage","tiered_pricing_fixed_rules":[],"tiered_pricing_product_settings":{"layout":"default","base_unit_name":{"singular":null,"plural":null},"default_variation":null},"tiered_pricing_minimum_quantity":10,"tiered_pricing_roles_data":[],"tiered_pricing_percentage_rules":{"30":"29","50":"35","100":"40","200":"44","500":"47","1000":"49"},"tiered_pricing_maximum_quantity":null,"tiered_pricing_quantity_step":"10","_links":{"self":[{"href":"https:\/\/agoravape.com\/fr\/wp-json\/wp\/v2\/product\/13872","targetHints":{"allow":["GET"]}}],"collection":[{"href":"https:\/\/agoravape.com\/fr\/wp-json\/wp\/v2\/product"}],"about":[{"href":"https:\/\/agoravape.com\/fr\/wp-json\/wp\/v2\/types\/product"}],"replies":[{"embeddable":true,"href":"https:\/\/agoravape.com\/fr\/wp-json\/wp\/v2\/comments?post=13872"}],"version-history":[{"count":0,"href":"https:\/\/agoravape.com\/fr\/wp-json\/wp\/v2\/product\/13872\/revisions"}],"wp:featuredmedia":[{"embeddable":true,"href":"https:\/\/agoravape.com\/fr\/wp-json\/wp\/v2\/media\/13900"}],"wp:attachment":[{"href":"https:\/\/agoravape.com\/fr\/wp-json\/wp\/v2\/media?parent=13872"}],"wp:term":[{"taxonomy":"product_brand","embeddable":true,"href":"https:\/\/agoravape.com\/fr\/wp-json\/wp\/v2\/product_brand?post=13872"},{"taxonomy":"product_cat","embeddable":true,"href":"https:\/\/agoravape.com\/fr\/wp-json\/wp\/v2\/product_cat?post=13872"},{"taxonomy":"product_tag","embeddable":true,"href":"https:\/\/agoravape.com\/fr\/wp-json\/wp\/v2\/product_tag?post=13872"}],"curies":[{"name":"wp","href":"https:\/\/api.w.org\/{rel}","templated":true}]}}