{"id":13921,"date":"2025-10-12T12:58:30","date_gmt":"2025-10-12T04:58:30","guid":{"rendered":"https:\/\/green-grasshopper-921422.hostingersite.com\/?post_type=product&#038;p=13921"},"modified":"2026-01-30T17:31:05","modified_gmt":"2026-01-30T09:31:05","slug":"airmez-fox-4-in-1-quad-flavor-vape","status":"publish","type":"product","link":"https:\/\/agoravape.com\/fr\/product\/airmez-fox-4-in-1-quad-flavor-vape\/","title":{"rendered":"Vape jetable Airmez Fox 4-en-1 \u00e0 quatre saveurs | Quatre saveurs, un seul appareil"},"content":{"rendered":"<h2 data-v-md-heading=\"what-exactly-is-the-airmez-fox-four-in-one-four-flavored-disposable-vape\" data-v-md-line=\"3\"><img loading=\"lazy\" decoding=\"async\" class=\"aligncenter size-full wp-image-13947\" src=\"https:\/\/agoravape.com\/wp-content\/uploads\/2025\/10\/Airmez-Fox-4-in-1-Quad-Flavor-Disposable-Vape_Agora_vape-11.webp\" alt=\"\" width=\"2480\" height=\"2480\" srcset=\"https:\/\/agoravape.com\/wp-content\/uploads\/2025\/10\/Airmez-Fox-4-in-1-Quad-Flavor-Disposable-Vape_Agora_vape-11.webp 2480w, https:\/\/agoravape.com\/wp-content\/uploads\/2025\/10\/Airmez-Fox-4-in-1-Quad-Flavor-Disposable-Vape_Agora_vape-11-600x600.webp 600w, https:\/\/agoravape.com\/wp-content\/uploads\/2025\/10\/Airmez-Fox-4-in-1-Quad-Flavor-Disposable-Vape_Agora_vape-11-1200x1200.webp 1200w, https:\/\/agoravape.com\/wp-content\/uploads\/2025\/10\/Airmez-Fox-4-in-1-Quad-Flavor-Disposable-Vape_Agora_vape-11-300x300.webp 300w, https:\/\/agoravape.com\/wp-content\/uploads\/2025\/10\/Airmez-Fox-4-in-1-Quad-Flavor-Disposable-Vape_Agora_vape-11-1024x1024.webp 1024w, https:\/\/agoravape.com\/wp-content\/uploads\/2025\/10\/Airmez-Fox-4-in-1-Quad-Flavor-Disposable-Vape_Agora_vape-11-150x150.webp 150w, https:\/\/agoravape.com\/wp-content\/uploads\/2025\/10\/Airmez-Fox-4-in-1-Quad-Flavor-Disposable-Vape_Agora_vape-11-768x768.webp 768w, https:\/\/agoravape.com\/wp-content\/uploads\/2025\/10\/Airmez-Fox-4-in-1-Quad-Flavor-Disposable-Vape_Agora_vape-11-1536x1536.webp 1536w, https:\/\/agoravape.com\/wp-content\/uploads\/2025\/10\/Airmez-Fox-4-in-1-Quad-Flavor-Disposable-Vape_Agora_vape-11-2048x2048.webp 2048w\" sizes=\"auto, (max-width: 2480px) 100vw, 2480px\" \/><\/h2>\n<h2 data-v-md-heading=\"what-exactly-is-the-airmez-fox-four-in-one-four-flavored-disposable-vape\" data-v-md-line=\"3\">Qu'est-ce que le vaporisateur jetable Airmez Fox quatre en un \u00e0 quatre saveurs exactement ?<\/h2>\n<p data-v-md-line=\"4\">Si vous aimez la vari\u00e9t\u00e9, vous n'avez certainement pas envie de transporter quatre cigarettes \u00e9lectroniques diff\u00e9rentes. L'Airmez Fox int\u00e8gre quatre saveurs diff\u00e9rentes dans une cigarette \u00e9lectronique rechargeable jetable, vous permettant de passer facilement de l'une \u00e0 l'autre. Chaque compartiment a une capacit\u00e9 de 15 millilitres, pour un total de 60 millilitres, ce qui est suffisant pour satisfaire toutes vos envies.<\/p>\n<p data-v-md-line=\"6\">Si vous souhaitez changer facilement de saveur et b\u00e9n\u00e9ficier de performances stables sans vous soucier des r\u00e9glages, ce produit est le choix id\u00e9al. Il utilise une r\u00e9sistance mesh pour garantir un go\u00fbt clair et constant, de la premi\u00e8re \u00e0 la derni\u00e8re utilisation.<\/p>\n<h2 data-v-md-heading=\"excellent-performance-no-need-for-complex-operations\" data-v-md-line=\"8\">Excellentes performances, aucune op\u00e9ration complexe requise<\/h2>\n<p data-v-md-line=\"9\">La r\u00e9sistance mesh chauffe uniform\u00e9ment, pour une saveur fra\u00eeche et \u00e9quilibr\u00e9e. Vous n'aurez pas de baisse soudaine du niveau de la batterie, \u00e9vitant ainsi une sensation de manque de puissance lors des derni\u00e8res utilisations. Lorsque la batterie est faible, vous pouvez la recharger via l'interface USB-C. Utilisez simplement votre c\u00e2ble USB-C habituel.<\/p>\n<h2 data-v-md-heading=\"specification-overview\" data-v-md-line=\"11\">Aper\u00e7u des sp\u00e9cifications<\/h2>\n<ul data-v-md-line=\"12\">\n<li>Fr\u00e9quence d'aspiration\u00a0: non pr\u00e9cis\u00e9e par le fabricant. \u00c0 noter\u00a0: sa grande capacit\u00e9 de 60\u00a0millilitres.<\/li>\n<li>Teneur en nicotine\u00a0: non pr\u00e9cis\u00e9e par le fabricant. Consultez les avantages existants sur votre march\u00e9.<\/li>\n<li>Principe de fonctionnement : Conception \u00e0 aspiration simple<\/li>\n<li>Charging: Standard Type-C USB interface<\/li>\n<li>Batterie : 650 mAh<\/li>\n<li>Bobine : Bobine Mesh<\/li>\n<li>Capacit\u00e9 en e-liquide : 4 cartouches de 15 ml (total 60 ml)<\/li>\n<li>\u00c9tat : Pr\u00eat \u00e0 l'emploi d\u00e8s le d\u00e9ballage<\/li>\n<li>SKU : Airmez-FOX-4IN1<\/li>\n<\/ul>\n<h2 data-v-md-heading=\"full-flavor-series\" data-v-md-line=\"22\">S\u00e9rie compl\u00e8te de saveurs<\/h2>\n<ul data-v-md-line=\"23\">\n<li>Ensemble 1 : Fraise Framboise \u2022 Fraise Kiwi \u2022 Fraise Glac\u00e9e \u2022 P\u00eache Mangue Past\u00e8que<\/li>\n<li>Lot 2\u00a0: Glace \u00e0 la past\u00e8que \u2022 Fraise-past\u00e8que \u2022 Framboise-past\u00e8que \u2022 Myrtille-framboise<\/li>\n<li>Coffret 3\u00a0: Limonade rose \u2022 Baiser passionn\u00e9 \u2022 Fruits rouges \u2022 Triple fruits rouges<\/li>\n<li>Ensemble 4\u00a0: Cerise \u2022 Love 66 \u2022 Eau citronn\u00e9e aux baies \u2022 Glace au raisin<\/li>\n<li>Ensemble 5 : Mangue P\u00eache \u2022 Fruits tropicaux \u2022 Glace \u00e0 la p\u00eache \u2022 Mangue acidul\u00e9e Ananas<\/li>\n<li>Ensemble 6\u00a0: Glace au raisin \u2022 Love 66 \u2022 Myrtilles glac\u00e9es \u2022 Glace au fruit du dragon<\/li>\n<li>Ensemble 7 : Love 66 \u2022 Cerise \u2022 Myrtille glac\u00e9e \u2022 Kiwi \u2022 Fruit de la passion \u2022 Goyave<\/li>\n<li>Ensemble 8\u00a0: Glace \u00e0 la p\u00eache \u2022 Eau citronn\u00e9e rose \u2022 Glace \u00e0 la past\u00e8que \u2022 Dr. Blue<\/li>\n<li>Ensemble 9\u00a0: Mojito rouge \u2022 Love 66 \u2022 Fruits rouges \u2022 Fraise-past\u00e8que<\/li>\n<li>Ensemble 10\u00a0: P\u00eache, Mangue, Past\u00e8que, Myrtille, Cerise, Past\u00e8que, Fruit du dragon, Baiser au fruit de la passion<\/li>\n<\/ul>\n<h2 data-v-md-heading=\"for-you-for-your-business\" data-v-md-line=\"34\">Pour vous, pour votre entreprise<\/h2>\n<p data-v-md-line=\"35\">Vous pouvez choisir Airmez Fox pour un usage personnel ou l'ajouter \u00e0 votre magasin. Chaque pr\u00e9sentoir contient 10 pi\u00e8ces, pour une pr\u00e9sentation soign\u00e9e et \u00e9pur\u00e9e. Le carton principal peut contenir 100 unit\u00e9s et mesure 518 \u00d7 273 \u00d7 267 mm pour un poids brut de 14 kg. L'optimisation de l'espace en rayon et la logistique d'entrep\u00f4t s'en trouvent ainsi grandement facilit\u00e9es.<\/p>\n<p data-v-md-line=\"37\">Nous collaborons avec des partenaires de confiance tels que UPS, DPD et DHL pour assurer des livraisons DDP (droits acquitt\u00e9s) dans toute l'Europe. Cela signifie que les droits de douane sont pr\u00e9pay\u00e9s afin d'\u00e9viter tout probl\u00e8me lors du passage en douane.<\/p>\n<h2 data-v-md-heading=\"why-do-you-like-it\" data-v-md-line=\"39\">Pourquoi l'aimes-tu ?<\/h2>\n<ul data-v-md-line=\"40\">\n<li>Grande capacit\u00e9 : capacit\u00e9 totale de 60 ml, autonomie prolong\u00e9e, pas besoin de remplacer la batterie tous les deux ou trois jours.<\/li>\n<li>Choix du taux de nicotine\u00a0: La concentration de nicotine des e-liquides varie selon les march\u00e9s, vous pouvez donc choisir le taux qui vous convient.<\/li>\n<li>Rechargeable : le chargement USB-C vous permet d'utiliser pleinement chaque goutte d'e-liquide.<\/li>\n<li>R\u00e9sistance mesh : Saveur constante et aspiration douce<\/li>\n<\/ul>\n<h2 data-v-md-heading=\"why-collaborate-with-agoravape\" data-v-md-line=\"45\">Pourquoi collaborer avec AgoraVape ?<\/h2>\n<p data-v-md-line=\"46\">Nous ne vendons que des produits authentiques et offrons des garanties \u00e0 ce sujet. En achetant en gros les cigarettes \u00e9lectroniques jetables Airmez Fox 4 en 1 aux quatre saveurs, vous b\u00e9n\u00e9ficierez de prix r\u00e9duits, d'un service client fiable et d'une livraison DDP rapide et s\u00fbre. Contactez notre \u00e9quipe pour r\u00e9server des produits qui sauront satisfaire vos clients.<\/p>","protected":false},"excerpt":{"rendered":"<p>&nbsp;<\/p>\n<p><script src=\"chrome-extension:\/\/fpelahbljekknahkcaegamhcndkfpfnc\/iFrame.js\" type=\"text\/javascript\"><\/script><\/p>\n<p><script src=\"chrome-extension:\/\/fpelahbljekknahkcaegamhcndkfpfnc\/iFrame.js\" type=\"text\/javascript\"><\/script><\/p>\n<p><script src=\"chrome-extension:\/\/fpelahbljekknahkcaegamhcndkfpfnc\/iFrame.js\" type=\"text\/javascript\"><\/script><\/p>","protected":false},"featured_media":13946,"comment_status":"open","ping_status":"closed","template":"","meta":[],"product_brand":[210],"product_cat":[124,185,137,176,195,174,175,193,191,173,186,180,190],"product_tag":[],"class_list":{"0":"post-13921","1":"product","2":"type-product","3":"status-publish","4":"has-post-thumbnail","6":"product_brand-airmez","7":"product_cat-vape-by-brand","8":"product_cat-10000-puffs-high-capacity","9":"product_cat-airmez","10":"product_cat-beverage","11":"product_cat-dual-flavor-switch","12":"product_cat-fruit-flavors","13":"product_cat-icy-mint","14":"product_cat-mesh-coil","15":"product_cat-rechargeable-disposables","16":"product_cat-vape-by-flavor-profile","17":"product_cat-vape-by-nicotine-strength","18":"product_cat-vape-by-puff-count","19":"product_cat-vape-by-feature-or-type","21":"first","22":"instock","23":"shipping-taxable","24":"purchasable","25":"product-type-variable","26":"has-default-attributes"},"tiered_pricing_type":"percentage","tiered_pricing_fixed_rules":[],"tiered_pricing_product_settings":{"layout":"default","base_unit_name":{"singular":null,"plural":null},"default_variation":null},"tiered_pricing_minimum_quantity":10,"tiered_pricing_roles_data":[],"tiered_pricing_percentage_rules":{"30":"29","50":"35","100":"40","200":"44","500":"47","1000":"49"},"tiered_pricing_maximum_quantity":null,"tiered_pricing_quantity_step":"10","_links":{"self":[{"href":"https:\/\/agoravape.com\/fr\/wp-json\/wp\/v2\/product\/13921","targetHints":{"allow":["GET"]}}],"collection":[{"href":"https:\/\/agoravape.com\/fr\/wp-json\/wp\/v2\/product"}],"about":[{"href":"https:\/\/agoravape.com\/fr\/wp-json\/wp\/v2\/types\/product"}],"replies":[{"embeddable":true,"href":"https:\/\/agoravape.com\/fr\/wp-json\/wp\/v2\/comments?post=13921"}],"version-history":[{"count":0,"href":"https:\/\/agoravape.com\/fr\/wp-json\/wp\/v2\/product\/13921\/revisions"}],"wp:featuredmedia":[{"embeddable":true,"href":"https:\/\/agoravape.com\/fr\/wp-json\/wp\/v2\/media\/13946"}],"wp:attachment":[{"href":"https:\/\/agoravape.com\/fr\/wp-json\/wp\/v2\/media?parent=13921"}],"wp:term":[{"taxonomy":"product_brand","embeddable":true,"href":"https:\/\/agoravape.com\/fr\/wp-json\/wp\/v2\/product_brand?post=13921"},{"taxonomy":"product_cat","embeddable":true,"href":"https:\/\/agoravape.com\/fr\/wp-json\/wp\/v2\/product_cat?post=13921"},{"taxonomy":"product_tag","embeddable":true,"href":"https:\/\/agoravape.com\/fr\/wp-json\/wp\/v2\/product_tag?post=13921"}],"curies":[{"name":"wp","href":"https:\/\/api.w.org\/{rel}","templated":true}]}}