{"id":14104,"date":"2025-10-12T21:33:32","date_gmt":"2025-10-12T13:33:32","guid":{"rendered":"https:\/\/green-grasshopper-921422.hostingersite.com\/?post_type=product&#038;p=14104"},"modified":"2026-01-30T17:28:53","modified_gmt":"2026-01-30T09:28:53","slug":"aivono-aim-fatbear-80k-puffs-3-in-1-vape","status":"publish","type":"product","link":"https:\/\/agoravape.com\/fr\/product\/aivono-aim-fatbear-80k-puffs-3-in-1-vape\/","title":{"rendered":"Aivono Aim Fatbear 80K Puffs Vape 3-en-1 Saveur | Triple Saveur. Dur\u00e9e de vie exceptionnelle"},"content":{"rendered":"<h2 data-v-md-heading=\"what-is-the-charm-of-aivono-aim-fatbear-80k-vaping-three-in-one\" data-v-md-line=\"3\">Quel est le charme du vaporisateur Aivono Aim Fatbear 80K trois en un ?<\/h2>\n<p data-v-md-line=\"4\">Si vous en avez assez des cigarettes \u00e9lectroniques jetables qui s'\u00e9puisent en quelques jours, jetez un \u0153il \u00e0 ce produit. L'Aivono Aim Fatbear est une cigarette \u00e9lectronique offrant jusqu'\u00e0 80\u00a0000 bouff\u00e9es d'autonomie et proposant trois saveurs en une. Simple d'utilisation, il suffit de la prendre en main et de savourer.<\/p>\n<p data-v-md-line=\"6\">Il convient \u00e0 tous ceux qui souhaitent d\u00e9couvrir facilement une multitude de saveurs et offre une excellente autonomie. Du d\u00e9but \u00e0 la fin, profitez d'une aspiration douce et d'un go\u00fbt riche. On pourrait penser qu'un vaporisateur avec une telle capacit\u00e9 serait encombrant, mais il est \u00e9tonnamment petit\u00a0: avec ses dimensions de seulement 40 x 40 x 115\u00a0millim\u00e8tres, il se glisse facilement dans une poche.<\/p>\n<h2 data-v-md-heading=\"excellent-performance-easy-and-convenient\" data-v-md-line=\"8\">Excellentes performances, facile et pratique<\/h2>\n<p data-v-md-line=\"9\">La r\u00e9sistance double mesh de 0,8 \u03a9 garantit une saveur pure et constante \u00e0 chaque bouff\u00e9e. Elle absorbe rapidement l'e-liquide et offre un ar\u00f4me durable. Lorsque la batterie est faible, vous pouvez la recharger via l'interface USB-C, \u00e0 l'aide d'un c\u00e2ble compatible avec les t\u00e9l\u00e9phones. La batterie de 650 mAh est rechargeable, vous permettant ainsi d'utiliser jusqu'\u00e0 58 ml d'e-liquide. L'\u00e9cran LED vous permet de visualiser facilement l'\u00e9tat de la batterie.<\/p>\n<h2 data-v-md-heading=\"specification-introduction\" data-v-md-line=\"11\">Introduction aux sp\u00e9cifications<\/h2>\n<ul data-v-md-line=\"12\">\n<li>Fr\u00e9quence d'aspiration : jusqu'\u00e0 80\u00a0000 fois<\/li>\n<li>Teneur en nicotine : 0 %, 2 %, 3 %, 5 %<\/li>\n<li>Principe de fonctionnement : S'active en une seule bouff\u00e9e<\/li>\n<li>Charging: Standard Type-C USB interface<\/li>\n<li>\u00c9tat : Pr\u00eat \u00e0 l'emploi d\u00e8s la sortie de l'emballage<\/li>\n<\/ul>\n<h2 data-v-md-heading=\"full-flavor-series\" data-v-md-line=\"18\">S\u00e9rie compl\u00e8te de saveurs<\/h2>\n<ul data-v-md-line=\"19\">\n<li>Myrtilles, framboises, glace au citron et glace \u00e0 l'ananas<\/li>\n<li>Glace \u00e0 la fraise + Glace \u00e0 la past\u00e8que + Musique pop<\/li>\n<li>Glace \u00e0 la mangue + ananas et noix de coco + glace \u00e0 la p\u00eache<\/li>\n<li>Glace soda \u00e0 la cerise + Glace Coca-Cola + Glace au melon<\/li>\n<li>Glace au raisin + menthe + fraise<\/li>\n<li>Pomme verte (acide) + banane fraise + mangue acide ananas<\/li>\n<li>Fruits rouges m\u00e9lang\u00e9s + fraise-kiwi + fraise-past\u00e8que<\/li>\n<li>Kiwi, fruit de la passion + Love 66 + glace \u00e0 la mangue<\/li>\n<li>Glace \u00e0 la past\u00e8que + fruits rouges p\u00eache + cola \u00e0 la cerise<\/li>\n<li>Red Bull Energy + Fraise Past\u00e8que + Sucre de framboise<\/li>\n<\/ul>\n<h2 data-v-md-heading=\"for-you-and-for-your-business-as-well\" data-v-md-line=\"30\">Pour vous, et pour votre entreprise \u00e9galement<\/h2>\n<p data-v-md-line=\"31\">Vous pouvez acheter Aivono Aim Fatbear 80K trois en un aromatis\u00e9 vape pour un usage personnel ou acheter pour votre magasin. La vente en gros est fournie sous la forme de 150 bo\u00eetes en carton, avec des dimensions d'emballage claires pour une manipulation facile. Nous proposons des services de livraison DDP par l'interm\u00e9diaire de partenaires de confiance tels que UPS, DPD et DHL afin de garantir que vous receviez vos marchandises rapidement et que vous vous acquittiez des droits de douane avant l'arriv\u00e9e. Pr\u00e9venez les accidents douaniers.<\/p>\n<p data-v-md-line=\"33\">La r\u00e9glementation varie d'un pays \u00e0 l'autre. Si vous pr\u00e9voyez d'importer du mat\u00e9riel en grande quantit\u00e9, veuillez vous r\u00e9f\u00e9rer \u00e0 la r\u00e9glementation locale. Nous ne vendons que des produits Aivono authentiques\u00a0; vous pouvez donc acheter en toute s\u00e9r\u00e9nit\u00e9.<\/p>\n<h2 data-v-md-heading=\"the-reason-why-you-will-like-it\" data-v-md-line=\"35\">La raison pour laquelle vous allez l'aimer<\/h2>\n<ul data-v-md-line=\"36\">\n<li>Grande quantit\u00e9 : Durable et longue dur\u00e9e, pas besoin d'acheter fr\u00e9quemment de nouvelles cigarettes.<\/li>\n<li>S\u00e9lection du taux de nicotine\u00a0: Choisissez 0\u00a0%, 2\u00a0%, 3\u00a0% ou 5\u00a0% selon vos habitudes.<\/li>\n<li>Rechargeable : Chaque goutte d'e-liquide achet\u00e9e est enti\u00e8rement utilis\u00e9e.<\/li>\n<li>R\u00e9sistance mesh : Elle offre toujours une saveur riche et constante.<\/li>\n<li>Trois saveurs en une : Profitez de plus de choix sans avoir \u00e0 transporter plusieurs appareils.<\/li>\n<\/ul>\n<h2 data-v-md-heading=\"why-collaborate-with-agoravape\" data-v-md-line=\"42\">Pourquoi collaborer avec AgoraVape ?<\/h2>\n<p data-v-md-line=\"43\">Nous sommes l'un des distributeurs de cigarettes \u00e9lectroniques les plus fiables d'Europe et nous ne vendons que des produits 100 % authentiques. Pour les professionnels, cela signifie que la cigarette \u00e9lectronique Aivono Aim Fatbear 80K, offrant trois saveurs en une, est propos\u00e9e \u00e0 prix de gros avantageux, avec un service client r\u00e9actif et une livraison express DDP. Contactez-nous d\u00e8s maintenant pour commander cette cigarette \u00e9lectronique trois saveurs en une\u00a0; vos clients reviendront sans aucun doute.<\/p>","protected":false},"excerpt":{"rendered":"<p>&nbsp;<\/p>\n<p><script src=\"chrome-extension:\/\/fpelahbljekknahkcaegamhcndkfpfnc\/iFrame.js\" type=\"text\/javascript\"><\/script><\/p>\n<p><script src=\"chrome-extension:\/\/fpelahbljekknahkcaegamhcndkfpfnc\/iFrame.js\" type=\"text\/javascript\"><\/script><\/p>\n<p><script src=\"chrome-extension:\/\/fpelahbljekknahkcaegamhcndkfpfnc\/iFrame.js\" type=\"text\/javascript\"><\/script><\/p>\n<p><script src=\"chrome-extension:\/\/fpelahbljekknahkcaegamhcndkfpfnc\/iFrame.js\" type=\"text\/javascript\"><\/script><\/p>","protected":false},"featured_media":14131,"comment_status":"open","ping_status":"closed","template":"","meta":[],"product_brand":[211],"product_cat":[124,187,185,189,138,176,177,195,174,175,193,191,173,186,180,190,192],"product_tag":[],"class_list":{"0":"post-14104","1":"product","2":"type-product","3":"status-publish","4":"has-post-thumbnail","6":"product_brand-aivono","7":"product_cat-vape-by-brand","8":"product_cat-0mg-nicotine-free-vapes","9":"product_cat-10000-puffs-high-capacity","10":"product_cat-20mg-standard-nicotine-vapes","11":"product_cat-aivono","12":"product_cat-beverage","13":"product_cat-dessert-sweets","14":"product_cat-dual-flavor-switch","15":"product_cat-fruit-flavors","16":"product_cat-icy-mint","17":"product_cat-mesh-coil","18":"product_cat-rechargeable-disposables","19":"product_cat-vape-by-flavor-profile","20":"product_cat-vape-by-nicotine-strength","21":"product_cat-vape-by-puff-count","22":"product_cat-vape-by-feature-or-type","23":"product_cat-vapes-with-screens","25":"first","26":"instock","27":"shipping-taxable","28":"purchasable","29":"product-type-variable","30":"has-default-attributes"},"tiered_pricing_type":"percentage","tiered_pricing_fixed_rules":[],"tiered_pricing_product_settings":{"layout":"default","base_unit_name":{"singular":null,"plural":null},"default_variation":null},"tiered_pricing_minimum_quantity":10,"tiered_pricing_roles_data":[],"tiered_pricing_percentage_rules":{"30":"29","50":"35","100":"40","200":"44","500":"47","1000":"49"},"tiered_pricing_maximum_quantity":null,"tiered_pricing_quantity_step":"10","_links":{"self":[{"href":"https:\/\/agoravape.com\/fr\/wp-json\/wp\/v2\/product\/14104","targetHints":{"allow":["GET"]}}],"collection":[{"href":"https:\/\/agoravape.com\/fr\/wp-json\/wp\/v2\/product"}],"about":[{"href":"https:\/\/agoravape.com\/fr\/wp-json\/wp\/v2\/types\/product"}],"replies":[{"embeddable":true,"href":"https:\/\/agoravape.com\/fr\/wp-json\/wp\/v2\/comments?post=14104"}],"version-history":[{"count":0,"href":"https:\/\/agoravape.com\/fr\/wp-json\/wp\/v2\/product\/14104\/revisions"}],"wp:featuredmedia":[{"embeddable":true,"href":"https:\/\/agoravape.com\/fr\/wp-json\/wp\/v2\/media\/14131"}],"wp:attachment":[{"href":"https:\/\/agoravape.com\/fr\/wp-json\/wp\/v2\/media?parent=14104"}],"wp:term":[{"taxonomy":"product_brand","embeddable":true,"href":"https:\/\/agoravape.com\/fr\/wp-json\/wp\/v2\/product_brand?post=14104"},{"taxonomy":"product_cat","embeddable":true,"href":"https:\/\/agoravape.com\/fr\/wp-json\/wp\/v2\/product_cat?post=14104"},{"taxonomy":"product_tag","embeddable":true,"href":"https:\/\/agoravape.com\/fr\/wp-json\/wp\/v2\/product_tag?post=14104"}],"curies":[{"name":"wp","href":"https:\/\/api.w.org\/{rel}","templated":true}]}}