{"id":14145,"date":"2025-10-12T21:46:50","date_gmt":"2025-10-12T13:46:50","guid":{"rendered":"https:\/\/green-grasshopper-921422.hostingersite.com\/?post_type=product&#038;p=14145"},"modified":"2026-01-30T17:28:32","modified_gmt":"2026-01-30T09:28:32","slug":"aivono-aim-fatmax-50k-puffs-dtl-shisha-vape","status":"publish","type":"product","link":"https:\/\/agoravape.com\/fr\/product\/aivono-aim-fatmax-50k-puffs-dtl-shisha-vape\/","title":{"rendered":"Aivono Aim Fatmax 50K bouff\u00e9es, vaporisateur de chicha DTL | Une saveur DTL intense qui dure longtemps"},"content":{"rendered":"<h2 data-v-md-heading=\"what-are-the-advantages-of-using-aivono-aim-fatmax-50k-to-smoke-dtl-hookah\" data-v-md-line=\"3\"><img loading=\"lazy\" decoding=\"async\" class=\"aligncenter size-full wp-image-14144\" src=\"https:\/\/agoravape.com\/wp-content\/uploads\/2025\/10\/Aivono-Aim-Fatmax-50K-Puffs-DTL-Shisha-Vape_Agora_vape-1-scaled.webp\" alt=\"\" width=\"2560\" height=\"1312\" srcset=\"https:\/\/agoravape.com\/wp-content\/uploads\/2025\/10\/Aivono-Aim-Fatmax-50K-Puffs-DTL-Shisha-Vape_Agora_vape-1-scaled.webp 2560w, https:\/\/agoravape.com\/wp-content\/uploads\/2025\/10\/Aivono-Aim-Fatmax-50K-Puffs-DTL-Shisha-Vape_Agora_vape-1-scaled-1200x615.webp 1200w, https:\/\/agoravape.com\/wp-content\/uploads\/2025\/10\/Aivono-Aim-Fatmax-50K-Puffs-DTL-Shisha-Vape_Agora_vape-1-300x154.webp 300w, https:\/\/agoravape.com\/wp-content\/uploads\/2025\/10\/Aivono-Aim-Fatmax-50K-Puffs-DTL-Shisha-Vape_Agora_vape-1-1024x525.webp 1024w, https:\/\/agoravape.com\/wp-content\/uploads\/2025\/10\/Aivono-Aim-Fatmax-50K-Puffs-DTL-Shisha-Vape_Agora_vape-1-768x394.webp 768w, https:\/\/agoravape.com\/wp-content\/uploads\/2025\/10\/Aivono-Aim-Fatmax-50K-Puffs-DTL-Shisha-Vape_Agora_vape-1-1536x787.webp 1536w, https:\/\/agoravape.com\/wp-content\/uploads\/2025\/10\/Aivono-Aim-Fatmax-50K-Puffs-DTL-Shisha-Vape_Agora_vape-1-2048x1050.webp 2048w\" sizes=\"auto, (max-width: 2560px) 100vw, 2560px\" \/><\/h2>\n<h2 data-v-md-heading=\"what-are-the-advantages-of-using-aivono-aim-fatmax-50k-to-smoke-dtl-hookah\" data-v-md-line=\"3\">Quels sont les avantages d'utiliser l'Aivono Aim Fatmax 50K pour fumer une chicha DTL ?<\/h2>\n<p data-v-md-line=\"4\">Si vous recherchez un vaporisateur de type narguil\u00e9 durable et performant, ce produit vous permettra de vous familiariser facilement avec ce type de produit. L'Aivono Aim Fatmax offre jusqu'\u00e0 50\u00a0000 bouff\u00e9es et une vapeur DTL riche et constante.<\/p>\n<p data-v-md-line=\"6\">Il convient \u00e0 tous ceux qui appr\u00e9cient un m\u00e9lange harmonieux, transparent et riche de saveurs de narguil\u00e9. Aucune manipulation fastidieuse, aucun r\u00e9glage complexe\u00a0: performance fiable et le go\u00fbt que vous attendez.<\/p>\n<h2 data-v-md-heading=\"excellent-performance-without-any-complexity\" data-v-md-line=\"8\">Excellentes performances sans aucune complexit\u00e9<\/h2>\n<p data-v-md-line=\"9\">La r\u00e9sistance mesh de 0,6 \u03a9 optimise les saveurs, pour une vape intense et savoureuse, sans aucune sensation de lourdeur. L'affichage pratique du niveau de batterie et du niveau d'e-liquide vous permet d'anticiper les pannes de batterie en cours de journ\u00e9e. Lorsque la batterie est faible, il vous suffit de brancher le c\u00e2ble USB-C fourni pour la recharger, en utilisant le m\u00eame c\u00e2ble que celui de votre t\u00e9l\u00e9phone. Un jeu d'enfant\u00a0!<\/p>\n<h2 data-v-md-heading=\"specification-overview\" data-v-md-line=\"11\">Aper\u00e7u des sp\u00e9cifications<\/h2>\n<ul data-v-md-line=\"12\">\n<li>Fr\u00e9quence d'aspiration : jusqu'\u00e0 50\u00a0000 fois<\/li>\n<li>Teneur en nicotine\u00a0: 0\u00a0%, 2\u00a0%, 3\u00a0%, 5\u00a0% (la disponibilit\u00e9 peut varier selon la r\u00e9gion)<\/li>\n<li>Bobine : bobine mesh de 0,6 \u03a9<\/li>\n<li>Capacit\u00e9 du r\u00e9servoir d'e-liquide : 30 millilitres<\/li>\n<li>Batterie : batterie rechargeable de 800 mAh<\/li>\n<li>Principe de fonctionnement : aspiration DTL, fonctionnement assist\u00e9 par \u00e9cran, utilisation facile<\/li>\n<li>Charging: Standard Type-C USB interface<\/li>\n<li>\u00c9cran\u00a0: indicateur de niveau de batterie et d\u2019e-liquide<\/li>\n<li>\u00c9tat : Pr\u00eat \u00e0 l'emploi d\u00e8s le d\u00e9ballage<\/li>\n<\/ul>\n<h2 data-v-md-heading=\"multiple-flavor-options\" data-v-md-line=\"22\">Plusieurs options de saveurs<\/h2>\n<ul data-v-md-line=\"23\">\n<li>Cerise Framboise<\/li>\n<li>Pommes doubles<\/li>\n<li>Comme du raisin<\/li>\n<li>Gomme \u00e0 la myrtille<\/li>\n<li>Love 66 (fruit de la passion, orange sanguine, menthe)<\/li>\n<li>R\u00eave lucide (Myrtille Citron Menthe)<\/li>\n<li>Glace luxuriante (glace \u00e0 la past\u00e8que)<\/li>\n<li>Glace \u00e0 la p\u00eache<\/li>\n<li>Glace aux baies<\/li>\n<li>Panqu aux fraises (fraises m\u00fbres et fruits rafra\u00eechissants)<\/li>\n<\/ul>\n<h2 data-v-md-heading=\"for-you-and-your-company\" data-v-md-line=\"34\">Pour vous et votre entreprise<\/h2>\n<p data-v-md-line=\"35\">Vous pouvez acheter l'Aivono Aim Fatmax 50K pour votre usage personnel ou l'ajouter \u00e0 votre boutique. Nous proposons 140 cartons en gros, disponibles imm\u00e9diatement. Si vos clients recherchent un e-liquide jetable DTL durable, se mariant parfaitement avec la saveur de la chicha, alors c'est un excellent choix.<\/p>\n<p data-v-md-line=\"37\">Nous assurons la livraison DDP dans toute l'Europe gr\u00e2ce \u00e0 des partenaires de confiance tels que UPS, DPD et DHL, garantissant une tarification transparente et l'absence de probl\u00e8mes douaniers impr\u00e9vus. Vous b\u00e9n\u00e9ficiez ainsi d'un suivi de livraison et d'une rapidit\u00e9 de paiement optimale.<\/p>\n<h2 data-v-md-heading=\"why-do-you-like-it\" data-v-md-line=\"39\">Pourquoi l'aimes-tu ?<\/h2>\n<ul data-v-md-line=\"40\">\n<li>Aspiration massive : jusqu'\u00e0 50 000 aspirations signifient moins d'achats r\u00e9p\u00e9t\u00e9s et une valeur plus \u00e9lev\u00e9e.<\/li>\n<li>S\u00e9lection de la nicotine\u00a0: Choisissez la concentration de nicotine qui vous convient pour la journ\u00e9e.<\/li>\n<li>Rechargeable : Utilisez pleinement chaque goutte de 30 ml d'e-liquide que vous achetez.<\/li>\n<li>R\u00e9sistance mesh : Go\u00fbt constant, exp\u00e9rience DTL douce.<\/li>\n<li>\u00c9cran intelligent : les niveaux de batterie et d'e-liquide sont clairement visibles en un coup d'\u0153il, vous assurant de ne jamais \u00eatre bloqu\u00e9.<\/li>\n<\/ul>\n<h2 data-v-md-heading=\"why-collaborate-with-agoravape\" data-v-md-line=\"46\">Pourquoi collaborer avec AgoraVape ?<\/h2>\n<p data-v-md-line=\"47\">Nous ne vendons que des produits 100 % authentiques et garantissons la qualit\u00e9 des produits exp\u00e9di\u00e9s. Nos clients professionnels b\u00e9n\u00e9ficient de tarifs de gros avantageux, d'une assistance technique r\u00e9active et d'une livraison DDP rapide pour les vaporisateurs \u00e0 chicha Aivono Aim Fatmax 50K Puffs DTL. Si vous recherchez un produit jetable DTL fiable et de grande capacit\u00e9 qui fid\u00e9lise votre client\u00e8le, n'h\u00e9sitez pas \u00e0 nous contacter.<\/p>","protected":false},"excerpt":{"rendered":"<p>What are the advantages of using Aivono Aim Fatmax 50K to smoke DTL hookah? If you want a long-lasting and<\/p>","protected":false},"featured_media":14166,"comment_status":"open","ping_status":"closed","template":"","meta":[],"product_brand":[211],"product_cat":[124,187,185,189,1641,138,174,175,193,191,179,173,186,180,190,192],"product_tag":[],"class_list":{"0":"post-14145","1":"product","2":"type-product","3":"status-publish","4":"has-post-thumbnail","6":"product_brand-aivono","7":"product_cat-vape-by-brand","8":"product_cat-0mg-nicotine-free-vapes","9":"product_cat-10000-puffs-high-capacity","10":"product_cat-20mg-standard-nicotine-vapes","11":"product_cat-50000-puffs","12":"product_cat-aivono","13":"product_cat-fruit-flavors","14":"product_cat-icy-mint","15":"product_cat-mesh-coil","16":"product_cat-rechargeable-disposables","17":"product_cat-unique-blends","18":"product_cat-vape-by-flavor-profile","19":"product_cat-vape-by-nicotine-strength","20":"product_cat-vape-by-puff-count","21":"product_cat-vape-by-feature-or-type","22":"product_cat-vapes-with-screens","24":"first","25":"instock","26":"shipping-taxable","27":"purchasable","28":"product-type-variable","29":"has-default-attributes"},"tiered_pricing_type":"percentage","tiered_pricing_fixed_rules":[],"tiered_pricing_product_settings":{"layout":"default","base_unit_name":{"singular":null,"plural":null},"default_variation":null},"tiered_pricing_minimum_quantity":10,"tiered_pricing_roles_data":[],"tiered_pricing_percentage_rules":{"30":"29","50":"35","100":"40","200":"44","500":"47","1000":"49"},"tiered_pricing_maximum_quantity":null,"tiered_pricing_quantity_step":"10","_links":{"self":[{"href":"https:\/\/agoravape.com\/fr\/wp-json\/wp\/v2\/product\/14145","targetHints":{"allow":["GET"]}}],"collection":[{"href":"https:\/\/agoravape.com\/fr\/wp-json\/wp\/v2\/product"}],"about":[{"href":"https:\/\/agoravape.com\/fr\/wp-json\/wp\/v2\/types\/product"}],"replies":[{"embeddable":true,"href":"https:\/\/agoravape.com\/fr\/wp-json\/wp\/v2\/comments?post=14145"}],"version-history":[{"count":0,"href":"https:\/\/agoravape.com\/fr\/wp-json\/wp\/v2\/product\/14145\/revisions"}],"wp:featuredmedia":[{"embeddable":true,"href":"https:\/\/agoravape.com\/fr\/wp-json\/wp\/v2\/media\/14166"}],"wp:attachment":[{"href":"https:\/\/agoravape.com\/fr\/wp-json\/wp\/v2\/media?parent=14145"}],"wp:term":[{"taxonomy":"product_brand","embeddable":true,"href":"https:\/\/agoravape.com\/fr\/wp-json\/wp\/v2\/product_brand?post=14145"},{"taxonomy":"product_cat","embeddable":true,"href":"https:\/\/agoravape.com\/fr\/wp-json\/wp\/v2\/product_cat?post=14145"},{"taxonomy":"product_tag","embeddable":true,"href":"https:\/\/agoravape.com\/fr\/wp-json\/wp\/v2\/product_tag?post=14145"}],"curies":[{"name":"wp","href":"https:\/\/api.w.org\/{rel}","templated":true}]}}