{"id":14170,"date":"2025-10-12T22:04:18","date_gmt":"2025-10-12T14:04:18","guid":{"rendered":"https:\/\/green-grasshopper-921422.hostingersite.com\/?post_type=product&#038;p=14170"},"modified":"2026-01-19T22:06:46","modified_gmt":"2026-01-19T14:06:46","slug":"aivono-aim-flame-30k-puffs-dual-airflow-vape","status":"publish","type":"product","link":"https:\/\/agoravape.com\/fr\/product\/aivono-aim-flame-30k-puffs-dual-airflow-vape\/","title":{"rendered":"Aivono Aim Flame 30K Puffs Double flux d'air | Grandes bouff\u00e9es et tirage facilement ajustable"},"content":{"rendered":"<h2 data-v-md-heading=\"what-are-the-highlights-of-the-aivono-aim-flame-30k-dual-intake-vape\" data-v-md-line=\"3\">Quels sont les points forts du vaporisateur Aivono Aim Flame 30K \u00e0 double entr\u00e9e d'air ?<\/h2>\n<p data-v-md-line=\"4\">Si vous en avez assez des cigarettes \u00e9lectroniques jetables avant le week-end, ce produit m\u00e9rite vraiment le d\u00e9tour. L'Aivono Aim Flame poss\u00e8de une capacit\u00e9 de 30\u00a0000 bouff\u00e9es, une utilisation simple et une aspiration douce. Vous pouvez l'ajuster selon vos pr\u00e9f\u00e9rences.<\/p>\n<p data-v-md-line=\"6\">Si vous recherchez une saveur fiable et constante, sans avoir \u00e0 remplacer fr\u00e9quemment la cartouche, ce produit est fait pour vous. Gr\u00e2ce \u00e0 sa double fonction de r\u00e9glage du tirage, vous pouvez facilement obtenir une inhalation plus serr\u00e9e ou plus ample. De plus, il est \u00e9quip\u00e9 de t\u00e9moins lumineux pratiques pour la batterie et le e-liquide, vous indiquant quand recharger ou remplacer l'appareil.<\/p>\n<h2 data-v-md-heading=\"excellent-performance-easy-and-convenient\" data-v-md-line=\"8\">Excellentes performances, facile et pratique<\/h2>\n<p data-v-md-line=\"9\">L'Aim Flame est dot\u00e9e d'une double r\u00e9sistance mesh. Ainsi, chaque bouff\u00e9e reste pure et rafra\u00eechissante, avec une saveur constante. Lorsque la batterie est faible, vous pouvez la recharger via USB-C avec les c\u00e2bles habituels de votre t\u00e9l\u00e9phone. Elle dispose \u00e9galement d'un verrouillage enfant pour plus de s\u00e9curit\u00e9, et sa fonction de charge rapide vous permet de profiter pleinement de votre cigarette \u00e9lectronique.<\/p>\n<h2 data-v-md-heading=\"specification-introduction\" data-v-md-line=\"11\">Introduction aux sp\u00e9cifications<\/h2>\n<ul data-v-md-line=\"12\">\n<li>Fr\u00e9quence d'aspiration : jusqu'\u00e0 30\u00a0000 fois<\/li>\n<li>Teneur en nicotine : 2 %, 3 % ou 5 %<\/li>\n<li>Principe de fonctionnement : S'active en une seule bouff\u00e9e<\/li>\n<li>Chargement : interface USB Type-C<\/li>\n<li>\u00c9tat : Pr\u00eat \u00e0 l'emploi d\u00e8s la sortie de l'emballage<\/li>\n<li>Capacit\u00e9 du r\u00e9servoir d'e-liquide : 25 millilitres<\/li>\n<li>Noyau d'atomisation : double grille de 1,2 \u03a9<\/li>\n<li>Batterie : batterie rechargeable au cobalt pur 13450 de 650 mAh<\/li>\n<li>Prise d'air : Double prise d'air r\u00e9glable<\/li>\n<li>\u00c9cran\u00a0: indicateurs de niveau de batterie et de niveau d\u2019e-liquide<\/li>\n<li>S\u00e9curit\u00e9 : Verrouillage enfant<\/li>\n<li>Dimensions et poids : 48 \u00d7 82 mm, 87 g<\/li>\n<\/ul>\n<h2 data-v-md-heading=\"for-you-for-your-business\" data-v-md-line=\"25\">Pour vous, pour votre entreprise<\/h2>\n<p data-v-md-line=\"26\">Vous pouvez utiliser l'Aivono Aim Flame 30K \u00e0 titre personnel ou l'ajouter \u00e0 votre magasin. Les cartons en gros contiennent 200 unit\u00e9s, ce qui facilite le r\u00e9approvisionnement des rayons et la satisfaction des clients.<\/p>\n<p data-v-md-line=\"28\">Nous exp\u00e9dions vos commandes via des transporteurs de confiance tels que UPS, DPD et DHL, en DDP apr\u00e8s paiement des taxes. Votre commande sera livr\u00e9e dans les d\u00e9lais et fera l'objet d'un suivi afin d'\u00e9viter tout probl\u00e8me en douane.<\/p>\n<h2 data-v-md-heading=\"why-do-you-like-it\" data-v-md-line=\"30\">Pourquoi l'aimes-tu ?<\/h2>\n<ul data-v-md-line=\"31\">\n<li>Grande capacit\u00e9 d'aspiration\u00a0: dur\u00e9e d'aspiration prolong\u00e9e, pas besoin d'acheter fr\u00e9quemment de nouvelles cartouches.<\/li>\n<li>S\u00e9lection de la nicotine\u00a0: Choisissez la concentration qui convient \u00e0 votre dosage quotidien.<\/li>\n<li>Rechargeable : Vous serez \u00e0 court de e-liquide \u00e0 chaque fois que vous en ach\u00e8terez.<\/li>\n<li>Bobine en maille : maintient une texture constante \u00e0 chaque succion.<\/li>\n<li>Aspiration r\u00e9glable : permet de passer d'une aspiration forte \u00e0 une aspiration l\u00e9g\u00e8re.<\/li>\n<\/ul>\n<h2 data-v-md-heading=\"why-choose-to-collaborate-with-agoravape\" data-v-md-line=\"37\">Pourquoi choisir de collaborer avec AgoraVape ?<\/h2>\n<p data-v-md-line=\"38\">Nous ne vendons que des produits 100 % authentiques, sans aucun doute. En achetant en gros les vaporisateurs Aivono Aim Flame 30K \u00e0 double entr\u00e9e, vous b\u00e9n\u00e9ficierez de prix r\u00e9duits, d'un service client fiable et d'une livraison rapide et s\u00fbre. Contactez-nous et nous fournirons \u00e0 vos clients des appareils qu'ils adoreront.<\/p>","protected":false},"excerpt":{"rendered":"<p>Quels sont les points forts de la vape Aivono Aim Flame 30K dual intake ? Si vous en avez assez d'utiliser des vapes jetables<\/p>","protected":false},"featured_media":14185,"comment_status":"open","ping_status":"closed","template":"","meta":[],"product_brand":[211],"product_cat":[124,185,189,1637,194,138,196,174,175,193,191,173,186,180,190,192],"product_tag":[],"class_list":{"0":"post-14170","1":"product","2":"type-product","3":"status-publish","4":"has-post-thumbnail","6":"product_brand-aivono","7":"product_cat-vape-by-brand","8":"product_cat-10000-puffs-high-capacity","9":"product_cat-20mg-standard-nicotine-vapes","10":"product_cat-30000-puffs","11":"product_cat-adjustable-airflow","12":"product_cat-aivono","13":"product_cat-child-safety-features","14":"product_cat-fruit-flavors","15":"product_cat-icy-mint","16":"product_cat-mesh-coil","17":"product_cat-rechargeable-disposables","18":"product_cat-vape-by-flavor-profile","19":"product_cat-vape-by-nicotine-strength","20":"product_cat-vape-by-puff-count","21":"product_cat-vape-by-feature-or-type","22":"product_cat-vapes-with-screens","24":"first","25":"onbackorder","26":"shipping-taxable","27":"purchasable","28":"product-type-variable","29":"has-default-attributes"},"tiered_pricing_type":"percentage","tiered_pricing_fixed_rules":[],"tiered_pricing_product_settings":{"layout":"default","base_unit_name":{"singular":null,"plural":null},"default_variation":null},"tiered_pricing_minimum_quantity":10,"tiered_pricing_roles_data":[],"tiered_pricing_percentage_rules":{"30":"29","50":"35","100":"40","200":"44","500":"47","1000":"49"},"tiered_pricing_maximum_quantity":null,"tiered_pricing_quantity_step":"10","_links":{"self":[{"href":"https:\/\/agoravape.com\/fr\/wp-json\/wp\/v2\/product\/14170","targetHints":{"allow":["GET"]}}],"collection":[{"href":"https:\/\/agoravape.com\/fr\/wp-json\/wp\/v2\/product"}],"about":[{"href":"https:\/\/agoravape.com\/fr\/wp-json\/wp\/v2\/types\/product"}],"replies":[{"embeddable":true,"href":"https:\/\/agoravape.com\/fr\/wp-json\/wp\/v2\/comments?post=14170"}],"version-history":[{"count":0,"href":"https:\/\/agoravape.com\/fr\/wp-json\/wp\/v2\/product\/14170\/revisions"}],"wp:featuredmedia":[{"embeddable":true,"href":"https:\/\/agoravape.com\/fr\/wp-json\/wp\/v2\/media\/14185"}],"wp:attachment":[{"href":"https:\/\/agoravape.com\/fr\/wp-json\/wp\/v2\/media?parent=14170"}],"wp:term":[{"taxonomy":"product_brand","embeddable":true,"href":"https:\/\/agoravape.com\/fr\/wp-json\/wp\/v2\/product_brand?post=14170"},{"taxonomy":"product_cat","embeddable":true,"href":"https:\/\/agoravape.com\/fr\/wp-json\/wp\/v2\/product_cat?post=14170"},{"taxonomy":"product_tag","embeddable":true,"href":"https:\/\/agoravape.com\/fr\/wp-json\/wp\/v2\/product_tag?post=14170"}],"curies":[{"name":"wp","href":"https:\/\/api.w.org\/{rel}","templated":true}]}}