{"id":14233,"date":"2025-10-12T22:25:23","date_gmt":"2025-10-12T14:25:23","guid":{"rendered":"https:\/\/green-grasshopper-921422.hostingersite.com\/?post_type=product&#038;p=14233"},"modified":"2026-03-27T06:21:43","modified_gmt":"2026-03-27T05:21:43","slug":"aivono-aim-magic-20k-puffs-top-fill-vape","status":"publish","type":"product","link":"https:\/\/agoravape.com\/fr\/product\/aivono-aim-magic-20k-puffs-top-fill-vape\/","title":{"rendered":"Vape jetable Aivono Aim Magic 20K bouff\u00e9es \u00e0 remplissage par le haut | Longue dur\u00e9e de vie et saveur intense"},"content":{"rendered":"<h2 data-v-md-heading=\"what-are-the-advantages-of-aivono-aim-magic-20k-suction-top-injection-disposable-vape\" data-v-md-line=\"3\"><\/h2>\n<h2 data-v-md-heading=\"what-are-the-advantages-of-aivono-aim-magic-20k-suction-top-injection-disposable-vape\" data-v-md-line=\"3\">Quels sont les avantages de la cigarette \u00e9lectronique jetable \u00e0 injection par le haut Aivono Aim Magic 20K\u00a0?<\/h2>\n<p data-v-md-line=\"4\">Si vous en avez assez de changer de cigarette \u00e9lectronique tous les deux ou trois jours, ce produit vous ravira. L'Aivono Aim Magic offre une puissance d'aspiration allant jusqu'\u00e0 20\u00a0000 bouff\u00e9es, est compacte et portable, et vous permet de profiter d'une autonomie exceptionnelle.<\/p>\n<p data-v-md-line=\"6\">Pour les utilisateurs recherchant une saveur stable et une utilisation quotidienne pratique, c'est assur\u00e9ment le choix id\u00e9al. L'affichage clair du niveau de batterie et d'e-liquide permet de contr\u00f4ler l'autonomie \u00e0 tout moment. Utilisation fluide et sans incident lors de vos d\u00e9placements.<\/p>\n<h2 data-v-md-heading=\"excellent-performance-worry-free\" data-v-md-line=\"8\">Excellentes performances, sans souci<\/h2>\n<p data-v-md-line=\"9\">Les r\u00e9sistances double mesh int\u00e9gr\u00e9es de 1,0 \u03a9 garantissent une saveur constante et une vapeur pure \u00e0 chaque bouff\u00e9e. Lorsque la batterie est faible, vous pouvez la recharger avec le c\u00e2ble USB-C standard de votre t\u00e9l\u00e9phone. Simple et pratique. La charge par le haut facilite la maintenance et la recharge dans les environnements professionnels.<\/p>\n<h2 data-v-md-heading=\"specification-introduction\" data-v-md-line=\"11\">Introduction aux sp\u00e9cifications<\/h2>\n<ul data-v-md-line=\"12\">\n<li>Fr\u00e9quence d'aspiration : jusqu'\u00e0 20\u00a0000 fois<\/li>\n<li>Teneur en nicotine : 0 %, 2 %, 3 % ou 5 %<\/li>\n<li>Principe de fonctionnement : S'active en une seule bouff\u00e9e<\/li>\n<li>M\u00e9thode de chargement\u00a0: interface USB Type-C<\/li>\n<li>Capacit\u00e9 du r\u00e9servoir d'e-liquide : 26 millilitres<\/li>\n<li>Noyau d'atomisation\u00a0: double grille de 1,0\u00a0\u03a9<\/li>\n<li>Batterie : batterie rechargeable de 600 mAh<\/li>\n<li>\u00c9cran d'affichage : affichage du niveau de batterie et du niveau d'e-liquide<\/li>\n<li>\u00c9tat : Pr\u00eat \u00e0 l'emploi d\u00e8s le d\u00e9ballage<\/li>\n<\/ul>\n<h2 data-v-md-heading=\"full-range-of-flavors\" data-v-md-line=\"22\">Full range of flavors<\/h2>\n<ul data-v-md-line=\"23\">\n<li>Smoothie aux myrtilles<\/li>\n<li>Smoothie aux fraises<\/li>\n<li>Smoothie \u00e0 la past\u00e8que<\/li>\n<li>Smoothie ananas-coco<\/li>\n<li>Smoothie ananas-mangue<\/li>\n<li>Smoothie aux fruits rouges<\/li>\n<li>Smoothie fraise-past\u00e8que<\/li>\n<li>Smoothie aux myrtilles<\/li>\n<li>Smoothie \u00e0 la p\u00eache<\/li>\n<li>glace \u00e0 la fraise<\/li>\n<\/ul>\n<h2 data-v-md-heading=\"for-you-and-your-business\" data-v-md-line=\"34\">Pour vous et votre entreprise<\/h2>\n<p data-v-md-line=\"35\">Vous pouvez acheter un appareil pour votre usage personnel ou constituer un stock pour votre magasin. Les cartons en gros peuvent contenir 200 unit\u00e9s, ce qui facilite la gestion de vos stocks. Nous proposons un service d'exp\u00e9dition DDP (Taxes Acquitt\u00e9es) avec des partenaires de confiance comme UPS, DPD et DHL, vous \u00e9vitant ainsi tout probl\u00e8me de douane.<\/p>\n<p data-v-md-line=\"37\">Pour les \u00e9quipes B2B, Aim Magic peut transporter des contenants vides que les clients peuvent remplir eux-m\u00eames. De plus, vous pouvez choisir des logos lumineux personnalis\u00e9s pour que votre marque se d\u00e9marque en rayon.<\/p>\n<h2 data-v-md-heading=\"why-do-you-like-it\" data-v-md-line=\"39\">Pourquoi l'aimes-tu ?<\/h2>\n<ul data-v-md-line=\"40\">\n<li>Fumer massivement : Durables et de longue dur\u00e9e, pas besoin d'acheter fr\u00e9quemment de nouvelles cigarettes.<\/li>\n<li>S\u00e9lection de la nicotine\u00a0: Choisissez la concentration qui convient \u00e0 votre consommation quotidienne.<\/li>\n<li>Rechargeable : Vous utilisez tous les e-liquides que vous achetez.<\/li>\n<li>R\u00e9sistance \u00e0 mailles : Offre une exp\u00e9rience constante et d\u00e9licieuse \u00e0 chaque fois.<\/li>\n<li>\u00c9cran intelligent : Il offre une vue claire des niveaux de batterie et d'e-liquide pour vous permettre d'anticiper vos besoins.<\/li>\n<li>Injection d'huile par le haut\u00a0: L'injection d'huile est facile \u00e0 r\u00e9aliser aussi bien pour l'\u00e9quipe d'exploitation que pour les utilisateurs en vrac.<\/li>\n<\/ul>\n<h2 data-v-md-heading=\"why-collaborate-with-agoravape\" data-v-md-line=\"47\">Pourquoi collaborer avec AgoraVape ?<\/h2>\n<p data-v-md-line=\"48\">Nous ne vendons que des produits 100 % authentiques et garantissons la qualit\u00e9 de ceux que nous exp\u00e9dions. Pour les professionnels, cela signifie que les vaporisateurs jetables Aivono Aim Magic 20K \u00e0 ventouse et lubrifi\u00e9s b\u00e9n\u00e9ficient de prix de gros avantageux, d'un service client fiable et d'une logistique rapide et s\u00fbre. Contactez-nous et offrez-vous un produit que vos clients appr\u00e9cieront sans aucun doute.<\/p>","protected":false},"excerpt":{"rendered":"<p>Quels sont les avantages de la vape jetable Aivono Aim Magic 20K suction top injection ? Si vous \u00eates fatigu\u00e9 de changer<\/p>","protected":false},"featured_media":14264,"comment_status":"open","ping_status":"closed","template":"","meta":[],"product_brand":[211],"product_cat":[124,187,185,1636,189,138,174,175,193,191,173,186,180,190,192],"product_tag":[],"class_list":{"0":"post-14233","1":"product","2":"type-product","3":"status-publish","4":"has-post-thumbnail","6":"product_brand-aivono","7":"product_cat-vape-by-brand","8":"product_cat-0mg-nicotine-free-vapes","9":"product_cat-10000-puffs-high-capacity","10":"product_cat-20000-puffs","11":"product_cat-20mg-standard-nicotine-vapes","12":"product_cat-aivono","13":"product_cat-fruit-flavors","14":"product_cat-icy-mint","15":"product_cat-mesh-coil","16":"product_cat-rechargeable-disposables","17":"product_cat-vape-by-flavor-profile","18":"product_cat-vape-by-nicotine-strength","19":"product_cat-vape-by-puff-count","20":"product_cat-vape-by-feature-or-type","21":"product_cat-vapes-with-screens","23":"first","24":"instock","25":"shipping-taxable","26":"purchasable","27":"product-type-variable","28":"has-default-attributes"},"tiered_pricing_type":"percentage","tiered_pricing_fixed_rules":[],"tiered_pricing_product_settings":{"layout":"default","base_unit_name":{"singular":null,"plural":null},"default_variation":null},"tiered_pricing_minimum_quantity":10,"tiered_pricing_roles_data":[],"tiered_pricing_percentage_rules":{"30":"29","50":"35","100":"40","200":"44","500":"47","1000":"49"},"tiered_pricing_maximum_quantity":null,"tiered_pricing_quantity_step":"10","_links":{"self":[{"href":"https:\/\/agoravape.com\/fr\/wp-json\/wp\/v2\/product\/14233","targetHints":{"allow":["GET"]}}],"collection":[{"href":"https:\/\/agoravape.com\/fr\/wp-json\/wp\/v2\/product"}],"about":[{"href":"https:\/\/agoravape.com\/fr\/wp-json\/wp\/v2\/types\/product"}],"replies":[{"embeddable":true,"href":"https:\/\/agoravape.com\/fr\/wp-json\/wp\/v2\/comments?post=14233"}],"version-history":[{"count":1,"href":"https:\/\/agoravape.com\/fr\/wp-json\/wp\/v2\/product\/14233\/revisions"}],"predecessor-version":[{"id":29828,"href":"https:\/\/agoravape.com\/fr\/wp-json\/wp\/v2\/product\/14233\/revisions\/29828"}],"wp:featuredmedia":[{"embeddable":true,"href":"https:\/\/agoravape.com\/fr\/wp-json\/wp\/v2\/media\/14264"}],"wp:attachment":[{"href":"https:\/\/agoravape.com\/fr\/wp-json\/wp\/v2\/media?parent=14233"}],"wp:term":[{"taxonomy":"product_brand","embeddable":true,"href":"https:\/\/agoravape.com\/fr\/wp-json\/wp\/v2\/product_brand?post=14233"},{"taxonomy":"product_cat","embeddable":true,"href":"https:\/\/agoravape.com\/fr\/wp-json\/wp\/v2\/product_cat?post=14233"},{"taxonomy":"product_tag","embeddable":true,"href":"https:\/\/agoravape.com\/fr\/wp-json\/wp\/v2\/product_tag?post=14233"}],"curies":[{"name":"wp","href":"https:\/\/api.w.org\/{rel}","templated":true}]}}