{"id":14308,"date":"2025-10-13T12:34:56","date_gmt":"2025-10-13T04:34:56","guid":{"rendered":"https:\/\/green-grasshopper-921422.hostingersite.com\/?post_type=product&#038;p=14308"},"modified":"2025-12-15T21:30:55","modified_gmt":"2025-12-15T13:30:55","slug":"elf-box-crystal-bar-600-puffs-tpd-vape","status":"publish","type":"product","link":"https:\/\/agoravape.com\/fr\/product\/elf-box-crystal-bar-600-puffs-tpd-vape\/","title":{"rendered":"Barre de cristaux Elf Box 600 bouff\u00e9es | Une saveur conforme \u00e0 la TPD en laquelle vous pouvez avoir confiance"},"content":{"rendered":"<h2 data-v-md-heading=\"what-are-the-advantages-of-elf-box-crystal-bar-600-tpd-compliant-vapes\" data-v-md-line=\"3\"><img loading=\"lazy\" decoding=\"async\" class=\"aligncenter size-full wp-image-14330\" src=\"https:\/\/agoravape.com\/wp-content\/uploads\/2025\/10\/Elf-Box-Crystal-Bar-600-Puffs-TPD-Compliant-Vape_BLUE-RAZZ_Agora_vape-11.webp\" alt=\"\" width=\"1920\" height=\"1080\" srcset=\"https:\/\/agoravape.com\/wp-content\/uploads\/2025\/10\/Elf-Box-Crystal-Bar-600-Puffs-TPD-Compliant-Vape_BLUE-RAZZ_Agora_vape-11.webp 1920w, https:\/\/agoravape.com\/wp-content\/uploads\/2025\/10\/Elf-Box-Crystal-Bar-600-Puffs-TPD-Compliant-Vape_BLUE-RAZZ_Agora_vape-11-1200x675.webp 1200w, https:\/\/agoravape.com\/wp-content\/uploads\/2025\/10\/Elf-Box-Crystal-Bar-600-Puffs-TPD-Compliant-Vape_BLUE-RAZZ_Agora_vape-11-300x169.webp 300w, https:\/\/agoravape.com\/wp-content\/uploads\/2025\/10\/Elf-Box-Crystal-Bar-600-Puffs-TPD-Compliant-Vape_BLUE-RAZZ_Agora_vape-11-1024x576.webp 1024w, https:\/\/agoravape.com\/wp-content\/uploads\/2025\/10\/Elf-Box-Crystal-Bar-600-Puffs-TPD-Compliant-Vape_BLUE-RAZZ_Agora_vape-11-768x432.webp 768w, https:\/\/agoravape.com\/wp-content\/uploads\/2025\/10\/Elf-Box-Crystal-Bar-600-Puffs-TPD-Compliant-Vape_BLUE-RAZZ_Agora_vape-11-1536x864.webp 1536w\" sizes=\"auto, (max-width: 1920px) 100vw, 1920px\" \/><\/h2>\n<h2 data-v-md-heading=\"what-are-the-advantages-of-elf-box-crystal-bar-600-tpd-compliant-vapes\" data-v-md-line=\"3\">Quels sont les avantages des vaporisateurs Elf Box Crystal Bar 600 conformes \u00e0 la directive TPD\u00a0?<\/h2>\n<p data-v-md-line=\"4\">Si vous recherchez une cigarette \u00e9lectronique jetable simple et facile \u00e0 utiliser, alors c'est le choix id\u00e9al. L'Elf Box Crystal Bar poss\u00e8de un corps compact et transparent qui offre jusqu'\u00e0 600 bouff\u00e9es de satisfaction. Agr\u00e9able \u00e0 tenir en main, elle se glisse facilement dans n'importe quelle poche.<\/p>\n<p data-v-md-line=\"6\">Si vous recherchez une cigarette \u00e9lectronique fiable, savoureuse et facile \u00e0 utiliser, c'est le choix id\u00e9al. Sans boutons ni menus, vous profiterez d'une saveur douce et agr\u00e9able de la premi\u00e8re \u00e0 la derni\u00e8re bouff\u00e9e. Vous pourriez penser qu'une cigarette \u00e9lectronique de 600 bouff\u00e9es est lourde, mais celle-ci est l\u00e9g\u00e8re et simple d'utilisation.<\/p>\n<h2 data-v-md-heading=\"excellent-performance-without-any-complexity\" data-v-md-line=\"8\">Excellentes performances sans aucune complexit\u00e9<\/h2>\n<p data-v-md-line=\"9\">Le c\u0153ur du Crystal Bar est une r\u00e9sistance mesh. Ainsi, chaque inhalation chauffe uniform\u00e9ment et garantit une saveur constante. Son activation par aspiration est simple\u00a0: il suffit d'aspirer l\u00e9g\u00e8rement pour vapoter. Gr\u00e2ce \u00e0 sa batterie int\u00e9gr\u00e9e de 500\u00a0mAh, vous n'aurez aucun souci de recharge et elle contient 2\u00a0ml d'e-liquide. Ouvrez la bo\u00eete et c'est parti\u00a0!<\/p>\n<h2 data-v-md-heading=\"specification-introduction\" data-v-md-line=\"11\">Introduction aux sp\u00e9cifications<\/h2>\n<ul data-v-md-line=\"12\">\n<li>Fr\u00e9quence d'aspiration : jusqu'\u00e0 600 fois<\/li>\n<li>Nicotine\u00a0: 0\u00a0% (0\u00a0mg) et 2\u00a0% (20\u00a0mg) sont deux options conformes \u00e0 la TPD<\/li>\n<li>Remarque\u00a0: 5\u00a0% des versions sont destin\u00e9es aux march\u00e9s hors UE et ne sont pas vendues dans les r\u00e9gions TPD.<\/li>\n<li>Principe de fonctionnement : Activation par inhalation<\/li>\n<li>M\u00e9thode de chargement : Aucun chargement n\u00e9cessaire (jetable)<\/li>\n<li>Capacit\u00e9 du r\u00e9servoir d'e-liquide : 2 millilitres<\/li>\n<li>Bobine : En forme de maille<\/li>\n<li>\u00c9tat : Pr\u00eat \u00e0 l'emploi d\u00e8s le d\u00e9ballage<\/li>\n<\/ul>\n<h2 data-v-md-heading=\"full-range-of-flavors\" data-v-md-line=\"21\">Full range of flavors<\/h2>\n<ul data-v-md-line=\"22\">\n<li>Glace \u00e0 la cerise<\/li>\n<li>Glace \u00e0 la fraise<\/li>\n<li>Glace au raisin<\/li>\n<li>baies m\u00e9lang\u00e9es<\/li>\n<li>Blue Rink Ice<\/li>\n<li>Glace \u00e0 la past\u00e8que<\/li>\n<li>Strawberry watermelon<\/li>\n<li>Blue Rink Ice<\/li>\n<li>Glace \u00e0 la p\u00eache<\/li>\n<li>Kiwi et fruit de la passion<\/li>\n<\/ul>\n<h2 data-v-md-heading=\"for-you-for-your-business\" data-v-md-line=\"33\">Pour vous, pour votre entreprise<\/h2>\n<p data-v-md-line=\"34\">Offrez-vous ce produit en toute simplicit\u00e9. Choisissez votre saveur et votre taux de nicotine, et profitez de 600 exp\u00e9riences pratiques et faciles \u00e0 transporter.<\/p>\n<p data-v-md-line=\"36\">Vous g\u00e9rez une boutique physique ou en ligne\u00a0? Nous adaptons nos solutions \u00e0 vos besoins. Stock en gros\u00a0: 10\u00a0pi\u00e8ces par carton int\u00e9rieur et 400\u00a0pi\u00e8ces par carton ext\u00e9rieur. Nous collaborons avec des partenaires de confiance comme UPS, DPD et DHL pour exp\u00e9dier vos commandes en Europe en DDP (rendu droits acquitt\u00e9s), vous garantissant ainsi une livraison sans tracas douaniers.<\/p>\n<h2 data-v-md-heading=\"why-do-you-like-it\" data-v-md-line=\"38\">Pourquoi l'aimes-tu ?<\/h2>\n<ul data-v-md-line=\"39\">\n<li>Grande capacit\u00e9 : jusqu'\u00e0 600 cigarettes, vous n'aurez donc pas besoin de vous absenter temporairement pour changer la cartouche.<\/li>\n<li>Choix du taux de nicotine\u00a0: 0\u00a0mg ou 20\u00a0mg, selon vos pr\u00e9f\u00e9rences.<\/li>\n<li>Z\u00e9ro souci : pas de boutons, pas besoin de recharge, facile \u00e0 transporter<\/li>\n<li>Noyau d'atomisation \u00e0 mailles : procure une saveur douce et durable, ainsi qu'un go\u00fbt pur.<\/li>\n<li>Portable et facile \u00e0 transporter : son bo\u00eetier l\u00e9ger et transparent le rend pratique \u00e0 transporter.<\/li>\n<li>Conforme aux normes TPD\u00a0: capacit\u00e9 de 2\u00a0ml, concentration de nicotine conforme \u00e0 la r\u00e9glementation europ\u00e9enne, pour une tranquillit\u00e9 d\u2019esprit totale.<\/li>\n<\/ul>\n<h2 data-v-md-heading=\"why-choose-to-collaborate-with-agoravape\" data-v-md-line=\"46\">Pourquoi choisir de collaborer avec AgoraVape ?<\/h2>\n<p data-v-md-line=\"47\">Nous ne vendons que des produits 100 % authentiques provenant de fournisseurs v\u00e9rifi\u00e9s. Vos clients peuvent ainsi avoir confiance en l'authenticit\u00e9 des barres de cristal Elf Box. B\u00e9n\u00e9ficiez de prix de gros avantageux, d'un service client r\u00e9actif et d'une livraison DDP rapide en Europe. Paiements s\u00e9curis\u00e9s et retours transparents : tout est simple. Contactez-nous pour commander un produit jetable de 600 pi\u00e8ces, dont l'efficacit\u00e9 est prouv\u00e9e. Vos clients reviendront sans aucun doute.<\/p>","protected":false},"excerpt":{"rendered":"<p>&nbsp;<\/p>\n<p><script src=\"chrome-extension:\/\/fpelahbljekknahkcaegamhcndkfpfnc\/iFrame.js\" type=\"text\/javascript\"><\/script><\/p>\n<p><script src=\"chrome-extension:\/\/fpelahbljekknahkcaegamhcndkfpfnc\/iFrame.js\" type=\"text\/javascript\"><\/script><\/p>\n<p><script src=\"chrome-extension:\/\/fpelahbljekknahkcaegamhcndkfpfnc\/iFrame.js\" type=\"text\/javascript\"><\/script><\/p>\n<p><script src=\"chrome-extension:\/\/fpelahbljekknahkcaegamhcndkfpfnc\/iFrame.js\" type=\"text\/javascript\"><\/script><\/p>\n<p><script src=\"chrome-extension:\/\/fpelahbljekknahkcaegamhcndkfpfnc\/iFrame.js\" type=\"text\/javascript\"><\/script><\/p>","protected":false},"featured_media":14329,"comment_status":"open","ping_status":"closed","template":"","meta":[],"product_brand":[212],"product_cat":[124,187,189,139,174,175,181,173,186,180,190],"product_tag":[],"class_list":{"0":"post-14308","1":"product","2":"type-product","3":"status-publish","4":"has-post-thumbnail","6":"product_brand-elf-box","7":"product_cat-vape-by-brand","8":"product_cat-0mg-nicotine-free-vapes","9":"product_cat-20mg-standard-nicotine-vapes","10":"product_cat-elf-box","11":"product_cat-fruit-flavors","12":"product_cat-icy-mint","13":"product_cat-up-to-600-puffs-tpd-compliant","14":"product_cat-vape-by-flavor-profile","15":"product_cat-vape-by-nicotine-strength","16":"product_cat-vape-by-puff-count","17":"product_cat-vape-by-feature-or-type","19":"first","20":"instock","21":"shipping-taxable","22":"purchasable","23":"product-type-variable","24":"has-default-attributes"},"tiered_pricing_type":"percentage","tiered_pricing_fixed_rules":[],"tiered_pricing_product_settings":{"layout":"default","base_unit_name":{"singular":null,"plural":null},"default_variation":null},"tiered_pricing_minimum_quantity":10,"tiered_pricing_roles_data":[],"tiered_pricing_percentage_rules":{"100":"40","200":"44","500":"47","1000":"49"},"tiered_pricing_maximum_quantity":null,"tiered_pricing_quantity_step":"10","_links":{"self":[{"href":"https:\/\/agoravape.com\/fr\/wp-json\/wp\/v2\/product\/14308","targetHints":{"allow":["GET"]}}],"collection":[{"href":"https:\/\/agoravape.com\/fr\/wp-json\/wp\/v2\/product"}],"about":[{"href":"https:\/\/agoravape.com\/fr\/wp-json\/wp\/v2\/types\/product"}],"replies":[{"embeddable":true,"href":"https:\/\/agoravape.com\/fr\/wp-json\/wp\/v2\/comments?post=14308"}],"version-history":[{"count":0,"href":"https:\/\/agoravape.com\/fr\/wp-json\/wp\/v2\/product\/14308\/revisions"}],"wp:featuredmedia":[{"embeddable":true,"href":"https:\/\/agoravape.com\/fr\/wp-json\/wp\/v2\/media\/14329"}],"wp:attachment":[{"href":"https:\/\/agoravape.com\/fr\/wp-json\/wp\/v2\/media?parent=14308"}],"wp:term":[{"taxonomy":"product_brand","embeddable":true,"href":"https:\/\/agoravape.com\/fr\/wp-json\/wp\/v2\/product_brand?post=14308"},{"taxonomy":"product_cat","embeddable":true,"href":"https:\/\/agoravape.com\/fr\/wp-json\/wp\/v2\/product_cat?post=14308"},{"taxonomy":"product_tag","embeddable":true,"href":"https:\/\/agoravape.com\/fr\/wp-json\/wp\/v2\/product_tag?post=14308"}],"curies":[{"name":"wp","href":"https:\/\/api.w.org\/{rel}","templated":true}]}}