{"id":14333,"date":"2025-10-13T12:50:47","date_gmt":"2025-10-13T04:50:47","guid":{"rendered":"https:\/\/green-grasshopper-921422.hostingersite.com\/?post_type=product&#038;p=14333"},"modified":"2025-12-15T21:30:55","modified_gmt":"2025-12-15T13:30:55","slug":"elf-box-pulse-x-25k-puffs-3d-screen-vape","status":"publish","type":"product","link":"https:\/\/agoravape.com\/fr\/product\/elf-box-pulse-x-25k-puffs-3d-screen-vape\/","title":{"rendered":"Elf Box Pulse X Double Mode 25K Bouff\u00e9es \u00c9cran 3D | Vapeur longue dur\u00e9e, contr\u00f4le intelligent"},"content":{"rendered":"<h2 data-v-md-heading=\"what-are-the-highlights-of-the-elf-box-pulse-x-dual-mode-25000-port-3d-screen-vape\" data-v-md-line=\"3\"><img loading=\"lazy\" decoding=\"async\" class=\"aligncenter size-full wp-image-14347\" src=\"https:\/\/agoravape.com\/wp-content\/uploads\/2025\/10\/Elf-Box-Pulse-X-Dual-Mode-25K-Puffs-3D-Screen-Vape_Agora_vape-3-scaled.webp\" alt=\"\" width=\"2560\" height=\"1280\" srcset=\"https:\/\/agoravape.com\/wp-content\/uploads\/2025\/10\/Elf-Box-Pulse-X-Dual-Mode-25K-Puffs-3D-Screen-Vape_Agora_vape-3-scaled.webp 2560w, https:\/\/agoravape.com\/wp-content\/uploads\/2025\/10\/Elf-Box-Pulse-X-Dual-Mode-25K-Puffs-3D-Screen-Vape_Agora_vape-3-scaled-1200x600.webp 1200w, https:\/\/agoravape.com\/wp-content\/uploads\/2025\/10\/Elf-Box-Pulse-X-Dual-Mode-25K-Puffs-3D-Screen-Vape_Agora_vape-3-300x150.webp 300w, https:\/\/agoravape.com\/wp-content\/uploads\/2025\/10\/Elf-Box-Pulse-X-Dual-Mode-25K-Puffs-3D-Screen-Vape_Agora_vape-3-1024x512.webp 1024w, https:\/\/agoravape.com\/wp-content\/uploads\/2025\/10\/Elf-Box-Pulse-X-Dual-Mode-25K-Puffs-3D-Screen-Vape_Agora_vape-3-768x384.webp 768w, https:\/\/agoravape.com\/wp-content\/uploads\/2025\/10\/Elf-Box-Pulse-X-Dual-Mode-25K-Puffs-3D-Screen-Vape_Agora_vape-3-1536x768.webp 1536w, https:\/\/agoravape.com\/wp-content\/uploads\/2025\/10\/Elf-Box-Pulse-X-Dual-Mode-25K-Puffs-3D-Screen-Vape_Agora_vape-3-2048x1024.webp 2048w\" sizes=\"auto, (max-width: 2560px) 100vw, 2560px\" \/><\/h2>\n<h2 data-v-md-heading=\"what-are-the-highlights-of-the-elf-box-pulse-x-dual-mode-25000-port-3d-screen-vape\" data-v-md-line=\"3\">Quels sont les points forts de la cigarette \u00e9lectronique Elf Box Pulse X \u00e0 double mode, 25\u00a0000 ports et \u00e9cran 3D\u00a0?<\/h2>\n<p data-v-md-line=\"4\">Si vous en avez assez des cigarettes \u00e9lectroniques jetables, ce produit vous offrira une exp\u00e9rience in\u00e9dite. L'Elf Box Pulse X peut d\u00e9livrer jusqu'\u00e0 25\u00a0000 bouff\u00e9es, avec un go\u00fbt pur et constant, une utilisation simple et une tranquillit\u00e9 d'esprit assur\u00e9e.<\/p>\n<p data-v-md-line=\"6\">On pourrait croire qu'un appareil aussi performant serait encombrant. Pourtant, il n'en est rien. Avec ses dimensions de 91,5 \u00d7 56,5 \u00d7 28,5 millim\u00e8tres et son poids d'environ 100 grammes, le Pulse X offre une prise en main tr\u00e8s agr\u00e9able. Si vous recherchez une cigarette \u00e9lectronique fiable, offrant une excellente restitution des saveurs, des performances stables et un prix abordable, alors c'est le choix id\u00e9al.<\/p>\n<h2 data-v-md-heading=\"excellent-performance-easy-and-convenient\" data-v-md-line=\"8\">Excellentes performances, facile et pratique<\/h2>\n<p data-v-md-line=\"9\">La double r\u00e9sistance mesh (0,8 \u03a9 + 0,8 \u03a9) offre une puissance optimale. La chauffe uniforme garantit une saveur intense \u00e0 chaque bouff\u00e9e. Deux modes s'offrent \u00e0 vous\u00a0: le mode puls\u00e9 assure une aspiration douce et stable, tandis que le mode super boost offre une exp\u00e9rience puissante. La fonction de r\u00e9gulation de puissance par IA maintient l'appareil stable sans intervention de votre part. Lorsque la batterie est faible, vous pouvez la recharger via le port USB-C, compatible avec votre t\u00e9l\u00e9phone. Simple d'utilisation.<\/p>\n<h2 data-v-md-heading=\"specification-introduction\" data-v-md-line=\"11\">Introduction aux sp\u00e9cifications<\/h2>\n<ul data-v-md-line=\"12\">\n<li>Fr\u00e9quence d'aspiration : jusqu'\u00e0 25\u00a0000 fois<\/li>\n<li>Teneur en nicotine\u00a0: 0\u00a0%, 2\u00a0%, 3\u00a0%, 5\u00a0% (la teneur exacte peut varier selon le pays ou la r\u00e9gion)<\/li>\n<li>Mode de fonctionnement\u00a0: double mode (puissance puls\u00e9e ou super-amplification), r\u00e9gulation de puissance par IA<\/li>\n<li>E-liquid capacity: 18 milliliters<\/li>\n<li>Noyau d'atomisation\u00a0: double grille 0,8\u00a0\u03a9 + 0,8\u00a0\u03a9<\/li>\n<li>Batterie : 750 mAh, rechargeable<\/li>\n<li>Charging: Standard Type-C USB interface<\/li>\n<li>\u00c9cran : \u00e9cran incurv\u00e9 3D<\/li>\n<li>Dimensions et poids\u00a0: 91,5 \u00d7 56,5 \u00d7 28,5 millim\u00e8tres, environ 100 grammes<\/li>\n<li>\u00c9tat : Pr\u00eat \u00e0 l'emploi d\u00e8s le d\u00e9ballage<\/li>\n<\/ul>\n<h2 data-v-md-heading=\"full-range-of-flavors\" data-v-md-line=\"23\">Full range of flavors<\/h2>\n<ul data-v-md-line=\"24\">\n<li>Saveur fraise et past\u00e8que<\/li>\n<li>saveur soda \u00e0 la cerise<\/li>\n<li>Smoothie \u00e0 la p\u00eache<\/li>\n<li>saveur kiwi-fruit de la passion<\/li>\n<li>Saveur riche du smoothie<\/li>\n<li>Saveur Red Bull<\/li>\n<li>Saveur smoothie au raisin<\/li>\n<li>saveur smoothie aux myrtilles<\/li>\n<li>Saveur fraise et banane<\/li>\n<li>Glace \u00e0 la fraise<\/li>\n<\/ul>\n<h2 data-v-md-heading=\"for-you-and-your-business\" data-v-md-line=\"35\">Pour vous et votre entreprise<\/h2>\n<p data-v-md-line=\"36\">Choisissez-en un pour vous ou ajoutez-le \u00e0 votre boutique. Nous proposons l'Elf Box Pulse X en cartons de 5 unit\u00e9s. Pour les commandes en gros, chaque carton contient 100 unit\u00e9s. Nous assurons la livraison DDP dans toute l'Europe via des partenaires de confiance comme UPS, DPD et DHL, vous garantissant ainsi des prix transparents et une protection contre les frais de douane.<\/p>\n<p data-v-md-line=\"38\">Si vous souhaitez acheter pour diff\u00e9rents march\u00e9s de l'UE, veuillez choisir des concentrations de nicotine conformes \u00e0 la r\u00e9glementation locale. Nous sommes \u00e0 votre disposition pour vous aider \u00e0 trouver la concentration de nicotine appropri\u00e9e.<\/p>\n<h2 data-v-md-heading=\"why-do-you-like-it\" data-v-md-line=\"40\">Pourquoi l'aimes-tu ?<\/h2>\n<ul data-v-md-line=\"41\">\n<li>Aspiration massive : jusqu'\u00e0 25 000 bouff\u00e9es, ce qui signifie moins de remplacements et de tracas.<\/li>\n<li>S\u00e9lection de la nicotine\u00a0: Choisissez la concentration qui convient \u00e0 vos habitudes de fumeur.<\/li>\n<li>Rechargeable : Utilisez la totalit\u00e9 du e-liquide achet\u00e9 au lieu de la moiti\u00e9.<\/li>\n<li>R\u00e9sistances Mesh : Les r\u00e9sistances \u00e0 double mesh offrent une saveur riche et constante.<\/li>\n<li>Deux modes de puissance\u00a0: commutation rapide, pour une conduite fluide ou puissante.<\/li>\n<li>Chargement de type C\u00a0: Il peut \u00eatre charg\u00e9 rapidement \u00e0 l\u2019aide d\u2019un c\u00e2ble standard.<\/li>\n<li>\u00c9cran intelligent\u00a0: L\u2019\u00e9cran incurv\u00e9 3D offre un retour d\u2019information clair et pratique pour les commandes.<\/li>\n<\/ul>\n<h2 data-v-md-heading=\"why-collaborate-with-agoravape\" data-v-md-line=\"49\">Pourquoi collaborer avec AgoraVape ?<\/h2>\n<p data-v-md-line=\"50\">Nous ne vendons que des produits 100 % authentiques et garantissons la s\u00e9curit\u00e9 des produits exp\u00e9di\u00e9s. Nos clients professionnels qui ach\u00e8tent la cigarette \u00e9lectronique Elf Box Pulse X \u00e0 double mode et \u00e9cran 3D 25K b\u00e9n\u00e9ficient de prix de gros avantageux, d'une assistance r\u00e9active et d'une livraison DDP rapide et fiable. N'h\u00e9sitez pas \u00e0 nous contacter pour discuter de la conception d'un produit qui fid\u00e9lisera votre client\u00e8le.<\/p>","protected":false},"excerpt":{"rendered":"<p>&nbsp;<\/p>\n<p><script src=\"chrome-extension:\/\/fpelahbljekknahkcaegamhcndkfpfnc\/iFrame.js\" type=\"text\/javascript\"><\/script><\/p>\n<p><script src=\"chrome-extension:\/\/fpelahbljekknahkcaegamhcndkfpfnc\/iFrame.js\" type=\"text\/javascript\"><\/script><\/p>\n<p><script src=\"chrome-extension:\/\/fpelahbljekknahkcaegamhcndkfpfnc\/iFrame.js\" type=\"text\/javascript\"><\/script><\/p>\n<p><script src=\"chrome-extension:\/\/fpelahbljekknahkcaegamhcndkfpfnc\/iFrame.js\" type=\"text\/javascript\"><\/script><\/p>\n<p><script src=\"chrome-extension:\/\/fpelahbljekknahkcaegamhcndkfpfnc\/iFrame.js\" type=\"text\/javascript\"><\/script><\/p>","protected":false},"featured_media":14355,"comment_status":"open","ping_status":"closed","template":"","meta":[],"product_brand":[212],"product_cat":[124,187,185,189,176,139,174,175,193,191,173,186,180,190,192],"product_tag":[],"class_list":{"0":"post-14333","1":"product","2":"type-product","3":"status-publish","4":"has-post-thumbnail","6":"product_brand-elf-box","7":"product_cat-vape-by-brand","8":"product_cat-0mg-nicotine-free-vapes","9":"product_cat-10000-puffs-high-capacity","10":"product_cat-20mg-standard-nicotine-vapes","11":"product_cat-beverage","12":"product_cat-elf-box","13":"product_cat-fruit-flavors","14":"product_cat-icy-mint","15":"product_cat-mesh-coil","16":"product_cat-rechargeable-disposables","17":"product_cat-vape-by-flavor-profile","18":"product_cat-vape-by-nicotine-strength","19":"product_cat-vape-by-puff-count","20":"product_cat-vape-by-feature-or-type","21":"product_cat-vapes-with-screens","23":"first","24":"instock","25":"shipping-taxable","26":"purchasable","27":"product-type-variable","28":"has-default-attributes"},"tiered_pricing_type":"percentage","tiered_pricing_fixed_rules":[],"tiered_pricing_product_settings":{"layout":"default","base_unit_name":{"singular":null,"plural":null},"default_variation":null},"tiered_pricing_minimum_quantity":10,"tiered_pricing_roles_data":[],"tiered_pricing_percentage_rules":{"30":"29","50":"35","100":"40","200":"44","500":"47","1000":"49"},"tiered_pricing_maximum_quantity":null,"tiered_pricing_quantity_step":"10","_links":{"self":[{"href":"https:\/\/agoravape.com\/fr\/wp-json\/wp\/v2\/product\/14333","targetHints":{"allow":["GET"]}}],"collection":[{"href":"https:\/\/agoravape.com\/fr\/wp-json\/wp\/v2\/product"}],"about":[{"href":"https:\/\/agoravape.com\/fr\/wp-json\/wp\/v2\/types\/product"}],"replies":[{"embeddable":true,"href":"https:\/\/agoravape.com\/fr\/wp-json\/wp\/v2\/comments?post=14333"}],"version-history":[{"count":0,"href":"https:\/\/agoravape.com\/fr\/wp-json\/wp\/v2\/product\/14333\/revisions"}],"wp:featuredmedia":[{"embeddable":true,"href":"https:\/\/agoravape.com\/fr\/wp-json\/wp\/v2\/media\/14355"}],"wp:attachment":[{"href":"https:\/\/agoravape.com\/fr\/wp-json\/wp\/v2\/media?parent=14333"}],"wp:term":[{"taxonomy":"product_brand","embeddable":true,"href":"https:\/\/agoravape.com\/fr\/wp-json\/wp\/v2\/product_brand?post=14333"},{"taxonomy":"product_cat","embeddable":true,"href":"https:\/\/agoravape.com\/fr\/wp-json\/wp\/v2\/product_cat?post=14333"},{"taxonomy":"product_tag","embeddable":true,"href":"https:\/\/agoravape.com\/fr\/wp-json\/wp\/v2\/product_tag?post=14333"}],"curies":[{"name":"wp","href":"https:\/\/api.w.org\/{rel}","templated":true}]}}