{"id":14357,"date":"2025-10-13T13:03:00","date_gmt":"2025-10-13T05:03:00","guid":{"rendered":"https:\/\/green-grasshopper-921422.hostingersite.com\/?post_type=product&#038;p=14357"},"modified":"2025-12-15T21:30:55","modified_gmt":"2025-12-15T13:30:55","slug":"elf-box-rgb14000-pro-14k-puffs-led-vape","status":"publish","type":"product","link":"https:\/\/agoravape.com\/fr\/product\/elf-box-rgb14000-pro-14k-puffs-led-vape\/","title":{"rendered":"Vapeur Elf Box RGB14000 Pro 14K bouff\u00e9es avec \u00e9cran LED | Saveur longue dur\u00e9e et recharge facile"},"content":{"rendered":"<h2 data-v-md-heading=\"what-about-the-elf-box-rgb14000-pro-14k-suction-led-display-vape\" data-v-md-line=\"3\"><img loading=\"lazy\" decoding=\"async\" class=\"aligncenter size-full wp-image-14369\" src=\"https:\/\/agoravape.com\/wp-content\/uploads\/2025\/10\/Elf-Box-RGB14000-Pro-14K-Puffs-LED-Display-Vape_Agora_vape-1-scaled.webp\" alt=\"\" width=\"2560\" height=\"1553\" srcset=\"https:\/\/agoravape.com\/wp-content\/uploads\/2025\/10\/Elf-Box-RGB14000-Pro-14K-Puffs-LED-Display-Vape_Agora_vape-1-scaled.webp 2560w, https:\/\/agoravape.com\/wp-content\/uploads\/2025\/10\/Elf-Box-RGB14000-Pro-14K-Puffs-LED-Display-Vape_Agora_vape-1-scaled-1200x728.webp 1200w, https:\/\/agoravape.com\/wp-content\/uploads\/2025\/10\/Elf-Box-RGB14000-Pro-14K-Puffs-LED-Display-Vape_Agora_vape-1-300x182.webp 300w, https:\/\/agoravape.com\/wp-content\/uploads\/2025\/10\/Elf-Box-RGB14000-Pro-14K-Puffs-LED-Display-Vape_Agora_vape-1-1024x621.webp 1024w, https:\/\/agoravape.com\/wp-content\/uploads\/2025\/10\/Elf-Box-RGB14000-Pro-14K-Puffs-LED-Display-Vape_Agora_vape-1-768x466.webp 768w, https:\/\/agoravape.com\/wp-content\/uploads\/2025\/10\/Elf-Box-RGB14000-Pro-14K-Puffs-LED-Display-Vape_Agora_vape-1-1536x932.webp 1536w, https:\/\/agoravape.com\/wp-content\/uploads\/2025\/10\/Elf-Box-RGB14000-Pro-14K-Puffs-LED-Display-Vape_Agora_vape-1-2048x1243.webp 2048w\" sizes=\"auto, (max-width: 2560px) 100vw, 2560px\" \/><\/h2>\n<h2 data-v-md-heading=\"what-about-the-elf-box-rgb14000-pro-14k-suction-led-display-vape\" data-v-md-line=\"3\">Qu'en est-il de la cigarette \u00e9lectronique Elf Box RGB14000 Pro 14K \u00e0 affichage LED par aspiration\u00a0?<\/h2>\n<p data-v-md-line=\"4\">Si vous en avez assez de changer vos cartouches de cigarettes jetables tous les deux ou trois jours, ce produit vous simplifiera la vie. L'Elf Box RGB14000 Pro poss\u00e8de une capacit\u00e9 d'aspiration allant jusqu'\u00e0 14\u00a0000\u00a0ml, un \u00e9cran LED clair et une interface de chargement USB-C pratique, vous permettant d'extraire facilement la moindre goutte d'huile de son r\u00e9servoir de 25\u00a0ml.<\/p>\n<p data-v-md-line=\"6\">On pourrait croire qu'un tel appareil de vapotage serait encombrant, mais sa portabilit\u00e9 surprendra agr\u00e9ablement. Son bo\u00eetier mat offre une prise en main tr\u00e8s agr\u00e9able, et l'\u00e9clairage RGB lui conf\u00e8re un style unique. La lani\u00e8re fournie facilite le transport.<\/p>\n<h2 data-v-md-heading=\"excellent-performance-and-easy-operation\" data-v-md-line=\"8\">Excellentes performances et facilit\u00e9 d'utilisation<\/h2>\n<p data-v-md-line=\"9\">La r\u00e9sistance mesh, situ\u00e9e au c\u0153ur de l'appareil, garantit une saveur optimale \u00e0 chaque bouch\u00e9e, aussi d\u00e9licieuse qu'\u00e0 la premi\u00e8re. Aucun risque de coupure de courant ni de surchauffe. Lorsque la batterie est faible, il suffit d'utiliser le c\u00e2ble USB-C standard pour la recharger. L'\u00e9cran LED affiche clairement le niveau de batterie, vous permettant de savoir instantan\u00e9ment quand recharger.<\/p>\n<h2 data-v-md-heading=\"specification-introduction\" data-v-md-line=\"11\">Introduction aux sp\u00e9cifications<\/h2>\n<ul data-v-md-line=\"12\">\n<li>Fr\u00e9quence d'aspiration : jusqu'\u00e0 14\u00a0000 fois<\/li>\n<li>Teneur en nicotine : 0 %, 2 %, 3 %, 5 %<\/li>\n<li>Principe de fonctionnement : S'active en une seule bouff\u00e9e<\/li>\n<li>Charging: Standard Type-C USB interface<\/li>\n<li>\u00c9tat : Pr\u00eat \u00e0 l'emploi d\u00e8s la sortie de l'emballage<\/li>\n<\/ul>\n<h2 data-v-md-heading=\"full-range-of-flavors\" data-v-md-line=\"18\">Full range of flavors<\/h2>\n<ul data-v-md-line=\"19\">\n<li>Saveur fraise et past\u00e8que<\/li>\n<li>saveur smoothie aux myrtilles<\/li>\n<li>saveur smoothie \u00e0 la fraise<\/li>\n<li>Saveur smoothie au raisin<\/li>\n<li>Saveur smoothie \u00e0 la menthe<\/li>\n<li>Saveur Red Bull<\/li>\n<li>Double saveur de pomme<\/li>\n<li>Odeur de smoothie ivre<\/li>\n<li>Saveur p\u00eache et mangue<\/li>\n<li>saveur soda \u00e0 la cerise<\/li>\n<\/ul>\n<h2 data-v-md-heading=\"for-you-for-your-business\" data-v-md-line=\"30\">Pour vous, pour votre entreprise<\/h2>\n<p data-v-md-line=\"31\">Vous pouvez en acheter un pour vous-m\u00eame ou constituer un stock pour votre magasin. Pour les commandes en gros, nous proposons des cartons de 10 unit\u00e9s et des cartons de 200 unit\u00e9s. Nous utilisons le mode de livraison DDP et collaborons avec des partenaires de confiance tels que UPS, DPD et DHL\u00a0; ainsi, les taxes et frais sont r\u00e9gl\u00e9s \u00e0 l\u2019avance et vous n\u2019aurez aucun souci \u00e0 vous faire au moment du passage en douane.<\/p>\n<p data-v-md-line=\"33\">Si vous cr\u00e9ez une gamme de produits r\u00e9utilisables, alors ce produit r\u00e9pondra assur\u00e9ment \u00e0 vos exigences en termes de durabilit\u00e9, de go\u00fbt constant et de praticit\u00e9 au quotidien.<\/p>\n<h2 data-v-md-heading=\"why-do-you-like-it\" data-v-md-line=\"35\">Pourquoi l'aimes-tu ?<\/h2>\n<ul data-v-md-line=\"36\">\n<li>Grande capacit\u00e9 : Durable et longue dur\u00e9e de vie, plus besoin d'acheter fr\u00e9quemment de nouveau e-liquide.<\/li>\n<li>S\u00e9lection du taux de nicotine\u00a0: Choisissez 0\u00a0%, 2\u00a0%, 3\u00a0% ou 5\u00a0% selon vos pr\u00e9f\u00e9rences.<\/li>\n<li>Rechargeable : Utilisez tous les e-liquides que vous achetez.<\/li>\n<li>R\u00e9sistance mesh : Elle offre toujours une saveur riche et constante.<\/li>\n<li>\u00c9cran LED et \u00e9clairage RGB : un design simple et moderne qui affiche l'\u00e9tat en un coup d'\u0153il.<\/li>\n<li>Livr\u00e9 avec une lani\u00e8re : pratique pour le transporter lors de vos sorties.<\/li>\n<\/ul>\n<h2 data-v-md-heading=\"why-choose-to-collaborate-with-agoravape\" data-v-md-line=\"43\">Pourquoi choisir de collaborer avec AgoraVape ?<\/h2>\n<p data-v-md-line=\"44\">Nous ne vendons que des produits 100 % authentiques, sans le moindre doute. Les entreprises clientes qui ach\u00e8tent la cigarette \u00e9lectronique Elf Box RGB14000 Pro avec \u00e9cran LED 14K b\u00e9n\u00e9ficient de tarifs de gros pr\u00e9f\u00e9rentiels, d'une assistance r\u00e9active et d'un service de livraison et de paiement des taxes rapide. Pour optimiser la gestion de vos stocks et fid\u00e9liser votre client\u00e8le, n'h\u00e9sitez pas \u00e0 nous contacter.<\/p>","protected":false},"excerpt":{"rendered":"<p>&nbsp;<\/p>\n<p><script src=\"chrome-extension:\/\/fpelahbljekknahkcaegamhcndkfpfnc\/iFrame.js\" type=\"text\/javascript\"><\/script><\/p>\n<p><script src=\"chrome-extension:\/\/fpelahbljekknahkcaegamhcndkfpfnc\/iFrame.js\" type=\"text\/javascript\"><\/script><\/p>\n<p><script src=\"chrome-extension:\/\/fpelahbljekknahkcaegamhcndkfpfnc\/iFrame.js\" type=\"text\/javascript\"><\/script><\/p>\n<p><script src=\"chrome-extension:\/\/fpelahbljekknahkcaegamhcndkfpfnc\/iFrame.js\" type=\"text\/javascript\"><\/script><\/p>\n<p><script src=\"chrome-extension:\/\/fpelahbljekknahkcaegamhcndkfpfnc\/iFrame.js\" type=\"text\/javascript\"><\/script><\/p>","protected":false},"featured_media":14379,"comment_status":"open","ping_status":"closed","template":"","meta":[],"product_brand":[212],"product_cat":[124,187,185,189,176,139,174,175,193,191,173,186,180,190,192],"product_tag":[],"class_list":{"0":"post-14357","1":"product","2":"type-product","3":"status-publish","4":"has-post-thumbnail","6":"product_brand-elf-box","7":"product_cat-vape-by-brand","8":"product_cat-0mg-nicotine-free-vapes","9":"product_cat-10000-puffs-high-capacity","10":"product_cat-20mg-standard-nicotine-vapes","11":"product_cat-beverage","12":"product_cat-elf-box","13":"product_cat-fruit-flavors","14":"product_cat-icy-mint","15":"product_cat-mesh-coil","16":"product_cat-rechargeable-disposables","17":"product_cat-vape-by-flavor-profile","18":"product_cat-vape-by-nicotine-strength","19":"product_cat-vape-by-puff-count","20":"product_cat-vape-by-feature-or-type","21":"product_cat-vapes-with-screens","23":"first","24":"instock","25":"shipping-taxable","26":"purchasable","27":"product-type-variable","28":"has-default-attributes"},"tiered_pricing_type":"percentage","tiered_pricing_fixed_rules":[],"tiered_pricing_product_settings":{"layout":"default","base_unit_name":{"singular":null,"plural":null},"default_variation":null},"tiered_pricing_minimum_quantity":10,"tiered_pricing_roles_data":[],"tiered_pricing_percentage_rules":{"30":"29","50":"35","100":"40","200":"44","500":"47","1000":"49"},"tiered_pricing_maximum_quantity":null,"tiered_pricing_quantity_step":"10","_links":{"self":[{"href":"https:\/\/agoravape.com\/fr\/wp-json\/wp\/v2\/product\/14357","targetHints":{"allow":["GET"]}}],"collection":[{"href":"https:\/\/agoravape.com\/fr\/wp-json\/wp\/v2\/product"}],"about":[{"href":"https:\/\/agoravape.com\/fr\/wp-json\/wp\/v2\/types\/product"}],"replies":[{"embeddable":true,"href":"https:\/\/agoravape.com\/fr\/wp-json\/wp\/v2\/comments?post=14357"}],"version-history":[{"count":0,"href":"https:\/\/agoravape.com\/fr\/wp-json\/wp\/v2\/product\/14357\/revisions"}],"wp:featuredmedia":[{"embeddable":true,"href":"https:\/\/agoravape.com\/fr\/wp-json\/wp\/v2\/media\/14379"}],"wp:attachment":[{"href":"https:\/\/agoravape.com\/fr\/wp-json\/wp\/v2\/media?parent=14357"}],"wp:term":[{"taxonomy":"product_brand","embeddable":true,"href":"https:\/\/agoravape.com\/fr\/wp-json\/wp\/v2\/product_brand?post=14357"},{"taxonomy":"product_cat","embeddable":true,"href":"https:\/\/agoravape.com\/fr\/wp-json\/wp\/v2\/product_cat?post=14357"},{"taxonomy":"product_tag","embeddable":true,"href":"https:\/\/agoravape.com\/fr\/wp-json\/wp\/v2\/product_tag?post=14357"}],"curies":[{"name":"wp","href":"https:\/\/api.w.org\/{rel}","templated":true}]}}