{"id":14474,"date":"2025-10-13T15:31:30","date_gmt":"2025-10-13T07:31:30","guid":{"rendered":"https:\/\/green-grasshopper-921422.hostingersite.com\/?post_type=product&#038;p=14474"},"modified":"2026-01-13T01:04:04","modified_gmt":"2026-01-12T17:04:04","slug":"vopk-ultra-40000-puffs-dual-flavor-vape","status":"publish","type":"product","link":"https:\/\/agoravape.com\/fr\/product\/vopk-ultra-40000-puffs-dual-flavor-vape\/","title":{"rendered":"VOPK Ultra 40000 bouff\u00e9es, vaporisateur \u00e0 double saveur avec \u00e9cran | Grandes bouff\u00e9es, deux saveurs, utilisation simplifi\u00e9e"},"content":{"rendered":"<h2 data-v-md-heading=\"what-are-the-advantages-of-vopk-ultra-40000-dual-flavor-screen-vapes\" data-v-md-line=\"3\"><img loading=\"lazy\" decoding=\"async\" class=\"aligncenter size-full wp-image-14496\" src=\"https:\/\/agoravape.com\/wp-content\/uploads\/2025\/10\/VOPK-Ultra-40000-Puffs-Dual-Flavor-Screen-Vape_Agora_vape-11.webp\" alt=\"\" width=\"2000\" height=\"1088\" srcset=\"https:\/\/agoravape.com\/wp-content\/uploads\/2025\/10\/VOPK-Ultra-40000-Puffs-Dual-Flavor-Screen-Vape_Agora_vape-11.webp 2000w, https:\/\/agoravape.com\/wp-content\/uploads\/2025\/10\/VOPK-Ultra-40000-Puffs-Dual-Flavor-Screen-Vape_Agora_vape-11-1200x653.webp 1200w, https:\/\/agoravape.com\/wp-content\/uploads\/2025\/10\/VOPK-Ultra-40000-Puffs-Dual-Flavor-Screen-Vape_Agora_vape-11-300x163.webp 300w, https:\/\/agoravape.com\/wp-content\/uploads\/2025\/10\/VOPK-Ultra-40000-Puffs-Dual-Flavor-Screen-Vape_Agora_vape-11-1024x557.webp 1024w, https:\/\/agoravape.com\/wp-content\/uploads\/2025\/10\/VOPK-Ultra-40000-Puffs-Dual-Flavor-Screen-Vape_Agora_vape-11-768x418.webp 768w, https:\/\/agoravape.com\/wp-content\/uploads\/2025\/10\/VOPK-Ultra-40000-Puffs-Dual-Flavor-Screen-Vape_Agora_vape-11-1536x836.webp 1536w\" sizes=\"auto, (max-width: 2000px) 100vw, 2000px\" \/><\/h2>\n<h2 data-v-md-heading=\"what-are-the-advantages-of-vopk-ultra-40000-dual-flavor-screen-vapes\" data-v-md-line=\"3\">Quels sont les avantages des vaporisateurs VOPK Ultra 40000 \u00e0 double \u00e9cran de saveur\u00a0?<\/h2>\n<p data-v-md-line=\"4\">Si vous en avez assez de changer de cigarette \u00e9lectronique jetable tous les deux ou trois jours, ce produit vous simplifiera la vie. La VOPK Ultra offre jusqu'\u00e0 40\u00a0000 bouff\u00e9es et propose deux saveurs dans un seul appareil, vous permettant ainsi de passer facilement d'une saveur \u00e0 l'autre sans avoir \u00e0 transporter une deuxi\u00e8me cigarette \u00e9lectronique.<\/p>\n<p data-v-md-line=\"6\">Elle convient \u00e0 tous ceux qui recherchent une performance durable et une saveur d\u00e9licieuse et imm\u00e9diate, sans aucun souci \u00e0 se faire. Son grand \u00e9cran affiche en un coup d'\u0153il le niveau de batterie et d'e-liquide, vous permettant de conna\u00eetre pr\u00e9cis\u00e9ment l'\u00e9tat de votre cigarette \u00e9lectronique. Vous pourriez penser que l'\u00e9cran sur les cigarettes \u00e9lectroniques jetables n'est qu'un gadget, mais il r\u00e9sout en r\u00e9alit\u00e9 le probl\u00e8me de l'impr\u00e9cision dans l'\u00e9valuation du niveau de batterie.<\/p>\n<h2 data-v-md-heading=\"excellent-performance-easy-and-convenient\" data-v-md-line=\"8\">Excellentes performances, facile et pratique<\/h2>\n<p data-v-md-line=\"9\">Son atomiseur \u00e0 double grille int\u00e9gr\u00e9 assure une chauffe rapide et uniforme, garantissant une saveur constante et une vapeur riche et persistante. Lorsque la batterie est faible, elle se recharge via USB-C. Utilisez le m\u00eame c\u00e2ble de donn\u00e9es que votre t\u00e9l\u00e9phone pour une recharge rapide.<\/p>\n<h2 data-v-md-heading=\"specification-overview\" data-v-md-line=\"11\">Aper\u00e7u des sp\u00e9cifications<\/h2>\n<ul data-v-md-line=\"12\">\n<li>Fr\u00e9quence d'aspiration : jusqu'\u00e0 40\u00a0000 fois<\/li>\n<li>Teneur en nicotine\u00a0: Les options varient selon les march\u00e9s, avec une zone TPD de 0\u00a0mg. Veuillez v\u00e9rifier la disponibilit\u00e9 locale.<\/li>\n<li>Principe de fonctionnement : Activation par inhalation<\/li>\n<li>Chargement : interface USB Type-C<\/li>\n<li>\u00c9tat : Pr\u00eat \u00e0 l'emploi d\u00e8s la sortie de l'emballage<\/li>\n<li>Capacit\u00e9 du r\u00e9servoir d'e-liquide : 36 millilitres<\/li>\n<li>Batterie : 650 mAh (cellules 16350)<\/li>\n<li>Noyau atomiseur : double maille<\/li>\n<li>\u00c9cran\u00a0: grand \u00e9cran avec indicateur de batterie et de niveau d\u2019e-liquide<\/li>\n<\/ul>\n<p data-v-md-line=\"22\">Attention : En raison des r\u00e9glementations locales, la disponibilit\u00e9 et les options de teneur en nicotine peuvent varier selon les pays\/r\u00e9gions.<\/p>\n<h2 data-v-md-heading=\"full-range-of-flavors\" data-v-md-line=\"24\">Full range of flavors<\/h2>\n<ul data-v-md-line=\"25\">\n<li>Strawberry watermelon\/kiwi passion fruit guava<\/li>\n<li>Myrtilles, framboises, p\u00eaches, mangues, past\u00e8ques<\/li>\n<li>Bonbons g\u00e9lifi\u00e9s oursons aux myrtilles\/kiwis \u00e0 la fraise<\/li>\n<li>Myrtille Cerise\/Fraise Framboise<\/li>\n<li>soda citron-lime\/past\u00e8que-menthe<\/li>\n<li>Glace \u00e0 la past\u00e8que\/Glace aux myrtilles<\/li>\n<li>Myrtille Ananas\/Triple Mangue<\/li>\n<li>Explosion de raisins et de baies \/ Poire, pomme et framboise<\/li>\n<li>Fraise, canneberge, cerise\/ananas, fruit de la passion, citron vert<\/li>\n<li>Myrtille Fraise Menthe\/Myrtille Framboise Menthe<\/li>\n<\/ul>\n<h2 data-v-md-heading=\"for-you-and-your-business\" data-v-md-line=\"36\">Pour vous et votre entreprise<\/h2>\n<p data-v-md-line=\"37\">Si vous recherchez une cigarette \u00e9lectronique fiable en toutes circonstances, offrant une saveur agr\u00e9able et une recharge pratique, n'h\u00e9sitez plus\u00a0! Son grand \u00e9cran vous permet de lire facilement le niveau de liquide, et vous n'aurez plus \u00e0 vous soucier de la batterie ou du r\u00e9servoir.<\/p>\n<p data-v-md-line=\"39\">Vous avez un magasin physique ou une boutique en ligne\u00a0? Nous proposons le VOPK Ultra 40000 en gros, conditionn\u00e9 en cartons de 10 et 160\u00a0pi\u00e8ces. Nous travaillons avec des transporteurs de confiance comme UPS, DPD et DHL pour les livraisons en Europe (DDP), ce qui permet de r\u00e9gler les droits de douane \u00e0 l\u2019avance et d\u2019\u00e9viter les mauvaises surprises.<\/p>\n<h2 data-v-md-heading=\"why-do-you-like-it\" data-v-md-line=\"41\">Pourquoi l'aimes-tu ?<\/h2>\n<ul data-v-md-line=\"42\">\n<li>Grande capacit\u00e9 d'aspiration\u00a0: autonomie prolong\u00e9e, pas besoin de recharger fr\u00e9quemment.<\/li>\n<li>Double choix de saveurs\u00a0: un seul appareil propose deux options de saveurs pour une transition facile.<\/li>\n<li>Rechargeable : le chargement USB-C vous permet d'utiliser pleinement chaque goutte d'e-liquide.<\/li>\n<li>R\u00e9sistance mesh : du premier au dernier ar\u00f4me, la saveur reste constante.<\/li>\n<li>\u00c9cran clair : les niveaux de batterie et d'e-liquide sont visibles en un coup d'\u0153il.<\/li>\n<\/ul>\n<h2 data-v-md-heading=\"why-collaborate-with-agoravape\" data-v-md-line=\"48\">Pourquoi collaborer avec AgoraVape ?<\/h2>\n<p data-v-md-line=\"49\">Nous ne vendons que des produits 100 % authentiques et sommes responsables des produits que nous exp\u00e9dions. La cigarette \u00e9lectronique VOPK Ultra 40000 \u00e0 double \u00e9cran vous permet de b\u00e9n\u00e9ficier de prix de gros avantageux, d'une assistance technique rapide et d'une livraison express DDP en Europe. Contactez-nous pour discuter des saveurs disponibles, des taux de nicotine adapt\u00e9s \u00e0 votre r\u00e9gion et des tarifs d\u00e9gressifs, puis faites le plein de cigarettes \u00e9lectroniques que vos clients ach\u00e8teront avec plaisir.<\/p>","protected":false},"excerpt":{"rendered":"<p>&nbsp;<\/p>","protected":false},"featured_media":14495,"comment_status":"open","ping_status":"closed","template":"","meta":[],"product_brand":[213],"product_cat":[124,187,185,189,1639,195,174,175,193,191,173,186,180,190,192,140],"product_tag":[],"class_list":{"0":"post-14474","1":"product","2":"type-product","3":"status-publish","4":"has-post-thumbnail","6":"product_brand-vopk","7":"product_cat-vape-by-brand","8":"product_cat-0mg-nicotine-free-vapes","9":"product_cat-10000-puffs-high-capacity","10":"product_cat-20mg-standard-nicotine-vapes","11":"product_cat-40000-puffs","12":"product_cat-dual-flavor-switch","13":"product_cat-fruit-flavors","14":"product_cat-icy-mint","15":"product_cat-mesh-coil","16":"product_cat-rechargeable-disposables","17":"product_cat-vape-by-flavor-profile","18":"product_cat-vape-by-nicotine-strength","19":"product_cat-vape-by-puff-count","20":"product_cat-vape-by-feature-or-type","21":"product_cat-vapes-with-screens","22":"product_cat-vopk","24":"first","25":"instock","26":"shipping-taxable","27":"purchasable","28":"product-type-variable","29":"has-default-attributes"},"tiered_pricing_type":"percentage","tiered_pricing_fixed_rules":[],"tiered_pricing_product_settings":{"layout":"default","base_unit_name":{"singular":null,"plural":null},"default_variation":null},"tiered_pricing_minimum_quantity":10,"tiered_pricing_roles_data":[],"tiered_pricing_percentage_rules":{"30":"29","50":"35","100":"40","200":"44","500":"47","1000":"49"},"tiered_pricing_maximum_quantity":null,"tiered_pricing_quantity_step":"10","_links":{"self":[{"href":"https:\/\/agoravape.com\/fr\/wp-json\/wp\/v2\/product\/14474","targetHints":{"allow":["GET"]}}],"collection":[{"href":"https:\/\/agoravape.com\/fr\/wp-json\/wp\/v2\/product"}],"about":[{"href":"https:\/\/agoravape.com\/fr\/wp-json\/wp\/v2\/types\/product"}],"replies":[{"embeddable":true,"href":"https:\/\/agoravape.com\/fr\/wp-json\/wp\/v2\/comments?post=14474"}],"version-history":[{"count":0,"href":"https:\/\/agoravape.com\/fr\/wp-json\/wp\/v2\/product\/14474\/revisions"}],"wp:featuredmedia":[{"embeddable":true,"href":"https:\/\/agoravape.com\/fr\/wp-json\/wp\/v2\/media\/14495"}],"wp:attachment":[{"href":"https:\/\/agoravape.com\/fr\/wp-json\/wp\/v2\/media?parent=14474"}],"wp:term":[{"taxonomy":"product_brand","embeddable":true,"href":"https:\/\/agoravape.com\/fr\/wp-json\/wp\/v2\/product_brand?post=14474"},{"taxonomy":"product_cat","embeddable":true,"href":"https:\/\/agoravape.com\/fr\/wp-json\/wp\/v2\/product_cat?post=14474"},{"taxonomy":"product_tag","embeddable":true,"href":"https:\/\/agoravape.com\/fr\/wp-json\/wp\/v2\/product_tag?post=14474"}],"curies":[{"name":"wp","href":"https:\/\/api.w.org\/{rel}","templated":true}]}}