{"id":14522,"date":"2025-10-13T15:56:09","date_gmt":"2025-10-13T07:56:09","guid":{"rendered":"https:\/\/green-grasshopper-921422.hostingersite.com\/?post_type=product&#038;p=14522"},"modified":"2026-03-26T13:22:24","modified_gmt":"2026-03-26T12:22:24","slug":"vopk-shisha-narguile-15000-bouffees-vape","status":"publish","type":"product","link":"https:\/\/agoravape.com\/fr\/product\/vopk-shisha-hookah-15000-puffs-vape\/","title":{"rendered":"Chicha VOPK\u00a0: 15\u00a0000 bouff\u00e9es, flux d'air r\u00e9glable | Grandes bouff\u00e9es, contr\u00f4le simple"},"content":{"rendered":"<h2 data-v-md-heading=\"how-about-the-vopk-hookah-with-15000-adjustable-air-volumes\" data-v-md-line=\"3\"><img loading=\"lazy\" decoding=\"async\" class=\"aligncenter size-full wp-image-14543\" src=\"https:\/\/agoravape.com\/wp-content\/uploads\/2025\/10\/VOPK-Shisha-Hookah-15000-Puffs-Adjustable-Airflow_Agora_vape-11-scaled.webp\" alt=\"\" width=\"2560\" height=\"2560\" srcset=\"https:\/\/agoravape.com\/wp-content\/uploads\/2025\/10\/VOPK-Shisha-Hookah-15000-Puffs-Adjustable-Airflow_Agora_vape-11-scaled.webp 2560w, https:\/\/agoravape.com\/wp-content\/uploads\/2025\/10\/VOPK-Shisha-Hookah-15000-Puffs-Adjustable-Airflow_Agora_vape-11-scaled-600x600.webp 600w, https:\/\/agoravape.com\/wp-content\/uploads\/2025\/10\/VOPK-Shisha-Hookah-15000-Puffs-Adjustable-Airflow_Agora_vape-11-scaled-1200x1200.webp 1200w, https:\/\/agoravape.com\/wp-content\/uploads\/2025\/10\/VOPK-Shisha-Hookah-15000-Puffs-Adjustable-Airflow_Agora_vape-11-300x300.webp 300w, https:\/\/agoravape.com\/wp-content\/uploads\/2025\/10\/VOPK-Shisha-Hookah-15000-Puffs-Adjustable-Airflow_Agora_vape-11-1024x1024.webp 1024w, https:\/\/agoravape.com\/wp-content\/uploads\/2025\/10\/VOPK-Shisha-Hookah-15000-Puffs-Adjustable-Airflow_Agora_vape-11-150x150.webp 150w, https:\/\/agoravape.com\/wp-content\/uploads\/2025\/10\/VOPK-Shisha-Hookah-15000-Puffs-Adjustable-Airflow_Agora_vape-11-768x768.webp 768w, https:\/\/agoravape.com\/wp-content\/uploads\/2025\/10\/VOPK-Shisha-Hookah-15000-Puffs-Adjustable-Airflow_Agora_vape-11-1536x1536.webp 1536w, https:\/\/agoravape.com\/wp-content\/uploads\/2025\/10\/VOPK-Shisha-Hookah-15000-Puffs-Adjustable-Airflow_Agora_vape-11-2048x2048.webp 2048w\" sizes=\"auto, (max-width: 2560px) 100vw, 2560px\" \/><\/h2>\n<h2 data-v-md-heading=\"how-about-the-vopk-hookah-with-15000-adjustable-air-volumes\" data-v-md-line=\"3\">Que pensez-vous du narguil\u00e9 VOPK avec 15 000 volumes d'air r\u00e9glables ?<\/h2>\n<p data-v-md-line=\"4\">Si vous en avez assez de changer de m\u00e9gots de cigarettes jetables tous les deux ou trois jours, ce produit vous facilitera la vie. Le narguil\u00e9 VOPK a une capacit\u00e9 de 15 000 bouff\u00e9es et est \u00e9quip\u00e9 d'un volume d'air r\u00e9glable, ce qui vous permet d'ajuster facilement la pression.<\/p>\n<p data-v-md-line=\"6\">Il convient \u00e0 tous ceux qui recherchent un go\u00fbt durable et une exp\u00e9rience d'aspiration pulmonaire en douceur. Vous avez besoin d'un produit de haute qualit\u00e9 qui puisse fonctionner en continu, et c'est exactement ce que recherche ce produit.<\/p>\n<h2 data-v-md-heading=\"excellent-performance-without-any-complexity\" data-v-md-line=\"8\">Excellentes performances sans aucune complexit\u00e9<\/h2>\n<p data-v-md-line=\"9\">Le serpentin \u00e0 mailles de 0,6 \u03a9 est situ\u00e9 au c\u0153ur de l'appareil, de sorte que chaque aspiration peut apporter un go\u00fbt constant et complet. La bobine maill\u00e9e chauffe uniform\u00e9ment, ce qui permet de maintenir efficacement un go\u00fbt homog\u00e8ne. Lorsque la batterie est faible, vous pouvez la recharger via l'interface Type-C couramment utilis\u00e9e sur la plupart des appareils \u00e9lectroniques. C'est simple.<\/p>\n<h2 data-v-md-heading=\"specification-overview\" data-v-md-line=\"11\">Aper\u00e7u des sp\u00e9cifications<\/h2>\n<ul data-v-md-line=\"12\">\n<li>Fr\u00e9quence d'aspiration : jusqu'\u00e0 15\u00a0000 fois<\/li>\n<li>Nicotine : V\u00e9rifiez les concentrations disponibles dans votre pays ou r\u00e9gion<\/li>\n<li>Principe de fonctionnement : D\u00e9bit d'air r\u00e9glable pour une aspiration en douceur du DTL<\/li>\n<li>Charging: Standard Type-C USB interface<\/li>\n<li>\u00c9tat : Pr\u00eat \u00e0 l'emploi d\u00e8s la sortie de l'emballage<\/li>\n<li>E-liquid capacity: 20 milliliters<\/li>\n<li>Bobine : bobine mesh de 0,6 \u03a9<\/li>\n<li>Batterie : batterie rechargeable de 600 mAh<\/li>\n<\/ul>\n<p data-v-md-line=\"21\">Attention : En raison des r\u00e9glementations locales, la concentration de nicotine et l'approvisionnement peuvent varier d'un march\u00e9 \u00e0 l'autre. Veuillez v\u00e9rifier les options du produit dans votre r\u00e9gion.<\/p>\n<h2 data-v-md-heading=\"for-you-and-your-business\" data-v-md-line=\"23\">Pour vous et votre entreprise<\/h2>\n<p data-v-md-line=\"24\">Acheter des produits pour vous-m\u00eame est tr\u00e8s simple, vous pouvez ajouter des produits \u00e0 votre panier sans h\u00e9siter. Si vous g\u00e9rez un magasin physique ou en ligne, nous pouvons \u00e9galement r\u00e9pondre \u00e0 vos besoins. VOPK Shisha Hookah 15000 bo\u00eete en gros, 10 pi\u00e8ces par bo\u00eete, 200 pi\u00e8ces dans une bo\u00eete ext\u00e9rieure. L'\u00e9quipe de l'entrep\u00f4t a fourni les sp\u00e9cifications de la bo\u00eete en carton : 434 \u00d7 378 \u00d7 312 millim\u00e8tres, avec un poids brut de 21,2 kilogrammes.<\/p>\n<p data-v-md-line=\"26\">Nous exp\u00e9dions par l'interm\u00e9diaire de partenaires de confiance tels que UPS, DPD et DHL en DDP dans toute l'Europe, de sorte que les tarifs et les taxes ont \u00e9t\u00e9 pr\u00e9-trait\u00e9s. Le magasin n'a pas de frais impr\u00e9vus et peut \u00eatre enti\u00e8rement suivi depuis notre centre jusqu'\u00e0 votre destination.<\/p>\n<h2 data-v-md-heading=\"why-do-you-like-it\" data-v-md-line=\"28\">Pourquoi l'aimes-tu ?<\/h2>\n<ul data-v-md-line=\"29\">\n<li>Aspiration massive : jusqu'\u00e0 15 000 unit\u00e9s, ce qui signifie moins de commandes r\u00e9p\u00e9t\u00e9es et d'\u00e9changes en milieu de semaine.<\/li>\n<li>Prise d'air r\u00e9glable : R\u00e9glez la m\u00e9thode d'aspiration en fonction de vos pr\u00e9f\u00e9rences pour cr\u00e9er une exp\u00e9rience plus personnalis\u00e9e.<\/li>\n<li>Interface Type-C rechargeable : Utilisez tout le e-liquide que vous achetez sans le gaspiller.<\/li>\n<li>Bobine en maille : Un chauffage uniforme permet de conserver un go\u00fbt stable de la premi\u00e8re \u00e0 la derni\u00e8re bouch\u00e9e.<\/li>\n<li>DTL Comfort : Performance d'aspiration droite et r\u00e9guli\u00e8re, r\u00e9pondant facilement aux besoins d'utilisation tout au long de la journ\u00e9e.<\/li>\n<\/ul>\n<h2 data-v-md-heading=\"why-choose-agoravape\" data-v-md-line=\"35\">Pourquoi choisir AgoraVape ?<\/h2>\n<p data-v-md-line=\"36\">Nous ne fournissons que des produits authentiques 100% et garantissons leur s\u00e9curit\u00e9 et leur fiabilit\u00e9. Les bouteilles de narguil\u00e9 \u00e0 admission r\u00e9glable VOPK 15000 offrent des prix de gros r\u00e9duits, une assistance technique rapide et des services de livraison DDP rapides dans toute l'Europe. Vous avez besoin d'aide en mati\u00e8re de conformit\u00e9 r\u00e9gionale ou de planification des stocks ? N'h\u00e9sitez pas \u00e0 nous contacter, nous nous ferons un plaisir de vous servir. Vos clients ont besoin de produits fiables, durables et savoureux, et ce produit est exactement ce qu'il vous faut.<\/p>\n<p><script src=\"chrome-extension:\/\/fpelahbljekknahkcaegamhcndkfpfnc\/iFrame.js\" type=\"text\/javascript\"><\/script><\/p>","protected":false},"excerpt":{"rendered":"<p>&nbsp;<\/p>\n<p><script src=\"chrome-extension:\/\/fpelahbljekknahkcaegamhcndkfpfnc\/iFrame.js\" type=\"text\/javascript\"><\/script><\/p>\n<p><script src=\"chrome-extension:\/\/fpelahbljekknahkcaegamhcndkfpfnc\/iFrame.js\" type=\"text\/javascript\"><\/script><\/p>\n<p><script src=\"chrome-extension:\/\/fpelahbljekknahkcaegamhcndkfpfnc\/iFrame.js\" type=\"text\/javascript\"><\/script><\/p>\n<p><script src=\"chrome-extension:\/\/fpelahbljekknahkcaegamhcndkfpfnc\/iFrame.js\" type=\"text\/javascript\"><\/script><\/p>\n<p><script src=\"chrome-extension:\/\/fpelahbljekknahkcaegamhcndkfpfnc\/iFrame.js\" type=\"text\/javascript\"><\/script><\/p>","protected":false},"featured_media":14542,"comment_status":"open","ping_status":"closed","template":"","meta":[],"product_brand":[213],"product_cat":[124,187,185,1635,189,194,174,175,193,191,179,173,186,180,190,192,140],"product_tag":[],"class_list":{"0":"post-14522","1":"product","2":"type-product","3":"status-publish","4":"has-post-thumbnail","6":"product_brand-vopk","7":"product_cat-vape-by-brand","8":"product_cat-0mg-nicotine-free-vapes","9":"product_cat-10000-puffs-high-capacity","10":"product_cat-15000-puffs","11":"product_cat-20mg-standard-nicotine-vapes","12":"product_cat-adjustable-airflow","13":"product_cat-fruit-flavors","14":"product_cat-icy-mint","15":"product_cat-mesh-coil","16":"product_cat-rechargeable-disposables","17":"product_cat-unique-blends","18":"product_cat-vape-by-flavor-profile","19":"product_cat-vape-by-nicotine-strength","20":"product_cat-vape-by-puff-count","21":"product_cat-vape-by-feature-or-type","22":"product_cat-vapes-with-screens","23":"product_cat-vopk","25":"first","26":"onbackorder","27":"shipping-taxable","28":"purchasable","29":"product-type-variable","30":"has-default-attributes"},"tiered_pricing_type":"percentage","tiered_pricing_fixed_rules":[],"tiered_pricing_product_settings":{"layout":"default","base_unit_name":{"singular":null,"plural":null},"default_variation":null},"tiered_pricing_minimum_quantity":10,"tiered_pricing_roles_data":[],"tiered_pricing_percentage_rules":{"30":"29","50":"35","100":"40","200":"44","500":"47","1000":"49"},"tiered_pricing_maximum_quantity":null,"tiered_pricing_quantity_step":"10","_links":{"self":[{"href":"https:\/\/agoravape.com\/fr\/wp-json\/wp\/v2\/product\/14522","targetHints":{"allow":["GET"]}}],"collection":[{"href":"https:\/\/agoravape.com\/fr\/wp-json\/wp\/v2\/product"}],"about":[{"href":"https:\/\/agoravape.com\/fr\/wp-json\/wp\/v2\/types\/product"}],"replies":[{"embeddable":true,"href":"https:\/\/agoravape.com\/fr\/wp-json\/wp\/v2\/comments?post=14522"}],"version-history":[{"count":0,"href":"https:\/\/agoravape.com\/fr\/wp-json\/wp\/v2\/product\/14522\/revisions"}],"wp:featuredmedia":[{"embeddable":true,"href":"https:\/\/agoravape.com\/fr\/wp-json\/wp\/v2\/media\/14542"}],"wp:attachment":[{"href":"https:\/\/agoravape.com\/fr\/wp-json\/wp\/v2\/media?parent=14522"}],"wp:term":[{"taxonomy":"product_brand","embeddable":true,"href":"https:\/\/agoravape.com\/fr\/wp-json\/wp\/v2\/product_brand?post=14522"},{"taxonomy":"product_cat","embeddable":true,"href":"https:\/\/agoravape.com\/fr\/wp-json\/wp\/v2\/product_cat?post=14522"},{"taxonomy":"product_tag","embeddable":true,"href":"https:\/\/agoravape.com\/fr\/wp-json\/wp\/v2\/product_tag?post=14522"}],"curies":[{"name":"wp","href":"https:\/\/api.w.org\/{rel}","templated":true}]}}