{"id":14547,"date":"2025-10-13T16:10:30","date_gmt":"2025-10-13T08:10:30","guid":{"rendered":"https:\/\/green-grasshopper-921422.hostingersite.com\/?post_type=product&#038;p=14547"},"modified":"2026-03-26T13:22:24","modified_gmt":"2026-03-26T12:22:24","slug":"vopk-cool-bar-9000-puffs-vape","status":"publish","type":"product","link":"https:\/\/agoravape.com\/fr\/product\/vopk-cool-bar-9000-puffs-vape\/","title":{"rendered":"VOPK Cool Bar 9000 bouff\u00e9es, vaporisateur \u00e0 flux d'air r\u00e9glable | Saveur longue dur\u00e9e, facile \u00e0 utiliser au quotidien"},"content":{"rendered":"<h2 data-v-md-heading=\"what-is-the-charm-of-vopk-cool-bar-9000-adjustable-intake-vape\" data-v-md-line=\"3\"><img loading=\"lazy\" decoding=\"async\" class=\"aligncenter size-full wp-image-14546\" src=\"https:\/\/agoravape.com\/wp-content\/uploads\/2025\/10\/VOPK-Cool-Bar-9000-Puffs-Adjustable-Airflow-Vape_Agora_vape-1-scaled.webp\" alt=\"\" width=\"2560\" height=\"2560\" srcset=\"https:\/\/agoravape.com\/wp-content\/uploads\/2025\/10\/VOPK-Cool-Bar-9000-Puffs-Adjustable-Airflow-Vape_Agora_vape-1-scaled.webp 2560w, https:\/\/agoravape.com\/wp-content\/uploads\/2025\/10\/VOPK-Cool-Bar-9000-Puffs-Adjustable-Airflow-Vape_Agora_vape-1-scaled-600x600.webp 600w, https:\/\/agoravape.com\/wp-content\/uploads\/2025\/10\/VOPK-Cool-Bar-9000-Puffs-Adjustable-Airflow-Vape_Agora_vape-1-scaled-1200x1200.webp 1200w, https:\/\/agoravape.com\/wp-content\/uploads\/2025\/10\/VOPK-Cool-Bar-9000-Puffs-Adjustable-Airflow-Vape_Agora_vape-1-300x300.webp 300w, https:\/\/agoravape.com\/wp-content\/uploads\/2025\/10\/VOPK-Cool-Bar-9000-Puffs-Adjustable-Airflow-Vape_Agora_vape-1-1024x1024.webp 1024w, https:\/\/agoravape.com\/wp-content\/uploads\/2025\/10\/VOPK-Cool-Bar-9000-Puffs-Adjustable-Airflow-Vape_Agora_vape-1-150x150.webp 150w, https:\/\/agoravape.com\/wp-content\/uploads\/2025\/10\/VOPK-Cool-Bar-9000-Puffs-Adjustable-Airflow-Vape_Agora_vape-1-768x768.webp 768w, https:\/\/agoravape.com\/wp-content\/uploads\/2025\/10\/VOPK-Cool-Bar-9000-Puffs-Adjustable-Airflow-Vape_Agora_vape-1-1536x1536.webp 1536w, https:\/\/agoravape.com\/wp-content\/uploads\/2025\/10\/VOPK-Cool-Bar-9000-Puffs-Adjustable-Airflow-Vape_Agora_vape-1-2048x2048.webp 2048w\" sizes=\"auto, (max-width: 2560px) 100vw, 2560px\" \/><\/h2>\n<h2 data-v-md-heading=\"what-is-the-charm-of-vopk-cool-bar-9000-adjustable-intake-vape\" data-v-md-line=\"3\">Quel est le charme de la vape VOPK Cool Bar 9000 \u00e0 aspiration r\u00e9glable ?<\/h2>\n<p data-v-md-line=\"4\">Si vous en avez assez des vapes jetables et \u00e9ph\u00e9m\u00e8res, ce produit peut r\u00e9pondre \u00e0 vos besoins. Le VOPK Cool Bar peut fournir jusqu'\u00e0 9000 places, ce qui vous permet de profiter de votre go\u00fbt en toute tranquillit\u00e9 sans avoir \u00e0 changer fr\u00e9quemment d'appareil. Il est facile \u00e0 utiliser, avec un rev\u00eatement antid\u00e9rapant doux qui offre une sensation confortable, vous permettant d'ajuster les boutons ou les r\u00e9glages sans vous inqui\u00e9ter.<\/p>\n<p data-v-md-line=\"6\">Il convient \u00e0 tous ceux qui recherchent un go\u00fbt fiable, une fum\u00e9e stable et une aspiration librement r\u00e9glable. La prise d'air r\u00e9glable par le bas vous permet de passer d'une exp\u00e9rience de fumage proche de celle d'une cigarette \u00e0 une exp\u00e9rience de fumage l\u00e9g\u00e8rement a\u00e9r\u00e9e. Divers choix, pas besoin d'op\u00e9rations complexes.<\/p>\n<h2 data-v-md-heading=\"excellent-performance-easy-and-convenient\" data-v-md-line=\"8\">Excellentes performances, facile et pratique<\/h2>\n<p data-v-md-line=\"9\">L'\u00e9l\u00e9ment central de Cool Bar est un noyau d'atomisation \u00e0 mailles de 1,0 \u03a9, qui garantit un go\u00fbt propre et constant \u00e0 chaque aspiration. Le c\u0153ur d'atomisation \u00e0 mailles dissipe uniform\u00e9ment la chaleur, garantissant un go\u00fbt constant de la premi\u00e8re \u00e0 la derni\u00e8re bouch\u00e9e. Lorsque la batterie est faible, vous pouvez la connecter \u00e0 l'aide d'un c\u00e2ble de donn\u00e9es Type-C. Il peut s'agir du m\u00eame c\u00e2ble que celui utilis\u00e9 sur votre t\u00e9l\u00e9phone. Simple et pratique, pas besoin de s'inqui\u00e9ter.<\/p>\n<h2 data-v-md-heading=\"specification-overview\" data-v-md-line=\"11\">Aper\u00e7u des sp\u00e9cifications<\/h2>\n<ul data-v-md-line=\"12\">\n<li>Fr\u00e9quence d'aspiration : jusqu'\u00e0 9000 fois<\/li>\n<li>Capacit\u00e9 du r\u00e9servoir d'e-liquide : 15 millilitres<\/li>\n<li>Noyau d'atomisation : noyau d'atomisation en maille de 1,0 \u03a9<\/li>\n<li>M\u00e9thode d'admission d'air : admission d'air r\u00e9glable par le bas<\/li>\n<li>Batterie : 600 mAh (rechargeable, 18250 cellules)<\/li>\n<li>M\u00e9thode de chargement\u00a0: interface USB Type-C<\/li>\n<li>Principe de fonctionnement : Aspiration automatique (peut \u00eatre utilis\u00e9e par inhalation)<\/li>\n<li>Traitement de surface : rev\u00eatement en caoutchouc, impression UV<\/li>\n<li>\u00c9tat : Pr\u00eat \u00e0 l'emploi d\u00e8s la sortie de l'emballage<\/li>\n<li>Teneur en nicotine : La situation de l'offre peut varier en fonction du march\u00e9 et de la r\u00e9glementation. Avant de passer commande, veuillez v\u00e9rifier l'ar\u00f4me actuel sur cette page.<\/li>\n<\/ul>\n<h2 data-v-md-heading=\"full-range-of-flavors\" data-v-md-line=\"23\">Full range of flavors<\/h2>\n<ul data-v-md-line=\"24\">\n<li>Glace \u00e0 la p\u00eache<\/li>\n<li>Double menthe<\/li>\n<li>Bulle de citron<\/li>\n<li>Raisin Aloe Vera<\/li>\n<li>Raisin litchi<\/li>\n<li>Glace Coca-Cola<\/li>\n<li>Orange am\u00e8re<\/li>\n<li>baies m\u00e9lang\u00e9es<\/li>\n<li>Red Bull Ice<\/li>\n<li>Glace \u00e0 la past\u00e8que<\/li>\n<\/ul>\n<h2 data-v-md-heading=\"for-you-and-for-your-business-as-well\" data-v-md-line=\"35\">Pour vous, et pour votre entreprise \u00e9galement<\/h2>\n<p data-v-md-line=\"36\">Achat autofinanc\u00e9 ? Choisissez votre parfum pr\u00e9f\u00e9r\u00e9 et commencez \u00e0 l'utiliser. Vous pourriez penser qu'une vape jetable de 9000 bouff\u00e9es est encombrante, mais le Cool Bar est dot\u00e9 d'un rev\u00eatement en caoutchouc pour une exp\u00e9rience confortable et portable.<\/p>\n<p data-v-md-line=\"38\">Vous exploitez un magasin physique ou une boutique en ligne ? Nous fournissons les vapes VOPK Cool Bar 9000 \u00e0 admission r\u00e9glable en bo\u00eetes de gros, avec 10 cigarettes par bo\u00eete (200 cigarettes par bo\u00eete). Nous fournissons des services de livraison DDP par l'interm\u00e9diaire de partenaires de confiance tels que UPS, DPD et DHL, de sorte que les tarifs peuvent \u00eatre trait\u00e9s \u00e0 l'avance afin d'\u00e9viter des situations inattendues \u00e0 la douane. La situation de l'approvisionnement et les options de nicotine d\u00e9pendent des r\u00e9glementations locales, veuillez donc vous r\u00e9f\u00e9rer aux r\u00e9glementations applicables dans votre pays\/r\u00e9gion.<\/p>\n<h2 data-v-md-heading=\"why-do-you-like-it\" data-v-md-line=\"40\">Pourquoi l'aimes-tu ?<\/h2>\n<ul data-v-md-line=\"41\">\n<li>Aspiration massive : durable, pas besoin de r\u00e9approvisionnement fr\u00e9quent.<\/li>\n<li>D\u00e9bit d'air r\u00e9glable : R\u00e9glez l'aspiration pour qu'elle soit plus ou moins forte selon votre humeur.<\/li>\n<li>Rechargeable : le chargement de type C vous permet d'utiliser jusqu'\u00e0 la derni\u00e8re goutte de e-liquide.<\/li>\n<li>Bobine en maille : Go\u00fbt constant et fum\u00e9e douce du d\u00e9but \u00e0 la fin.<\/li>\n<li>Facile \u00e0 utiliser : La conception de l'aspiration automatique signifie qu'il n'y a pas de boutons, pas de menus, et que la pression se fait sans effort.<\/li>\n<li>Sensation de confort : Le rev\u00eatement en caoutchouc assure une prise en main stable pendant le voyage.<\/li>\n<\/ul>\n<h2 data-v-md-heading=\"why-choose-to-collaborate-with-agoravape\" data-v-md-line=\"48\">Pourquoi choisir de collaborer avec AgoraVape ?<\/h2>\n<p data-v-md-line=\"49\">Nous ne vendons que des produits authentiques et nous les garantissons. Pour les acheteurs commerciaux, cela signifie des prix de gros r\u00e9duits, un stock fiable et une livraison DDP rapide dans toute l'Europe. Notre \u00e9quipe vous facilite la t\u00e2che pour lister et vendre les vapes VOPK Cool Bar 9000 \u00e0 admission r\u00e9glable, en donnant \u00e0 vos clients un appareil qui vaut la peine d'\u00eatre rachet\u00e9. Contactez-nous pour fixer les prix et les combinaisons d'ar\u00f4mes qui conviennent \u00e0 votre ligne de produits.<\/p>","protected":false},"excerpt":{"rendered":"<p>&nbsp;<\/p>\n<p><script src=\"chrome-extension:\/\/fpelahbljekknahkcaegamhcndkfpfnc\/iFrame.js\" type=\"text\/javascript\"><\/script><\/p>\n<p><script src=\"chrome-extension:\/\/fpelahbljekknahkcaegamhcndkfpfnc\/iFrame.js\" type=\"text\/javascript\"><\/script><\/p>\n<p><script src=\"chrome-extension:\/\/fpelahbljekknahkcaegamhcndkfpfnc\/iFrame.js\" type=\"text\/javascript\"><\/script><\/p>\n<p><script src=\"chrome-extension:\/\/fpelahbljekknahkcaegamhcndkfpfnc\/iFrame.js\" type=\"text\/javascript\"><\/script><\/p>\n<p><script src=\"chrome-extension:\/\/fpelahbljekknahkcaegamhcndkfpfnc\/iFrame.js\" type=\"text\/javascript\"><\/script><\/p>","protected":false},"featured_media":14568,"comment_status":"open","ping_status":"closed","template":"","meta":[],"product_brand":[213],"product_cat":[124,187,185,189,194,176,174,175,193,191,173,186,180,190,140],"product_tag":[],"class_list":{"0":"post-14547","1":"product","2":"type-product","3":"status-publish","4":"has-post-thumbnail","6":"product_brand-vopk","7":"product_cat-vape-by-brand","8":"product_cat-0mg-nicotine-free-vapes","9":"product_cat-10000-puffs-high-capacity","10":"product_cat-20mg-standard-nicotine-vapes","11":"product_cat-adjustable-airflow","12":"product_cat-beverage","13":"product_cat-fruit-flavors","14":"product_cat-icy-mint","15":"product_cat-mesh-coil","16":"product_cat-rechargeable-disposables","17":"product_cat-vape-by-flavor-profile","18":"product_cat-vape-by-nicotine-strength","19":"product_cat-vape-by-puff-count","20":"product_cat-vape-by-feature-or-type","21":"product_cat-vopk","23":"first","24":"instock","25":"shipping-taxable","26":"purchasable","27":"product-type-variable","28":"has-default-attributes"},"tiered_pricing_type":"percentage","tiered_pricing_fixed_rules":[],"tiered_pricing_product_settings":{"layout":"default","base_unit_name":{"singular":null,"plural":null},"default_variation":null},"tiered_pricing_minimum_quantity":10,"tiered_pricing_roles_data":[],"tiered_pricing_percentage_rules":{"30":"29","50":"35","100":"40","200":"44","500":"47","1000":"49"},"tiered_pricing_maximum_quantity":null,"tiered_pricing_quantity_step":"10","_links":{"self":[{"href":"https:\/\/agoravape.com\/fr\/wp-json\/wp\/v2\/product\/14547","targetHints":{"allow":["GET"]}}],"collection":[{"href":"https:\/\/agoravape.com\/fr\/wp-json\/wp\/v2\/product"}],"about":[{"href":"https:\/\/agoravape.com\/fr\/wp-json\/wp\/v2\/types\/product"}],"replies":[{"embeddable":true,"href":"https:\/\/agoravape.com\/fr\/wp-json\/wp\/v2\/comments?post=14547"}],"version-history":[{"count":0,"href":"https:\/\/agoravape.com\/fr\/wp-json\/wp\/v2\/product\/14547\/revisions"}],"wp:featuredmedia":[{"embeddable":true,"href":"https:\/\/agoravape.com\/fr\/wp-json\/wp\/v2\/media\/14568"}],"wp:attachment":[{"href":"https:\/\/agoravape.com\/fr\/wp-json\/wp\/v2\/media?parent=14547"}],"wp:term":[{"taxonomy":"product_brand","embeddable":true,"href":"https:\/\/agoravape.com\/fr\/wp-json\/wp\/v2\/product_brand?post=14547"},{"taxonomy":"product_cat","embeddable":true,"href":"https:\/\/agoravape.com\/fr\/wp-json\/wp\/v2\/product_cat?post=14547"},{"taxonomy":"product_tag","embeddable":true,"href":"https:\/\/agoravape.com\/fr\/wp-json\/wp\/v2\/product_tag?post=14547"}],"curies":[{"name":"wp","href":"https:\/\/api.w.org\/{rel}","templated":true}]}}