{"id":14592,"date":"2025-10-13T16:35:55","date_gmt":"2025-10-13T08:35:55","guid":{"rendered":"https:\/\/green-grasshopper-921422.hostingersite.com\/?post_type=product&#038;p=14592"},"modified":"2026-03-26T13:22:24","modified_gmt":"2026-03-26T12:22:24","slug":"vopk-tornado-9000-puffs-light-vape","status":"publish","type":"product","link":"https:\/\/agoravape.com\/fr\/product\/vopk-tornado-9000-puffs-light-vape\/","title":{"rendered":"VOPK Tornado 9000 Puffs Marquee Light Vape | Grandes bouff\u00e9es, recharge facile"},"content":{"rendered":"<h2 data-v-md-heading=\"what-exactly-is-the-vopk-tornado-9000-marquee-light-vape\" data-v-md-line=\"3\"><img loading=\"lazy\" decoding=\"async\" class=\"aligncenter size-full wp-image-14591\" src=\"https:\/\/agoravape.com\/wp-content\/uploads\/2025\/10\/VOPK-Tornado-9000-Puffs-Marquee-Light-Vape_Agora_vape-1-scaled.webp\" alt=\"\" width=\"2560\" height=\"1447\" srcset=\"https:\/\/agoravape.com\/wp-content\/uploads\/2025\/10\/VOPK-Tornado-9000-Puffs-Marquee-Light-Vape_Agora_vape-1-scaled.webp 2560w, https:\/\/agoravape.com\/wp-content\/uploads\/2025\/10\/VOPK-Tornado-9000-Puffs-Marquee-Light-Vape_Agora_vape-1-scaled-1200x678.webp 1200w, https:\/\/agoravape.com\/wp-content\/uploads\/2025\/10\/VOPK-Tornado-9000-Puffs-Marquee-Light-Vape_Agora_vape-1-300x170.webp 300w, https:\/\/agoravape.com\/wp-content\/uploads\/2025\/10\/VOPK-Tornado-9000-Puffs-Marquee-Light-Vape_Agora_vape-1-1024x579.webp 1024w, https:\/\/agoravape.com\/wp-content\/uploads\/2025\/10\/VOPK-Tornado-9000-Puffs-Marquee-Light-Vape_Agora_vape-1-768x434.webp 768w, https:\/\/agoravape.com\/wp-content\/uploads\/2025\/10\/VOPK-Tornado-9000-Puffs-Marquee-Light-Vape_Agora_vape-1-1536x868.webp 1536w, https:\/\/agoravape.com\/wp-content\/uploads\/2025\/10\/VOPK-Tornado-9000-Puffs-Marquee-Light-Vape_Agora_vape-1-2048x1158.webp 2048w\" sizes=\"auto, (max-width: 2560px) 100vw, 2560px\" \/><\/h2>\n<h2 data-v-md-heading=\"what-exactly-is-the-vopk-tornado-9000-marquee-light-vape\" data-v-md-line=\"3\">Qu'est-ce que la vape VOPK Tornado 9000 Marquee Light ?<\/h2>\n<p data-v-md-line=\"4\">Si vous en avez assez des e-liquides jetables qui s'\u00e9puisent au d\u00e9but de la d\u00e9gustation, ce produit vaut la peine d'\u00eatre examin\u00e9. VOPK Tornado est \u00e9quip\u00e9 d'une batterie rechargeable qui peut contenir jusqu'\u00e0 9000 bouff\u00e9es, ce qui vous permet d'utiliser 18 millilitres d'e-liquide. Aucune op\u00e9ration n'est requise, aucun bouton n'est n\u00e9cessaire, il suffit d'inhaler et d'utiliser.<\/p>\n<p data-v-md-line=\"6\">Il convient \u00e0 tous ceux qui veulent un go\u00fbt stable sans avoir besoin de faire des ajustements. Le simple voyant Marquee Light au fond lui donne une touche de personnalit\u00e9, sans pour autant attirer l'attention. Il est solide dans la main et facile \u00e0 transporter.<\/p>\n<h2 data-v-md-heading=\"excellent-performance-without-any-complexity\" data-v-md-line=\"8\">Excellentes performances sans aucune complexit\u00e9<\/h2>\n<p data-v-md-line=\"9\">Le mesh coil de 1,0 \u03a9 est le c\u0153ur de Tornado. C'est pourquoi chaque aspiration peut \u00eatre maintenue en douceur et coh\u00e9rente, de la premi\u00e8re \u00e0 la derni\u00e8re. Lorsque la batterie est faible, vous pouvez utiliser votre c\u00e2ble de donn\u00e9es Type-C existant pour la charger. Simple. Fiable. \u00catre accompli.<\/p>\n<h2 data-v-md-heading=\"specification-overview\" data-v-md-line=\"11\">Aper\u00e7u des sp\u00e9cifications<\/h2>\n<ul data-v-md-line=\"12\">\n<li>Fr\u00e9quence d'aspiration : jusqu'\u00e0 9000 fois<\/li>\n<li>E-liquid capacity: 18 milliliters<\/li>\n<li>Batterie : 18250 cellules, 600mAh (rechargeable)<\/li>\n<li>Atomizing core: 1.0 \u03a9 mesh<\/li>\n<li>La nicotine : L'offre et la concentration varient selon les march\u00e9s. Veuillez nous contacter pour conna\u00eetre les options actuelles.<\/li>\n<li>Principe de fonctionnement : Activation par la respiration<\/li>\n<li>Charging: Standard Type-C USB interface<\/li>\n<li>\u00c9tat : Pr\u00eat \u00e0 l'emploi d\u00e8s la sortie de l'emballage<\/li>\n<\/ul>\n<h2 data-v-md-heading=\"full-range-of-flavors\" data-v-md-line=\"21\">Full range of flavors<\/h2>\n<ul data-v-md-line=\"22\">\n<li>Saveur myrtille et framboise<\/li>\n<li>Ar\u00f4me de myrtille, cerise, canneberge<\/li>\n<li>Smoothie aux myrtilles<\/li>\n<li>Smoothie \u00e0 la past\u00e8que et aux myrtilles<\/li>\n<li>Saveur fraise et past\u00e8que<\/li>\n<li>Smoothie fraise-framboise<\/li>\n<li>Saveur p\u00eache et ananas<\/li>\n<li>Triple go\u00fbt de mangue<\/li>\n<li>Smoothie \u00e0 la menthe<\/li>\n<li>Saveur citron et citron vert<\/li>\n<\/ul>\n<h2 data-v-md-heading=\"for-you-and-for-your-business-as-well\" data-v-md-line=\"33\">Pour vous, et pour votre entreprise \u00e9galement<\/h2>\n<p data-v-md-line=\"34\">Vous pouvez acheter VOPK Tornado 9000 pour votre usage personnel ou le stocker pour votre magasin. Emballage de gros de 10 pi\u00e8ces par bo\u00eete pour faciliter la pr\u00e9vision et le r\u00e9approvisionnement des stocks en rayon. Pour les commandes en gros, chaque bo\u00eete peut contenir 200 pi\u00e8ces, et la bo\u00eete ext\u00e9rieure est clairement \u00e9tiquet\u00e9e pour faciliter la r\u00e9ception.<\/p>\n<p data-v-md-line=\"36\">Nous faisons appel \u00e0 des partenaires de confiance tels que UPS, DPD et DHL pour exp\u00e9dier des marchandises dans toute l'Europe via DDP apr\u00e8s imp\u00f4t, ce qui permet d'\u00e9viter des frais de douane suppl\u00e9mentaires et de garantir un suivi fiable tout au long du processus.<\/p>\n<h2 data-v-md-heading=\"why-do-you-like-it\" data-v-md-line=\"38\">Pourquoi l'aimes-tu ?<\/h2>\n<ul data-v-md-line=\"39\">\n<li>Plusieurs bouff\u00e9es : Durable, il n'est pas n\u00e9cessaire d'acheter fr\u00e9quemment de nouvelles cartouches.<\/li>\n<li>S\u00e9lection de la concentration de nicotine : Choisissez la concentration qui convient \u00e0 vos habitudes. Consultez-nous pour conna\u00eetre les options existantes dans votre pays\/r\u00e9gion.<\/li>\n<li>Rechargeable : Vous serez \u00e0 court de e-liquide \u00e0 chaque fois que vous en ach\u00e8terez.<\/li>\n<li>Noyau de l'atomiseur en maille : Go\u00fbt homog\u00e8ne et aspiration en douceur.<\/li>\n<li>Lumi\u00e8res paillet\u00e9es : Effets visuels exquis, faciles \u00e0 identifier et tr\u00e8s amusants \u00e0 utiliser.<\/li>\n<\/ul>\n<h2 data-v-md-heading=\"why-choose-to-collaborate-with-agoravape\" data-v-md-line=\"45\">Pourquoi choisir de collaborer avec AgoraVape ?<\/h2>\n<p data-v-md-line=\"46\">Nous ne fournissons que des produits authentiques 100% et sommes responsables des produits que nous vendons. Si vous achetez VOPK Tornado 9000 Puffs glitter lights en gros, vous b\u00e9n\u00e9ficierez de prix tr\u00e8s comp\u00e9titifs, d'un support technique pratique et d'un service de livraison DDP rapide. Vous souhaitez conna\u00eetre le go\u00fbt, la concentration en nicotine ou les d\u00e9tails de conformit\u00e9 de votre march\u00e9 ? Contactez-nous et nous vous aiderons \u00e0 comprendre les exigences locales, afin que vous puissiez vous approvisionner en toute tranquillit\u00e9.<\/p>","protected":false},"excerpt":{"rendered":"<p>&nbsp;<\/p>\n<p><script src=\"chrome-extension:\/\/fpelahbljekknahkcaegamhcndkfpfnc\/iFrame.js\" type=\"text\/javascript\"><\/script><\/p>\n<p><script src=\"chrome-extension:\/\/fpelahbljekknahkcaegamhcndkfpfnc\/iFrame.js\" type=\"text\/javascript\"><\/script><\/p>\n<p><script src=\"chrome-extension:\/\/fpelahbljekknahkcaegamhcndkfpfnc\/iFrame.js\" type=\"text\/javascript\"><\/script><\/p>\n<p><script src=\"chrome-extension:\/\/fpelahbljekknahkcaegamhcndkfpfnc\/iFrame.js\" type=\"text\/javascript\"><\/script><\/p>\n<p><script src=\"chrome-extension:\/\/fpelahbljekknahkcaegamhcndkfpfnc\/iFrame.js\" type=\"text\/javascript\"><\/script><\/p>","protected":false},"featured_media":14613,"comment_status":"open","ping_status":"closed","template":"","meta":[],"product_brand":[213],"product_cat":[124,187,185,189,174,175,193,191,173,186,180,190,140],"product_tag":[],"class_list":{"0":"post-14592","1":"product","2":"type-product","3":"status-publish","4":"has-post-thumbnail","6":"product_brand-vopk","7":"product_cat-vape-by-brand","8":"product_cat-0mg-nicotine-free-vapes","9":"product_cat-10000-puffs-high-capacity","10":"product_cat-20mg-standard-nicotine-vapes","11":"product_cat-fruit-flavors","12":"product_cat-icy-mint","13":"product_cat-mesh-coil","14":"product_cat-rechargeable-disposables","15":"product_cat-vape-by-flavor-profile","16":"product_cat-vape-by-nicotine-strength","17":"product_cat-vape-by-puff-count","18":"product_cat-vape-by-feature-or-type","19":"product_cat-vopk","21":"first","22":"onbackorder","23":"shipping-taxable","24":"purchasable","25":"product-type-variable","26":"has-default-attributes"},"tiered_pricing_type":"percentage","tiered_pricing_fixed_rules":[],"tiered_pricing_product_settings":{"layout":"default","base_unit_name":{"singular":null,"plural":null},"default_variation":null},"tiered_pricing_minimum_quantity":10,"tiered_pricing_roles_data":[],"tiered_pricing_percentage_rules":{"30":"29","50":"35","100":"40","200":"44","500":"47","1000":"49"},"tiered_pricing_maximum_quantity":null,"tiered_pricing_quantity_step":"10","_links":{"self":[{"href":"https:\/\/agoravape.com\/fr\/wp-json\/wp\/v2\/product\/14592","targetHints":{"allow":["GET"]}}],"collection":[{"href":"https:\/\/agoravape.com\/fr\/wp-json\/wp\/v2\/product"}],"about":[{"href":"https:\/\/agoravape.com\/fr\/wp-json\/wp\/v2\/types\/product"}],"replies":[{"embeddable":true,"href":"https:\/\/agoravape.com\/fr\/wp-json\/wp\/v2\/comments?post=14592"}],"version-history":[{"count":0,"href":"https:\/\/agoravape.com\/fr\/wp-json\/wp\/v2\/product\/14592\/revisions"}],"wp:featuredmedia":[{"embeddable":true,"href":"https:\/\/agoravape.com\/fr\/wp-json\/wp\/v2\/media\/14613"}],"wp:attachment":[{"href":"https:\/\/agoravape.com\/fr\/wp-json\/wp\/v2\/media?parent=14592"}],"wp:term":[{"taxonomy":"product_brand","embeddable":true,"href":"https:\/\/agoravape.com\/fr\/wp-json\/wp\/v2\/product_brand?post=14592"},{"taxonomy":"product_cat","embeddable":true,"href":"https:\/\/agoravape.com\/fr\/wp-json\/wp\/v2\/product_cat?post=14592"},{"taxonomy":"product_tag","embeddable":true,"href":"https:\/\/agoravape.com\/fr\/wp-json\/wp\/v2\/product_tag?post=14592"}],"curies":[{"name":"wp","href":"https:\/\/api.w.org\/{rel}","templated":true}]}}