{"id":14615,"date":"2025-10-13T22:16:15","date_gmt":"2025-10-13T14:16:15","guid":{"rendered":"https:\/\/green-grasshopper-921422.hostingersite.com\/?post_type=product&#038;p=14615"},"modified":"2026-01-19T22:06:02","modified_gmt":"2026-01-19T14:06:02","slug":"vapen-quad-box-20k-puffs-full-screen-vape","status":"publish","type":"product","link":"https:\/\/agoravape.com\/fr\/product\/vapen-quad-box-20k-puffs-full-screen-vape\/","title":{"rendered":"Vapen Quad Box 20K bouff\u00e9es, 4 modes, \u00e9cran int\u00e9gral | Longue autonomie et contr\u00f4le intelligent"},"content":{"rendered":"<h2 data-v-md-heading=\"vapen-quad-box-20-what-are-the-special-features-of-a-full-screen-vape-with-a-capacity-of-000-and-4-modes\" data-v-md-line=\"3\"><img loading=\"lazy\" decoding=\"async\" class=\"aligncenter size-full wp-image-14639\" src=\"https:\/\/agoravape.com\/wp-content\/uploads\/2025\/10\/Vapen-Quad-Box-20K-Puffs-4-Mode-Full-Screen-Vape_Agora_vape-13.webp\" alt=\"\" width=\"1000\" height=\"1000\" srcset=\"https:\/\/agoravape.com\/wp-content\/uploads\/2025\/10\/Vapen-Quad-Box-20K-Puffs-4-Mode-Full-Screen-Vape_Agora_vape-13.webp 1000w, https:\/\/agoravape.com\/wp-content\/uploads\/2025\/10\/Vapen-Quad-Box-20K-Puffs-4-Mode-Full-Screen-Vape_Agora_vape-13-600x600.webp 600w, https:\/\/agoravape.com\/wp-content\/uploads\/2025\/10\/Vapen-Quad-Box-20K-Puffs-4-Mode-Full-Screen-Vape_Agora_vape-13-300x300.webp 300w, https:\/\/agoravape.com\/wp-content\/uploads\/2025\/10\/Vapen-Quad-Box-20K-Puffs-4-Mode-Full-Screen-Vape_Agora_vape-13-150x150.webp 150w, https:\/\/agoravape.com\/wp-content\/uploads\/2025\/10\/Vapen-Quad-Box-20K-Puffs-4-Mode-Full-Screen-Vape_Agora_vape-13-768x768.webp 768w\" sizes=\"auto, (max-width: 1000px) 100vw, 1000px\" \/><\/h2>\n<h2 data-v-md-heading=\"vapen-quad-box-20-what-are-the-special-features-of-a-full-screen-vape-with-a-capacity-of-000-and-4-modes\" data-v-md-line=\"3\">Que vaut le Vapen Quad Box 20K Puffs 4-Mode Full Screen Vape ?<\/h2>\n<p data-v-md-line=\"4\">Si vous en avez assez des cigarettes \u00e9lectroniques qui s'arr\u00eatent en plein milieu de la semaine, ce produit pourrait vous int\u00e9resser. La Vapen Quad Box est \u00e9quip\u00e9e d'une batterie rechargeable et d'un \u00e9cran complet affichant avec pr\u00e9cision l'\u00e9tat de l'appareil. Vous pouvez ainsi v\u00e9rifier instantan\u00e9ment la quantit\u00e9 d'e-liquide, le niveau de la batterie et m\u00eame la dur\u00e9e d'utilisation restante.<\/p>\n<p data-v-md-line=\"6\">Il convient \u00e0 tous les utilisateurs recherchant une cigarette \u00e9lectronique fiable, personnalisable et facile d'utilisation. On pourrait penser qu'un appareil offrant un tel volume de vapeur serait encombrant, mais il est plus l\u00e9ger qu'il n'y para\u00eet (environ 80 grammes seulement) et tr\u00e8s facile \u00e0 transporter.<\/p>\n<h2 data-v-md-heading=\"excellent-performance-easy-and-convenient\" data-v-md-line=\"8\">Excellentes performances, facile et pratique<\/h2>\n<p data-v-md-line=\"9\">Gr\u00e2ce \u00e0 son double fil chauffant et ses quatre modes de chauffe, la saveur reste constante et la temp\u00e9rature est ajustable. Le flux d'air r\u00e9glable permet de moduler l'aspiration, d'une forte \u00e0 une plus l\u00e9g\u00e8re. Lorsque la batterie est faible, il suffit de la recharger avec le c\u00e2ble USB-C fourni, comme celui utilis\u00e9 pour votre t\u00e9l\u00e9phone. Simple et pratique.<\/p>\n<h2 data-v-md-heading=\"specification-overview\" data-v-md-line=\"11\">Aper\u00e7u des sp\u00e9cifications<\/h2>\n<ul data-v-md-line=\"12\">\n<li>Fr\u00e9quence d'aspiration : jusqu'\u00e0 20\u00a0000 fois<\/li>\n<li>Nicotine : 2 % et 5 % en option (la disponibilit\u00e9 peut varier selon le pays\/la r\u00e9gion)<\/li>\n<li>Mode de fonctionnement\u00a0: Quatre modes de chauffage, affichage de l\u2019\u00e9tat \u00e0 l\u2019\u00e9cran<\/li>\n<li>Chargement : interface USB Type-C<\/li>\n<li>\u00c9cran\u00a0: Affichage plein \u00e9cran des voyants d\u2019e-liquide et de batterie, ainsi que de la dur\u00e9e d\u2019aspiration<\/li>\n<li>D\u00e9bit d'air : r\u00e9glable<\/li>\n<li>Batterie : batterie rechargeable de 650 mAh<\/li>\n<li>E-liquid capacity: 28 milliliters<\/li>\n<li>\u00c9tat : Pr\u00eat \u00e0 l'emploi d\u00e8s le d\u00e9ballage<\/li>\n<\/ul>\n<h2 data-v-md-heading=\"multiple-flavor-options\" data-v-md-line=\"22\">Plusieurs options de saveurs<\/h2>\n<ul data-v-md-line=\"23\">\n<li>Saveur fraise et past\u00e8que<\/li>\n<li>Saveur p\u00eache, mangue, ananas<\/li>\n<li>Go\u00fbt parfum\u00e9 et rafra\u00eechissant<\/li>\n<li>saveur explosion de baies<\/li>\n<li>Saveur \u00e9trange de fraise<\/li>\n<li>saveur hawa\u00efenne<\/li>\n<li>go\u00fbt rafra\u00eechissant de myrtille<\/li>\n<li>Saveur raisin<\/li>\n<li>Eau aromatis\u00e9e \u00e0 la myrtille et au citron<\/li>\n<li>Saveur menthe de Miami<\/li>\n<li>Saveur glace noire<\/li>\n<li>Saveur Tiffany (kiwi, past\u00e8que)<\/li>\n<\/ul>\n<h2 data-v-md-heading=\"to-create-for-you-and-your-business\" data-v-md-line=\"36\">Pour cr\u00e9er pour vous et votre entreprise<\/h2>\n<p data-v-md-line=\"37\">Vous pouvez choisir un format pour un usage personnel ou comme emballage de gros pour votre stock. La bo\u00eete int\u00e9rieure peut contenir 10 unit\u00e9s et la bo\u00eete ext\u00e9rieure 200, ce qui la rend id\u00e9ale pour une transition du commerce de d\u00e9tail \u00e0 la production \u00e0 grande \u00e9chelle. Le poids d'une unit\u00e9 est d'environ 80 grammes, et un paquet de 10 p\u00e8se environ 840 grammes. Les dimensions de la bo\u00eete ext\u00e9rieure sont de 51 \u00d7 29,3 \u00d7 26 centim\u00e8tres, pour un poids brut d'environ 17,8 kilogrammes.<\/p>\n<p data-v-md-line=\"39\">Nous exp\u00e9dions vos marchandises par l'interm\u00e9diaire de partenaires de confiance tels que UPS, DPD et DHL, en DDP (rendu droits acquitt\u00e9s), afin d'\u00e9viter tout probl\u00e8me au d\u00e9douanement. Le march\u00e9 TPD (transfert de droits de douane) applique un droit de douane de 2 %, tandis que les r\u00e9gions autorisant le TPD appliquent un droit de douane de 5 %. Nous pouvons vous accompagner dans le choix d'un plan de conformit\u00e9 adapt\u00e9 \u00e0 chaque pays ou r\u00e9gion.<\/p>\n<h2 data-v-md-heading=\"why-do-you-like-it\" data-v-md-line=\"41\">Pourquoi l'aimes-tu ?<\/h2>\n<ul data-v-md-line=\"42\">\n<li>Aspiration massive : dur\u00e9e d'utilisation prolong\u00e9e, vous n'avez donc pas besoin de remplacer fr\u00e9quemment l'appareil.<\/li>\n<li>Choix du taux de nicotine\u00a0: Choisissez un taux de nicotine de 2\u00a0% ou 5\u00a0% en fonction de vos go\u00fbts et de la r\u00e9glementation locale.<\/li>\n<li>Rechargeable : La charge de type C vous permet d'utiliser pleinement chaque goutte d'e-liquide.<\/li>\n<li>Quatre modes de chauffage\u00a0: ajustez la temp\u00e9rature selon vos pr\u00e9f\u00e9rences.<\/li>\n<li>Double soie chaude : un go\u00fbt constant de la premi\u00e8re \u00e0 la derni\u00e8re bouch\u00e9e.<\/li>\n<li>Affichage plein \u00e9cran\u00a0: visualisez en un coup d\u2019\u0153il le niveau de votre e-liquide et de votre batterie.<\/li>\n<li>Aspiration r\u00e9glable\u00a0: configurez votre m\u00e9thode d\u2019aspiration selon vos pr\u00e9f\u00e9rences.<\/li>\n<\/ul>\n<h2 data-v-md-heading=\"why-choose-to-collaborate-with-agoravape\" data-v-md-line=\"50\">Pourquoi choisir de collaborer avec AgoraVape ?<\/h2>\n<p data-v-md-line=\"51\">Nous ne vendons que des produits 100 % authentiques, sans aucun doute. D\u00e9couvrez les cigarettes \u00e9lectroniques Vapen Quad Box 20K \u00e0 4 modes et \u00e9cran int\u00e9gral, et profitez de prix de gros avantageux, d'une assistance technique pratique et d'une livraison DDP rapide et fiable partout en Europe. N'h\u00e9sitez pas \u00e0 nous contacter pour discuter de vos stocks, des modalit\u00e9s de paiement et de la conformit\u00e9. Nous vous aiderons \u00e0 cr\u00e9er un produit exceptionnel.<\/p>","protected":false},"excerpt":{"rendered":"<p>Quel est l'int\u00e9r\u00eat de la Vapen Quad Box 20K Puffs 4-Mode Full Screen Vape ? Si vous en avez assez de ces<\/p>","protected":false},"featured_media":14638,"comment_status":"open","ping_status":"closed","template":"","meta":[],"product_brand":[214],"product_cat":[124,185,189,194,174,175,193,191,179,173,186,180,190,141,192],"product_tag":[],"class_list":{"0":"post-14615","1":"product","2":"type-product","3":"status-publish","4":"has-post-thumbnail","6":"product_brand-vapen","7":"product_cat-vape-by-brand","8":"product_cat-10000-puffs-high-capacity","9":"product_cat-20mg-standard-nicotine-vapes","10":"product_cat-adjustable-airflow","11":"product_cat-fruit-flavors","12":"product_cat-icy-mint","13":"product_cat-mesh-coil","14":"product_cat-rechargeable-disposables","15":"product_cat-unique-blends","16":"product_cat-vape-by-flavor-profile","17":"product_cat-vape-by-nicotine-strength","18":"product_cat-vape-by-puff-count","19":"product_cat-vape-by-feature-or-type","20":"product_cat-vapen","21":"product_cat-vapes-with-screens","23":"first","24":"onbackorder","25":"shipping-taxable","26":"purchasable","27":"product-type-variable","28":"has-default-attributes"},"tiered_pricing_type":"percentage","tiered_pricing_fixed_rules":[],"tiered_pricing_product_settings":{"layout":"default","base_unit_name":{"singular":null,"plural":null},"default_variation":null},"tiered_pricing_minimum_quantity":10,"tiered_pricing_roles_data":[],"tiered_pricing_percentage_rules":{"50":"35","100":"40","200":"44","500":"47","1000":"49"},"tiered_pricing_maximum_quantity":null,"tiered_pricing_quantity_step":"10","_links":{"self":[{"href":"https:\/\/agoravape.com\/fr\/wp-json\/wp\/v2\/product\/14615","targetHints":{"allow":["GET"]}}],"collection":[{"href":"https:\/\/agoravape.com\/fr\/wp-json\/wp\/v2\/product"}],"about":[{"href":"https:\/\/agoravape.com\/fr\/wp-json\/wp\/v2\/types\/product"}],"replies":[{"embeddable":true,"href":"https:\/\/agoravape.com\/fr\/wp-json\/wp\/v2\/comments?post=14615"}],"version-history":[{"count":0,"href":"https:\/\/agoravape.com\/fr\/wp-json\/wp\/v2\/product\/14615\/revisions"}],"wp:featuredmedia":[{"embeddable":true,"href":"https:\/\/agoravape.com\/fr\/wp-json\/wp\/v2\/media\/14638"}],"wp:attachment":[{"href":"https:\/\/agoravape.com\/fr\/wp-json\/wp\/v2\/media?parent=14615"}],"wp:term":[{"taxonomy":"product_brand","embeddable":true,"href":"https:\/\/agoravape.com\/fr\/wp-json\/wp\/v2\/product_brand?post=14615"},{"taxonomy":"product_cat","embeddable":true,"href":"https:\/\/agoravape.com\/fr\/wp-json\/wp\/v2\/product_cat?post=14615"},{"taxonomy":"product_tag","embeddable":true,"href":"https:\/\/agoravape.com\/fr\/wp-json\/wp\/v2\/product_tag?post=14615"}],"curies":[{"name":"wp","href":"https:\/\/api.w.org\/{rel}","templated":true}]}}