{"id":14646,"date":"2025-10-13T22:44:12","date_gmt":"2025-10-13T14:44:12","guid":{"rendered":"https:\/\/green-grasshopper-921422.hostingersite.com\/?post_type=product&#038;p=14646"},"modified":"2026-02-22T15:15:47","modified_gmt":"2026-02-22T14:15:47","slug":"vapen-drta-12000-bouffees-vape-rechargeable","status":"publish","type":"product","link":"https:\/\/agoravape.com\/fr\/product\/vapen-drta-12000-puffs-refillable-vape\/","title":{"rendered":"Vapen DRTA 12000 Puffs Refillable Disposable Vape | Big Capacity, Simple Refills"},"content":{"rendered":"<h2 data-v-md-heading=\"what-are-the-advantages-of-vapen-drta-12000-refillable-disposable-vapes\" data-v-md-line=\"3\"><img loading=\"lazy\" decoding=\"async\" class=\"size-full wp-image-14665 alignright\" src=\"https:\/\/agoravape.com\/wp-content\/uploads\/2025\/10\/Vapen-DRTA-12000-Puffs-Refillable-Disposable-Vape_Agora_vape-8.webp\" alt=\"\" width=\"1000\" height=\"1000\" srcset=\"https:\/\/agoravape.com\/wp-content\/uploads\/2025\/10\/Vapen-DRTA-12000-Puffs-Refillable-Disposable-Vape_Agora_vape-8.webp 1000w, https:\/\/agoravape.com\/wp-content\/uploads\/2025\/10\/Vapen-DRTA-12000-Puffs-Refillable-Disposable-Vape_Agora_vape-8-600x600.webp 600w, https:\/\/agoravape.com\/wp-content\/uploads\/2025\/10\/Vapen-DRTA-12000-Puffs-Refillable-Disposable-Vape_Agora_vape-8-300x300.webp 300w, https:\/\/agoravape.com\/wp-content\/uploads\/2025\/10\/Vapen-DRTA-12000-Puffs-Refillable-Disposable-Vape_Agora_vape-8-150x150.webp 150w, https:\/\/agoravape.com\/wp-content\/uploads\/2025\/10\/Vapen-DRTA-12000-Puffs-Refillable-Disposable-Vape_Agora_vape-8-768x768.webp 768w\" sizes=\"auto, (max-width: 1000px) 100vw, 1000px\" \/><\/h2>\n<h2 data-v-md-heading=\"what-are-the-advantages-of-vapen-drta-12000-refillable-disposable-vapes\" data-v-md-line=\"3\">Quels sont les avantages des cigarettes \u00e9lectroniques jetables rechargeables Vapen DRTA 12000\u00a0?<\/h2>\n<p data-v-md-line=\"4\">Si vous en avez assez de changer d'appareil tous les deux ou trois jours, ce produit vous simplifiera la vie. Le Vapen DRTA est rechargeable et permet jusqu'\u00e0 12\u00a0000 remplissages, vous permettant ainsi de conserver le m\u00eame appareil et d'ajouter du e-liquide au besoin.<\/p>\n<p data-v-md-line=\"6\">Elle convient \u00e0 tous ceux qui recherchent une utilisation prolong\u00e9e sans souci. L'affichage clair du niveau d'e-liquide et de la batterie permet de savoir d'un coup d'\u0153il quand recharger. Plus besoin de deviner, simple et pratique.<\/p>\n<h2 data-v-md-heading=\"excellent-performance-easy-and-convenient\" data-v-md-line=\"8\">Excellentes performances, facile et pratique<\/h2>\n<p data-v-md-line=\"9\">Le DRTA est dot\u00e9 d'une r\u00e9sistance intelligente et d'un syst\u00e8me de s\u00e9paration du e-liquide, ce qui permet de pr\u00e9server la fra\u00eecheur des saveurs et de r\u00e9duire les traces d'huile. De la premi\u00e8re \u00e0 la derni\u00e8re bouff\u00e9e, vous profiterez d'un go\u00fbt constant. Lorsque la batterie est faible, vous pouvez la recharger avec le c\u00e2ble USB-C fourni. Ce chargeur est compatible avec la plupart des t\u00e9l\u00e9phones\u00a0; vous en poss\u00e9dez probablement d\u00e9j\u00e0 un.<\/p>\n<h2 data-v-md-heading=\"specification-overview\" data-v-md-line=\"11\">Aper\u00e7u des sp\u00e9cifications<\/h2>\n<p data-v-md-line=\"12\"><strong>Nombre d'aspirations<\/strong>: jusqu'\u00e0 12 000 aspirations<br \/>\n<strong>Nicotine<\/strong>Les concentrations de 2 % (20 mg\/mL) et de 5 % (50 mg\/mL) sont optionnelles.<br \/>\n<strong>e-liquid capacity<\/strong>: 24 millilitres<br \/>\n<strong>Battery<\/strong>: batterie rechargeable de 650 mAh<br \/>\n<strong>Chargement<\/strong>: Standard Type-C USB port<br \/>\n<strong>\u00c9cran d'affichage<\/strong>: voyants indicateurs de niveau d'e-liquide et de batterie<br \/>\n<strong>Principe de fonctionnement<\/strong>Dispositif jetable rechargeable \u00e0 l'huile, \u00e9quip\u00e9 d'un atomiseur et d'un syst\u00e8me de s\u00e9paration du e-liquide.<br \/>\n<strong>Statut<\/strong>Pr\u00eat \u00e0 l'emploi d\u00e8s le d\u00e9ballage<\/p>\n<p data-v-md-line=\"21\">Remarque\u00a0: La concentration de nicotine varie selon les pays et les r\u00e9gions. De nombreux pays de l\u2019UE n\u2019autorisent pas l\u2019utilisation d\u2019une concentration de nicotine de 5\u00a0%. Veuillez vous renseigner sur la r\u00e9glementation locale.<\/p>\n<h2 data-v-md-heading=\"full-range-of-flavors\" data-v-md-line=\"23\">Full range of flavors<\/h2>\n<ul data-v-md-line=\"24\">\n<li>Glace \u00e0 la past\u00e8que<\/li>\n<li>Blue Rink Ice<\/li>\n<li>Glace \u00e0 la fraise et \u00e0 la past\u00e8que<\/li>\n<li>glace fraise-kiwi<\/li>\n<li>Glace White Mamba (Fraise, Fruit du dragon)<\/li>\n<li>Love 66 Ice (fruit de la passion, melon, past\u00e8que, menthe)<\/li>\n<li>Blue Acid Raspberry Ice<\/li>\n<li>kiwi, fruit de la passion, glace \u00e0 la goyave<\/li>\n<li>Glace \u00e0 la p\u00eache<\/li>\n<li>Glace aux canneberges, cerises et myrtilles<\/li>\n<li>Peach, Mango, Pineapple Ice<\/li>\n<li>Soda \u00e0 la cerise<\/li>\n<li>Glace hawa\u00efenne (mangue sucr\u00e9e, ananas, menthe)<\/li>\n<li>Glace Kira pour femmes (Melon, Mangue, Baies, Menthe)<\/li>\n<li>Black Dragon Ice (Dragon Fruit, Lemon)<\/li>\n<\/ul>\n<h2 data-v-md-heading=\"for-you-and-your-business\" data-v-md-line=\"40\">Pour vous et votre entreprise<\/h2>\n<p data-v-md-line=\"41\">Si vous souhaitez une grande capacit\u00e9 et un approvisionnement facile en glace, choisissez-en une pour vous. Si vous tenez un magasin, vous pouvez acheter la glace DRTA en gros. Nous proposons des pr\u00e9sentoirs de 10 gla\u00e7ons et des bo\u00eetes de 200 gla\u00e7ons, ce qui vous permet d'organiser facilement vos rayons et votre tr\u00e9sorerie.<\/p>\n<p data-v-md-line=\"43\">Nous collaborons avec des partenaires de confiance comme UPS, DPD et DHL pour assurer la livraison DDP dans toute l'Europe. Cela signifie que nous vous livrons \u00e0 domicile apr\u00e8s le paiement des taxes, vous \u00e9vitant ainsi tout probl\u00e8me de douane. Simple et fiable.<\/p>\n<h2 data-v-md-heading=\"why-do-you-like-it\" data-v-md-line=\"45\">Pourquoi l'aimes-tu ?<\/h2>\n<ul data-v-md-line=\"46\">\n<li>Cartouches de fum\u00e9e massives\u00a0: jusqu\u2019\u00e0 12\u00a0000 bouff\u00e9es, \u00e9liminant ainsi le besoin d\u2019acheter constamment de nouveaux appareils.<\/li>\n<li>Choix du taux de nicotine\u00a0: Choisissez un taux de nicotine de 2\u00a0% ou 5\u00a0% en fonction de vos pr\u00e9f\u00e9rences et de la r\u00e9glementation locale.<\/li>\n<li>Rechargeable : Vous pouvez utiliser tout le e-liquide que vous achetez car vous pouvez recharger la batterie.<\/li>\n<li>\u00c9cran clair : les voyants indicateurs de liquide et de batterie vous dispensent de vous soucier du remplissage et de la recharge.<\/li>\n<li>Conception rechargeable \u00e0 l'huile : La conception s\u00e9parant la r\u00e9sistance et le e-liquide contribue \u00e0 maintenir un go\u00fbt constant.<\/li>\n<\/ul>\n<h2 data-v-md-heading=\"why-choose-to-collaborate-with-agoravape\" data-v-md-line=\"52\">Pourquoi choisir de collaborer avec AgoraVape ?<\/h2>\n<p data-v-md-line=\"53\">Nous ne vendons que des produits 100 % authentiques et nous en assumons l'enti\u00e8re responsabilit\u00e9. Les acheteurs professionnels b\u00e9n\u00e9ficient de tarifs de gros avantageux, d'une assistance fiable et d'une livraison DDP rapide et s\u00e9curis\u00e9e pour les cigarettes \u00e9lectroniques jetables rechargeables Vapen DRTA 12000. Pour l'achat d'un \u00e9quipement de remplissage durable et fiable, n'h\u00e9sitez pas \u00e0 nous contacter.<\/p>","protected":false},"excerpt":{"rendered":"<p>Quels sont les avantages des vapes jetables rechargeables Vapen DRTA 12000 ? Si vous en avez assez de changer d'appareil tous les deux ou trois jours,<\/p>","protected":false},"featured_media":14644,"comment_status":"open","ping_status":"closed","template":"","meta":[],"product_brand":[214],"product_cat":[124,185,1634,189,174,175,191,179,173,186,180,190,141],"product_tag":[],"class_list":{"0":"post-14646","1":"product","2":"type-product","3":"status-publish","4":"has-post-thumbnail","6":"product_brand-vapen","7":"product_cat-vape-by-brand","8":"product_cat-10000-puffs-high-capacity","9":"product_cat-12000-puffs","10":"product_cat-20mg-standard-nicotine-vapes","11":"product_cat-fruit-flavors","12":"product_cat-icy-mint","13":"product_cat-rechargeable-disposables","14":"product_cat-unique-blends","15":"product_cat-vape-by-flavor-profile","16":"product_cat-vape-by-nicotine-strength","17":"product_cat-vape-by-puff-count","18":"product_cat-vape-by-feature-or-type","19":"product_cat-vapen","21":"first","22":"instock","23":"shipping-taxable","24":"purchasable","25":"product-type-variable","26":"has-default-attributes"},"tiered_pricing_type":"percentage","tiered_pricing_fixed_rules":[],"tiered_pricing_product_settings":{"layout":"default","base_unit_name":{"singular":null,"plural":null},"default_variation":null},"tiered_pricing_minimum_quantity":10,"tiered_pricing_roles_data":[],"tiered_pricing_percentage_rules":{"50":"35","100":"40","200":"44","500":"47","1000":"49"},"tiered_pricing_maximum_quantity":null,"tiered_pricing_quantity_step":"10","_links":{"self":[{"href":"https:\/\/agoravape.com\/fr\/wp-json\/wp\/v2\/product\/14646","targetHints":{"allow":["GET"]}}],"collection":[{"href":"https:\/\/agoravape.com\/fr\/wp-json\/wp\/v2\/product"}],"about":[{"href":"https:\/\/agoravape.com\/fr\/wp-json\/wp\/v2\/types\/product"}],"replies":[{"embeddable":true,"href":"https:\/\/agoravape.com\/fr\/wp-json\/wp\/v2\/comments?post=14646"}],"version-history":[{"count":0,"href":"https:\/\/agoravape.com\/fr\/wp-json\/wp\/v2\/product\/14646\/revisions"}],"wp:featuredmedia":[{"embeddable":true,"href":"https:\/\/agoravape.com\/fr\/wp-json\/wp\/v2\/media\/14644"}],"wp:attachment":[{"href":"https:\/\/agoravape.com\/fr\/wp-json\/wp\/v2\/media?parent=14646"}],"wp:term":[{"taxonomy":"product_brand","embeddable":true,"href":"https:\/\/agoravape.com\/fr\/wp-json\/wp\/v2\/product_brand?post=14646"},{"taxonomy":"product_cat","embeddable":true,"href":"https:\/\/agoravape.com\/fr\/wp-json\/wp\/v2\/product_cat?post=14646"},{"taxonomy":"product_tag","embeddable":true,"href":"https:\/\/agoravape.com\/fr\/wp-json\/wp\/v2\/product_tag?post=14646"}],"curies":[{"name":"wp","href":"https:\/\/api.w.org\/{rel}","templated":true}]}}