{"id":15081,"date":"2025-10-14T13:59:18","date_gmt":"2025-10-14T05:59:18","guid":{"rendered":"https:\/\/green-grasshopper-921422.hostingersite.com\/?post_type=product&#038;p=15081"},"modified":"2026-01-19T22:05:16","modified_gmt":"2026-01-19T14:05:16","slug":"grativape-gbot-10000-puffs-box-vape","status":"publish","type":"product","link":"https:\/\/agoravape.com\/fr\/product\/grativape-gbot-10000-puffs-box-vape\/","title":{"rendered":"Grativape Gbot 10000 bouff\u00e9es, cigarette \u00e9lectronique compacte | Grande autonomie dans un format de poche"},"content":{"rendered":"<h2 data-v-md-heading=\"what-exactly-is-the-grativape-gbot-10000-pack-compact-vape\" data-v-md-line=\"3\">Qu'est-ce que le vaporisateur compact Grativape Gbot 10000 exactement\u00a0?<\/h2>\n<p data-v-md-line=\"4\">Si vous en avez assez de changer de e-liquide jetable tous les deux ou trois jours, Gbot m\u00e9rite votre attention. Ce vaporisateur compact, pr\u00e9sent\u00e9 dans un bo\u00eetier, offre une autonomie allant jusqu'\u00e0 10\u00a0000 bouff\u00e9es, vous permettant ainsi de profiter d'une batterie performante sans vous encombrer d'appareils volumineux.<\/p>\n<p data-v-md-line=\"6\">Elle convient \u00e0 tous ceux qui recherchent une cigarette \u00e9lectronique simple, facile \u00e0 utiliser, offrant une saveur agr\u00e9able et pr\u00eate \u00e0 l'emploi. Aucun bouton \u00e0 manipuler, aucun effort requis\u00a0: il suffit d'ouvrir la bo\u00eete et de l'utiliser.<\/p>\n<h2 data-v-md-heading=\"excellent-performance-easy-and-convenient\" data-v-md-line=\"8\">Excellentes performances, facile et pratique<\/h2>\n<p data-v-md-line=\"9\">Le Gbot a \u00e9t\u00e9 soigneusement optimis\u00e9 pour garantir un go\u00fbt constant. Son design compact lui conf\u00e8re une allure robuste tout en se glissant facilement dans une poche. Sa batterie int\u00e9gr\u00e9e de 650 mAh vous assure une autonomie suffisante pour toute la journ\u00e9e. Si vous recherchez un produit simple et facile \u00e0 utiliser, offrant une aspiration propre et agr\u00e9able, alors le Gbot est fait pour vous.<\/p>\n<h2 data-v-md-heading=\"specification-introduction\" data-v-md-line=\"11\">Introduction aux sp\u00e9cifications<\/h2>\n<ul data-v-md-line=\"12\">\n<li>Fr\u00e9quence d'aspiration : jusqu'\u00e0 10\u00a0000 fois<\/li>\n<li>Teneur en nicotine : 5 %<\/li>\n<li>Principe de fonctionnement : Activation par inhalation<\/li>\n<li>Recharge : Batterie int\u00e9gr\u00e9e de 650 mAh (type d'interface non sp\u00e9cifi\u00e9)<\/li>\n<li>Capacit\u00e9 du r\u00e9servoir d'e-liquide : 14 millilitres<\/li>\n<li>Dimensions : 50 \u00d7 84 \u00d7 25 millim\u00e8tres<\/li>\n<li>\u00c9tat : Pr\u00eat \u00e0 l'emploi d\u00e8s le d\u00e9ballage<\/li>\n<\/ul>\n<h2 data-v-md-heading=\"full-range-of-flavors\" data-v-md-line=\"20\">Full range of flavors<\/h2>\n<ul data-v-md-line=\"21\">\n<li>Smoothie aux myrtilles<\/li>\n<li>Sable glac\u00e9 bleu<\/li>\n<li>Grape smoothie<\/li>\n<li>Smoothie \u00e0 la menthe<\/li>\n<li>Smoothie fraise-kiwi<\/li>\n<li>Smoothie framboise-past\u00e8que<\/li>\n<li>Eau citronn\u00e9e rose Soda \u00e0 la cerise<\/li>\n<li>Fraisiers et cocotiers parfum\u00e9s, sable glac\u00e9<\/li>\n<li>Smoothie fraise-past\u00e8que-chewing-gum<\/li>\n<li>Smoothie \u00e0 la past\u00e8que<\/li>\n<\/ul>\n<h2 data-v-md-heading=\"to-create-for-you-and-your-business\" data-v-md-line=\"32\">Pour cr\u00e9er pour vous et votre entreprise<\/h2>\n<p data-v-md-line=\"33\">Si vous souhaitez l'essayer, vous pouvez en acheter un ou vous approvisionner pour votre magasin. Le carton en gros contient 200 pi\u00e8ces, ce qui facilite l'am\u00e9nagement de vos rayons. Chaque carton p\u00e8se environ 19 kilogrammes et la logistique est pr\u00e9visible.<\/p>\n<p data-v-md-line=\"35\">Nous collaborons avec des partenaires de confiance comme UPS, DPD et DHL pour exp\u00e9dier vos commandes en DDP (Droits Acquitt\u00e9s). Vous n'aurez donc aucun frais de douane \u00e0 payer et aucun probl\u00e8me \u00e0 la douane.<\/p>\n<p data-v-md-line=\"37\">Attention : Avant de passer commande, veuillez vous r\u00e9f\u00e9rer \u00e0 la r\u00e9glementation relative \u00e0 la concentration de nicotine en vigueur dans votre pays\/r\u00e9gion.<\/p>\n<h2 data-v-md-heading=\"why-do-you-like-it\" data-v-md-line=\"39\">Pourquoi l'aimes-tu ?<\/h2>\n<ul data-v-md-line=\"40\">\n<li>Grande capacit\u00e9 d'aspiration : jusqu'\u00e0 10 000 aspirations, ce qui signifie moins de temps de remplacement et une rentabilit\u00e9 accrue.<\/li>\n<li>S\u00e9lection \u00e0 forte concentration de nicotine\u00a0: une concentration de 5\u00a0% convient aux clients qui pr\u00e9f\u00e8rent des saveurs plus prononc\u00e9es.<\/li>\n<li>Aspect portable : Design compact, facile \u00e0 assortir avec une veste ou un jean.<\/li>\n<li>Pr\u00eat \u00e0 l'emploi : aucun bouton \u00e0 appuyer ni r\u00e9glage \u00e0 effectuer.<\/li>\n<\/ul>\n<h2 data-v-md-heading=\"why-choose-to-collaborate-with-agoravape\" data-v-md-line=\"45\">Pourquoi choisir de collaborer avec AgoraVape ?<\/h2>\n<p data-v-md-line=\"46\">Nous proposons uniquement des produits 100 % authentiques, accompagn\u00e9s d'un service fiable. Les acheteurs professionnels b\u00e9n\u00e9ficient de tarifs de gros avantageux, d'une assistance d\u00e9di\u00e9e et d'une livraison DDP rapide pour les cigarettes \u00e9lectroniques Grativape Gbot 10000 en format compact. Vous recherchez un produit facile \u00e0 vendre et tr\u00e8s appr\u00e9ci\u00e9 du public\u00a0? Contactez-nous, nous serons ravis de vous aider.<\/p>","protected":false},"excerpt":{"rendered":"<p>&nbsp;<\/p>\n<p><script src=\"chrome-extension:\/\/fpelahbljekknahkcaegamhcndkfpfnc\/iFrame.js\" type=\"text\/javascript\"><\/script><\/p>\n<p><script src=\"chrome-extension:\/\/fpelahbljekknahkcaegamhcndkfpfnc\/iFrame.js\" type=\"text\/javascript\"><\/script><\/p>\n<p><script src=\"chrome-extension:\/\/fpelahbljekknahkcaegamhcndkfpfnc\/iFrame.js\" type=\"text\/javascript\"><\/script><\/p>\n<p><script src=\"chrome-extension:\/\/fpelahbljekknahkcaegamhcndkfpfnc\/iFrame.js\" type=\"text\/javascript\"><\/script><\/p>\n<p><script src=\"chrome-extension:\/\/fpelahbljekknahkcaegamhcndkfpfnc\/iFrame.js\" type=\"text\/javascript\"><\/script><\/p>\n<p><script src=\"chrome-extension:\/\/fpelahbljekknahkcaegamhcndkfpfnc\/iFrame.js\" type=\"text\/javascript\"><\/script><\/p>\n<p><script src=\"chrome-extension:\/\/fpelahbljekknahkcaegamhcndkfpfnc\/iFrame.js\" type=\"text\/javascript\"><\/script><\/p>","protected":false},"featured_media":15101,"comment_status":"open","ping_status":"closed","template":"","meta":[],"product_brand":[217],"product_cat":[124,185,174,144,175,191,173,186,180,190],"product_tag":[],"class_list":{"0":"post-15081","1":"product","2":"type-product","3":"status-publish","4":"has-post-thumbnail","6":"product_brand-grativape","7":"product_cat-vape-by-brand","8":"product_cat-10000-puffs-high-capacity","9":"product_cat-fruit-flavors","10":"product_cat-grativape","11":"product_cat-icy-mint","12":"product_cat-rechargeable-disposables","13":"product_cat-vape-by-flavor-profile","14":"product_cat-vape-by-nicotine-strength","15":"product_cat-vape-by-puff-count","16":"product_cat-vape-by-feature-or-type","18":"first","19":"onbackorder","20":"shipping-taxable","21":"purchasable","22":"product-type-variable","23":"has-default-attributes"},"tiered_pricing_type":"percentage","tiered_pricing_fixed_rules":[],"tiered_pricing_product_settings":{"layout":"default","base_unit_name":{"singular":null,"plural":null},"default_variation":null},"tiered_pricing_minimum_quantity":10,"tiered_pricing_roles_data":[],"tiered_pricing_percentage_rules":{"200":"44","500":"47","1000":"49"},"tiered_pricing_maximum_quantity":null,"tiered_pricing_quantity_step":"10","_links":{"self":[{"href":"https:\/\/agoravape.com\/fr\/wp-json\/wp\/v2\/product\/15081","targetHints":{"allow":["GET"]}}],"collection":[{"href":"https:\/\/agoravape.com\/fr\/wp-json\/wp\/v2\/product"}],"about":[{"href":"https:\/\/agoravape.com\/fr\/wp-json\/wp\/v2\/types\/product"}],"replies":[{"embeddable":true,"href":"https:\/\/agoravape.com\/fr\/wp-json\/wp\/v2\/comments?post=15081"}],"version-history":[{"count":0,"href":"https:\/\/agoravape.com\/fr\/wp-json\/wp\/v2\/product\/15081\/revisions"}],"wp:featuredmedia":[{"embeddable":true,"href":"https:\/\/agoravape.com\/fr\/wp-json\/wp\/v2\/media\/15101"}],"wp:attachment":[{"href":"https:\/\/agoravape.com\/fr\/wp-json\/wp\/v2\/media?parent=15081"}],"wp:term":[{"taxonomy":"product_brand","embeddable":true,"href":"https:\/\/agoravape.com\/fr\/wp-json\/wp\/v2\/product_brand?post=15081"},{"taxonomy":"product_cat","embeddable":true,"href":"https:\/\/agoravape.com\/fr\/wp-json\/wp\/v2\/product_cat?post=15081"},{"taxonomy":"product_tag","embeddable":true,"href":"https:\/\/agoravape.com\/fr\/wp-json\/wp\/v2\/product_tag?post=15081"}],"curies":[{"name":"wp","href":"https:\/\/api.w.org\/{rel}","templated":true}]}}