{"id":15111,"date":"2025-10-14T14:06:08","date_gmt":"2025-10-14T06:06:08","guid":{"rendered":"https:\/\/green-grasshopper-921422.hostingersite.com\/?post_type=product&#038;p=15111"},"modified":"2026-01-19T22:05:11","modified_gmt":"2026-01-19T14:05:11","slug":"grativape-imagic-10k-puffs-quicksand-vape","status":"publish","type":"product","link":"https:\/\/agoravape.com\/fr\/product\/grativape-imagic-10k-puffs-quicksand-vape\/","title":{"rendered":"Grativape iMagic 10K Puffs Quicksand Design | Rechargeable et pratique, avec une saveur constante"},"content":{"rendered":"<h2 data-v-md-heading=\"what-are-the-highlights-of-the-grativape-imagic-10k-quicksand-design-vape\" data-v-md-line=\"3\"><img loading=\"lazy\" decoding=\"async\" class=\"aligncenter size-full wp-image-15125\" src=\"https:\/\/agoravape.com\/wp-content\/uploads\/2025\/10\/Grativape-iMagic-10K-Puffs-Quicksand-Design-Vape_Agora_vape-11.webp\" alt=\"\" width=\"1920\" height=\"799\" srcset=\"https:\/\/agoravape.com\/wp-content\/uploads\/2025\/10\/Grativape-iMagic-10K-Puffs-Quicksand-Design-Vape_Agora_vape-11.webp 1920w, https:\/\/agoravape.com\/wp-content\/uploads\/2025\/10\/Grativape-iMagic-10K-Puffs-Quicksand-Design-Vape_Agora_vape-11-1200x499.webp 1200w, https:\/\/agoravape.com\/wp-content\/uploads\/2025\/10\/Grativape-iMagic-10K-Puffs-Quicksand-Design-Vape_Agora_vape-11-300x125.webp 300w, https:\/\/agoravape.com\/wp-content\/uploads\/2025\/10\/Grativape-iMagic-10K-Puffs-Quicksand-Design-Vape_Agora_vape-11-1024x426.webp 1024w, https:\/\/agoravape.com\/wp-content\/uploads\/2025\/10\/Grativape-iMagic-10K-Puffs-Quicksand-Design-Vape_Agora_vape-11-768x320.webp 768w, https:\/\/agoravape.com\/wp-content\/uploads\/2025\/10\/Grativape-iMagic-10K-Puffs-Quicksand-Design-Vape_Agora_vape-11-1536x639.webp 1536w\" sizes=\"auto, (max-width: 1920px) 100vw, 1920px\" \/><\/h2>\n<h2 data-v-md-heading=\"what-are-the-highlights-of-the-grativape-imagic-10k-quicksand-design-vape\" data-v-md-line=\"3\">Quels sont les points forts du vaporisateur Grativape iMagic 10K au design inspir\u00e9 des sables mouvants\u00a0?<\/h2>\n<p data-v-md-line=\"4\">Si vous en avez assez des cigarettes \u00e9lectroniques jetables qui ne durent que quelques jours, l'iMagic 10K est la solution id\u00e9ale. Son aspiration longue dur\u00e9e et sa forme originale, \u00e9voquant le sable mouvant, lui conf\u00e8rent un style \u00e0 la fois tendance et attrayant.<\/p>\n<p data-v-md-line=\"6\">Pour ceux qui recherchent une exp\u00e9rience de vapotage simple et fiable, c'est assur\u00e9ment le choix id\u00e9al. Pas besoin de menus compliqu\u00e9s, ni de ma\u00eetriser les r\u00e9glages. Il suffit de choisir sa saveur, d'inhaler une douce bouff\u00e9e et de savourer.<\/p>\n<h2 data-v-md-heading=\"excellent-performance-easy-and-convenient\" data-v-md-line=\"8\">Excellentes performances, facile et pratique<\/h2>\n<p data-v-md-line=\"9\">L'iMagic est dot\u00e9 d'une r\u00e9sistance mesh de 1,0 \u03a9. Gr\u00e2ce \u00e0 elle, chaque aspiration est douce et constante, pour une texture soyeuse d\u00e8s la premi\u00e8re bouch\u00e9e et tout au long de votre exp\u00e9rience. Lorsque la batterie est faible, vous pouvez la recharger via USB-C, probablement avec le m\u00eame c\u00e2ble que celui de votre t\u00e9l\u00e9phone. C'est simple comme bonjour.<\/p>\n<h2 data-v-md-heading=\"specification-introduction\" data-v-md-line=\"11\">Introduction aux sp\u00e9cifications<\/h2>\n<ul data-v-md-line=\"12\">\n<li>Fr\u00e9quence d'aspiration : jusqu'\u00e0 10\u00a0000 fois<\/li>\n<li>Nicotine\u00a0: 0\u00a0%, 2\u00a0%, 3\u00a0%, 5\u00a0% (en option)<\/li>\n<li>Principe de fonctionnement : Activation par inhalation<\/li>\n<li>Chargement : interface USB Type-C<\/li>\n<li>Bobine : bobine mesh de 1,0 \u03a9<\/li>\n<li>E-liquid capacity: 18 milliliters<\/li>\n<li>\u00c9tat : Pr\u00eat \u00e0 l'emploi d\u00e8s le d\u00e9ballage<\/li>\n<\/ul>\n<h2 data-v-md-heading=\"full-range-of-flavors\" data-v-md-line=\"20\">Full range of flavors<\/h2>\n<ul data-v-md-line=\"21\">\n<li>Saveur myrtille et framboise<\/li>\n<li>Gla\u00e7ons arc-en-ciel au sucre<\/li>\n<li>saveur boisson \u00e9nergisante<\/li>\n<li>saveur d'eau de citron rose<\/li>\n<li>Gla\u00e7ons \u00e0 la m\u00fbre<\/li>\n<li>Saveur fraise et mangue<\/li>\n<li>Saveur de pomme verte<\/li>\n<li>Gla\u00e7ons \u00e0 la myrtille<\/li>\n<li>Gla\u00e7ons parfum\u00e9s (gla\u00e7ons past\u00e8que-fraise)<\/li>\n<li>Gla\u00e7ons \u00e0 la fraise<\/li>\n<\/ul>\n<h2 data-v-md-heading=\"for-you-for-your-business\" data-v-md-line=\"32\">Pour vous, pour votre entreprise<\/h2>\n<p data-v-md-line=\"33\">Vous pouvez acheter Grativape iMagic 10K s\u00e9par\u00e9ment pour votre usage personnel ou en faire des stocks pour votre magasin. Nous proposons des emballages en carton standard pour la vente en gros, et vous pouvez personnaliser les combinaisons de saveurs selon les besoins de vos clients. Besoin de conseils sur les combinaisons de produits ou la fr\u00e9quence de r\u00e9approvisionnement\u00a0? N'h\u00e9sitez pas \u00e0 nous contacter, nous nous ferons un plaisir de vous aider.<\/p>\n<p data-v-md-line=\"35\">Nous faisons appel \u00e0 des partenaires de confiance comme UPS, DPD et DHL pour exp\u00e9dier vos commandes en DDP (affranchissement apr\u00e8s taxes) dans diff\u00e9rentes r\u00e9gions d'Europe, vous garantissant ainsi une livraison fiable et sans encombre et \u00e9vitant tout probl\u00e8me en douane. La concentration de nicotine pouvant varier selon les pays et r\u00e9gions, veuillez vous r\u00e9f\u00e9rer \u00e0 la r\u00e9glementation en vigueur sur votre march\u00e9.<\/p>\n<h2 data-v-md-heading=\"why-do-you-like-it\" data-v-md-line=\"37\">Pourquoi l'aimes-tu ?<\/h2>\n<ul data-v-md-line=\"38\">\n<li>Aspiration massive : durable et r\u00e9sistante, sans avoir besoin d'acheter fr\u00e9quemment des embouts de remplacement.<\/li>\n<li>S\u00e9lection de la nicotine\u00a0: Choisissez la concentration qui convient \u00e0 votre consommation quotidienne.<\/li>\n<li>Rechargeable : Tout le e-liquide achet\u00e9 sera consomm\u00e9.<\/li>\n<li>Mesh coil: From the first bite to the last bite, the taste remains consistent.<\/li>\n<li>Motif sable fluide : toucher \u00e9l\u00e9gant, sensation douce.<\/li>\n<li>Ventouse pratique : pas besoin de boutons, facile et pratique.<\/li>\n<\/ul>\n<h2 data-v-md-heading=\"why-choose-to-collaborate-with-agoravape\" data-v-md-line=\"45\">Pourquoi choisir de collaborer avec AgoraVape ?<\/h2>\n<p data-v-md-line=\"46\">Nous sommes l'un des distributeurs de cigarettes \u00e9lectroniques les plus fiables d'Europe, et nous ne vendons que des produits authentiques. Pour les entreprises, cela signifie que la cigarette \u00e9lectronique Grativape iMagic 10K Puffs, au design inspir\u00e9 des sables mouvants, b\u00e9n\u00e9ficiera de prix de gros avantageux, d'un service client r\u00e9actif et d'une livraison DDP rapide. N'h\u00e9sitez pas \u00e0 nous contacter pour toute demande concernant l'\u00e9quipement n\u00e9cessaire \u00e0 nos clients r\u00e9guliers.<\/p>","protected":false},"excerpt":{"rendered":"<p>&nbsp;<\/p>\n<p><script src=\"chrome-extension:\/\/fpelahbljekknahkcaegamhcndkfpfnc\/iFrame.js\" type=\"text\/javascript\"><\/script><\/p>\n<p><script src=\"chrome-extension:\/\/fpelahbljekknahkcaegamhcndkfpfnc\/iFrame.js\" type=\"text\/javascript\"><\/script><\/p>\n<p><script src=\"chrome-extension:\/\/fpelahbljekknahkcaegamhcndkfpfnc\/iFrame.js\" type=\"text\/javascript\"><\/script><\/p>\n<p><script src=\"chrome-extension:\/\/fpelahbljekknahkcaegamhcndkfpfnc\/iFrame.js\" type=\"text\/javascript\"><\/script><\/p>\n<p><script src=\"chrome-extension:\/\/fpelahbljekknahkcaegamhcndkfpfnc\/iFrame.js\" type=\"text\/javascript\"><\/script><\/p>\n<p><script src=\"chrome-extension:\/\/fpelahbljekknahkcaegamhcndkfpfnc\/iFrame.js\" type=\"text\/javascript\"><\/script><\/p>\n<p><script src=\"chrome-extension:\/\/fpelahbljekknahkcaegamhcndkfpfnc\/iFrame.js\" type=\"text\/javascript\"><\/script><\/p>","protected":false},"featured_media":15124,"comment_status":"open","ping_status":"closed","template":"","meta":[],"product_brand":[217],"product_cat":[124,187,185,189,176,174,144,175,193,191,173,186,180,190],"product_tag":[],"class_list":{"0":"post-15111","1":"product","2":"type-product","3":"status-publish","4":"has-post-thumbnail","6":"product_brand-grativape","7":"product_cat-vape-by-brand","8":"product_cat-0mg-nicotine-free-vapes","9":"product_cat-10000-puffs-high-capacity","10":"product_cat-20mg-standard-nicotine-vapes","11":"product_cat-beverage","12":"product_cat-fruit-flavors","13":"product_cat-grativape","14":"product_cat-icy-mint","15":"product_cat-mesh-coil","16":"product_cat-rechargeable-disposables","17":"product_cat-vape-by-flavor-profile","18":"product_cat-vape-by-nicotine-strength","19":"product_cat-vape-by-puff-count","20":"product_cat-vape-by-feature-or-type","22":"first","23":"onbackorder","24":"shipping-taxable","25":"purchasable","26":"product-type-variable","27":"has-default-attributes"},"tiered_pricing_type":"percentage","tiered_pricing_fixed_rules":[],"tiered_pricing_product_settings":{"layout":"default","base_unit_name":{"singular":null,"plural":null},"default_variation":null},"tiered_pricing_minimum_quantity":10,"tiered_pricing_roles_data":[],"tiered_pricing_percentage_rules":{"50":"35","100":"40","200":"44","500":"47","1000":"49"},"tiered_pricing_maximum_quantity":null,"tiered_pricing_quantity_step":"10","_links":{"self":[{"href":"https:\/\/agoravape.com\/fr\/wp-json\/wp\/v2\/product\/15111","targetHints":{"allow":["GET"]}}],"collection":[{"href":"https:\/\/agoravape.com\/fr\/wp-json\/wp\/v2\/product"}],"about":[{"href":"https:\/\/agoravape.com\/fr\/wp-json\/wp\/v2\/types\/product"}],"replies":[{"embeddable":true,"href":"https:\/\/agoravape.com\/fr\/wp-json\/wp\/v2\/comments?post=15111"}],"version-history":[{"count":0,"href":"https:\/\/agoravape.com\/fr\/wp-json\/wp\/v2\/product\/15111\/revisions"}],"wp:featuredmedia":[{"embeddable":true,"href":"https:\/\/agoravape.com\/fr\/wp-json\/wp\/v2\/media\/15124"}],"wp:attachment":[{"href":"https:\/\/agoravape.com\/fr\/wp-json\/wp\/v2\/media?parent=15111"}],"wp:term":[{"taxonomy":"product_brand","embeddable":true,"href":"https:\/\/agoravape.com\/fr\/wp-json\/wp\/v2\/product_brand?post=15111"},{"taxonomy":"product_cat","embeddable":true,"href":"https:\/\/agoravape.com\/fr\/wp-json\/wp\/v2\/product_cat?post=15111"},{"taxonomy":"product_tag","embeddable":true,"href":"https:\/\/agoravape.com\/fr\/wp-json\/wp\/v2\/product_tag?post=15111"}],"curies":[{"name":"wp","href":"https:\/\/api.w.org\/{rel}","templated":true}]}}