{"id":15127,"date":"2025-10-14T14:14:37","date_gmt":"2025-10-14T06:14:37","guid":{"rendered":"https:\/\/green-grasshopper-921422.hostingersite.com\/?post_type=product&#038;p=15127"},"modified":"2026-01-19T22:05:05","modified_gmt":"2026-01-19T14:05:05","slug":"grativape-ipanda-15k-puffs-display-vape","status":"publish","type":"product","link":"https:\/\/agoravape.com\/fr\/product\/grativape-ipanda-15k-puffs-display-vape\/","title":{"rendered":"Vape Grativape iPanda 15K bouff\u00e9es avec \u00e9cran | Saveur longue dur\u00e9e et \u00e9cran intelligent"},"content":{"rendered":"<h2 data-v-md-heading=\"what-is-the-grativape-ipanda-15000-mouth-vape-with-a-display-screen-like\" data-v-md-line=\"3\"><img loading=\"lazy\" decoding=\"async\" class=\"aligncenter size-full wp-image-15139\" src=\"https:\/\/agoravape.com\/wp-content\/uploads\/2025\/10\/Grativape-iPanda-15K-Puffs-Vape-with-Display-Screen_Agora_vape-1-scaled.webp\" alt=\"\" width=\"2560\" height=\"1121\" srcset=\"https:\/\/agoravape.com\/wp-content\/uploads\/2025\/10\/Grativape-iPanda-15K-Puffs-Vape-with-Display-Screen_Agora_vape-1-scaled.webp 2560w, https:\/\/agoravape.com\/wp-content\/uploads\/2025\/10\/Grativape-iPanda-15K-Puffs-Vape-with-Display-Screen_Agora_vape-1-scaled-1200x525.webp 1200w, https:\/\/agoravape.com\/wp-content\/uploads\/2025\/10\/Grativape-iPanda-15K-Puffs-Vape-with-Display-Screen_Agora_vape-1-300x131.webp 300w, https:\/\/agoravape.com\/wp-content\/uploads\/2025\/10\/Grativape-iPanda-15K-Puffs-Vape-with-Display-Screen_Agora_vape-1-1024x448.webp 1024w, https:\/\/agoravape.com\/wp-content\/uploads\/2025\/10\/Grativape-iPanda-15K-Puffs-Vape-with-Display-Screen_Agora_vape-1-768x336.webp 768w, https:\/\/agoravape.com\/wp-content\/uploads\/2025\/10\/Grativape-iPanda-15K-Puffs-Vape-with-Display-Screen_Agora_vape-1-1536x673.webp 1536w, https:\/\/agoravape.com\/wp-content\/uploads\/2025\/10\/Grativape-iPanda-15K-Puffs-Vape-with-Display-Screen_Agora_vape-1-2048x897.webp 2048w\" sizes=\"auto, (max-width: 2560px) 100vw, 2560px\" \/><\/h2>\n<h2 data-v-md-heading=\"what-is-the-grativape-ipanda-15000-mouth-vape-with-a-display-screen-like\" data-v-md-line=\"3\">\u00c0 quoi ressemble le vaporisateur buccal Grativape iPanda 15000 avec \u00e9cran ?<\/h2>\n<p data-v-md-line=\"4\">Si vous en avez assez des cigarettes \u00e9lectroniques jetables avant le week-end, jetez un \u0153il \u00e0 ce produit. La Grativape iPanda poss\u00e8de une capacit\u00e9 de 15\u00a0000\u00a0batteries et est \u00e9quip\u00e9e d'un \u00e9cran clair affichant simultan\u00e9ment le niveau de batterie et d'e-liquide. Plus besoin de deviner, et fini les tirages \u00e0 sec\u00a0!<\/p>\n<p data-v-md-line=\"6\">Elle convient \u00e0 tous les vapoteurs recherchant simplicit\u00e9, fiabilit\u00e9 et saveur constante. Profitez d'une exp\u00e9rience de vapotage confortable gr\u00e2ce \u00e0 son \u00e9cran pratique qui indique avec pr\u00e9cision le niveau de charge et de e-liquide. Malgr\u00e9 sa grande capacit\u00e9, sa portabilit\u00e9 vous surprendra.<\/p>\n<h2 data-v-md-heading=\"excellent-performance-easy-and-convenient\" data-v-md-line=\"8\">Excellentes performances, facile et pratique<\/h2>\n<p data-v-md-line=\"9\">L'iPanda est dot\u00e9 d'un atomiseur mesh de 1,0 \u03a9 qui garantit une vapeur aussi savoureuse \u00e0 chaque bouff\u00e9e qu'\u00e0 la premi\u00e8re. Sa batterie rechargeable de 650 mAh assure une performance stable de l'atomiseur. Son r\u00e9servoir de 18 ml offre une autonomie prolong\u00e9e, et son \u00e9cran affiche le niveau de batterie et d'e-liquide, pour un contr\u00f4le optimal. Lorsque la batterie est faible, il suffit de la recharger avec un c\u00e2ble USB-C. Simple et pratique.<\/p>\n<h2 data-v-md-heading=\"specification-introduction\" data-v-md-line=\"11\">Introduction aux sp\u00e9cifications<\/h2>\n<ul data-v-md-line=\"12\">\n<li>Fr\u00e9quence d'aspiration : jusqu'\u00e0 15\u00a0000 fois<\/li>\n<li>Teneur en nicotine : 0 %, 2 %, 3 % et 5 %<\/li>\n<li>Principe de fonctionnement : S'active en une seule bouff\u00e9e<\/li>\n<li>Charging: Standard Type-C USB interface<\/li>\n<li>\u00c9tat : Pr\u00eat \u00e0 l'emploi d\u00e8s la sortie de l'emballage<\/li>\n<\/ul>\n<h2 data-v-md-heading=\"full-range-of-flavors\" data-v-md-line=\"18\">Full range of flavors<\/h2>\n<ul data-v-md-line=\"19\">\n<li>Glace \u00e0 la framboise<\/li>\n<li>Glace \u00e0 la mangue et \u00e0 la banane<\/li>\n<li>Glace \u00e0 la mangue<\/li>\n<li>Tobacco<\/li>\n<li>Glace \u00e0 la past\u00e8que et au litchi<\/li>\n<\/ul>\n<h2 data-v-md-heading=\"for-you-and-your-business\" data-v-md-line=\"25\">Pour vous et votre entreprise<\/h2>\n<p data-v-md-line=\"26\">Vous pouvez choisir un appareil pour un usage quotidien ou constituer un stock pour votre magasin. Nous proposons des commandes individuelles et des options de vente en gros, vous permettant de choisir les produits adapt\u00e9s \u00e0 vos besoins. Nous assurons la livraison DDP au sein de l'Union europ\u00e9enne avec des partenaires de confiance tels que UPS, DPD et DHL, garantissant ainsi une gestion optimale des droits de douane et \u00e9vitant tout d\u00e9sagr\u00e9ment.<\/p>\n<p data-v-md-line=\"28\">Si vous \u00eates un acheteur au d\u00e9tail, veuillez nous contacter pour conna\u00eetre nos tarifs d\u00e9gressifs et nos options de m\u00e9langes de saveurs transportables. Nous privil\u00e9gions la transparence afin que vous compreniez parfaitement les produits command\u00e9s.<\/p>\n<h2 data-v-md-heading=\"why-do-you-like-it\" data-v-md-line=\"30\">Pourquoi l'aimes-tu ?<\/h2>\n<ul data-v-md-line=\"31\">\n<li>Grande capacit\u00e9 de vaporisation\u00a0: autonomie de la batterie prolong\u00e9e, pas besoin de remplacer fr\u00e9quemment les cigarettes \u00e9lectroniques.<\/li>\n<li>S\u00e9lection du taux de nicotine\u00a0: Choisissez le taux de nicotine qui vous convient.<\/li>\n<li>Rechargeable : 18 millilitres d'e-liquide peuvent \u00eatre utilis\u00e9s sans gaspillage.<\/li>\n<li>Noyau d'atomisation en mesh : Il permet d'obtenir une saveur stable et durable \u00e0 chaque utilisation.<\/li>\n<li>\u00c9cran intelligent : le niveau de la batterie et le niveau d'e-liquide sont clairement visibles en un coup d'\u0153il, vous permettant d'\u00eatre pr\u00eat \u00e0 tout moment.<\/li>\n<\/ul>\n<h2 data-v-md-heading=\"why-choose-agoravape\" data-v-md-line=\"37\">Pourquoi choisir AgoraVape ?<\/h2>\n<p data-v-md-line=\"38\">Nous ne vendons que des produits authentiques et garantissons la qualit\u00e9 de ceux que nous exp\u00e9dions. Pour les professionnels, cela signifie que le vaporisateur Grativape iPanda 15K avec \u00e9cran b\u00e9n\u00e9ficiera de prix de gros comp\u00e9titifs, d'une assistance technique r\u00e9active et d'une livraison rapide dans toute l'UE. Contactez-nous pour r\u00e9server un appareil fiable pour vos clients.<\/p>","protected":false},"excerpt":{"rendered":"<p>&nbsp;<\/p>\n<p><script src=\"chrome-extension:\/\/fpelahbljekknahkcaegamhcndkfpfnc\/iFrame.js\" type=\"text\/javascript\"><\/script><\/p>\n<p><script src=\"chrome-extension:\/\/fpelahbljekknahkcaegamhcndkfpfnc\/iFrame.js\" type=\"text\/javascript\"><\/script><\/p>\n<p><script src=\"chrome-extension:\/\/fpelahbljekknahkcaegamhcndkfpfnc\/iFrame.js\" type=\"text\/javascript\"><\/script><\/p>\n<p><script src=\"chrome-extension:\/\/fpelahbljekknahkcaegamhcndkfpfnc\/iFrame.js\" type=\"text\/javascript\"><\/script><\/p>\n<p><script src=\"chrome-extension:\/\/fpelahbljekknahkcaegamhcndkfpfnc\/iFrame.js\" type=\"text\/javascript\"><\/script><\/p>\n<p><script src=\"chrome-extension:\/\/fpelahbljekknahkcaegamhcndkfpfnc\/iFrame.js\" type=\"text\/javascript\"><\/script><\/p>\n<p><script src=\"chrome-extension:\/\/fpelahbljekknahkcaegamhcndkfpfnc\/iFrame.js\" type=\"text\/javascript\"><\/script><\/p>","protected":false},"featured_media":15143,"comment_status":"open","ping_status":"closed","template":"","meta":[],"product_brand":[217],"product_cat":[124,187,185,1635,189,174,144,175,193,191,178,173,186,180,190,192],"product_tag":[],"class_list":{"0":"post-15127","1":"product","2":"type-product","3":"status-publish","4":"has-post-thumbnail","6":"product_brand-grativape","7":"product_cat-vape-by-brand","8":"product_cat-0mg-nicotine-free-vapes","9":"product_cat-10000-puffs-high-capacity","10":"product_cat-15000-puffs","11":"product_cat-20mg-standard-nicotine-vapes","12":"product_cat-fruit-flavors","13":"product_cat-grativape","14":"product_cat-icy-mint","15":"product_cat-mesh-coil","16":"product_cat-rechargeable-disposables","17":"product_cat-tobacco","18":"product_cat-vape-by-flavor-profile","19":"product_cat-vape-by-nicotine-strength","20":"product_cat-vape-by-puff-count","21":"product_cat-vape-by-feature-or-type","22":"product_cat-vapes-with-screens","24":"first","25":"onbackorder","26":"shipping-taxable","27":"purchasable","28":"product-type-variable","29":"has-default-attributes"},"tiered_pricing_type":"percentage","tiered_pricing_fixed_rules":[],"tiered_pricing_product_settings":{"layout":"default","base_unit_name":{"singular":null,"plural":null},"default_variation":null},"tiered_pricing_minimum_quantity":10,"tiered_pricing_roles_data":[],"tiered_pricing_percentage_rules":{"50":"35","100":"40","200":"44","500":"47","1000":"49"},"tiered_pricing_maximum_quantity":null,"tiered_pricing_quantity_step":"10","_links":{"self":[{"href":"https:\/\/agoravape.com\/fr\/wp-json\/wp\/v2\/product\/15127","targetHints":{"allow":["GET"]}}],"collection":[{"href":"https:\/\/agoravape.com\/fr\/wp-json\/wp\/v2\/product"}],"about":[{"href":"https:\/\/agoravape.com\/fr\/wp-json\/wp\/v2\/types\/product"}],"replies":[{"embeddable":true,"href":"https:\/\/agoravape.com\/fr\/wp-json\/wp\/v2\/comments?post=15127"}],"version-history":[{"count":0,"href":"https:\/\/agoravape.com\/fr\/wp-json\/wp\/v2\/product\/15127\/revisions"}],"wp:featuredmedia":[{"embeddable":true,"href":"https:\/\/agoravape.com\/fr\/wp-json\/wp\/v2\/media\/15143"}],"wp:attachment":[{"href":"https:\/\/agoravape.com\/fr\/wp-json\/wp\/v2\/media?parent=15127"}],"wp:term":[{"taxonomy":"product_brand","embeddable":true,"href":"https:\/\/agoravape.com\/fr\/wp-json\/wp\/v2\/product_brand?post=15127"},{"taxonomy":"product_cat","embeddable":true,"href":"https:\/\/agoravape.com\/fr\/wp-json\/wp\/v2\/product_cat?post=15127"},{"taxonomy":"product_tag","embeddable":true,"href":"https:\/\/agoravape.com\/fr\/wp-json\/wp\/v2\/product_tag?post=15127"}],"curies":[{"name":"wp","href":"https:\/\/api.w.org\/{rel}","templated":true}]}}