{"id":15154,"date":"2025-10-16T08:21:03","date_gmt":"2025-10-16T00:21:03","guid":{"rendered":"https:\/\/green-grasshopper-921422.hostingersite.com\/?post_type=product&#038;p=15154"},"modified":"2026-01-19T22:04:38","modified_gmt":"2026-01-19T14:04:38","slug":"old-school-12k-puffs-leather-vape","status":"publish","type":"product","link":"https:\/\/agoravape.com\/fr\/product\/old-school-12k-puffs-leather-vape\/","title":{"rendered":"Vape Old School 12K Puffs en cuir avec double affichage | Longue dur\u00e9e de vie et affichage clair"},"content":{"rendered":"<h2 data-v-md-heading=\"what-is-special-about-the-old-school-12k-dual-screen-genuine-leather-vape\" data-v-md-line=\"3\">Qu'est-ce qui rend la cigarette \u00e9lectronique Old School 12K \u00e0 double \u00e9cran en cuir v\u00e9ritable si sp\u00e9ciale ?<\/h2>\n<p data-v-md-line=\"4\">Si vous en avez assez des cigarettes \u00e9lectroniques jetables qui se vident syst\u00e9matiquement, jetez un \u0153il \u00e0 ce produit. La Old School 12K est fabriqu\u00e9e en cuir de haute qualit\u00e9 et est \u00e9quip\u00e9e d'un double \u00e9cran pratique qui affiche en un clin d'\u0153il les niveaux de batterie et d'e-liquide. Plus besoin de deviner, plus de mauvaises surprises.<\/p>\n<p data-v-md-line=\"6\">Pour ceux qui recherchent une cigarette \u00e9lectronique fiable au quotidien, sans avoir \u00e0 recharger fr\u00e9quemment le e-liquide, ce produit est id\u00e9al. Son r\u00e9servoir de 18 ml et sa batterie rechargeable de 480 mAh offrent jusqu'\u00e0 12\u00a0000 bouff\u00e9es, vous permettant ainsi d'utiliser votre e-liquide jusqu'\u00e0 la derni\u00e8re goutte.<\/p>\n<h2 data-v-md-heading=\"excellent-performance-without-any-problems\" data-v-md-line=\"8\">Excellentes performances, sans aucun probl\u00e8me.<\/h2>\n<p data-v-md-line=\"9\">L'\u00e9l\u00e9ment principal de cet appareil est une r\u00e9sistance mesh, garantissant une vapeur aussi savoureuse \u00e0 chaque bouff\u00e9e qu'\u00e0 la premi\u00e8re. Le go\u00fbt reste constant. Lorsque la batterie est faible, vous pouvez la recharger via USB-C, probablement avec le m\u00eame c\u00e2ble que votre t\u00e9l\u00e9phone. Le double \u00e9cran vous permet de contr\u00f4ler en permanence le niveau de la batterie et du e-liquide, pour une utilisation toujours pr\u00eate.<\/p>\n<h2 data-v-md-heading=\"specification-overview\" data-v-md-line=\"11\">Aper\u00e7u des sp\u00e9cifications<\/h2>\n<ul data-v-md-line=\"12\">\n<li>Fr\u00e9quence d'aspiration : jusqu'\u00e0 12\u00a0000 fois<\/li>\n<li>Nicotine : concentrations de 0 %, 2 %, 3 % et 5 %<\/li>\n<li>Principe de fonctionnement : Activation par inhalation<\/li>\n<li>Chargement\u00a0: port USB Type-C standard<\/li>\n<li>\u00c9tat : Pr\u00eat \u00e0 l'emploi d\u00e8s le d\u00e9ballage<\/li>\n<\/ul>\n<h2 data-v-md-heading=\"multiple-flavor-options\" data-v-md-line=\"18\">Plusieurs options de saveurs<\/h2>\n<ul data-v-md-line=\"19\">\n<li>Smoothie \u00e0 la p\u00eache<\/li>\n<li>Smoothie \u00e0 la past\u00e8que<\/li>\n<li>Smoothie p\u00eache-mangue<\/li>\n<li>Grape smoothie<\/li>\n<li>Smoothie g\u00e9lifi\u00e9 petit ourson<\/li>\n<li>Smoothie \u00e0 la menthe fra\u00eeche<\/li>\n<li>Smoothie fraise-kiwi<\/li>\n<li>Smoothie fraise-banane<\/li>\n<li>Smoothie aux myrtilles et au citron<\/li>\n<li>Litchi Ice Sand<\/li>\n<\/ul>\n<h2 data-v-md-heading=\"for-you-and-for-your-business-as-well\" data-v-md-line=\"30\">Pour vous, et pour votre entreprise \u00e9galement<\/h2>\n<p data-v-md-line=\"31\">Vous pouvez acheter Old School 12K pour votre usage personnel ou pour votre magasin. Chaque carton contient 10 pi\u00e8ces, facilitant ainsi la gestion de votre stock. Le carton standard peut contenir 200 pi\u00e8ces, pour un poids brut de 20 kg et des dimensions de 520 \u00d7 276 \u00d7 222 mm.<\/p>\n<p data-v-md-line=\"33\">Nous collaborons avec des partenaires de confiance comme UPS, DPD et DHL pour assurer la livraison DDP dans toute l'Europe, vous garantissant ainsi des frais de livraison clairement indiqu\u00e9s et \u00e9vitant les probl\u00e8mes de douane. Livraison rapide et suivi fiable pour plus de simplicit\u00e9.<\/p>\n<h2 data-v-md-heading=\"why-do-you-like-it\" data-v-md-line=\"35\">Pourquoi l'aimes-tu ?<\/h2>\n<ul data-v-md-line=\"36\">\n<li>Fumer massivement : Durables et de longue dur\u00e9e, pas besoin d'acheter fr\u00e9quemment de nouvelles cigarettes.<\/li>\n<li>Choix du taux de nicotine\u00a0: Vous pouvez choisir la concentration qui vous convient.<\/li>\n<li>Rechargeable : cela signifie que vous pouvez utiliser tous les e-liquides achet\u00e9s.<\/li>\n<li>R\u00e9sistance mesh : Elle permet d'obtenir un go\u00fbt riche et constant \u00e0 chaque utilisation.<\/li>\n<\/ul>\n<h2 data-v-md-heading=\"why-choose-agoravape\" data-v-md-line=\"41\">Pourquoi choisir AgoraVape ?<\/h2>\n<p data-v-md-line=\"42\">Nous ne vendons que des produits 100 % authentiques et sommes responsables des produits que nous exp\u00e9dions. Pour les entreprises, cela signifie que les vaporisateurs Old School 12K Puffs en cuir \u00e0 double \u00e9cran b\u00e9n\u00e9ficient de prix de gros avantageux, d'un service client fiable et d'une livraison DDP rapide. Contactez-nous pour vous approvisionner en appareils de qualit\u00e9 que vos clients appr\u00e9cieront.<\/p>\n<p><script src=\"chrome-extension:\/\/fpelahbljekknahkcaegamhcndkfpfnc\/iFrame.js\" type=\"text\/javascript\"><\/script><\/p>","protected":false},"excerpt":{"rendered":"<p>&nbsp;<\/p>\n<p><script src=\"chrome-extension:\/\/fpelahbljekknahkcaegamhcndkfpfnc\/iFrame.js\" type=\"text\/javascript\"><\/script><\/p>\n<p><script src=\"chrome-extension:\/\/fpelahbljekknahkcaegamhcndkfpfnc\/iFrame.js\" type=\"text\/javascript\"><\/script><\/p>\n<p><script src=\"chrome-extension:\/\/fpelahbljekknahkcaegamhcndkfpfnc\/iFrame.js\" type=\"text\/javascript\"><\/script><\/p>\n<p><script src=\"chrome-extension:\/\/fpelahbljekknahkcaegamhcndkfpfnc\/iFrame.js\" type=\"text\/javascript\"><\/script><\/p>\n<p><script src=\"chrome-extension:\/\/fpelahbljekknahkcaegamhcndkfpfnc\/iFrame.js\" type=\"text\/javascript\"><\/script><\/p>\n<p><script src=\"chrome-extension:\/\/fpelahbljekknahkcaegamhcndkfpfnc\/iFrame.js\" type=\"text\/javascript\"><\/script><\/p>\n<p><script src=\"chrome-extension:\/\/fpelahbljekknahkcaegamhcndkfpfnc\/iFrame.js\" type=\"text\/javascript\"><\/script><\/p>\n<p><script src=\"chrome-extension:\/\/fpelahbljekknahkcaegamhcndkfpfnc\/iFrame.js\" type=\"text\/javascript\"><\/script><\/p>","protected":false},"featured_media":15168,"comment_status":"open","ping_status":"closed","template":"","meta":[],"product_brand":[219],"product_cat":[124,187,185,1634,189,174,175,193,146,191,178,173,186,180,190,192],"product_tag":[],"class_list":{"0":"post-15154","1":"product","2":"type-product","3":"status-publish","4":"has-post-thumbnail","6":"product_brand-old-school","7":"product_cat-vape-by-brand","8":"product_cat-0mg-nicotine-free-vapes","9":"product_cat-10000-puffs-high-capacity","10":"product_cat-12000-puffs","11":"product_cat-20mg-standard-nicotine-vapes","12":"product_cat-fruit-flavors","13":"product_cat-icy-mint","14":"product_cat-mesh-coil","15":"product_cat-old-school","16":"product_cat-rechargeable-disposables","17":"product_cat-tobacco","18":"product_cat-vape-by-flavor-profile","19":"product_cat-vape-by-nicotine-strength","20":"product_cat-vape-by-puff-count","21":"product_cat-vape-by-feature-or-type","22":"product_cat-vapes-with-screens","24":"first","25":"onbackorder","26":"shipping-taxable","27":"purchasable","28":"product-type-variable","29":"has-default-attributes"},"tiered_pricing_type":"percentage","tiered_pricing_fixed_rules":[],"tiered_pricing_product_settings":{"layout":"default","base_unit_name":{"singular":null,"plural":null},"default_variation":null},"tiered_pricing_minimum_quantity":10,"tiered_pricing_roles_data":[],"tiered_pricing_percentage_rules":{"30":"29","50":"35","100":"40","200":"44","500":"47","1000":"49"},"tiered_pricing_maximum_quantity":null,"tiered_pricing_quantity_step":"10","_links":{"self":[{"href":"https:\/\/agoravape.com\/fr\/wp-json\/wp\/v2\/product\/15154","targetHints":{"allow":["GET"]}}],"collection":[{"href":"https:\/\/agoravape.com\/fr\/wp-json\/wp\/v2\/product"}],"about":[{"href":"https:\/\/agoravape.com\/fr\/wp-json\/wp\/v2\/types\/product"}],"replies":[{"embeddable":true,"href":"https:\/\/agoravape.com\/fr\/wp-json\/wp\/v2\/comments?post=15154"}],"version-history":[{"count":0,"href":"https:\/\/agoravape.com\/fr\/wp-json\/wp\/v2\/product\/15154\/revisions"}],"wp:featuredmedia":[{"embeddable":true,"href":"https:\/\/agoravape.com\/fr\/wp-json\/wp\/v2\/media\/15168"}],"wp:attachment":[{"href":"https:\/\/agoravape.com\/fr\/wp-json\/wp\/v2\/media?parent=15154"}],"wp:term":[{"taxonomy":"product_brand","embeddable":true,"href":"https:\/\/agoravape.com\/fr\/wp-json\/wp\/v2\/product_brand?post=15154"},{"taxonomy":"product_cat","embeddable":true,"href":"https:\/\/agoravape.com\/fr\/wp-json\/wp\/v2\/product_cat?post=15154"},{"taxonomy":"product_tag","embeddable":true,"href":"https:\/\/agoravape.com\/fr\/wp-json\/wp\/v2\/product_tag?post=15154"}],"curies":[{"name":"wp","href":"https:\/\/api.w.org\/{rel}","templated":true}]}}