{"id":15287,"date":"2025-10-16T10:51:17","date_gmt":"2025-10-16T02:51:17","guid":{"rendered":"https:\/\/green-grasshopper-921422.hostingersite.com\/?post_type=product&#038;p=15287"},"modified":"2026-03-31T04:20:54","modified_gmt":"2026-03-31T02:20:54","slug":"breze-stiik-king-max-10k-dtl-vape","status":"publish","type":"product","link":"https:\/\/agoravape.com\/fr\/product\/breze-stiik-king-max-10k-dtl-vape\/","title":{"rendered":"Breze Stiik King Max 10K bouff\u00e9es DTL Flux d'air r\u00e9glable | Saveur DTL longue dur\u00e9e et charge facile via USB-C"},"content":{"rendered":"<h2 data-v-md-heading=\"what-is-special-about-breze-stiik-king-max-10k-caliber-adjustable-dtl-e-liquid\" data-v-md-line=\"3\"><img loading=\"lazy\" decoding=\"async\" class=\"aligncenter size-full wp-image-15286\" src=\"https:\/\/agoravape.com\/wp-content\/uploads\/2025\/10\/Breze-Stiik-King-Max-10K-Puffs-DTL-Adjustable-Airflow_Agora_vape-3.webp\" alt=\"\" width=\"1000\" height=\"1000\" srcset=\"https:\/\/agoravape.com\/wp-content\/uploads\/2025\/10\/Breze-Stiik-King-Max-10K-Puffs-DTL-Adjustable-Airflow_Agora_vape-3.webp 1000w, https:\/\/agoravape.com\/wp-content\/uploads\/2025\/10\/Breze-Stiik-King-Max-10K-Puffs-DTL-Adjustable-Airflow_Agora_vape-3-600x600.webp 600w, https:\/\/agoravape.com\/wp-content\/uploads\/2025\/10\/Breze-Stiik-King-Max-10K-Puffs-DTL-Adjustable-Airflow_Agora_vape-3-300x300.webp 300w, https:\/\/agoravape.com\/wp-content\/uploads\/2025\/10\/Breze-Stiik-King-Max-10K-Puffs-DTL-Adjustable-Airflow_Agora_vape-3-150x150.webp 150w, https:\/\/agoravape.com\/wp-content\/uploads\/2025\/10\/Breze-Stiik-King-Max-10K-Puffs-DTL-Adjustable-Airflow_Agora_vape-3-768x768.webp 768w\" sizes=\"auto, (max-width: 1000px) 100vw, 1000px\" \/><\/h2>\n<h2 data-v-md-heading=\"what-is-special-about-breze-stiik-king-max-10k-caliber-adjustable-dtl-e-liquid\" data-v-md-line=\"3\">Qu'est-ce qui rend le e-liquide DTL r\u00e9glable Breze Stiik King Max calibre 10K si particulier\u00a0?<\/h2>\n<p data-v-md-line=\"4\">Si vous en avez assez des e-liquides jetables qui s'\u00e9puisent d\u00e8s les premi\u00e8res bouff\u00e9es, ce produit m\u00e9rite votre attention. Le Breze Stiik King Max est sp\u00e9cialement con\u00e7u pour une inhalation directe profonde, avec un tirage r\u00e9glable et une r\u00e9serve de e-liquide g\u00e9n\u00e9reuse. Il conserve ses saveurs longtemps sans n\u00e9cessiter de r\u00e9glages compliqu\u00e9s.<\/p>\n<p data-v-md-line=\"6\">Il convient \u00e0 ceux qui appr\u00e9cient une saveur plus transparente, fum\u00e9e et douce. Son appareil DTL de calibre 10K peut para\u00eetre volumineux, mais il se glisse facilement dans une poche et r\u00e9pond \u00e0 tous vos besoins quotidiens gr\u00e2ce \u00e0 sa recharge USB-C.<\/p>\n<h2 data-v-md-heading=\"excellent-performance-no-need-for-complex-operations\" data-v-md-line=\"8\">Excellentes performances, aucune op\u00e9ration complexe requise<\/h2>\n<p data-v-md-line=\"9\">La r\u00e9sistance mesh assure une chauffe uniforme de la premi\u00e8re \u00e0 la derni\u00e8re bouff\u00e9e, garantissant ainsi une saveur constante. Ouvrez l'orifice d'aspiration pour une exp\u00e9rience l\u00e9g\u00e8re et agr\u00e9able\u00a0; si vous pr\u00e9f\u00e9rez une r\u00e9sistance plus forte, vous pouvez le fermer. Lorsque la batterie est faible, il vous suffit d'utiliser le c\u00e2ble de donn\u00e9es USB-C standard fourni, identique \u00e0 celui de votre t\u00e9l\u00e9phone. Facile \u00e0 utiliser.<\/p>\n<h2 data-v-md-heading=\"specification-introduction\" data-v-md-line=\"11\">Introduction aux sp\u00e9cifications<\/h2>\n<ul data-v-md-line=\"12\">\n<li>Fr\u00e9quence d'aspiration : jusqu'\u00e0 10\u00a0000 fois<\/li>\n<li>Teneur en nicotine : 0 milligramme ou 1 % (10 milligrammes\/millilitre)<\/li>\n<li>Principe de fonctionnement : Activation par inhalation<\/li>\n<li>Charging: Standard Type-C USB interface<\/li>\n<li>\u00c9tat : Pr\u00eat \u00e0 l'emploi d\u00e8s la sortie de l'emballage<\/li>\n<li>E-liquid capacity: 20 milliliters<\/li>\n<li>Batterie : batterie rechargeable de 850 mAh<\/li>\n<\/ul>\n<h2 data-v-md-heading=\"full-range-of-flavors\" data-v-md-line=\"20\">Full range of flavors<\/h2>\n<ul data-v-md-line=\"21\">\n<li>Eau citronn\u00e9e aux myrtilles<\/li>\n<li>barbe \u00e0 papa<\/li>\n<li>Pomme p\u00eache<\/li>\n<li>Glace \u00e0 la past\u00e8que<\/li>\n<li>Glace au menthol<\/li>\n<li>glace \u00e0 la fraise<\/li>\n<li>Myrtilles et framboises<\/li>\n<li>P\u00eache et mangue<\/li>\n<li>Soda au raisin<\/li>\n<li>Oranges, mangues, past\u00e8ques<\/li>\n<li>bonbons g\u00e9lifi\u00e9s Petit Ours<\/li>\n<li>fraise kiwi<\/li>\n<\/ul>\n<h2 data-v-md-heading=\"for-you-and-for-your-business-as-well\" data-v-md-line=\"34\">Pour vous, et pour votre entreprise \u00e9galement<\/h2>\n<p data-v-md-line=\"35\">Vous achetez pour vous-m\u00eame\u00a0? Vous recevrez une cigarette \u00e9lectronique DTL durable, facile \u00e0 utiliser et \u00e0 recharger. Aucun menu, aucun bouton. Saveur douce, tirage r\u00e9glable, \u00e0 vous de choisir.<\/p>\n<p data-v-md-line=\"37\">Les stocks sont-ils limit\u00e9s ? Nous proposons des bo\u00eetes de Breze Stiik King Max en gros, avec 6 pi\u00e8ces par bo\u00eete et 180 pi\u00e8ces par bo\u00eete. Nous proposons des services de livraison DDP par l'interm\u00e9diaire de partenaires de confiance tels que UPS DPD et DHL, de sorte que les tarifs peuvent \u00eatre trait\u00e9s \u00e0 l'avance pour \u00e9viter les accidents douaniers. Une livraison fiable signifie que vous pouvez promettre \u00e0 vos clients de r\u00e9pondre \u00e0 leurs besoins et de les satisfaire.<\/p>\n<h2 data-v-md-heading=\"why-do-you-like-it\" data-v-md-line=\"39\">Pourquoi l'aimes-tu ?<\/h2>\n<ul data-v-md-line=\"40\">\n<li>Grande capacit\u00e9 de combustion : jusqu'\u00e0 10 000 bouff\u00e9es, plus besoin d'acheter fr\u00e9quemment de nouvelles cigarettes.<\/li>\n<li>Options de teneur en nicotine\u00a0: 0 milligramme ou 1\u00a0%, vous pouvez choisir la teneur en nicotine qui vous convient le mieux.<\/li>\n<li>Rechargeable : La charge de type C vous permet d'utiliser pleinement chaque goutte d'e-liquide.<\/li>\n<li>R\u00e9sistance mesh : Go\u00fbt constant, exp\u00e9rience d'aspiration DTL d\u00e9licate et douce.<\/li>\n<li>Entr\u00e9e d'air r\u00e9glable\u00a0: l'ouverture peut g\u00e9n\u00e9rer de la fum\u00e9e, le serrage peut augmenter la r\u00e9sistance.<\/li>\n<\/ul>\n<h2 data-v-md-heading=\"why-choose-to-collaborate-with-agoravape\" data-v-md-line=\"46\">Pourquoi choisir de collaborer avec AgoraVape ?<\/h2>\n<p data-v-md-line=\"47\">Nous ne vendons que des produits 100 % authentiques et garantissons leur qualit\u00e9. Les entreprises clientes qui ach\u00e8tent les cigarettes \u00e9lectroniques Breze Stiik King Max 10K Puffs DTL \u00e0 tirage r\u00e9glable b\u00e9n\u00e9ficient de tarifs de gros avantageux, d'une assistance professionnelle et d'une livraison rapide et fiable. N'h\u00e9sitez pas \u00e0 nous contacter pour d\u00e9couvrir comment fid\u00e9liser votre client\u00e8le.<\/p>","protected":false},"excerpt":{"rendered":"<p>&nbsp;<\/p>","protected":false},"featured_media":15306,"comment_status":"open","ping_status":"closed","template":"","meta":[],"product_brand":[220],"product_cat":[124,187,185,188,194,176,147,177,174,175,193,191,173,186,180,190],"product_tag":[],"class_list":{"0":"post-15287","1":"product","2":"type-product","3":"status-publish","4":"has-post-thumbnail","6":"product_brand-breze-stiik","7":"product_cat-vape-by-brand","8":"product_cat-0mg-nicotine-free-vapes","9":"product_cat-10000-puffs-high-capacity","10":"product_cat-10mg-low-nicotine-vapes","11":"product_cat-adjustable-airflow","12":"product_cat-beverage","13":"product_cat-breze-stiik","14":"product_cat-dessert-sweets","15":"product_cat-fruit-flavors","16":"product_cat-icy-mint","17":"product_cat-mesh-coil","18":"product_cat-rechargeable-disposables","19":"product_cat-vape-by-flavor-profile","20":"product_cat-vape-by-nicotine-strength","21":"product_cat-vape-by-puff-count","22":"product_cat-vape-by-feature-or-type","24":"first","25":"onbackorder","26":"shipping-taxable","27":"purchasable","28":"product-type-variable","29":"has-default-attributes"},"tiered_pricing_type":"percentage","tiered_pricing_fixed_rules":[],"tiered_pricing_product_settings":{"layout":"default","base_unit_name":{"singular":null,"plural":null},"default_variation":null},"tiered_pricing_minimum_quantity":10,"tiered_pricing_roles_data":[],"tiered_pricing_percentage_rules":{"30":"29","50":"35","100":"40","200":"44","500":"47","1000":"49"},"tiered_pricing_maximum_quantity":null,"tiered_pricing_quantity_step":"10","_links":{"self":[{"href":"https:\/\/agoravape.com\/fr\/wp-json\/wp\/v2\/product\/15287","targetHints":{"allow":["GET"]}}],"collection":[{"href":"https:\/\/agoravape.com\/fr\/wp-json\/wp\/v2\/product"}],"about":[{"href":"https:\/\/agoravape.com\/fr\/wp-json\/wp\/v2\/types\/product"}],"replies":[{"embeddable":true,"href":"https:\/\/agoravape.com\/fr\/wp-json\/wp\/v2\/comments?post=15287"}],"version-history":[{"count":1,"href":"https:\/\/agoravape.com\/fr\/wp-json\/wp\/v2\/product\/15287\/revisions"}],"predecessor-version":[{"id":29822,"href":"https:\/\/agoravape.com\/fr\/wp-json\/wp\/v2\/product\/15287\/revisions\/29822"}],"wp:featuredmedia":[{"embeddable":true,"href":"https:\/\/agoravape.com\/fr\/wp-json\/wp\/v2\/media\/15306"}],"wp:attachment":[{"href":"https:\/\/agoravape.com\/fr\/wp-json\/wp\/v2\/media?parent=15287"}],"wp:term":[{"taxonomy":"product_brand","embeddable":true,"href":"https:\/\/agoravape.com\/fr\/wp-json\/wp\/v2\/product_brand?post=15287"},{"taxonomy":"product_cat","embeddable":true,"href":"https:\/\/agoravape.com\/fr\/wp-json\/wp\/v2\/product_cat?post=15287"},{"taxonomy":"product_tag","embeddable":true,"href":"https:\/\/agoravape.com\/fr\/wp-json\/wp\/v2\/product_tag?post=15287"}],"curies":[{"name":"wp","href":"https:\/\/api.w.org\/{rel}","templated":true}]}}