{"id":15323,"date":"2025-10-16T11:01:40","date_gmt":"2025-10-16T03:01:40","guid":{"rendered":"https:\/\/green-grasshopper-921422.hostingersite.com\/?post_type=product&#038;p=15323"},"modified":"2026-03-31T04:20:53","modified_gmt":"2026-03-31T02:20:53","slug":"breze-stiik-box-pro-5k-puffs-vape","status":"publish","type":"product","link":"https:\/\/agoravape.com\/fr\/product\/breze-stiik-box-pro-5k-puffs-vape\/","title":{"rendered":"Vapeur Breze Stiik Box Pro 5K bouff\u00e9es \u00e0 flux d'air r\u00e9glable | Saveur longue dur\u00e9e, en toute simplicit\u00e9"},"content":{"rendered":"<h2 data-v-md-heading=\"what-is-special-about-the-breze-stiik-box-pro-5k-adjustable-intake-vape\" data-v-md-line=\"3\"><img loading=\"lazy\" decoding=\"async\" class=\"aligncenter size-full wp-image-15346\" src=\"https:\/\/agoravape.com\/wp-content\/uploads\/2025\/10\/Breze-Stiik-Box-Pro-5K-Puffs-Adjustable-Airflow-Vape_Agora_vape-10.webp\" alt=\"\" width=\"1000\" height=\"1000\" srcset=\"https:\/\/agoravape.com\/wp-content\/uploads\/2025\/10\/Breze-Stiik-Box-Pro-5K-Puffs-Adjustable-Airflow-Vape_Agora_vape-10.webp 1000w, https:\/\/agoravape.com\/wp-content\/uploads\/2025\/10\/Breze-Stiik-Box-Pro-5K-Puffs-Adjustable-Airflow-Vape_Agora_vape-10-600x600.webp 600w, https:\/\/agoravape.com\/wp-content\/uploads\/2025\/10\/Breze-Stiik-Box-Pro-5K-Puffs-Adjustable-Airflow-Vape_Agora_vape-10-300x300.webp 300w, https:\/\/agoravape.com\/wp-content\/uploads\/2025\/10\/Breze-Stiik-Box-Pro-5K-Puffs-Adjustable-Airflow-Vape_Agora_vape-10-150x150.webp 150w, https:\/\/agoravape.com\/wp-content\/uploads\/2025\/10\/Breze-Stiik-Box-Pro-5K-Puffs-Adjustable-Airflow-Vape_Agora_vape-10-768x768.webp 768w\" sizes=\"auto, (max-width: 1000px) 100vw, 1000px\" \/><\/h2>\n<h2 data-v-md-heading=\"what-is-special-about-the-breze-stiik-box-pro-5k-adjustable-intake-vape\" data-v-md-line=\"3\">Qu'est-ce qui rend le vaporisateur \u00e0 admission r\u00e9glable Breze Stiik Box Pro 5K si sp\u00e9cial\u00a0?<\/h2>\n<p data-v-md-line=\"4\">Si vous en avez assez des cigarettes \u00e9lectroniques jetables qui se vident rapidement ou avant m\u00eame d'\u00eatre termin\u00e9es, ce produit vous simplifiera la vie. La Breze Stiik Box Pro offre jusqu'\u00e0 5\u00a0000 inhalations r\u00e9glables, vous permettant d'ajuster facilement le volume d'air inhal\u00e9, qu'il soit faible ou \u00e9lev\u00e9, sans aucun effort.<\/p>\n<p data-v-md-line=\"6\">Elle convient \u00e0 tous ceux qui recherchent une saveur authentique, une utilisation simple et une batterie rechargeable, pour savourer pleinement chaque goutte. L\u00e9g\u00e8re (environ 75 grammes), elle se glisse facilement dans une poche sans vous encombrer.<\/p>\n<h2 data-v-md-heading=\"excellent-performance-worry-free\" data-v-md-line=\"8\">Excellentes performances, sans souci<\/h2>\n<p data-v-md-line=\"9\">La r\u00e9sistance mesh assure une restitution optimale des saveurs, garantissant une exp\u00e9rience gustative pure et constante du d\u00e9but \u00e0 la fin. En cas de batterie faible, un simple branchement du c\u00e2ble USB-C permet une recharge rapide. Plus besoin de chercher les bons boutons ni de naviguer dans des menus complexes\u00a0: il suffit de r\u00e9gler le flux d'air et de vapoter.<\/p>\n<h2 data-v-md-heading=\"specification-overview\" data-v-md-line=\"11\">Aper\u00e7u des sp\u00e9cifications<\/h2>\n<ul data-v-md-line=\"12\">\n<li>Fr\u00e9quence d'aspiration : jusqu'\u00e0 5000 fois<\/li>\n<li>Teneur en nicotine : 2 % ou 5 % (l\u2019approvisionnement varie selon la r\u00e9gion)<\/li>\n<li>Working principle: Activate by inhaling<\/li>\n<li>M\u00e9thode de chargement\u00a0: interface USB Type-C<\/li>\n<li>Batterie : batterie rechargeable de 950 mAh<\/li>\n<li>E-liquide : 12 millilitres pr\u00e9install\u00e9s<\/li>\n<li>D\u00e9bit d'air : r\u00e9glable<\/li>\n<li>Noyau atomiseur : en forme de maille<\/li>\n<li>\u00c9tat : Pr\u00eat \u00e0 l'emploi d\u00e8s la sortie de l'emballage<\/li>\n<\/ul>\n<p data-v-md-line=\"22\">Attention\u00a0: La disponibilit\u00e9 et la concentration de nicotine peuvent varier selon les pays\/r\u00e9gions, et nous n\u2019envoyons que les configurations autoris\u00e9es sur votre march\u00e9.<\/p>\n<h2 data-v-md-heading=\"full-range-of-flavors\" data-v-md-line=\"24\">Full range of flavors<\/h2>\n<ul data-v-md-line=\"25\">\n<li>Smoothie aux myrtilles<\/li>\n<li>glace \u00e0 la fraise<\/li>\n<li>P\u00eache et mangue<\/li>\n<li>Grape smoothie<\/li>\n<li>Smoothie \u00e0 la banane<\/li>\n<li>Smoothie \u00e0 la past\u00e8que<\/li>\n<li>Smoothie \u00e0 la menthe<\/li>\n<li>Pink Lemon Water<\/li>\n<\/ul>\n<p data-v-md-line=\"34\">Pour les commandes commerciales, nous pouvons prendre en charge des saveurs suppl\u00e9mentaires ou la personnalisation OEM.<\/p>\n<h2 data-v-md-heading=\"for-you-for-your-business\" data-v-md-line=\"36\">Pour vous, pour votre entreprise<\/h2>\n<p data-v-md-line=\"37\">Vous pouvez facilement acheter un appareil pour vos besoins quotidiens ou constituer un stock pour votre magasin. Le conditionnement en gros comprend 5 pi\u00e8ces par bo\u00eete int\u00e9rieure et 200 pi\u00e8ces par carton. Chaque carton p\u00e8se environ 17 kilogrammes et mesure 28 x 33 x 44 centim\u00e8tres.<\/p>\n<p data-v-md-line=\"39\">Nous collaborons avec des partenaires de confiance comme UPS, DPD et DHL pour exp\u00e9dier vos commandes dans toute l'Europe via DDP, \u00e9vitant ainsi tout probl\u00e8me de douane. La commande a d\u00e9j\u00e0 \u00e9t\u00e9 tax\u00e9e et peut \u00eatre vendue imm\u00e9diatement.<\/p>\n<h2 data-v-md-heading=\"why-do-you-like-it\" data-v-md-line=\"41\">Pourquoi l'aimes-tu ?<\/h2>\n<ul data-v-md-line=\"42\">\n<li>Forte aspiration : jusqu'\u00e0 5000 d'aspiration signifie moins de r\u00e9approvisionnement et de commandes r\u00e9p\u00e9t\u00e9es.<\/li>\n<li>Choix du taux de nicotine\u00a0: Choisissez une concentration de nicotine adapt\u00e9e \u00e0 vos habitudes quotidiennes et \u00e0 la r\u00e9glementation locale.<\/li>\n<li>Rechargeable : Vous pouvez recharger la batterie et ainsi utiliser tous les e-liquides que vous achetez.<\/li>\n<li>R\u00e9sistance mesh : De la premi\u00e8re \u00e0 la derni\u00e8re bouch\u00e9e, le go\u00fbt est doux et stable.<\/li>\n<li>Aspiration r\u00e9glable\u00a0: que ce soit une aspiration serr\u00e9e ou transparente, vous pouvez la r\u00e9gler comme vous le souhaitez.<\/li>\n<\/ul>\n<h2 data-v-md-heading=\"why-collaborate-with-agoravape\" data-v-md-line=\"48\">Pourquoi collaborer avec AgoraVape ?<\/h2>\n<p data-v-md-line=\"49\">Nous ne vendons que des produits 100 % authentiques et nous sommes responsables des produits que nous vendons. Les acheteurs professionnels qui ach\u00e8tent <a class=\"wpil_keyword_link\" href=\"https:\/\/agoravape.com\/fr\/vape-par-marque\/breze-stiik\/\" target=\"_blank\" rel=\"noopener\" title=\"BREZE STIIK\" data-wpil-keyword-link=\"linked\" data-wpil-monitor-id=\"7169\">Breze Stik<\/a> Les vaporisateurs Box Pro 5K \u00e0 tirage r\u00e9glable b\u00e9n\u00e9ficient de prix de gros avantageux, d'une assistance client rapide et d'une livraison express DDP partout en Europe. N'h\u00e9sitez pas \u00e0 nous contacter pour discuter des combinaisons de saveurs et des nouveaut\u00e9s, et fid\u00e9liser ainsi votre client\u00e8le.<\/p>","protected":false},"excerpt":{"rendered":"<p>&nbsp;<\/p>","protected":false},"featured_media":15345,"comment_status":"open","ping_status":"closed","template":"","meta":[],"product_brand":[220],"product_cat":[124,189,184,194,147,174,175,193,191,173,186,180,190],"product_tag":[],"class_list":{"0":"post-15323","1":"product","2":"type-product","3":"status-publish","4":"has-post-thumbnail","6":"product_brand-breze-stiik","7":"product_cat-vape-by-brand","8":"product_cat-20mg-standard-nicotine-vapes","9":"product_cat-5000-8000-puffs","10":"product_cat-adjustable-airflow","11":"product_cat-breze-stiik","12":"product_cat-fruit-flavors","13":"product_cat-icy-mint","14":"product_cat-mesh-coil","15":"product_cat-rechargeable-disposables","16":"product_cat-vape-by-flavor-profile","17":"product_cat-vape-by-nicotine-strength","18":"product_cat-vape-by-puff-count","19":"product_cat-vape-by-feature-or-type","21":"first","22":"onbackorder","23":"shipping-taxable","24":"purchasable","25":"product-type-variable","26":"has-default-attributes"},"tiered_pricing_type":"percentage","tiered_pricing_fixed_rules":[],"tiered_pricing_product_settings":{"layout":"default","base_unit_name":{"singular":null,"plural":null},"default_variation":null},"tiered_pricing_minimum_quantity":10,"tiered_pricing_roles_data":[],"tiered_pricing_percentage_rules":{"30":"29","50":"35","100":"40","200":"44","500":"47","1000":"49"},"tiered_pricing_maximum_quantity":null,"tiered_pricing_quantity_step":"10","_links":{"self":[{"href":"https:\/\/agoravape.com\/fr\/wp-json\/wp\/v2\/product\/15323","targetHints":{"allow":["GET"]}}],"collection":[{"href":"https:\/\/agoravape.com\/fr\/wp-json\/wp\/v2\/product"}],"about":[{"href":"https:\/\/agoravape.com\/fr\/wp-json\/wp\/v2\/types\/product"}],"replies":[{"embeddable":true,"href":"https:\/\/agoravape.com\/fr\/wp-json\/wp\/v2\/comments?post=15323"}],"version-history":[{"count":1,"href":"https:\/\/agoravape.com\/fr\/wp-json\/wp\/v2\/product\/15323\/revisions"}],"predecessor-version":[{"id":29821,"href":"https:\/\/agoravape.com\/fr\/wp-json\/wp\/v2\/product\/15323\/revisions\/29821"}],"wp:featuredmedia":[{"embeddable":true,"href":"https:\/\/agoravape.com\/fr\/wp-json\/wp\/v2\/media\/15345"}],"wp:attachment":[{"href":"https:\/\/agoravape.com\/fr\/wp-json\/wp\/v2\/media?parent=15323"}],"wp:term":[{"taxonomy":"product_brand","embeddable":true,"href":"https:\/\/agoravape.com\/fr\/wp-json\/wp\/v2\/product_brand?post=15323"},{"taxonomy":"product_cat","embeddable":true,"href":"https:\/\/agoravape.com\/fr\/wp-json\/wp\/v2\/product_cat?post=15323"},{"taxonomy":"product_tag","embeddable":true,"href":"https:\/\/agoravape.com\/fr\/wp-json\/wp\/v2\/product_tag?post=15323"}],"curies":[{"name":"wp","href":"https:\/\/api.w.org\/{rel}","templated":true}]}}