{"id":15417,"date":"2025-10-16T13:10:46","date_gmt":"2025-10-16T05:10:46","guid":{"rendered":"https:\/\/green-grasshopper-921422.hostingersite.com\/?post_type=product&#038;p=15417"},"modified":"2026-03-31T04:20:53","modified_gmt":"2026-03-31T02:20:53","slug":"myde-haven-18000-puffs-dual-mesh-vape","status":"publish","type":"product","link":"https:\/\/agoravape.com\/fr\/product\/myde-haven-18000-puffs-dual-mesh-vape\/","title":{"rendered":"Vape Myde Haven 18000 bouff\u00e9es \u00e0 double r\u00e9sistance Mesh | Grande autonomie, saveur douce"},"content":{"rendered":"<h2 data-v-md-heading=\"what-is-special-about-the-myrde-haven-18000-dual-mesh-coil-vape\" data-v-md-line=\"3\">Qu'est-ce que la vape Myrde Haven 18000 dual mesh coil a de particulier ?<\/h2>\n<p data-v-md-line=\"4\">Si vous en avez assez des vapes jetables dont la batterie s'\u00e9puise trop t\u00f4t, vous pouvez jeter un coup d'\u0153il \u00e0 ce produit. MyDe Haven utilise des bobines \u00e0 double maille qui peuvent fournir une capacit\u00e9 allant jusqu'\u00e0 18 000 bouch\u00e9es, en maintenant un go\u00fbt stable de la premi\u00e8re \u00e0 la derni\u00e8re bouch\u00e9e. Pas besoin d'op\u00e9rations fastidieuses, vous pouvez obtenir des performances fiables jour apr\u00e8s jour.<\/p>\n<p data-v-md-line=\"6\">Elle convient \u00e0 tous les utilisateurs qui recherchent une longue dur\u00e9e de vie, une utilisation pratique et qui n'ont pas besoin de r\u00e9glages compliqu\u00e9s. On pourrait penser qu'une e-cigarette avec un nombre de bouches aussi important serait encombrante, mais cette e-cigarette est tr\u00e8s portable. Le corps est robuste et l\u00e9ger, ce qui lui permet de se glisser facilement dans une veste ou un sac.<\/p>\n<h2 data-v-md-heading=\"excellent-performance-worry-free\" data-v-md-line=\"8\">Excellentes performances, sans souci<\/h2>\n<p data-v-md-line=\"9\">Le serpentin \u00e0 double maille de 1,1 \u03a9 porte la lourde responsabilit\u00e9. Elle chauffe uniform\u00e9ment, rendant chaque bouch\u00e9e aussi pure que la premi\u00e8re. Saveur riche et noyau durable. Lorsque la batterie est faible, il suffit de la recharger pour continuer \u00e0 l'utiliser. Simple et pratique. Vous pouvez utiliser les 15 millilitres d'e-liquide achet\u00e9s.<\/p>\n<h2 data-v-md-heading=\"specification-overview\" data-v-md-line=\"11\">Aper\u00e7u des sp\u00e9cifications<\/h2>\n<ul data-v-md-line=\"12\">\n<li>Fr\u00e9quence d'aspiration : jusqu'\u00e0 18\u00a0000 fois<\/li>\n<li>Bobine : 1.1 \u03a9 double mesh<\/li>\n<li>Capacit\u00e9 du r\u00e9servoir d'e-liquide : 15 millilitres<\/li>\n<li>Batterie : batterie rechargeable de 600 mAh<\/li>\n<li>Working principle: Activate by inhaling<\/li>\n<li>Chargement : Port de charge USB<\/li>\n<li>Dimensions : 99,6 \u00d7 45 \u00d7 22,5 millim\u00e8tres<\/li>\n<li>Weight: 72 grams<\/li>\n<li>\u00c9tat : Pr\u00eat \u00e0 l'emploi d\u00e8s la sortie de l'emballage<\/li>\n<li>Nicotine : Les options varient selon les march\u00e9s. Contactez-nous pour confirmer les avantages du produit dans votre pays\/r\u00e9gion.<\/li>\n<\/ul>\n<h2 data-v-md-heading=\"full-flavor-series\" data-v-md-line=\"23\">S\u00e9rie compl\u00e8te de saveurs<\/h2>\n<ul data-v-md-line=\"24\">\n<li>Glace \u00e0 la fraise<\/li>\n<li>Glace au raisin<\/li>\n<li>Glace \u00e0 la m\u00fbre et au fruit du dragon<\/li>\n<li>Glace aux trois baies<\/li>\n<li>Glace \u00e0 la fraise et \u00e0 la past\u00e8que<\/li>\n<li>Blue Rink Ice<\/li>\n<li>Glace au citron et \u00e0 la cerise<\/li>\n<li>Glace \u00e0 la past\u00e8que<\/li>\n<li>Glace \u00e0 la fraise et \u00e0 la framboise<\/li>\n<li>kiwi, fruit de la passion, goyave, glace<\/li>\n<li>Glace au menthol<\/li>\n<li>Glace \u00e0 la fraise, \u00e0 la canneberge et \u00e0 la cerise<\/li>\n<li>Glace aux baies de raisin<\/li>\n<li>Glace p\u00eache-melon d'eau<\/li>\n<li>glace fraise-kiwi<\/li>\n<li>P\u00eache, mangue, past\u00e8que, glace<\/li>\n<li>Peach, Mango, Pineapple Ice<\/li>\n<li>Excellent (go\u00fbt de tabac)<\/li>\n<li>Glace \u00e0 la fraise et \u00e0 la past\u00e8que (bubble gum)<\/li>\n<li>Mr. Blue Ice<\/li>\n<\/ul>\n<h2 data-v-md-heading=\"for-you-and-your-business\" data-v-md-line=\"45\">Pour vous et votre entreprise<\/h2>\n<p data-v-md-line=\"46\">Vous pouvez choisir des articles pour vous-m\u00eame ou vous approvisionner pour votre magasin. Nous fournissons des emballages scell\u00e9s pour la vente au d\u00e9tail et de grandes bo\u00eetes d'emballage pour les grossistes. Le nombre de cartons d'emballage varie selon les lots. Veuillez nous contacter pour conna\u00eetre les dimensions actuelles des emballages et les informations sur les palettes.<\/p>\n<p data-v-md-line=\"48\">Nous collaborons avec des partenaires de confiance tels que UPS, DPD et DHL pour fournir des services de livraison DDP au sein de l'Union europ\u00e9enne. Pr\u00e9traitement des tarifs pour \u00e9viter les incidents douaniers inattendus. L'ensemble du processus peut \u00eatre suivi jusqu'\u00e0 la livraison. Une m\u00e9thode de paiement s\u00e9curis\u00e9e. De la commande \u00e0 la livraison \u00e0 domicile, chaque processus est m\u00e9ticuleux.<\/p>\n<p data-v-md-line=\"50\">Avis de conformit\u00e9 : La situation de l'offre et la concentration de nicotine peuvent varier selon les pays\/r\u00e9gions. Nous proposons des mod\u00e8les conformes aux normes de l'UE. Veuillez consulter les fournisseurs de votre march\u00e9.<\/p>\n<h2 data-v-md-heading=\"why-do-you-like-it\" data-v-md-line=\"52\">Pourquoi l'aimes-tu ?<\/h2>\n<ul data-v-md-line=\"53\">\n<li>Grande capacit\u00e9 d'aspiration : durable, pas besoin d'achats fr\u00e9quents.<\/li>\n<li>Noyau de l'atomiseur \u00e0 double maille : Go\u00fbt constant, aspiration en douceur \u00e0 chaque fois<\/li>\n<li>Rechargeable : Utilisez pleinement les 15 millilitres de capacit\u00e9 sans gaspiller.<\/li>\n<li>Portable et facile \u00e0 transporter : grande capacit\u00e9, pas de sensation de d\u00e9calage<\/li>\n<li>Facile \u00e0 utiliser : Pas de boutons ni de menus, juste une aspiration en douceur<\/li>\n<\/ul>\n<h2 data-v-md-heading=\"why-choose-to-collaborate-with-agoravape\" data-v-md-line=\"59\">Pourquoi choisir de collaborer avec AgoraVape ?<\/h2>\n<p data-v-md-line=\"60\">Nous vendons uniquement des produits authentiques 100% provenant de sources fiables. En tant que l'un des distributeurs de cigarettes \u00e9lectroniques les plus fiables d'Europe, nous proposons des prix de gros r\u00e9duits, une assistance technique de haute qualit\u00e9 et des services de livraison rapides et fiables dans l'Union europ\u00e9enne pour <a class=\"wpil_keyword_link\" href=\"https:\/\/agoravape.com\/fr\/vape-par-marque\/mrvi\/\" target=\"_blank\" rel=\"noopener\" title=\"MRVI\" data-wpil-keyword-link=\"linked\" data-wpil-monitor-id=\"7168\">MyDe<\/a> Cigarettes \u00e9lectroniques Haven 18000 \u00e0 double r\u00e9sistance mesh. Vous souhaitez les acheter ? Contactez-nous et nous cr\u00e9erons un produit qui s\u00e9duira v\u00e9ritablement vos clients.<\/p>","protected":false},"excerpt":{"rendered":"<p>&nbsp;<\/p>","protected":false},"featured_media":15462,"comment_status":"open","ping_status":"closed","template":"","meta":[],"product_brand":[221],"product_cat":[124,185,174,175,193,148,191,178,179,173,186,180,190],"product_tag":[],"class_list":{"0":"post-15417","1":"product","2":"type-product","3":"status-publish","4":"has-post-thumbnail","6":"product_brand-myde","7":"product_cat-vape-by-brand","8":"product_cat-10000-puffs-high-capacity","9":"product_cat-fruit-flavors","10":"product_cat-icy-mint","11":"product_cat-mesh-coil","12":"product_cat-myde","13":"product_cat-rechargeable-disposables","14":"product_cat-tobacco","15":"product_cat-unique-blends","16":"product_cat-vape-by-flavor-profile","17":"product_cat-vape-by-nicotine-strength","18":"product_cat-vape-by-puff-count","19":"product_cat-vape-by-feature-or-type","21":"first","22":"onbackorder","23":"shipping-taxable","24":"purchasable","25":"product-type-variable","26":"has-default-attributes"},"tiered_pricing_type":"percentage","tiered_pricing_fixed_rules":[],"tiered_pricing_product_settings":{"layout":"default","base_unit_name":{"singular":null,"plural":null},"default_variation":null},"tiered_pricing_minimum_quantity":10,"tiered_pricing_roles_data":[],"tiered_pricing_percentage_rules":{"100":"40","200":"44","500":"47","1000":"49"},"tiered_pricing_maximum_quantity":null,"tiered_pricing_quantity_step":"10","_links":{"self":[{"href":"https:\/\/agoravape.com\/fr\/wp-json\/wp\/v2\/product\/15417","targetHints":{"allow":["GET"]}}],"collection":[{"href":"https:\/\/agoravape.com\/fr\/wp-json\/wp\/v2\/product"}],"about":[{"href":"https:\/\/agoravape.com\/fr\/wp-json\/wp\/v2\/types\/product"}],"replies":[{"embeddable":true,"href":"https:\/\/agoravape.com\/fr\/wp-json\/wp\/v2\/comments?post=15417"}],"version-history":[{"count":1,"href":"https:\/\/agoravape.com\/fr\/wp-json\/wp\/v2\/product\/15417\/revisions"}],"predecessor-version":[{"id":29820,"href":"https:\/\/agoravape.com\/fr\/wp-json\/wp\/v2\/product\/15417\/revisions\/29820"}],"wp:featuredmedia":[{"embeddable":true,"href":"https:\/\/agoravape.com\/fr\/wp-json\/wp\/v2\/media\/15462"}],"wp:attachment":[{"href":"https:\/\/agoravape.com\/fr\/wp-json\/wp\/v2\/media?parent=15417"}],"wp:term":[{"taxonomy":"product_brand","embeddable":true,"href":"https:\/\/agoravape.com\/fr\/wp-json\/wp\/v2\/product_brand?post=15417"},{"taxonomy":"product_cat","embeddable":true,"href":"https:\/\/agoravape.com\/fr\/wp-json\/wp\/v2\/product_cat?post=15417"},{"taxonomy":"product_tag","embeddable":true,"href":"https:\/\/agoravape.com\/fr\/wp-json\/wp\/v2\/product_tag?post=15417"}],"curies":[{"name":"wp","href":"https:\/\/api.w.org\/{rel}","templated":true}]}}