{"id":15531,"date":"2025-10-16T16:14:35","date_gmt":"2025-10-16T08:14:35","guid":{"rendered":"https:\/\/green-grasshopper-921422.hostingersite.com\/?post_type=product&#038;p=15531"},"modified":"2026-01-19T22:03:39","modified_gmt":"2026-01-19T14:03:39","slug":"myde-crystal-bar-1500-puffs-vape","status":"publish","type":"product","link":"https:\/\/agoravape.com\/fr\/product\/myde-crystal-bar-1500-puffs-vape\/","title":{"rendered":"Vape Myde Crystal Bar 1500 bouff\u00e9es avec r\u00e9sistance Mesh | Grande autonomie. Saveur Mesh pure."},"content":{"rendered":"<h2 data-v-md-heading=\"what-is-special-about-the-myde-crystal-bar-1500-mouth-mesh-coil-vape\" data-v-md-line=\"3\">Qu'est-ce qui rend le vaporisateur Myde Crystal Bar 1500 \u00e0 r\u00e9sistance mesh buccale si sp\u00e9cial ?<\/h2>\n<p data-v-md-line=\"4\">Si vous recherchez une cigarette \u00e9lectronique simple d'utilisation offrant une saveur exceptionnelle de la premi\u00e8re \u00e0 la derni\u00e8re bouff\u00e9e, ce produit est fait pour vous. La Myde Crystal Bar est dot\u00e9e d'une r\u00e9sistance mesh, permettant de profiter pleinement de saveurs riches sans aucun r\u00e9glage.<\/p>\n<p data-v-md-line=\"6\">Elle convient \u00e0 tous ceux qui recherchent une cigarette \u00e9lectronique jetable, facile et pratique \u00e0 transporter. Malgr\u00e9 son format imposant, elle est l\u00e9g\u00e8re et facile \u00e0 transporter.<\/p>\n<p data-v-md-line=\"8\">Explication succincte de la conformit\u00e9. Ce dispositif peut contenir 2 millilitres d'e-liquide et respecte les restrictions de la directive TPD en vigueur sur la plupart des march\u00e9s de l'UE. Les donn\u00e9es relatives aux 1\u00a0500 inhalations proviennent de tests de contr\u00f4le \u00e0 courte distance. Le nombre r\u00e9el d'inhalations peut varier en fonction de l'intensit\u00e9 et de la dur\u00e9e de l'inhalation.<\/p>\n<h2 data-v-md-heading=\"excellent-performance-without-any-complex-operations\" data-v-md-line=\"10\">Excellent performance without any complex operations<\/h2>\n<p data-v-md-line=\"11\">La r\u00e9sistance mesh assure une chauffe uniforme pour une saveur constante et durable. Sa batterie de 500 mAh, sp\u00e9cialement con\u00e7ue pour cette r\u00e9sistance, garantit une puissance stable tout au long du processus de vapotage. Inhalez simplement pour profiter d'une exp\u00e9rience de vapotage optimale. Inutile de naviguer dans des menus ou d'utiliser des boutons.<\/p>\n<h2 data-v-md-heading=\"specification-overview\" data-v-md-line=\"13\">Aper\u00e7u des sp\u00e9cifications<\/h2>\n<ul data-v-md-line=\"14\">\n<li>Fr\u00e9quence d'aspiration : jusqu'\u00e0 1500 fois<\/li>\n<li>Concentration de nicotine\u00a0: Elle peut varier selon les march\u00e9s. La concentration maximale autoris\u00e9e dans les r\u00e9gions soumises \u00e0 la directive sur les produits toxiques (DPT) est de 20\u00a0mg\/ml. Veuillez nous contacter pour conna\u00eetre les options disponibles.<\/li>\n<li>Working principle: Activate by inhaling<\/li>\n<li>Recharge\u00a0: actuellement indisponible. Pile jetable<\/li>\n<li>\u00c9tat : Pr\u00eat \u00e0 l'emploi d\u00e8s le d\u00e9ballage<\/li>\n<\/ul>\n<h2 data-v-md-heading=\"full-range-of-flavors\" data-v-md-line=\"20\">Full range of flavors<\/h2>\n<ul data-v-md-line=\"21\">\n<li>Citron et citron vert<\/li>\n<li>Crazy Blue<\/li>\n<li>Bonbons arc-en-ciel<\/li>\n<li>Pomme p\u00eache<\/li>\n<li>Eau citronn\u00e9e aux myrtilles<\/li>\n<li>pur\u00e9e de fraises<\/li>\n<li>Glace \u00e0 la past\u00e8que<\/li>\n<li>Chewing-gum \u00e0 la past\u00e8que<\/li>\n<li>Soda \u00e0 la cerise<\/li>\n<li>myrtilles<\/li>\n<\/ul>\n<h2 data-v-md-heading=\"for-you-and-for-your-business-as-well\" data-v-md-line=\"32\">Pour vous, et pour votre entreprise \u00e9galement<\/h2>\n<p data-v-md-line=\"33\">Achetez pour vous-m\u00eame, c'est simple et pratique. Choisissez votre style. Ajouter au panier. C'est fait\u00a0! Si vous tenez un magasin physique ou en ligne, nous pouvons vous fournir des cartons en gros, issus de lots r\u00e9guliers. La quantit\u00e9 de cartons peut varier selon le lot de production. Veuillez nous contacter pour conna\u00eetre les quantit\u00e9s disponibles et les tarifs par cat\u00e9gorie.<\/p>\n<p data-v-md-line=\"35\">Nous proposons des services de livraison droits acquitt\u00e9s (DDP) en Europe via UPS, DPD et DHL. Le traitement pr\u00e9alable des droits de douane permet d'\u00e9viter les d\u00e9ductions impr\u00e9vues. Paiement s\u00e9curis\u00e9. Factures compl\u00e8tes. Suivi clair de l'envoi \u00e0 destination.<\/p>\n<h2 data-v-md-heading=\"why-do-you-like-it\" data-v-md-line=\"37\">Pourquoi l'aimes-tu ?<\/h2>\n<ul data-v-md-line=\"38\">\n<li>Grande capacit\u00e9 d'aspiration : r\u00e9duit le nombre de remplacements, pour une journ\u00e9e plus agr\u00e9able.<\/li>\n<li>Spirale en maille : Texture riche, succion longue dur\u00e9e<\/li>\n<li>Pas besoin de recharger : veuillez recycler conform\u00e9ment aux consignes locales apr\u00e8s utilisation.<\/li>\n<li>Aspiration pratique : pas besoin de boutons, il suffit d'aspirer.<\/li>\n<li>Atomiseur de taille TPD\u00a0: le remplissage de 2\u00a0ml est conforme \u00e0 la r\u00e9glementation europ\u00e9enne sur la capacit\u00e9.<\/li>\n<\/ul>\n<h2 data-v-md-heading=\"why-choose-to-collaborate-with-agoravape\" data-v-md-line=\"44\">Pourquoi choisir de collaborer avec AgoraVape ?<\/h2>\n<p data-v-md-line=\"45\">Nous n'achetons que des produits 100 % authentiques. Chaque produit est conditionn\u00e9 dans un emballage scell\u00e9 et est dot\u00e9 d'un syst\u00e8me de tra\u00e7abilit\u00e9 des lots, vous permettant ainsi d'\u00e9viter les contrefa\u00e7ons. Notre \u00e9quipe vous propose des suggestions de go\u00fbt, des programmes de rotation des produits et un service de remplacement rapide pour tout produit d\u00e9fectueux \u00e0 la r\u00e9ception.<\/p>\n<p data-v-md-line=\"47\">En tant que distributeur de cigarettes \u00e9lectroniques de confiance en Europe, nous proposons des prix de gros avantageux et une livraison DDP rapide. Nous effectuons une v\u00e9rification d'\u00e2ge rigoureuse pour les commandes B2C afin de garantir la conformit\u00e9 des ventes et de prot\u00e9ger votre marque. Vous souhaitez v\u00e9rifier des lots ou l'\u00e9tat de vos stocks\u00a0? Veuillez nous communiquer le code produit figurant sur votre carton. Nous vous confirmerons la disponibilit\u00e9 dans les plus brefs d\u00e9lais.<\/p>","protected":false},"excerpt":{"rendered":"<p>&nbsp;<\/p>\n<p><script src=\"chrome-extension:\/\/fpelahbljekknahkcaegamhcndkfpfnc\/iFrame.js\" type=\"text\/javascript\"><\/script><\/p>\n<p><script src=\"chrome-extension:\/\/fpelahbljekknahkcaegamhcndkfpfnc\/iFrame.js\" type=\"text\/javascript\"><\/script><\/p>\n<p><script src=\"chrome-extension:\/\/fpelahbljekknahkcaegamhcndkfpfnc\/iFrame.js\" type=\"text\/javascript\"><\/script><\/p>\n<p><script src=\"chrome-extension:\/\/fpelahbljekknahkcaegamhcndkfpfnc\/iFrame.js\" type=\"text\/javascript\"><\/script><\/p>\n<p><script src=\"chrome-extension:\/\/fpelahbljekknahkcaegamhcndkfpfnc\/iFrame.js\" type=\"text\/javascript\"><\/script><\/p>\n<p><script src=\"chrome-extension:\/\/fpelahbljekknahkcaegamhcndkfpfnc\/iFrame.js\" type=\"text\/javascript\"><\/script><\/p>\n<p><script src=\"chrome-extension:\/\/fpelahbljekknahkcaegamhcndkfpfnc\/iFrame.js\" type=\"text\/javascript\"><\/script><\/p>\n<p><script src=\"chrome-extension:\/\/fpelahbljekknahkcaegamhcndkfpfnc\/iFrame.js\" type=\"text\/javascript\"><\/script><\/p>\n<p><script src=\"chrome-extension:\/\/fpelahbljekknahkcaegamhcndkfpfnc\/iFrame.js\" type=\"text\/javascript\"><\/script><\/p>\n<p><script src=\"chrome-extension:\/\/fpelahbljekknahkcaegamhcndkfpfnc\/iFrame.js\" type=\"text\/javascript\"><\/script><\/p>","protected":false},"featured_media":15561,"comment_status":"open","ping_status":"closed","template":"","meta":[],"product_brand":[221],"product_cat":[124,182,176,177,174,175,193,148,173,186,180,190],"product_tag":[],"class_list":{"0":"post-15531","1":"product","2":"type-product","3":"status-publish","4":"has-post-thumbnail","6":"product_brand-myde","7":"product_cat-vape-by-brand","8":"product_cat-800-1500-puffs","9":"product_cat-beverage","10":"product_cat-dessert-sweets","11":"product_cat-fruit-flavors","12":"product_cat-icy-mint","13":"product_cat-mesh-coil","14":"product_cat-myde","15":"product_cat-vape-by-flavor-profile","16":"product_cat-vape-by-nicotine-strength","17":"product_cat-vape-by-puff-count","18":"product_cat-vape-by-feature-or-type","20":"first","21":"onbackorder","22":"shipping-taxable","23":"purchasable","24":"product-type-variable","25":"has-default-attributes"},"tiered_pricing_type":"percentage","tiered_pricing_fixed_rules":[],"tiered_pricing_product_settings":{"layout":"default","base_unit_name":{"singular":null,"plural":null},"default_variation":null},"tiered_pricing_minimum_quantity":10,"tiered_pricing_roles_data":[],"tiered_pricing_percentage_rules":{"100":"40","200":"44","500":"47","1000":"49"},"tiered_pricing_maximum_quantity":null,"tiered_pricing_quantity_step":"10","_links":{"self":[{"href":"https:\/\/agoravape.com\/fr\/wp-json\/wp\/v2\/product\/15531","targetHints":{"allow":["GET"]}}],"collection":[{"href":"https:\/\/agoravape.com\/fr\/wp-json\/wp\/v2\/product"}],"about":[{"href":"https:\/\/agoravape.com\/fr\/wp-json\/wp\/v2\/types\/product"}],"replies":[{"embeddable":true,"href":"https:\/\/agoravape.com\/fr\/wp-json\/wp\/v2\/comments?post=15531"}],"version-history":[{"count":0,"href":"https:\/\/agoravape.com\/fr\/wp-json\/wp\/v2\/product\/15531\/revisions"}],"wp:featuredmedia":[{"embeddable":true,"href":"https:\/\/agoravape.com\/fr\/wp-json\/wp\/v2\/media\/15561"}],"wp:attachment":[{"href":"https:\/\/agoravape.com\/fr\/wp-json\/wp\/v2\/media?parent=15531"}],"wp:term":[{"taxonomy":"product_brand","embeddable":true,"href":"https:\/\/agoravape.com\/fr\/wp-json\/wp\/v2\/product_brand?post=15531"},{"taxonomy":"product_cat","embeddable":true,"href":"https:\/\/agoravape.com\/fr\/wp-json\/wp\/v2\/product_cat?post=15531"},{"taxonomy":"product_tag","embeddable":true,"href":"https:\/\/agoravape.com\/fr\/wp-json\/wp\/v2\/product_tag?post=15531"}],"curies":[{"name":"wp","href":"https:\/\/api.w.org\/{rel}","templated":true}]}}