{"id":15575,"date":"2025-10-16T16:43:23","date_gmt":"2025-10-16T08:43:23","guid":{"rendered":"https:\/\/green-grasshopper-921422.hostingersite.com\/?post_type=product&#038;p=15575"},"modified":"2026-01-19T22:03:27","modified_gmt":"2026-01-19T14:03:27","slug":"cloud-nine-d33-20k-puffs-dual-power-vape","status":"publish","type":"product","link":"https:\/\/agoravape.com\/fr\/product\/cloud-nine-d33-20k-puffs-dual-power-vape\/","title":{"rendered":"Cloud Nine D33 20K bouff\u00e9es | Double puissance pour une inhalation plus douce ou plus intense"},"content":{"rendered":"<h2 data-v-md-heading=\"cloud-nine-d33-20-what-are-the-special-features-of-a-dual-power-mode-vape-with-a-capacity-of-000\" data-v-md-line=\"3\"><img loading=\"lazy\" decoding=\"async\" class=\"aligncenter size-full wp-image-15596\" src=\"https:\/\/agoravape.com\/wp-content\/uploads\/2025\/10\/Cloud-Nine-D33-20K-Puffs-Dual-Power-Mode-Vape_Agora_vape-11-scaled.webp\" alt=\"\" width=\"1810\" height=\"2560\" srcset=\"https:\/\/agoravape.com\/wp-content\/uploads\/2025\/10\/Cloud-Nine-D33-20K-Puffs-Dual-Power-Mode-Vape_Agora_vape-11-scaled.webp 1810w, https:\/\/agoravape.com\/wp-content\/uploads\/2025\/10\/Cloud-Nine-D33-20K-Puffs-Dual-Power-Mode-Vape_Agora_vape-11-scaled-1200x1697.webp 1200w, https:\/\/agoravape.com\/wp-content\/uploads\/2025\/10\/Cloud-Nine-D33-20K-Puffs-Dual-Power-Mode-Vape_Agora_vape-11-212x300.webp 212w, https:\/\/agoravape.com\/wp-content\/uploads\/2025\/10\/Cloud-Nine-D33-20K-Puffs-Dual-Power-Mode-Vape_Agora_vape-11-724x1024.webp 724w, https:\/\/agoravape.com\/wp-content\/uploads\/2025\/10\/Cloud-Nine-D33-20K-Puffs-Dual-Power-Mode-Vape_Agora_vape-11-768x1086.webp 768w, https:\/\/agoravape.com\/wp-content\/uploads\/2025\/10\/Cloud-Nine-D33-20K-Puffs-Dual-Power-Mode-Vape_Agora_vape-11-1086x1536.webp 1086w, https:\/\/agoravape.com\/wp-content\/uploads\/2025\/10\/Cloud-Nine-D33-20K-Puffs-Dual-Power-Mode-Vape_Agora_vape-11-1448x2048.webp 1448w\" sizes=\"auto, (max-width: 1810px) 100vw, 1810px\" \/><\/h2>\n<h2 data-v-md-heading=\"cloud-nine-d33-20-what-are-the-special-features-of-a-dual-power-mode-vape-with-a-capacity-of-000\" data-v-md-line=\"3\">Cloud Nine D33 20, Quelles sont les caract\u00e9ristiques sp\u00e9ciales d'une cigarette \u00e9lectronique \u00e0 double mode de puissance d'une capacit\u00e9 de 000 ?<\/h2>\n<p data-v-md-line=\"4\">Si vous en avez assez de tomber en panne de e-liquide juste apr\u00e8s avoir savour\u00e9 un d\u00e9licieux repas, le Cloud Nine D33 vous simplifiera la vie. Con\u00e7u pour une utilisation prolong\u00e9e, il offre jusqu'\u00e0 20\u00a0000 bouff\u00e9es et dispose d'un double mode de puissance pratique, vous permettant de choisir entre une aspiration douce ou une saveur plus intense.<\/p>\n<p data-v-md-line=\"6\">Pour une saveur toujours constante et facile \u00e0 obtenir, cette cigarette \u00e9lectronique est id\u00e9ale. Choisissez votre ar\u00f4me, prenez une bouff\u00e9e et savourez. Aucun apprentissage, aucun r\u00e9glage fastidieux.<\/p>\n<h2 data-v-md-heading=\"excellent-performance-easy-and-convenient\" data-v-md-line=\"8\">Excellentes performances, facile et pratique<\/h2>\n<p data-v-md-line=\"9\">\u00c0 l'int\u00e9rieur, une r\u00e9sistance mesh assure propret\u00e9 et uniformit\u00e9 de la vapeur \u00e0 chaque inhalation. La r\u00e9sistance chauffe de mani\u00e8re homog\u00e8ne, garantissant une saveur riche et constante du d\u00e9but \u00e0 la fin. Le D33 est dot\u00e9 d'un double mode de puissance, avec une puissance de sortie r\u00e9glable de 13 \u00e0 23 watts, vous permettant ainsi de profiter d'une vape douce au quotidien ou de passer \u00e0 une puissance accrue lorsque vous en avez besoin. Lorsque la batterie est faible, vous pouvez la recharger et continuer \u00e0 l'utiliser.<\/p>\n<h2 data-v-md-heading=\"specification-introduction\" data-v-md-line=\"11\">Introduction aux sp\u00e9cifications<\/h2>\n<ul data-v-md-line=\"12\">\n<li>Fr\u00e9quence d'aspiration : jusqu'\u00e0 20\u00a0000 fois<\/li>\n<li>Nicotine\u00a0: 5\u00a0% (50\u00a0mg\/ml), la quantit\u00e9 exacte peut varier selon le pays ou la r\u00e9gion, en fonction de la r\u00e9glementation locale.<\/li>\n<li>Principe de fonctionnement : Activation par inhalation<\/li>\n<li>M\u00e9thode de chargement\u00a0: chargement USB<\/li>\n<li>Capacit\u00e9 du r\u00e9servoir d'e-liquide : 26 millilitres<\/li>\n<li>Batterie : 500 mAh<\/li>\n<li>R\u00e9sistance : Mesh, en option 1,0 \u03a9 ou 0,5 \u03a9<\/li>\n<li>\u00c9tat : Pr\u00eat \u00e0 l'emploi d\u00e8s le d\u00e9ballage<\/li>\n<\/ul>\n<h2 data-v-md-heading=\"full-range-of-flavors\" data-v-md-line=\"21\">Full range of flavors<\/h2>\n<ul data-v-md-line=\"22\">\n<li>Monnaie de Miami<\/li>\n<li>chewing-gum au smoothie aux myrtilles<\/li>\n<li>Past\u00e8que et myrtilles<\/li>\n<li>guimauves aux myrtilles<\/li>\n<li>Smoothie \u00e0 la p\u00eache<\/li>\n<li>Myrtilles et p\u00eaches<\/li>\n<li>Myrtilles et framboises<\/li>\n<li>Smoothie aux myrtilles<\/li>\n<li>Smoothie \u00e0 la past\u00e8que<\/li>\n<li>Grape smoothie<\/li>\n<\/ul>\n<h2 data-v-md-heading=\"for-you-for-your-business\" data-v-md-line=\"33\">Pour vous, pour votre entreprise<\/h2>\n<p data-v-md-line=\"34\">Vous pouvez acheter Cloud Nine D33 pour votre consommation personnelle ou l'ajouter \u00e0 votre boutique. Nous proposons \u00e9galement la vente en gros, garantissant ainsi un approvisionnement constant de vos rayons en nouveaux produits aux saveurs vari\u00e9es. N'h\u00e9sitez pas \u00e0 nous contacter pour conna\u00eetre les quantit\u00e9s disponibles et les promotions en cours.<\/p>\n<p data-v-md-line=\"36\">Nous proposons des services de livraison DDP (TTC) dans toute l'Europe via des transporteurs de confiance tels que UPS, DPD et DHL, vous permettant ainsi de recevoir vos marchandises facilement et en toute s\u00e9curit\u00e9, sans probl\u00e8me de douane. Si votre march\u00e9 applique une r\u00e9glementation sp\u00e9cifique concernant la concentration de nicotine ou l'\u00e9tiquetage, nous adapterons votre commande aux exigences locales.<\/p>\n<h2 data-v-md-heading=\"why-do-you-like-it\" data-v-md-line=\"38\">Pourquoi l'aimes-tu ?<\/h2>\n<ul data-v-md-line=\"39\">\n<li>Grande capacit\u00e9 : jusqu'\u00e0 20\u00a0000 bouff\u00e9es, ce qui signifie moins de recharges et une exp\u00e9rience de vapotage plus agr\u00e9able.<\/li>\n<li>Plusieurs options de puissance\u00a0: le mode double vous permet de choisir entre une aspiration plus douce ou une saveur plus intense selon votre humeur.<\/li>\n<li>Rechargeable : Vous pouvez utiliser tout le e-liquide que vous achetez au lieu de jeter la moiti\u00e9 de l'appareil.<\/li>\n<li>R\u00e9sistance mesh : pr\u00e9serve un go\u00fbt pur et constant de la premi\u00e8re \u00e0 la derni\u00e8re bouch\u00e9e.<\/li>\n<\/ul>\n<h2 data-v-md-heading=\"why-choose-to-collaborate-with-agoravape\" data-v-md-line=\"44\">Pourquoi choisir de collaborer avec AgoraVape ?<\/h2>\n<p data-v-md-line=\"45\">Nous ne vendons que des produits 100 % authentiques provenant de fournisseurs de confiance. Nos clients professionnels b\u00e9n\u00e9ficient de tarifs de gros avantageux, d'une assistance fiable et d'une livraison DDP rapide via Cloud Nine D33. Si vous recherchez un produit jetable durable et pl\u00e9biscit\u00e9 par vos clients, n'h\u00e9sitez pas \u00e0 nous contacter.<\/p>\n<p><script src=\"chrome-extension:\/\/fpelahbljekknahkcaegamhcndkfpfnc\/iFrame.js\" type=\"text\/javascript\"><\/script><\/p>","protected":false},"excerpt":{"rendered":"<p>&nbsp;<\/p>\n<p><script src=\"chrome-extension:\/\/fpelahbljekknahkcaegamhcndkfpfnc\/iFrame.js\" type=\"text\/javascript\"><\/script><\/p>\n<p><script src=\"chrome-extension:\/\/fpelahbljekknahkcaegamhcndkfpfnc\/iFrame.js\" type=\"text\/javascript\"><\/script><\/p>\n<p><script src=\"chrome-extension:\/\/fpelahbljekknahkcaegamhcndkfpfnc\/iFrame.js\" type=\"text\/javascript\"><\/script><\/p>\n<p><script src=\"chrome-extension:\/\/fpelahbljekknahkcaegamhcndkfpfnc\/iFrame.js\" type=\"text\/javascript\"><\/script><\/p>\n<p><script src=\"chrome-extension:\/\/fpelahbljekknahkcaegamhcndkfpfnc\/iFrame.js\" type=\"text\/javascript\"><\/script><\/p>\n<p><script src=\"chrome-extension:\/\/fpelahbljekknahkcaegamhcndkfpfnc\/iFrame.js\" type=\"text\/javascript\"><\/script><\/p>\n<p><script src=\"chrome-extension:\/\/fpelahbljekknahkcaegamhcndkfpfnc\/iFrame.js\" type=\"text\/javascript\"><\/script><\/p>\n<p><script src=\"chrome-extension:\/\/fpelahbljekknahkcaegamhcndkfpfnc\/iFrame.js\" type=\"text\/javascript\"><\/script><\/p>\n<p><script src=\"chrome-extension:\/\/fpelahbljekknahkcaegamhcndkfpfnc\/iFrame.js\" type=\"text\/javascript\"><\/script><\/p>\n<p><script src=\"chrome-extension:\/\/fpelahbljekknahkcaegamhcndkfpfnc\/iFrame.js\" type=\"text\/javascript\"><\/script><\/p>","protected":false},"featured_media":15595,"comment_status":"open","ping_status":"closed","template":"","meta":[],"product_brand":[224],"product_cat":[124,185,194,151,177,174,175,193,191,173,186,180,190],"product_tag":[],"class_list":{"0":"post-15575","1":"product","2":"type-product","3":"status-publish","4":"has-post-thumbnail","6":"product_brand-cloud-nine","7":"product_cat-vape-by-brand","8":"product_cat-10000-puffs-high-capacity","9":"product_cat-adjustable-airflow","10":"product_cat-cloud-nine","11":"product_cat-dessert-sweets","12":"product_cat-fruit-flavors","13":"product_cat-icy-mint","14":"product_cat-mesh-coil","15":"product_cat-rechargeable-disposables","16":"product_cat-vape-by-flavor-profile","17":"product_cat-vape-by-nicotine-strength","18":"product_cat-vape-by-puff-count","19":"product_cat-vape-by-feature-or-type","21":"first","22":"onbackorder","23":"shipping-taxable","24":"purchasable","25":"product-type-variable","26":"has-default-attributes"},"tiered_pricing_type":"percentage","tiered_pricing_fixed_rules":[],"tiered_pricing_product_settings":{"layout":"default","base_unit_name":{"singular":null,"plural":null},"default_variation":null},"tiered_pricing_minimum_quantity":10,"tiered_pricing_roles_data":[],"tiered_pricing_percentage_rules":{"50":"35","100":"40","200":"44","500":"47","1000":"49"},"tiered_pricing_maximum_quantity":null,"tiered_pricing_quantity_step":"10","_links":{"self":[{"href":"https:\/\/agoravape.com\/fr\/wp-json\/wp\/v2\/product\/15575","targetHints":{"allow":["GET"]}}],"collection":[{"href":"https:\/\/agoravape.com\/fr\/wp-json\/wp\/v2\/product"}],"about":[{"href":"https:\/\/agoravape.com\/fr\/wp-json\/wp\/v2\/types\/product"}],"replies":[{"embeddable":true,"href":"https:\/\/agoravape.com\/fr\/wp-json\/wp\/v2\/comments?post=15575"}],"version-history":[{"count":0,"href":"https:\/\/agoravape.com\/fr\/wp-json\/wp\/v2\/product\/15575\/revisions"}],"wp:featuredmedia":[{"embeddable":true,"href":"https:\/\/agoravape.com\/fr\/wp-json\/wp\/v2\/media\/15595"}],"wp:attachment":[{"href":"https:\/\/agoravape.com\/fr\/wp-json\/wp\/v2\/media?parent=15575"}],"wp:term":[{"taxonomy":"product_brand","embeddable":true,"href":"https:\/\/agoravape.com\/fr\/wp-json\/wp\/v2\/product_brand?post=15575"},{"taxonomy":"product_cat","embeddable":true,"href":"https:\/\/agoravape.com\/fr\/wp-json\/wp\/v2\/product_cat?post=15575"},{"taxonomy":"product_tag","embeddable":true,"href":"https:\/\/agoravape.com\/fr\/wp-json\/wp\/v2\/product_tag?post=15575"}],"curies":[{"name":"wp","href":"https:\/\/api.w.org\/{rel}","templated":true}]}}