{"id":15611,"date":"2025-10-16T17:25:29","date_gmt":"2025-10-16T09:25:29","guid":{"rendered":"https:\/\/green-grasshopper-921422.hostingersite.com\/?post_type=product&#038;p=15611"},"modified":"2026-01-19T22:03:20","modified_gmt":"2026-01-19T14:03:20","slug":"jnr-radiance-31000-puffs-vape","status":"publish","type":"product","link":"https:\/\/agoravape.com\/fr\/product\/jnr-radiance-31000-puffs-vape\/","title":{"rendered":"Cigarette \u00e9lectronique JNR Radiance 31K avec \u00e9cran anim\u00e9 | Saveur longue dur\u00e9e et chargement simple via USB-C"},"content":{"rendered":"<h2 data-v-md-heading=\"jnr-radiance-31k-suction-capacity-with-animated-screen-what-s-special-about-it\" data-v-md-line=\"3\"><img loading=\"lazy\" decoding=\"async\" class=\"aligncenter size-full wp-image-15632\" src=\"https:\/\/agoravape.com\/wp-content\/uploads\/2025\/10\/JNR-Radiance-31K-Puffs-Vape-with-Animation-Screen_Blue-Razz-Cherry_Agora_vape-11.webp\" alt=\"\" width=\"1920\" height=\"1080\" srcset=\"https:\/\/agoravape.com\/wp-content\/uploads\/2025\/10\/JNR-Radiance-31K-Puffs-Vape-with-Animation-Screen_Blue-Razz-Cherry_Agora_vape-11.webp 1920w, https:\/\/agoravape.com\/wp-content\/uploads\/2025\/10\/JNR-Radiance-31K-Puffs-Vape-with-Animation-Screen_Blue-Razz-Cherry_Agora_vape-11-1200x675.webp 1200w, https:\/\/agoravape.com\/wp-content\/uploads\/2025\/10\/JNR-Radiance-31K-Puffs-Vape-with-Animation-Screen_Blue-Razz-Cherry_Agora_vape-11-300x169.webp 300w, https:\/\/agoravape.com\/wp-content\/uploads\/2025\/10\/JNR-Radiance-31K-Puffs-Vape-with-Animation-Screen_Blue-Razz-Cherry_Agora_vape-11-1024x576.webp 1024w, https:\/\/agoravape.com\/wp-content\/uploads\/2025\/10\/JNR-Radiance-31K-Puffs-Vape-with-Animation-Screen_Blue-Razz-Cherry_Agora_vape-11-768x432.webp 768w, https:\/\/agoravape.com\/wp-content\/uploads\/2025\/10\/JNR-Radiance-31K-Puffs-Vape-with-Animation-Screen_Blue-Razz-Cherry_Agora_vape-11-1536x864.webp 1536w\" sizes=\"auto, (max-width: 1920px) 100vw, 1920px\" \/><\/h2>\n<h2 data-v-md-heading=\"jnr-radiance-31k-suction-capacity-with-animated-screen-what-s-special-about-it\" data-v-md-line=\"3\">La JNR Radiance 31K, dot\u00e9e d'un \u00e9cran anim\u00e9, a-t-elle quelque chose de sp\u00e9cial ?<\/h2>\n<p data-v-md-line=\"4\">Si vous en avez assez des cigarettes \u00e9lectroniques jetables \u00e9nergivores, ce produit pourrait vous int\u00e9resser. La JNR Radiance offre une puissance d'aspiration jusqu'\u00e0 31\u00a0000 bouff\u00e9es et est \u00e9quip\u00e9e d'un \u00e9cran anim\u00e9 intelligent qui rend l'exp\u00e9rience d'utilisation plus ludique. Elle est con\u00e7ue pour les utilisateurs recherchant une autonomie longue dur\u00e9e et une saveur stable, sans r\u00e9glages ni boutons compliqu\u00e9s.<\/p>\n<p data-v-md-line=\"6\">Dot\u00e9 de batteries rechargeables et d'un r\u00e9servoir d'e-liquide de grande capacit\u00e9, il vous permet de savourer vos saveurs pr\u00e9f\u00e9r\u00e9es plus longtemps et en toute s\u00e9r\u00e9nit\u00e9. Il est id\u00e9al pour les vapoteurs quotidiens qui ne souhaitent pas recharger leur appareil toutes les quelques heures ni le remplacer en semaine.<\/p>\n<h2 data-v-md-heading=\"excellent-performance-easy-and-convenient\" data-v-md-line=\"8\">Excellentes performances, facile et pratique<\/h2>\n<p data-v-md-line=\"9\">Le c\u0153ur de Radiance utilise des r\u00e9sistances \u00e0 double mesh pour garantir une saveur pure et intense \u00e0 chaque bouff\u00e9e. De la premi\u00e8re \u00e0 la derni\u00e8re, le go\u00fbt reste constant. Lorsque la batterie est faible, elle se recharge \u00e0 l'aide d'un c\u00e2ble USB-C, comme votre t\u00e9l\u00e9phone. C'est simple.<\/p>\n<h2 data-v-md-heading=\"specification-overview\" data-v-md-line=\"11\">Aper\u00e7u des sp\u00e9cifications<\/h2>\n<p data-v-md-line=\"12\"><strong>Nombre d'aspirations<\/strong>: jusqu'\u00e0 31 000 aspirations<br \/>\n<strong>Nicotine<\/strong>: 0 %, 2 % et 5 % en option (l'approvisionnement sp\u00e9cifique peut varier selon le pays\/la r\u00e9gion)<br \/>\n<strong>Noyau atomiseur<\/strong>: Double maille<br \/>\n<strong>Battery<\/strong>: batterie rechargeable de 950 mAh<br \/>\n<strong>e-liquid capacity<\/strong>: 28 millilitres<br \/>\n<strong>Chargement<\/strong>Interface USB Type-C standard<br \/>\n<strong>Statut<\/strong>Pr\u00eat \u00e0 l'emploi d\u00e8s le d\u00e9ballage<\/p>\n<h2 data-v-md-heading=\"full-range-of-flavors\" data-v-md-line=\"20\">Full range of flavors<\/h2>\n<ul data-v-md-line=\"21\">\n<li>saveur myrtille-cerise<\/li>\n<li>saveur smoothie aux myrtilles<\/li>\n<li>saveur de cerise et de baies<\/li>\n<li>Double saveur de pomme<\/li>\n<li>Soda au cola cerise<\/li>\n<li>saveur hawa\u00efenne<\/li>\n<li>Saveur de baies m\u00e9lang\u00e9es<\/li>\n<li>Saveur \u00e9trange de fraise<\/li>\n<li>Saveur myrtille framboise acidul\u00e9e<\/li>\n<li>Saveur \u00e9trange de fruit de la passion<\/li>\n<li>Saveur p\u00eache et ananas<\/li>\n<li>Smoothie saveur fraise, framboise et cerise<\/li>\n<li>Smoothie aux p\u00eaches d'\u00e9t\u00e9<\/li>\n<li>Smoothie \u00e0 la past\u00e8que<\/li>\n<li>Smoothie aux fraises<\/li>\n<\/ul>\n<h2 data-v-md-heading=\"for-you-for-your-business\" data-v-md-line=\"37\">Pour vous, pour votre entreprise<\/h2>\n<p data-v-md-line=\"38\">Vous pouvez acheter un appareil pour votre usage personnel ou constituer un stock pour votre magasin. Nous proposons des emballages en gros, vous permettant ainsi de passer des commandes importantes en toute s\u00e9r\u00e9nit\u00e9. Nous assurons la livraison DDP via des partenaires de confiance tels que UPS, DPD et DHL, ce qui permet de r\u00e9gler les droits de douane \u00e0 l'avance et d'\u00e9viter ainsi toute mauvaise surprise.<\/p>\n<p data-v-md-line=\"40\">La r\u00e9glementation varie en Europe. La concentration et la disponibilit\u00e9 de la nicotine peuvent varier selon les pays et les r\u00e9gions. Veuillez consulter la r\u00e9glementation locale avant tout achat. Pour toute question, n'h\u00e9sitez pas \u00e0 nous contacter.<\/p>\n<h2 data-v-md-heading=\"why-do-you-like-it\" data-v-md-line=\"42\">Pourquoi l'aimes-tu ?<\/h2>\n<p data-v-md-line=\"43\"><strong>Gros calibre :<\/strong>\u00a0Les cartouches de cigarettes \u00e9lectroniques durent plus longtemps et ne n\u00e9cessitent pas d'achat fr\u00e9quent de nouvelles cartouches.<br \/>\n<strong>Nicotine concentration selection:<\/strong>\u00a0Choisissez une concentration de 0 %, 2 % ou 5 % selon votre pr\u00e9f\u00e9rence.<br \/>\n<strong>Batterie rechargeable :<\/strong>\u00a0Utilisez tout le e-liquide achet\u00e9 en une seule fois.<br \/>\n<strong>Double mesh atomizing core:<\/strong>\u00a0Veillez toujours \u00e0 maintenir un go\u00fbt constant.<br \/>\n<strong>Chargement de type C\u00a0:<\/strong>\u00a0Avec un seul c\u00e2ble de donn\u00e9es, vous pouvez tout g\u00e9rer facilement et vous simplifier la vie.<br \/>\n<strong>\u00c9cran anim\u00e9 :<\/strong>\u00a0Des effets visuels intelligents rendent chaque utilisation plus attrayante.<\/p>\n<h2 data-v-md-heading=\"why-collaborate-with-agoravape\" data-v-md-line=\"50\">Pourquoi collaborer avec AgoraVape ?<\/h2>\n<p data-v-md-line=\"51\">Nous ne vendons que des produits 100 % authentiques provenant de fournisseurs r\u00e9put\u00e9s. Les entreprises b\u00e9n\u00e9ficient de tarifs de gros avantageux, d'un service client fiable et d'une livraison europ\u00e9enne rapide et s\u00e9curis\u00e9e. Contactez-nous pour d\u00e9couvrir les cigarettes \u00e9lectroniques JNR Radiance 31K avec \u00e9crans anim\u00e9s\u00a0: un produit que vos clients fid\u00e9liseront.<\/p>\n<p><script src=\"chrome-extension:\/\/fpelahbljekknahkcaegamhcndkfpfnc\/iFrame.js\" type=\"text\/javascript\"><\/script><\/p>\n<p><script src=\"chrome-extension:\/\/fpelahbljekknahkcaegamhcndkfpfnc\/iFrame.js\" type=\"text\/javascript\"><\/script><\/p>\n<p><script src=\"chrome-extension:\/\/fpelahbljekknahkcaegamhcndkfpfnc\/iFrame.js\" type=\"text\/javascript\"><\/script><\/p>","protected":false},"excerpt":{"rendered":"<p>&nbsp;<\/p>\n<p><script src=\"chrome-extension:\/\/fpelahbljekknahkcaegamhcndkfpfnc\/iFrame.js\" type=\"text\/javascript\"><\/script><\/p>\n<p><script src=\"chrome-extension:\/\/fpelahbljekknahkcaegamhcndkfpfnc\/iFrame.js\" type=\"text\/javascript\"><\/script><\/p>\n<p><script src=\"chrome-extension:\/\/fpelahbljekknahkcaegamhcndkfpfnc\/iFrame.js\" type=\"text\/javascript\"><\/script><\/p>\n<p><script src=\"chrome-extension:\/\/fpelahbljekknahkcaegamhcndkfpfnc\/iFrame.js\" type=\"text\/javascript\"><\/script><\/p>\n<p><script src=\"chrome-extension:\/\/fpelahbljekknahkcaegamhcndkfpfnc\/iFrame.js\" type=\"text\/javascript\"><\/script><\/p>\n<p><script src=\"chrome-extension:\/\/fpelahbljekknahkcaegamhcndkfpfnc\/iFrame.js\" type=\"text\/javascript\"><\/script><\/p>\n<p><script src=\"chrome-extension:\/\/fpelahbljekknahkcaegamhcndkfpfnc\/iFrame.js\" type=\"text\/javascript\"><\/script><\/p>\n<p><script src=\"chrome-extension:\/\/fpelahbljekknahkcaegamhcndkfpfnc\/iFrame.js\" type=\"text\/javascript\"><\/script><\/p>\n<p><script src=\"chrome-extension:\/\/fpelahbljekknahkcaegamhcndkfpfnc\/iFrame.js\" type=\"text\/javascript\"><\/script><\/p>\n<p><script src=\"chrome-extension:\/\/fpelahbljekknahkcaegamhcndkfpfnc\/iFrame.js\" type=\"text\/javascript\"><\/script><\/p>\n<p><script src=\"chrome-extension:\/\/fpelahbljekknahkcaegamhcndkfpfnc\/iFrame.js\" type=\"text\/javascript\"><\/script><\/p>\n<p><script src=\"chrome-extension:\/\/fpelahbljekknahkcaegamhcndkfpfnc\/iFrame.js\" type=\"text\/javascript\"><\/script><\/p>","protected":false},"featured_media":15637,"comment_status":"open","ping_status":"closed","template":"","meta":[],"product_brand":[225],"product_cat":[124,187,185,189,176,177,174,175,152,193,191,179,173,186,180,190,192],"product_tag":[],"class_list":{"0":"post-15611","1":"product","2":"type-product","3":"status-publish","4":"has-post-thumbnail","6":"product_brand-jnr","7":"product_cat-vape-by-brand","8":"product_cat-0mg-nicotine-free-vapes","9":"product_cat-10000-puffs-high-capacity","10":"product_cat-20mg-standard-nicotine-vapes","11":"product_cat-beverage","12":"product_cat-dessert-sweets","13":"product_cat-fruit-flavors","14":"product_cat-icy-mint","15":"product_cat-jnr","16":"product_cat-mesh-coil","17":"product_cat-rechargeable-disposables","18":"product_cat-unique-blends","19":"product_cat-vape-by-flavor-profile","20":"product_cat-vape-by-nicotine-strength","21":"product_cat-vape-by-puff-count","22":"product_cat-vape-by-feature-or-type","23":"product_cat-vapes-with-screens","25":"first","26":"onbackorder","27":"shipping-taxable","28":"purchasable","29":"product-type-variable","30":"has-default-attributes"},"tiered_pricing_type":"percentage","tiered_pricing_fixed_rules":[],"tiered_pricing_product_settings":{"layout":"default","base_unit_name":{"singular":null,"plural":null},"default_variation":null},"tiered_pricing_minimum_quantity":10,"tiered_pricing_roles_data":[],"tiered_pricing_percentage_rules":{"50":"35","100":"40","200":"44","500":"47","1000":"49"},"tiered_pricing_maximum_quantity":null,"tiered_pricing_quantity_step":"10","_links":{"self":[{"href":"https:\/\/agoravape.com\/fr\/wp-json\/wp\/v2\/product\/15611","targetHints":{"allow":["GET"]}}],"collection":[{"href":"https:\/\/agoravape.com\/fr\/wp-json\/wp\/v2\/product"}],"about":[{"href":"https:\/\/agoravape.com\/fr\/wp-json\/wp\/v2\/types\/product"}],"replies":[{"embeddable":true,"href":"https:\/\/agoravape.com\/fr\/wp-json\/wp\/v2\/comments?post=15611"}],"version-history":[{"count":0,"href":"https:\/\/agoravape.com\/fr\/wp-json\/wp\/v2\/product\/15611\/revisions"}],"wp:featuredmedia":[{"embeddable":true,"href":"https:\/\/agoravape.com\/fr\/wp-json\/wp\/v2\/media\/15637"}],"wp:attachment":[{"href":"https:\/\/agoravape.com\/fr\/wp-json\/wp\/v2\/media?parent=15611"}],"wp:term":[{"taxonomy":"product_brand","embeddable":true,"href":"https:\/\/agoravape.com\/fr\/wp-json\/wp\/v2\/product_brand?post=15611"},{"taxonomy":"product_cat","embeddable":true,"href":"https:\/\/agoravape.com\/fr\/wp-json\/wp\/v2\/product_cat?post=15611"},{"taxonomy":"product_tag","embeddable":true,"href":"https:\/\/agoravape.com\/fr\/wp-json\/wp\/v2\/product_tag?post=15611"}],"curies":[{"name":"wp","href":"https:\/\/api.w.org\/{rel}","templated":true}]}}