{"id":15678,"date":"2025-10-16T18:23:46","date_gmt":"2025-10-16T10:23:46","guid":{"rendered":"https:\/\/green-grasshopper-921422.hostingersite.com\/?post_type=product&#038;p=15678"},"modified":"2026-03-26T13:22:38","modified_gmt":"2026-03-26T12:22:38","slug":"jnr-falcon-16000-puffs-jetable-vape","status":"publish","type":"product","link":"https:\/\/agoravape.com\/fr\/product\/jnr-falcon-16000-puffs-disposable-vape\/","title":{"rendered":"JNR Falcon 16K Puffs Disposable Vape with Airflow | Custom Airflow, Long-Lasting Flavour"},"content":{"rendered":"<h2 data-v-md-heading=\"what-are-the-special-features-of-jnr-falcon-16k-disposable-intake-vape\" data-v-md-line=\"3\"><img loading=\"lazy\" decoding=\"async\" class=\"aligncenter size-full wp-image-15671\" src=\"https:\/\/agoravape.com\/wp-content\/uploads\/2025\/10\/JNR-Falcon-16K-Puffs-Disposable-Vape-with-Airflow_Agora_vape-5.webp\" alt=\"\" width=\"1080\" height=\"1080\" srcset=\"https:\/\/agoravape.com\/wp-content\/uploads\/2025\/10\/JNR-Falcon-16K-Puffs-Disposable-Vape-with-Airflow_Agora_vape-5.webp 1080w, https:\/\/agoravape.com\/wp-content\/uploads\/2025\/10\/JNR-Falcon-16K-Puffs-Disposable-Vape-with-Airflow_Agora_vape-5-600x600.webp 600w, https:\/\/agoravape.com\/wp-content\/uploads\/2025\/10\/JNR-Falcon-16K-Puffs-Disposable-Vape-with-Airflow_Agora_vape-5-300x300.webp 300w, https:\/\/agoravape.com\/wp-content\/uploads\/2025\/10\/JNR-Falcon-16K-Puffs-Disposable-Vape-with-Airflow_Agora_vape-5-1024x1024.webp 1024w, https:\/\/agoravape.com\/wp-content\/uploads\/2025\/10\/JNR-Falcon-16K-Puffs-Disposable-Vape-with-Airflow_Agora_vape-5-150x150.webp 150w, https:\/\/agoravape.com\/wp-content\/uploads\/2025\/10\/JNR-Falcon-16K-Puffs-Disposable-Vape-with-Airflow_Agora_vape-5-768x768.webp 768w\" sizes=\"auto, (max-width: 1080px) 100vw, 1080px\" \/><\/h2>\n<h2 data-v-md-heading=\"what-are-the-special-features-of-jnr-falcon-16k-disposable-intake-vape\" data-v-md-line=\"3\"><img loading=\"lazy\" decoding=\"async\" class=\"aligncenter size-full wp-image-15670\" src=\"https:\/\/agoravape.com\/wp-content\/uploads\/2025\/10\/JNR-Falcon-16K-Puffs-Disposable-Vape-with-Airflow_Agora_vape-4.webp\" alt=\"\" width=\"1536\" height=\"864\" srcset=\"https:\/\/agoravape.com\/wp-content\/uploads\/2025\/10\/JNR-Falcon-16K-Puffs-Disposable-Vape-with-Airflow_Agora_vape-4.webp 1536w, https:\/\/agoravape.com\/wp-content\/uploads\/2025\/10\/JNR-Falcon-16K-Puffs-Disposable-Vape-with-Airflow_Agora_vape-4-1200x675.webp 1200w, https:\/\/agoravape.com\/wp-content\/uploads\/2025\/10\/JNR-Falcon-16K-Puffs-Disposable-Vape-with-Airflow_Agora_vape-4-300x169.webp 300w, https:\/\/agoravape.com\/wp-content\/uploads\/2025\/10\/JNR-Falcon-16K-Puffs-Disposable-Vape-with-Airflow_Agora_vape-4-1024x576.webp 1024w, https:\/\/agoravape.com\/wp-content\/uploads\/2025\/10\/JNR-Falcon-16K-Puffs-Disposable-Vape-with-Airflow_Agora_vape-4-768x432.webp 768w\" sizes=\"auto, (max-width: 1536px) 100vw, 1536px\" \/><\/h2>\n<h2 data-v-md-heading=\"what-are-the-special-features-of-jnr-falcon-16k-disposable-intake-vape\" data-v-md-line=\"3\">Quelles sont les caract\u00e9ristiques particuli\u00e8res du vaporisateur jetable JNR Falcon 16K\u00a0?<\/h2>\n<p data-v-md-line=\"4\">Si vous en avez assez de changer d'appareil tous les deux ou trois jours, le JNR Falcon 16K offre une autonomie exceptionnelle. Il est sp\u00e9cialement con\u00e7u pour ceux qui recherchent une cigarette \u00e9lectronique fiable, offrant une exp\u00e9rience savoureuse et facile \u00e0 utiliser. Plus besoin de r\u00e9glages compliqu\u00e9s ni de menus complexes.<\/p>\n<p data-v-md-line=\"6\">Vous pouvez ajuster le volume d'aspiration pour moduler facilement votre exp\u00e9rience. Une prise ferme offre une sensation similaire \u00e0 celle d'une cigarette, tandis qu'une prise plus l\u00e9g\u00e8re produit une vapeur plus abondante. Son aspect cristallin lui conf\u00e8re une allure raffin\u00e9e, un toucher agr\u00e9able et une grande durabilit\u00e9.<\/p>\n<h2 data-v-md-heading=\"excellent-performance-worry-free\" data-v-md-line=\"8\">Excellentes performances, sans souci<\/h2>\n<p data-v-md-line=\"9\">\u00c0 l'int\u00e9rieur, une double r\u00e9sistance mesh assure une saveur constante de la premi\u00e8re \u00e0 la derni\u00e8re bouff\u00e9e. La r\u00e9sistance mesh chauffe uniform\u00e9ment, offrant ainsi \u00e0 votre e-liquide un go\u00fbt pur et intense. Contrairement aux cigarettes jetables longue dur\u00e9e, Falcon pr\u00e9serve l'ar\u00f4me des cigarettes \u00e9lectroniques classiques. Lorsque la batterie est faible, il suffit de la recharger via USB pour continuer \u00e0 l'utiliser. C'est simple comme bonjour.<\/p>\n<h2 data-v-md-heading=\"specification-introduction\" data-v-md-line=\"11\">Introduction aux sp\u00e9cifications<\/h2>\n<ul data-v-md-line=\"12\">\n<li>Fr\u00e9quence d'aspiration : jusqu'\u00e0 16\u00a0000 fois<\/li>\n<li>Teneur en nicotine : 0 %, 2 %, 5 %<\/li>\n<li>Capacit\u00e9 du r\u00e9servoir d'e-liquide : 22 millilitres<\/li>\n<li>Noyau atomiseur : double maille<\/li>\n<li>Volume d'admission : r\u00e9glable<\/li>\n<li>Battery: 850 mAh rechargeable battery<\/li>\n<li>Working principle: Activate by inhaling<\/li>\n<li>Recharge : peut \u00eatre recharg\u00e9 via un port USB<\/li>\n<li>\u00c9tat : Pr\u00eat \u00e0 l'emploi d\u00e8s la sortie de l'emballage<\/li>\n<li>Apparence : Design artisanal en cristal<\/li>\n<\/ul>\n<h2 data-v-md-heading=\"multiple-flavor-options\" data-v-md-line=\"23\">Plusieurs options de saveurs<\/h2>\n<ul data-v-md-line=\"24\">\n<li>Ar\u00f4me de m\u00fbre et de framboise rouge<\/li>\n<li>saveur smoothie aux myrtilles<\/li>\n<li>Saveur mangue et fruit de la passion<\/li>\n<li>Saveur \u00e9trange de fraise<\/li>\n<li>Smoothie \u00e0 la past\u00e8que<\/li>\n<li>Il y a \u00e9galement 20 saveurs au choix.<\/li>\n<\/ul>\n<h2 data-v-md-heading=\"born-for-you-and-your-business\" data-v-md-line=\"31\">Con\u00e7u pour vous et votre entreprise<\/h2>\n<p data-v-md-line=\"32\">Achetez la JNR Falcon 16K pour un usage quotidien ou pour compl\u00e9ter votre stock. Nous proposons la vente \u00e0 l'unit\u00e9 et par carton complet en gros pour optimiser l'espace dans vos rayons. La quantit\u00e9 de cartons complets varie selon le volume de la commande. Veuillez nous contacter pour conna\u00eetre les dimensions actuelles des cartons et nos tarifs d\u00e9gressifs.<\/p>\n<p data-v-md-line=\"34\">Nous collaborons avec des partenaires de confiance tels que UPS, DPD et DHL pour assurer la livraison DDP dans toute l'Europe, garantissant ainsi une livraison rapide de vos commandes et la prise en charge des droits de douane. \u00c9vitez les probl\u00e8mes de douane.<\/p>\n<h2 data-v-md-heading=\"why-do-you-like-it\" data-v-md-line=\"36\">Pourquoi l'aimes-tu ?<\/h2>\n<ul data-v-md-line=\"37\">\n<li>Capacit\u00e9 d'aspiration ultra-large\u00a0: jusqu'\u00e0 16\u00a0000 orifices, ce qui signifie moins de remplacements et une valeur plus \u00e9lev\u00e9e par appareil.<\/li>\n<li>S\u00e9lection du taux de nicotine\u00a0: Choisissez 0\u00a0%, 2\u00a0% ou 5\u00a0% selon votre pr\u00e9f\u00e9rence.<\/li>\n<li>Rechargeable : Utilisez 22 ml d'e-liquide complet sans jeter la moiti\u00e9 de l'appareil.<\/li>\n<li>R\u00e9sistance en mesh : La r\u00e9sistance en mesh double couche offre une saveur stable et riche.<\/li>\n<li>Admission r\u00e9glable : Elle peut \u00eatre ajust\u00e9e en quelques secondes pour une force d'aspiration plus forte ou un flux d'air plus l\u00e2che.<\/li>\n<\/ul>\n<h2 data-v-md-heading=\"why-choose-to-collaborate-with-agoravape\" data-v-md-line=\"43\">Pourquoi choisir de collaborer avec AgoraVape ?<\/h2>\n<p data-v-md-line=\"44\">Nous ne vendons que des produits 100 % authentiques, sans aucun doute. Les entreprises qui ach\u00e8tent les vaporisateurs jetables JNR Falcon 16K b\u00e9n\u00e9ficient de prix de gros avantageux, d'une assistance r\u00e9active et d'une livraison express. Contactez-nous pour vous approvisionner en ce produit que vos clients appr\u00e9cieront et dont ils pourront se procurer r\u00e9guli\u00e8rement.<\/p>","protected":false},"excerpt":{"rendered":"<p>&nbsp;<\/p>\n<p><script src=\"chrome-extension:\/\/fpelahbljekknahkcaegamhcndkfpfnc\/iFrame.js\" type=\"text\/javascript\"><\/script><\/p>\n<p><script src=\"chrome-extension:\/\/fpelahbljekknahkcaegamhcndkfpfnc\/iFrame.js\" type=\"text\/javascript\"><\/script><\/p>\n<p><script src=\"chrome-extension:\/\/fpelahbljekknahkcaegamhcndkfpfnc\/iFrame.js\" type=\"text\/javascript\"><\/script><\/p>\n<p><script src=\"chrome-extension:\/\/fpelahbljekknahkcaegamhcndkfpfnc\/iFrame.js\" type=\"text\/javascript\"><\/script><\/p>\n<p><script src=\"chrome-extension:\/\/fpelahbljekknahkcaegamhcndkfpfnc\/iFrame.js\" type=\"text\/javascript\"><\/script><\/p>\n<p><script src=\"chrome-extension:\/\/fpelahbljekknahkcaegamhcndkfpfnc\/iFrame.js\" type=\"text\/javascript\"><\/script><\/p>\n<p><script src=\"chrome-extension:\/\/fpelahbljekknahkcaegamhcndkfpfnc\/iFrame.js\" type=\"text\/javascript\"><\/script><\/p>\n<p><script src=\"chrome-extension:\/\/fpelahbljekknahkcaegamhcndkfpfnc\/iFrame.js\" type=\"text\/javascript\"><\/script><\/p>\n<p><script src=\"chrome-extension:\/\/fpelahbljekknahkcaegamhcndkfpfnc\/iFrame.js\" type=\"text\/javascript\"><\/script><\/p>\n<p><script src=\"chrome-extension:\/\/fpelahbljekknahkcaegamhcndkfpfnc\/iFrame.js\" type=\"text\/javascript\"><\/script><\/p>","protected":false},"featured_media":15680,"comment_status":"open","ping_status":"closed","template":"","meta":[],"product_brand":[225],"product_cat":[124,187,185,189,194,176,177,1674,174,175,152,193,191,179,173,186,180,190],"product_tag":[],"class_list":{"0":"post-15678","1":"product","2":"type-product","3":"status-publish","4":"has-post-thumbnail","6":"product_brand-jnr","7":"product_cat-vape-by-brand","8":"product_cat-0mg-nicotine-free-vapes","9":"product_cat-10000-puffs-high-capacity","10":"product_cat-20mg-standard-nicotine-vapes","11":"product_cat-adjustable-airflow","12":"product_cat-beverage","13":"product_cat-dessert-sweets","14":"product_cat-eu-warehouse","15":"product_cat-fruit-flavors","16":"product_cat-icy-mint","17":"product_cat-jnr","18":"product_cat-mesh-coil","19":"product_cat-rechargeable-disposables","20":"product_cat-unique-blends","21":"product_cat-vape-by-flavor-profile","22":"product_cat-vape-by-nicotine-strength","23":"product_cat-vape-by-puff-count","24":"product_cat-vape-by-feature-or-type","26":"first","27":"instock","28":"shipping-taxable","29":"purchasable","30":"product-type-variable","31":"has-default-attributes"},"tiered_pricing_type":"percentage","tiered_pricing_fixed_rules":[],"tiered_pricing_product_settings":{"layout":"default","base_unit_name":{"singular":null,"plural":null},"default_variation":null},"tiered_pricing_minimum_quantity":10,"tiered_pricing_roles_data":[],"tiered_pricing_percentage_rules":{"50":"35","100":"40","200":"44","500":"47","1000":"49"},"tiered_pricing_maximum_quantity":null,"tiered_pricing_quantity_step":"10","_links":{"self":[{"href":"https:\/\/agoravape.com\/fr\/wp-json\/wp\/v2\/product\/15678","targetHints":{"allow":["GET"]}}],"collection":[{"href":"https:\/\/agoravape.com\/fr\/wp-json\/wp\/v2\/product"}],"about":[{"href":"https:\/\/agoravape.com\/fr\/wp-json\/wp\/v2\/types\/product"}],"replies":[{"embeddable":true,"href":"https:\/\/agoravape.com\/fr\/wp-json\/wp\/v2\/comments?post=15678"}],"version-history":[{"count":0,"href":"https:\/\/agoravape.com\/fr\/wp-json\/wp\/v2\/product\/15678\/revisions"}],"wp:featuredmedia":[{"embeddable":true,"href":"https:\/\/agoravape.com\/fr\/wp-json\/wp\/v2\/media\/15680"}],"wp:attachment":[{"href":"https:\/\/agoravape.com\/fr\/wp-json\/wp\/v2\/media?parent=15678"}],"wp:term":[{"taxonomy":"product_brand","embeddable":true,"href":"https:\/\/agoravape.com\/fr\/wp-json\/wp\/v2\/product_brand?post=15678"},{"taxonomy":"product_cat","embeddable":true,"href":"https:\/\/agoravape.com\/fr\/wp-json\/wp\/v2\/product_cat?post=15678"},{"taxonomy":"product_tag","embeddable":true,"href":"https:\/\/agoravape.com\/fr\/wp-json\/wp\/v2\/product_tag?post=15678"}],"curies":[{"name":"wp","href":"https:\/\/api.w.org\/{rel}","templated":true}]}}