{"id":16108,"date":"2025-10-16T22:45:51","date_gmt":"2025-10-16T14:45:51","guid":{"rendered":"https:\/\/green-grasshopper-921422.hostingersite.com\/?post_type=product&#038;p=16108"},"modified":"2026-01-19T22:03:08","modified_gmt":"2026-01-19T14:03:08","slug":"jnr-mega-shisha-narguile-100k-vape","status":"publish","type":"product","link":"https:\/\/agoravape.com\/fr\/product\/jnr-mega-shisha-hookah-100k-vape\/","title":{"rendered":"JNR Mega Shisha Hookah 100K Puffs Desktop DTL Vape | Big Sessions, Easy Shisha-Style Draw"},"content":{"rendered":"<h2 data-v-md-heading=\"what-are-the-special-features-of-jnr-super-water-bottle-100000-mouth-desktop-dtl-vape\" data-v-md-line=\"3\"><img loading=\"lazy\" decoding=\"async\" class=\"aligncenter size-full wp-image-16169\" src=\"https:\/\/agoravape.com\/wp-content\/uploads\/2025\/10\/JNR-Mega-Shisha-Hookah-100K-Puffs-Desktop-DTL-Vape-Two-Apple_Agora_vape-16.webp\" alt=\"\" width=\"1920\" height=\"1080\" srcset=\"https:\/\/agoravape.com\/wp-content\/uploads\/2025\/10\/JNR-Mega-Shisha-Hookah-100K-Puffs-Desktop-DTL-Vape-Two-Apple_Agora_vape-16.webp 1920w, https:\/\/agoravape.com\/wp-content\/uploads\/2025\/10\/JNR-Mega-Shisha-Hookah-100K-Puffs-Desktop-DTL-Vape-Two-Apple_Agora_vape-16-1200x675.webp 1200w, https:\/\/agoravape.com\/wp-content\/uploads\/2025\/10\/JNR-Mega-Shisha-Hookah-100K-Puffs-Desktop-DTL-Vape-Two-Apple_Agora_vape-16-300x169.webp 300w, https:\/\/agoravape.com\/wp-content\/uploads\/2025\/10\/JNR-Mega-Shisha-Hookah-100K-Puffs-Desktop-DTL-Vape-Two-Apple_Agora_vape-16-1024x576.webp 1024w, https:\/\/agoravape.com\/wp-content\/uploads\/2025\/10\/JNR-Mega-Shisha-Hookah-100K-Puffs-Desktop-DTL-Vape-Two-Apple_Agora_vape-16-768x432.webp 768w, https:\/\/agoravape.com\/wp-content\/uploads\/2025\/10\/JNR-Mega-Shisha-Hookah-100K-Puffs-Desktop-DTL-Vape-Two-Apple_Agora_vape-16-1536x864.webp 1536w\" sizes=\"auto, (max-width: 1920px) 100vw, 1920px\" \/><\/h2>\n<h2 data-v-md-heading=\"what-are-the-special-features-of-jnr-super-water-bottle-100000-mouth-desktop-dtl-vape\" data-v-md-line=\"3\">Quelles sont les caract\u00e9ristiques particuli\u00e8res du vaporisateur de bureau DTL JNR Super Water Bottle 100000 ?<\/h2>\n<p data-v-md-line=\"4\">Si vous en avez assez de changer d'appareil tous les deux ou trois jours, ce produit con\u00e7u pour une utilisation prolong\u00e9e est fait pour vous. La bouteille d'eau JNR Super Water Bottle offre une aspiration directe (DTL) de type narguil\u00e9, id\u00e9ale pour une utilisation sur table, avec une capacit\u00e9 nominale de 100\u00a0000 bouff\u00e9es. Con\u00e7ue pour une utilisation prolong\u00e9e sans effort, elle assure un flux d'air r\u00e9gulier, une prise en main facile et une sensation en bouche qui ravira les amateurs de narguil\u00e9.<\/p>\n<p data-v-md-line=\"6\">Vous recherchez un produit alliant esth\u00e9tique et performance. Dot\u00e9 d'un \u00e9cran intelligent permettant une consultation rapide des informations, il diffuse une douce lumi\u00e8re respirante qui cr\u00e9e une ambiance relaxante. Son format g\u00e9n\u00e9reux peut para\u00eetre un peu sophistiqu\u00e9, mais il inspire confiance et semble con\u00e7u pour un usage social r\u00e9gulier.<\/p>\n<h2 data-v-md-heading=\"excellent-performance-without-any-complex-operations\" data-v-md-line=\"8\">Excellent performance without any complex operations<\/h2>\n<p data-v-md-line=\"9\">La chicha JNR Mega Shisha est con\u00e7ue pour une inhalation directe (DTL) propre et efficace. Son \u00e9cran intelligent vous permet de suivre l'aspiration en temps r\u00e9el. Un voyant lumineux s'allume \u00e0 chaque inhalation, confirmant ainsi son fonctionnement. Elle est \u00e9galement dot\u00e9e d'une fonction de temporisation automatique, limitant la dur\u00e9e d'aspiration \u00e0 8 secondes par inhalation, pour une aspiration stable et une s\u00e9curit\u00e9 optimale m\u00eame en cas d'utilisation fr\u00e9quente.<\/p>\n<h2 data-v-md-heading=\"specification-overview\" data-v-md-line=\"11\">Aper\u00e7u des sp\u00e9cifications<\/h2>\n<ul data-v-md-line=\"12\">\n<li>Fr\u00e9quence d'aspiration\u00a0: jusqu'\u00e0 100\u00a0000 fois (valeur nominale du fabricant\u00a0; l'efficacit\u00e9 r\u00e9elle varie selon la m\u00e9thode d'aspiration)<\/li>\n<li>M\u00e9thode de vaporisation\u00a0: aspiration pulmonaire (DTL), adapt\u00e9e \u00e0 une utilisation sur bureau<\/li>\n<li>S\u00e9curit\u00e9 : Protection automatique contre les surtensions, jusqu'\u00e0 8 secondes par inhalation<\/li>\n<li>Commentaires : Voyant de respiration et \u00e9cran intelligent<\/li>\n<li>Embout d'aspiration : y compris les embouts d'aspiration doubles<\/li>\n<li>\u00c9tat : Neuf sous blister<\/li>\n<\/ul>\n<h2 data-v-md-heading=\"full-range-of-flavors\" data-v-md-line=\"19\">Full range of flavors<\/h2>\n<ul data-v-md-line=\"20\">\n<li>Pommes doubles<\/li>\n<li>Amour 66<\/li>\n<li>Dame tueuse<\/li>\n<li>Panqu aux fraises<\/li>\n<li>raisins glac\u00e9s<\/li>\n<li>Comme les raisins<\/li>\n<li>Amour magique<\/li>\n<li>Glace \u00e0 la p\u00eache<\/li>\n<li>Blue Rink Ice<\/li>\n<li>Hawaii<\/li>\n<li>Kiwi, fruit de la passion, goyave<\/li>\n<li>Mon amour<\/li>\n<\/ul>\n<p><img loading=\"lazy\" decoding=\"async\" class=\"aligncenter size-full wp-image-16168\" src=\"https:\/\/agoravape.com\/wp-content\/uploads\/2025\/10\/JNR-Mega-Shisha-Hookah-100K-Puffs-Desktop-DTL-Vape-Two-Apple_Agora_vape-15.webp\" alt=\"\" width=\"1920\" height=\"1080\" srcset=\"https:\/\/agoravape.com\/wp-content\/uploads\/2025\/10\/JNR-Mega-Shisha-Hookah-100K-Puffs-Desktop-DTL-Vape-Two-Apple_Agora_vape-15.webp 1920w, https:\/\/agoravape.com\/wp-content\/uploads\/2025\/10\/JNR-Mega-Shisha-Hookah-100K-Puffs-Desktop-DTL-Vape-Two-Apple_Agora_vape-15-1200x675.webp 1200w, https:\/\/agoravape.com\/wp-content\/uploads\/2025\/10\/JNR-Mega-Shisha-Hookah-100K-Puffs-Desktop-DTL-Vape-Two-Apple_Agora_vape-15-300x169.webp 300w, https:\/\/agoravape.com\/wp-content\/uploads\/2025\/10\/JNR-Mega-Shisha-Hookah-100K-Puffs-Desktop-DTL-Vape-Two-Apple_Agora_vape-15-1024x576.webp 1024w, https:\/\/agoravape.com\/wp-content\/uploads\/2025\/10\/JNR-Mega-Shisha-Hookah-100K-Puffs-Desktop-DTL-Vape-Two-Apple_Agora_vape-15-768x432.webp 768w, https:\/\/agoravape.com\/wp-content\/uploads\/2025\/10\/JNR-Mega-Shisha-Hookah-100K-Puffs-Desktop-DTL-Vape-Two-Apple_Agora_vape-15-1536x864.webp 1536w, https:\/\/agoravape.com\/wp-content\/uploads\/2025\/10\/JNR-Mega-Shisha-Hookah-100K-Puffs-Desktop-DTL-Vape-Two-Apple_Agora_vape-15-978x550.webp 978w\" sizes=\"auto, (max-width: 1920px) 100vw, 1920px\" \/><\/p>\n<h2 data-v-md-heading=\"for-you-and-your-business\" data-v-md-line=\"33\">Pour vous et votre entreprise<\/h2>\n<p data-v-md-line=\"34\">Vous pouvez opter pour le vaporisateur de table JNR Mega Shisha Hookah 100K \u00e0 aspiration directe pour un usage personnel, ou l'installer dans votre salon ou magasin. Conditionnement\u00a0: 4 unit\u00e9s par carton pour les gros et 48 unit\u00e9s par carton standard. Nous proposons une livraison DDP (taxes acquitt\u00e9es) avec des partenaires de confiance tels que UPS, DPD et DHL afin de garantir des frais transparents et d'\u00e9viter tout probl\u00e8me de douane.<\/p>\n<p data-v-md-line=\"36\">Explication succincte de la conformit\u00e9\u00a0: Ces appareils de grande capacit\u00e9 peuvent ne pas \u00eatre conformes aux r\u00e9glementations TPD\/TRRP dans certains pays de l\u2019UE. Veuillez v\u00e9rifier la r\u00e9glementation locale avant de passer commande. Nous exp\u00e9dierons avec pr\u00e9caution et fournirons les documents n\u00e9cessaires pour les destinations conformes \u00e0 la r\u00e9glementation.<\/p>\n<h2 data-v-md-heading=\"why-do-you-like-it\" data-v-md-line=\"38\">Pourquoi l'aimes-tu ?<\/h2>\n<ul data-v-md-line=\"39\">\n<li>Grande capacit\u00e9 d'aspiration\u00a0: r\u00e9duit le nombre de remplacements, vous permettant de profiter plus longtemps de votre exp\u00e9rience.<\/li>\n<li>Aspiration DTL de bureau : style narguil\u00e9, flux d'air r\u00e9gulier.<\/li>\n<li>Embout d'aspiration double : Vous pouvez partager ou remplacer votre embout d'aspiration pr\u00e9f\u00e9r\u00e9 selon vos besoins.<\/li>\n<li>\u00c9cran intelligent et voyant lumineux respirant\u00a0: retour d\u2019information clair, utilisation facile.<\/li>\n<li>Dispositif de s\u00e9curit\u00e9 int\u00e9gr\u00e9\u00a0: la protection automatique contre la surchauffe lors d\u2019une aspiration prolong\u00e9e emp\u00eache toute surchauffe.<\/li>\n<\/ul>\n<h2 data-v-md-heading=\"why-choose-to-collaborate-with-agoravape\" data-v-md-line=\"45\">Pourquoi choisir de collaborer avec AgoraVape ?<\/h2>\n<p data-v-md-line=\"46\">Nous ne vendons que des produits authentiques, rigoureusement s\u00e9lectionn\u00e9s, et b\u00e9n\u00e9ficions du soutien d'une \u00e9quipe experte du march\u00e9. Les entreprises qui ach\u00e8tent les vaporisateurs de bureau JNR Mega Shisha Hookah 100K Puffs DTL profitent de prix de gros tr\u00e8s comp\u00e9titifs, d'une assistance r\u00e9active et d'une livraison DDP rapide. N'h\u00e9sitez pas \u00e0 nous contacter pour discuter de la cr\u00e9ation d'un produit qui s\u00e9duira vos clients.<\/p>\n<p data-v-md-line=\"46\"><img loading=\"lazy\" decoding=\"async\" class=\"aligncenter size-full wp-image-16167\" src=\"https:\/\/agoravape.com\/wp-content\/uploads\/2025\/10\/JNR-Mega-Shisha-Hookah-100K-Puffs-Desktop-DTL-Vape-Two-Apple_Agora_vape-14-scaled.webp\" alt=\"\" width=\"2560\" height=\"1440\" srcset=\"https:\/\/agoravape.com\/wp-content\/uploads\/2025\/10\/JNR-Mega-Shisha-Hookah-100K-Puffs-Desktop-DTL-Vape-Two-Apple_Agora_vape-14-scaled.webp 2560w, https:\/\/agoravape.com\/wp-content\/uploads\/2025\/10\/JNR-Mega-Shisha-Hookah-100K-Puffs-Desktop-DTL-Vape-Two-Apple_Agora_vape-14-scaled-1200x675.webp 1200w, https:\/\/agoravape.com\/wp-content\/uploads\/2025\/10\/JNR-Mega-Shisha-Hookah-100K-Puffs-Desktop-DTL-Vape-Two-Apple_Agora_vape-14-300x169.webp 300w, https:\/\/agoravape.com\/wp-content\/uploads\/2025\/10\/JNR-Mega-Shisha-Hookah-100K-Puffs-Desktop-DTL-Vape-Two-Apple_Agora_vape-14-1024x576.webp 1024w, https:\/\/agoravape.com\/wp-content\/uploads\/2025\/10\/JNR-Mega-Shisha-Hookah-100K-Puffs-Desktop-DTL-Vape-Two-Apple_Agora_vape-14-768x432.webp 768w, https:\/\/agoravape.com\/wp-content\/uploads\/2025\/10\/JNR-Mega-Shisha-Hookah-100K-Puffs-Desktop-DTL-Vape-Two-Apple_Agora_vape-14-1536x864.webp 1536w, https:\/\/agoravape.com\/wp-content\/uploads\/2025\/10\/JNR-Mega-Shisha-Hookah-100K-Puffs-Desktop-DTL-Vape-Two-Apple_Agora_vape-14-2048x1152.webp 2048w\" sizes=\"auto, (max-width: 2560px) 100vw, 2560px\" \/><\/p>\n<p><script src=\"chrome-extension:\/\/fpelahbljekknahkcaegamhcndkfpfnc\/iFrame.js\" type=\"text\/javascript\"><\/script><\/p>\n<p><script src=\"chrome-extension:\/\/fpelahbljekknahkcaegamhcndkfpfnc\/iFrame.js\" type=\"text\/javascript\"><\/script><\/p>","protected":false},"excerpt":{"rendered":"<p>&nbsp;<\/p>\n<p><script src=\"chrome-extension:\/\/fpelahbljekknahkcaegamhcndkfpfnc\/iFrame.js\" type=\"text\/javascript\"><\/script><\/p>\n<p><script src=\"chrome-extension:\/\/fpelahbljekknahkcaegamhcndkfpfnc\/iFrame.js\" type=\"text\/javascript\"><\/script><\/p>\n<p><script src=\"chrome-extension:\/\/fpelahbljekknahkcaegamhcndkfpfnc\/iFrame.js\" type=\"text\/javascript\"><\/script><\/p>\n<p><script src=\"chrome-extension:\/\/fpelahbljekknahkcaegamhcndkfpfnc\/iFrame.js\" type=\"text\/javascript\"><\/script><\/p>\n<p><script src=\"chrome-extension:\/\/fpelahbljekknahkcaegamhcndkfpfnc\/iFrame.js\" type=\"text\/javascript\"><\/script><\/p>\n<p><script src=\"chrome-extension:\/\/fpelahbljekknahkcaegamhcndkfpfnc\/iFrame.js\" type=\"text\/javascript\"><\/script><\/p>\n<p><script src=\"chrome-extension:\/\/fpelahbljekknahkcaegamhcndkfpfnc\/iFrame.js\" type=\"text\/javascript\"><\/script><\/p>\n<p><script src=\"chrome-extension:\/\/fpelahbljekknahkcaegamhcndkfpfnc\/iFrame.js\" type=\"text\/javascript\"><\/script><\/p>\n<p><script src=\"chrome-extension:\/\/fpelahbljekknahkcaegamhcndkfpfnc\/iFrame.js\" type=\"text\/javascript\"><\/script><\/p>\n<p><script src=\"chrome-extension:\/\/fpelahbljekknahkcaegamhcndkfpfnc\/iFrame.js\" type=\"text\/javascript\"><\/script><\/p>\n<p><script src=\"chrome-extension:\/\/fpelahbljekknahkcaegamhcndkfpfnc\/iFrame.js\" type=\"text\/javascript\"><\/script><\/p>","protected":false},"featured_media":16206,"comment_status":"open","ping_status":"closed","template":"","meta":[],"product_brand":[225],"product_cat":[124,187,185,189,176,174,175,152,193,191,179,173,186,180,190,192],"product_tag":[],"class_list":{"0":"post-16108","1":"product","2":"type-product","3":"status-publish","4":"has-post-thumbnail","6":"product_brand-jnr","7":"product_cat-vape-by-brand","8":"product_cat-0mg-nicotine-free-vapes","9":"product_cat-10000-puffs-high-capacity","10":"product_cat-20mg-standard-nicotine-vapes","11":"product_cat-beverage","12":"product_cat-fruit-flavors","13":"product_cat-icy-mint","14":"product_cat-jnr","15":"product_cat-mesh-coil","16":"product_cat-rechargeable-disposables","17":"product_cat-unique-blends","18":"product_cat-vape-by-flavor-profile","19":"product_cat-vape-by-nicotine-strength","20":"product_cat-vape-by-puff-count","21":"product_cat-vape-by-feature-or-type","22":"product_cat-vapes-with-screens","24":"first","25":"onbackorder","26":"shipping-taxable","27":"purchasable","28":"product-type-variable","29":"has-default-attributes"},"tiered_pricing_type":"percentage","tiered_pricing_fixed_rules":[],"tiered_pricing_product_settings":{"layout":"default","base_unit_name":{"singular":null,"plural":null},"default_variation":null},"tiered_pricing_minimum_quantity":10,"tiered_pricing_roles_data":[],"tiered_pricing_percentage_rules":{"50":"35","100":"40","200":"44","500":"47","1000":"49"},"tiered_pricing_maximum_quantity":null,"tiered_pricing_quantity_step":"10","_links":{"self":[{"href":"https:\/\/agoravape.com\/fr\/wp-json\/wp\/v2\/product\/16108","targetHints":{"allow":["GET"]}}],"collection":[{"href":"https:\/\/agoravape.com\/fr\/wp-json\/wp\/v2\/product"}],"about":[{"href":"https:\/\/agoravape.com\/fr\/wp-json\/wp\/v2\/types\/product"}],"replies":[{"embeddable":true,"href":"https:\/\/agoravape.com\/fr\/wp-json\/wp\/v2\/comments?post=16108"}],"version-history":[{"count":0,"href":"https:\/\/agoravape.com\/fr\/wp-json\/wp\/v2\/product\/16108\/revisions"}],"wp:featuredmedia":[{"embeddable":true,"href":"https:\/\/agoravape.com\/fr\/wp-json\/wp\/v2\/media\/16206"}],"wp:attachment":[{"href":"https:\/\/agoravape.com\/fr\/wp-json\/wp\/v2\/media?parent=16108"}],"wp:term":[{"taxonomy":"product_brand","embeddable":true,"href":"https:\/\/agoravape.com\/fr\/wp-json\/wp\/v2\/product_brand?post=16108"},{"taxonomy":"product_cat","embeddable":true,"href":"https:\/\/agoravape.com\/fr\/wp-json\/wp\/v2\/product_cat?post=16108"},{"taxonomy":"product_tag","embeddable":true,"href":"https:\/\/agoravape.com\/fr\/wp-json\/wp\/v2\/product_tag?post=16108"}],"curies":[{"name":"wp","href":"https:\/\/api.w.org\/{rel}","templated":true}]}}