{"id":16352,"date":"2025-10-17T15:00:02","date_gmt":"2025-10-17T07:00:02","guid":{"rendered":"https:\/\/green-grasshopper-921422.hostingersite.com\/?post_type=product&#038;p=16352"},"modified":"2026-01-19T22:03:03","modified_gmt":"2026-01-19T14:03:03","slug":"vozol-vista-20000-puffs-vape","status":"publish","type":"product","link":"https:\/\/agoravape.com\/fr\/product\/vozol-vista-20000-puffs-vape\/","title":{"rendered":"Vozol Vista 20000 bouff\u00e9es, cigarette \u00e9lectronique \u00e0 puissance r\u00e9glable | Grande autonomie et puissance personnalisable"},"content":{"rendered":"<h2 data-v-md-heading=\"what-is-special-about-the-vozol-vista-20000-port-adjustable-power-vape\" data-v-md-line=\"3\">Qu'est-ce qui rend le vaporisateur \u00e0 puissance r\u00e9glable Vozol Vista 20000 si particulier\u00a0?<\/h2>\n<p data-v-md-line=\"4\">Si vous en avez assez d'utiliser des cigarettes \u00e9lectroniques jetables en milieu de journ\u00e9e, ce produit pourrait vous int\u00e9resser. La Vozol Vista 20000 poss\u00e8de une autonomie exceptionnelle allant jusqu'\u00e0 20\u00a0000 utilisations et est \u00e9quip\u00e9e d'un syst\u00e8me de r\u00e9glage de puissance simple qui vous permet d'ajuster le niveau de vapeur selon vos envies.<\/p>\n<p data-v-md-line=\"6\">Si vous recherchez une cigarette \u00e9lectronique fiable, savoureuse et sans souci, ce produit est le choix id\u00e9al. Son \u00e9cran clair affiche vos r\u00e9glages et le niveau de batterie, vous permettant de suivre son utilisation en permanence. Facile \u00e0 utiliser, performant et efficace, il offre des r\u00e9sultats remarquables.<\/p>\n<h2 data-v-md-heading=\"excellent-performance-without-any-complexity\" data-v-md-line=\"8\">Excellentes performances sans aucune complexit\u00e9<\/h2>\n<p data-v-md-line=\"9\">Les r\u00e9sistances \u00e0 double mesh garantissent une saveur douce et riche du d\u00e9but \u00e0 la fin. Aucune odeur de br\u00fbl\u00e9 ne se d\u00e9gagera. Choisissez parmi six niveaux de puissance sur l'\u00e9cran LED\u00a0: boissons plus fra\u00eeches ou vapeur plus dense, selon vos pr\u00e9f\u00e9rences. Rechargez-le facilement gr\u00e2ce au port USB-C de votre t\u00e9l\u00e9phone. C'est simple comme bonjour.<\/p>\n<h2 data-v-md-heading=\"specification-overview\" data-v-md-line=\"11\">Aper\u00e7u des sp\u00e9cifications<\/h2>\n<p data-v-md-line=\"12\"><strong>Nombre d'aspirations<\/strong>: jusqu'\u00e0 20 000 aspirations<br \/>\n<strong>Teneur en nicotine<\/strong>: 5 % (50 milligrammes\/millilitre)<br \/>\n<strong>Principe de fonctionnement<\/strong>Simple et facile \u00e0 absorber<br \/>\n<strong>Chargement<\/strong>Interface USB Type-C standard<br \/>\n<strong>Noyau atomiseur<\/strong>Double c\u0153ur d'atomisation \u00e0 mailles fines pour un go\u00fbt constant.<br \/>\n<strong>\u00c9cran d'affichage<\/strong>\u00c9cran d'affichage num\u00e9rique LED, r\u00e9glage de la puissance \u00e0 6 vitesses<br \/>\n<strong>Fonctionnalit\u00e9s suppl\u00e9mentaires<\/strong>Trou pratique pour suspendre une corde<br \/>\n<strong>Statut<\/strong>Pr\u00eat \u00e0 l'emploi d\u00e8s le d\u00e9ballage<\/p>\n<h2 data-v-md-heading=\"full-range-of-flavors\" data-v-md-line=\"21\">Full range of flavors<\/h2>\n<ul data-v-md-line=\"22\">\n<li>Cherry Cola<\/li>\n<li>Glace \u00e0 la p\u00eache<\/li>\n<li>Glace \u00e0 la pomme verte<\/li>\n<li>Monnaie de Miami<\/li>\n<li>Glace au raisin<\/li>\n<li>Glace \u00e0 la past\u00e8que<\/li>\n<li>Blue Rink Ice<\/li>\n<li>Peach, Mango, Watermelon<\/li>\n<li>Fraise Mangue<\/li>\n<li>past\u00e8que framboise<\/li>\n<li>VZBULL<\/li>\n<li>Chewing-gum \u00e0 la past\u00e8que<\/li>\n<li>baies m\u00e9lang\u00e9es<\/li>\n<li>Citron et citron vert<\/li>\n<li>Ar\u00f4me fraise, framboise, cerise<\/li>\n<li>Saveur glace \u00e0 la mangue<\/li>\n<li>saveur banane cerise fruit du dragon<\/li>\n<li>saveur de pamplemousse et de fleur de sureau<\/li>\n<li>odeur de flamme de lave<\/li>\n<\/ul>\n<p><img loading=\"lazy\" decoding=\"async\" class=\"aligncenter size-full wp-image-16400\" src=\"https:\/\/agoravape.com\/wp-content\/uploads\/2025\/10\/Vozol-Vista-20000-Puffs-Power-Adjustable-Vape_Agora_vape-13.webp\" alt=\"\" width=\"2002\" height=\"2560\" srcset=\"https:\/\/agoravape.com\/wp-content\/uploads\/2025\/10\/Vozol-Vista-20000-Puffs-Power-Adjustable-Vape_Agora_vape-13.webp 2002w, https:\/\/agoravape.com\/wp-content\/uploads\/2025\/10\/Vozol-Vista-20000-Puffs-Power-Adjustable-Vape_Agora_vape-13-1200x1534.webp 1200w, https:\/\/agoravape.com\/wp-content\/uploads\/2025\/10\/Vozol-Vista-20000-Puffs-Power-Adjustable-Vape_Agora_vape-13-235x300.webp 235w, https:\/\/agoravape.com\/wp-content\/uploads\/2025\/10\/Vozol-Vista-20000-Puffs-Power-Adjustable-Vape_Agora_vape-13-801x1024.webp 801w, https:\/\/agoravape.com\/wp-content\/uploads\/2025\/10\/Vozol-Vista-20000-Puffs-Power-Adjustable-Vape_Agora_vape-13-768x982.webp 768w, https:\/\/agoravape.com\/wp-content\/uploads\/2025\/10\/Vozol-Vista-20000-Puffs-Power-Adjustable-Vape_Agora_vape-13-1201x1536.webp 1201w, https:\/\/agoravape.com\/wp-content\/uploads\/2025\/10\/Vozol-Vista-20000-Puffs-Power-Adjustable-Vape_Agora_vape-13-1602x2048.webp 1602w\" sizes=\"auto, (max-width: 2002px) 100vw, 2002px\" \/><\/p>\n<h2 data-v-md-heading=\"for-you-and-for-your-business-as-well\" data-v-md-line=\"42\">Pour vous, et pour votre entreprise \u00e9galement<\/h2>\n<p data-v-md-line=\"43\">Vous pouvez choisir le Vozol Vista 20000 ou l'ajouter \u00e0 votre boutique. Nous proposons des services de vente en gros au sein de l'Union europ\u00e9enne, avec transport DDP (taxes acquitt\u00e9es) pour un d\u00e9douanement sans encombre et sans incident. Nous collaborons avec des partenaires de confiance comme UPS, DPD et DHL pour un suivi fiable de votre commande.<\/p>\n<p data-v-md-line=\"45\">Pour toute commande en gros ou pour des assortiments de saveurs sp\u00e9cifiques, n'h\u00e9sitez pas \u00e0 nous contacter. Nous r\u00e9pondrons \u00e0 vos besoins et veillerons \u00e0 ce que vos rayons restent bien approvisionn\u00e9s.<\/p>\n<h2 data-v-md-heading=\"why-do-you-like-it\" data-v-md-line=\"47\">Pourquoi l'aimes-tu ?<\/h2>\n<p data-v-md-line=\"48\"><strong>Fumeur massif<\/strong>: dur\u00e9e de tabagisme prolong\u00e9e, pas besoin d'acheter fr\u00e9quemment de nouvelles cigarettes.<br \/>\n<strong>Intensit\u00e9 r\u00e9glable<\/strong>Choisissez entre une aspiration plus douce ou plus forte selon vos besoins.<br \/>\n<strong>Rechargeable, pratique \u00e0 utiliser<\/strong>Tous les e-liquides que vous achetez peuvent \u00eatre utilis\u00e9s.<br \/>\n<strong>Double mesh coils<\/strong>: peut apporter un go\u00fbt riche et constant \u00e0 chaque fois.<br \/>\n<strong>\u00c9cran clair<\/strong>Le niveau et l'autonomie de la batterie sont clairement visibles en un coup d'\u0153il.<br \/>\n<strong>Chargement de type C<\/strong>Utilisez votre c\u00e2ble de donn\u00e9es existant.<\/p>\n<h2 data-v-md-heading=\"why-choose-agoravape\" data-v-md-line=\"55\">Pourquoi choisir AgoraVape ?<\/h2>\n<p data-v-md-line=\"56\">Nous sommes l'un des distributeurs de cigarettes \u00e9lectroniques les plus fiables d'Europe. Nous ne vendons que des produits 100 % authentiques, certifi\u00e9s par les fabricants, et garantissons des paiements s\u00e9curis\u00e9s ainsi qu'un service client professionnel. Pour les professionnels, cela se traduit par des prix de gros avantageux, un stock important, une livraison rapide et une proc\u00e9dure de v\u00e9rification d'\u00e2ge rigoureuse. Contactez-nous d\u00e8s maintenant pour commander la cigarette \u00e9lectronique Vozol Vista 20000 \u00e0 puissance r\u00e9glable et offrez \u00e0 vos clients un produit de qualit\u00e9 qui les fid\u00e9lisera.<\/p>","protected":false},"excerpt":{"rendered":"<p>&nbsp;<\/p>\n<p><script src=\"chrome-extension:\/\/fpelahbljekknahkcaegamhcndkfpfnc\/iFrame.js\" type=\"text\/javascript\"><\/script><\/p>\n<p><script src=\"chrome-extension:\/\/fpelahbljekknahkcaegamhcndkfpfnc\/iFrame.js\" type=\"text\/javascript\"><\/script><\/p>\n<p><script src=\"chrome-extension:\/\/fpelahbljekknahkcaegamhcndkfpfnc\/iFrame.js\" type=\"text\/javascript\"><\/script><\/p>\n<p><script src=\"chrome-extension:\/\/fpelahbljekknahkcaegamhcndkfpfnc\/iFrame.js\" type=\"text\/javascript\"><\/script><\/p>\n<p><script src=\"chrome-extension:\/\/fpelahbljekknahkcaegamhcndkfpfnc\/iFrame.js\" type=\"text\/javascript\"><\/script><\/p>\n<p><script src=\"chrome-extension:\/\/fpelahbljekknahkcaegamhcndkfpfnc\/iFrame.js\" type=\"text\/javascript\"><\/script><\/p>\n<p><script src=\"chrome-extension:\/\/fpelahbljekknahkcaegamhcndkfpfnc\/iFrame.js\" type=\"text\/javascript\"><\/script><\/p>\n<p><script src=\"chrome-extension:\/\/fpelahbljekknahkcaegamhcndkfpfnc\/iFrame.js\" type=\"text\/javascript\"><\/script><\/p>\n<p><script src=\"chrome-extension:\/\/fpelahbljekknahkcaegamhcndkfpfnc\/iFrame.js\" type=\"text\/javascript\"><\/script><\/p>\n<p><script src=\"chrome-extension:\/\/fpelahbljekknahkcaegamhcndkfpfnc\/iFrame.js\" type=\"text\/javascript\"><\/script><\/p>\n<p><script src=\"chrome-extension:\/\/fpelahbljekknahkcaegamhcndkfpfnc\/iFrame.js\" type=\"text\/javascript\"><\/script><\/p>\n<p><script src=\"chrome-extension:\/\/fpelahbljekknahkcaegamhcndkfpfnc\/iFrame.js\" type=\"text\/javascript\"><\/script><\/p>","protected":false},"featured_media":16401,"comment_status":"open","ping_status":"closed","template":"","meta":[],"product_brand":[226],"product_cat":[124,185,1636,189,174,175,193,191,173,186,180,190,192,153],"product_tag":[],"class_list":{"0":"post-16352","1":"product","2":"type-product","3":"status-publish","4":"has-post-thumbnail","6":"product_brand-vozol","7":"product_cat-vape-by-brand","8":"product_cat-10000-puffs-high-capacity","9":"product_cat-20000-puffs","10":"product_cat-20mg-standard-nicotine-vapes","11":"product_cat-fruit-flavors","12":"product_cat-icy-mint","13":"product_cat-mesh-coil","14":"product_cat-rechargeable-disposables","15":"product_cat-vape-by-flavor-profile","16":"product_cat-vape-by-nicotine-strength","17":"product_cat-vape-by-puff-count","18":"product_cat-vape-by-feature-or-type","19":"product_cat-vapes-with-screens","20":"product_cat-vozol","22":"first","23":"onbackorder","24":"shipping-taxable","25":"purchasable","26":"product-type-variable","27":"has-default-attributes"},"tiered_pricing_type":"percentage","tiered_pricing_fixed_rules":[],"tiered_pricing_product_settings":{"layout":"default","base_unit_name":{"singular":null,"plural":null},"default_variation":null},"tiered_pricing_minimum_quantity":10,"tiered_pricing_roles_data":[],"tiered_pricing_percentage_rules":{"30":"29","50":"35","100":"40","200":"44","500":"47","1000":"49"},"tiered_pricing_maximum_quantity":null,"tiered_pricing_quantity_step":"10","_links":{"self":[{"href":"https:\/\/agoravape.com\/fr\/wp-json\/wp\/v2\/product\/16352","targetHints":{"allow":["GET"]}}],"collection":[{"href":"https:\/\/agoravape.com\/fr\/wp-json\/wp\/v2\/product"}],"about":[{"href":"https:\/\/agoravape.com\/fr\/wp-json\/wp\/v2\/types\/product"}],"replies":[{"embeddable":true,"href":"https:\/\/agoravape.com\/fr\/wp-json\/wp\/v2\/comments?post=16352"}],"version-history":[{"count":0,"href":"https:\/\/agoravape.com\/fr\/wp-json\/wp\/v2\/product\/16352\/revisions"}],"wp:featuredmedia":[{"embeddable":true,"href":"https:\/\/agoravape.com\/fr\/wp-json\/wp\/v2\/media\/16401"}],"wp:attachment":[{"href":"https:\/\/agoravape.com\/fr\/wp-json\/wp\/v2\/media?parent=16352"}],"wp:term":[{"taxonomy":"product_brand","embeddable":true,"href":"https:\/\/agoravape.com\/fr\/wp-json\/wp\/v2\/product_brand?post=16352"},{"taxonomy":"product_cat","embeddable":true,"href":"https:\/\/agoravape.com\/fr\/wp-json\/wp\/v2\/product_cat?post=16352"},{"taxonomy":"product_tag","embeddable":true,"href":"https:\/\/agoravape.com\/fr\/wp-json\/wp\/v2\/product_tag?post=16352"}],"curies":[{"name":"wp","href":"https:\/\/api.w.org\/{rel}","templated":true}]}}