{"id":16478,"date":"2025-10-17T15:19:27","date_gmt":"2025-10-17T07:19:27","guid":{"rendered":"https:\/\/green-grasshopper-921422.hostingersite.com\/?post_type=product&#038;p=16478"},"modified":"2026-01-30T17:23:57","modified_gmt":"2026-01-30T09:23:57","slug":"vozol-star-20k-20000-puffs-vape","status":"publish","type":"product","link":"https:\/\/agoravape.com\/fr\/product\/vozol-star-20k-20000-puffs-vape\/","title":{"rendered":"Vozol Star 20k Puffs Vape jetable avec \u00e9cran int\u00e9gral | Saveur longue dur\u00e9e, en toute simplicit\u00e9"},"content":{"rendered":"<h2 data-v-md-heading=\"what-is-special-about-the-vozol-star-20k-disposable-full-screen-vape\" data-v-md-line=\"3\"><img loading=\"lazy\" decoding=\"async\" class=\"aligncenter size-full wp-image-16512\" src=\"https:\/\/agoravape.com\/wp-content\/uploads\/2025\/10\/Vozol-Star-20k-Puffs-Disposable-Vape-with-Full-Screen_Agora_vape-2.webp\" alt=\"\" width=\"1920\" height=\"1080\" srcset=\"https:\/\/agoravape.com\/wp-content\/uploads\/2025\/10\/Vozol-Star-20k-Puffs-Disposable-Vape-with-Full-Screen_Agora_vape-2.webp 1920w, https:\/\/agoravape.com\/wp-content\/uploads\/2025\/10\/Vozol-Star-20k-Puffs-Disposable-Vape-with-Full-Screen_Agora_vape-2-1200x675.webp 1200w, https:\/\/agoravape.com\/wp-content\/uploads\/2025\/10\/Vozol-Star-20k-Puffs-Disposable-Vape-with-Full-Screen_Agora_vape-2-300x169.webp 300w, https:\/\/agoravape.com\/wp-content\/uploads\/2025\/10\/Vozol-Star-20k-Puffs-Disposable-Vape-with-Full-Screen_Agora_vape-2-1024x576.webp 1024w, https:\/\/agoravape.com\/wp-content\/uploads\/2025\/10\/Vozol-Star-20k-Puffs-Disposable-Vape-with-Full-Screen_Agora_vape-2-768x432.webp 768w, https:\/\/agoravape.com\/wp-content\/uploads\/2025\/10\/Vozol-Star-20k-Puffs-Disposable-Vape-with-Full-Screen_Agora_vape-2-1536x864.webp 1536w\" sizes=\"auto, (max-width: 1920px) 100vw, 1920px\" \/><\/h2>\n<h2 data-v-md-heading=\"what-is-special-about-the-vozol-star-20k-disposable-full-screen-vape\" data-v-md-line=\"3\">Qu'est-ce qui rend le vaporisateur jetable Vozol Star 20k \u00e0 \u00e9cran int\u00e9gral si sp\u00e9cial ?<\/h2>\n<p data-v-md-line=\"4\">Si vous en avez assez des cigarettes \u00e9lectroniques jetables avant le week-end, la Vozol Star 20k vous simplifiera la vie. Elle offre jusqu'\u00e0 20\u00a0000 inhalations et son \u00e9cran large affiche clairement le nombre de cycles. Plus besoin de deviner, plus besoin de s'inqui\u00e9ter.<\/p>\n<p data-v-md-line=\"6\">Si vous recherchez des saveurs authentiques sans avoir \u00e0 manipuler de boutons ou de menus, c'est le choix id\u00e9al. Prenez une gorg\u00e9e et savourez. Vous pourriez penser qu'une cigarette \u00e9lectronique avec autant d'autonomie serait encombrante, mais ce mod\u00e8le se glisse facilement dans une poche et est tr\u00e8s pratique \u00e0 transporter.<\/p>\n<h2 data-v-md-heading=\"excellent-performance-worry-free\" data-v-md-line=\"8\">Excellentes performances, sans souci<\/h2>\n<p data-v-md-line=\"9\">Le c\u0153ur du Star 20k est dot\u00e9 d'une r\u00e9sistance mesh, pour une saveur intense \u00e0 chaque bouff\u00e9e. La technologie de diffusion de parfum SiLC de Vozol garantit un ar\u00f4me pur et constant. Lorsque la batterie est faible, vous pouvez la recharger via l'interface USB-C, \u00e0 l'aide d'un c\u00e2ble compatible avec votre t\u00e9l\u00e9phone. Simple et pratique.<\/p>\n<h2 data-v-md-heading=\"specification-introduction\" data-v-md-line=\"11\">Introduction aux sp\u00e9cifications<\/h2>\n<ul data-v-md-line=\"12\">\n<li>Fr\u00e9quence d'aspiration : jusqu'\u00e0 20\u00a0000 fois<\/li>\n<li>Teneur en nicotine : 5 %<\/li>\n<li>Capacit\u00e9 du r\u00e9servoir d'e-liquide : 24 millilitres<\/li>\n<li>Batterie : batterie rechargeable de 650 mAh<\/li>\n<li>Atomization Core: Mesh Atomization Core<\/li>\n<li>\u00c9cran d'affichage\u00a0: Plein \u00e9cran<\/li>\n<li>Principe de fonctionnement : S'active en une seule bouff\u00e9e<\/li>\n<li>Chargement : interface USB Type-C<\/li>\n<li>\u00c9tat : Pr\u00eat \u00e0 l'emploi d\u00e8s le d\u00e9ballage<\/li>\n<\/ul>\n<h2 data-v-md-heading=\"full-range-of-flavors\" data-v-md-line=\"22\">Full range of flavors<\/h2>\n<ul data-v-md-line=\"23\">\n<li>Glace \u00e0 la past\u00e8que<\/li>\n<li>Glace au raisin<\/li>\n<li>Glace \u00e0 la mangue<\/li>\n<li>Glace Double Pomme<\/li>\n<li>fraise kiwi<\/li>\n<li>past\u00e8que framboise<\/li>\n<li>Blue Rink Ice<\/li>\n<li>Fraise Mangue<\/li>\n<li>Peach, Mango, Watermelon<\/li>\n<li>Cherry Cola<\/li>\n<li>Glace \u00e0 la p\u00eache<\/li>\n<li>baies m\u00e9lang\u00e9es<\/li>\n<li>Citron et citron vert<\/li>\n<li>Temp\u00eate de myrtilles<\/li>\n<li>Amour 777<\/li>\n<\/ul>\n<h2 data-v-md-heading=\"for-you-and-your-business\" data-v-md-line=\"39\">Pour vous et votre entreprise<\/h2>\n<p data-v-md-line=\"40\">Choisissez-en une pour vous ou achetez-en une pour votre magasin. Nous proposons des cartons en gros par lots de 200 pour un r\u00e9approvisionnement facile. Le transport des cartons est effectu\u00e9 en DDP (rendu droits acquitt\u00e9s) par des partenaires de confiance comme UPS, DPD et DHL afin d'\u00e9viter tout probl\u00e8me de douane.<\/p>\n<p data-v-md-line=\"42\">Si vous d\u00e9veloppez une gamme de produits pour fid\u00e9liser votre client\u00e8le, le Star 20k est une cigarette \u00e9lectronique jetable rechargeable de grande capacit\u00e9, dot\u00e9e d'un \u00e9cran clair et disponible en plusieurs saveurs populaires.<\/p>\n<h2 data-v-md-heading=\"why-do-you-like-it\" data-v-md-line=\"44\">Pourquoi l'aimes-tu ?<\/h2>\n<ul data-v-md-line=\"45\">\n<li>Grande capacit\u00e9 : Autonomie de la batterie prolong\u00e9e, pas besoin d'acheter fr\u00e9quemment de nouvelles cartouches.<\/li>\n<li>Affichage plein \u00e9cran : inutile de cliquer sur un bouton, l'\u00e9tat de l'appareil est clair en un coup d'\u0153il.<\/li>\n<li>Recharge pratique : la recharge de type C vous permet de recharger rapidement \u00e0 l'aide de votre c\u00e2ble de donn\u00e9es existant.<\/li>\n<li>R\u00e9sistance Mesh + technologie SiLC : Saveur constante.<\/li>\n<li>Grande capacit\u00e9 de 24 millilitres : con\u00e7ue pour une utilisation durable, aucun souci \u00e0 se faire.<\/li>\n<\/ul>\n<h2 data-v-md-heading=\"why-choose-to-collaborate-with-agoravape\" data-v-md-line=\"51\">Pourquoi choisir de collaborer avec AgoraVape ?<\/h2>\n<p data-v-md-line=\"52\">Nous achetons des produits 100 % authentiques et le garantissons. Pour les professionnels, cela signifie que les cigarettes \u00e9lectroniques jetables Vozol Star 20k \u00e0 \u00e9cran int\u00e9gral b\u00e9n\u00e9ficient de prix de gros avantageux, d'une assistance client rapide et d'une livraison express. Contactez-nous pour commander un appareil que vos clients appr\u00e9cieront sans aucun doute.<\/p>","protected":false},"excerpt":{"rendered":"<p>&nbsp;<\/p>\n<p><script src=\"chrome-extension:\/\/fpelahbljekknahkcaegamhcndkfpfnc\/iFrame.js\" type=\"text\/javascript\"><\/script><\/p>\n<p><script src=\"chrome-extension:\/\/fpelahbljekknahkcaegamhcndkfpfnc\/iFrame.js\" type=\"text\/javascript\"><\/script><\/p>\n<p><script src=\"chrome-extension:\/\/fpelahbljekknahkcaegamhcndkfpfnc\/iFrame.js\" type=\"text\/javascript\"><\/script><\/p>\n<p><script src=\"chrome-extension:\/\/fpelahbljekknahkcaegamhcndkfpfnc\/iFrame.js\" type=\"text\/javascript\"><\/script><\/p>\n<p><script src=\"chrome-extension:\/\/fpelahbljekknahkcaegamhcndkfpfnc\/iFrame.js\" type=\"text\/javascript\"><\/script><\/p>\n<p><script src=\"chrome-extension:\/\/fpelahbljekknahkcaegamhcndkfpfnc\/iFrame.js\" type=\"text\/javascript\"><\/script><\/p>\n<p><script src=\"chrome-extension:\/\/fpelahbljekknahkcaegamhcndkfpfnc\/iFrame.js\" type=\"text\/javascript\"><\/script><\/p>\n<p><script src=\"chrome-extension:\/\/fpelahbljekknahkcaegamhcndkfpfnc\/iFrame.js\" type=\"text\/javascript\"><\/script><\/p>\n<p><script src=\"chrome-extension:\/\/fpelahbljekknahkcaegamhcndkfpfnc\/iFrame.js\" type=\"text\/javascript\"><\/script><\/p>\n<p><script src=\"chrome-extension:\/\/fpelahbljekknahkcaegamhcndkfpfnc\/iFrame.js\" type=\"text\/javascript\"><\/script><\/p>\n<p><script src=\"chrome-extension:\/\/fpelahbljekknahkcaegamhcndkfpfnc\/iFrame.js\" type=\"text\/javascript\"><\/script><\/p>\n<p><script src=\"chrome-extension:\/\/fpelahbljekknahkcaegamhcndkfpfnc\/iFrame.js\" type=\"text\/javascript\"><\/script><\/p>","protected":false},"featured_media":16514,"comment_status":"open","ping_status":"closed","template":"","meta":[],"product_brand":[226],"product_cat":[124,185,189,174,175,193,191,173,186,180,190,192,153],"product_tag":[],"class_list":{"0":"post-16478","1":"product","2":"type-product","3":"status-publish","4":"has-post-thumbnail","6":"product_brand-vozol","7":"product_cat-vape-by-brand","8":"product_cat-10000-puffs-high-capacity","9":"product_cat-20mg-standard-nicotine-vapes","10":"product_cat-fruit-flavors","11":"product_cat-icy-mint","12":"product_cat-mesh-coil","13":"product_cat-rechargeable-disposables","14":"product_cat-vape-by-flavor-profile","15":"product_cat-vape-by-nicotine-strength","16":"product_cat-vape-by-puff-count","17":"product_cat-vape-by-feature-or-type","18":"product_cat-vapes-with-screens","19":"product_cat-vozol","21":"first","22":"onbackorder","23":"shipping-taxable","24":"purchasable","25":"product-type-variable","26":"has-default-attributes"},"tiered_pricing_type":"percentage","tiered_pricing_fixed_rules":[],"tiered_pricing_product_settings":{"layout":"default","base_unit_name":{"singular":null,"plural":null},"default_variation":null},"tiered_pricing_minimum_quantity":10,"tiered_pricing_roles_data":[],"tiered_pricing_percentage_rules":{"30":"29","50":"35","100":"40","200":"44","500":"47","1000":"49"},"tiered_pricing_maximum_quantity":null,"tiered_pricing_quantity_step":"10","_links":{"self":[{"href":"https:\/\/agoravape.com\/fr\/wp-json\/wp\/v2\/product\/16478","targetHints":{"allow":["GET"]}}],"collection":[{"href":"https:\/\/agoravape.com\/fr\/wp-json\/wp\/v2\/product"}],"about":[{"href":"https:\/\/agoravape.com\/fr\/wp-json\/wp\/v2\/types\/product"}],"replies":[{"embeddable":true,"href":"https:\/\/agoravape.com\/fr\/wp-json\/wp\/v2\/comments?post=16478"}],"version-history":[{"count":0,"href":"https:\/\/agoravape.com\/fr\/wp-json\/wp\/v2\/product\/16478\/revisions"}],"wp:featuredmedia":[{"embeddable":true,"href":"https:\/\/agoravape.com\/fr\/wp-json\/wp\/v2\/media\/16514"}],"wp:attachment":[{"href":"https:\/\/agoravape.com\/fr\/wp-json\/wp\/v2\/media?parent=16478"}],"wp:term":[{"taxonomy":"product_brand","embeddable":true,"href":"https:\/\/agoravape.com\/fr\/wp-json\/wp\/v2\/product_brand?post=16478"},{"taxonomy":"product_cat","embeddable":true,"href":"https:\/\/agoravape.com\/fr\/wp-json\/wp\/v2\/product_cat?post=16478"},{"taxonomy":"product_tag","embeddable":true,"href":"https:\/\/agoravape.com\/fr\/wp-json\/wp\/v2\/product_tag?post=16478"}],"curies":[{"name":"wp","href":"https:\/\/api.w.org\/{rel}","templated":true}]}}