{"id":16575,"date":"2025-10-17T15:39:59","date_gmt":"2025-10-17T07:39:59","guid":{"rendered":"https:\/\/green-grasshopper-921422.hostingersite.com\/?post_type=product&#038;p=16575"},"modified":"2026-01-13T01:09:17","modified_gmt":"2026-01-12T17:09:17","slug":"vhill-dazzle-50000-puffs-vape","status":"publish","type":"product","link":"https:\/\/agoravape.com\/fr\/product\/vhill-dazzle-50000-puffs-vape\/","title":{"rendered":"Vapeur Vhill Dazzle 50K bouff\u00e9es avec \u00e9cran LCD et double mesh | Saveur longue dur\u00e9e, en toute simplicit\u00e9"},"content":{"rendered":"<h2 data-v-md-heading=\"what-are-the-special-features-of-vhill-dazzle-50k-suction-lcd-screen-dual-mesh-vape\" data-v-md-line=\"3\">Quelles sont les caract\u00e9ristiques particuli\u00e8res du vaporisateur Vhill Dazzle 50K \u00e0 \u00e9cran LCD et double mesh par aspiration\u00a0?<\/h2>\n<p data-v-md-line=\"4\">Si vous en avez assez de remplacer vos cigarettes \u00e9lectroniques jetables tous les deux ou trois jours, ce produit peut vous simplifier la vie. La Vhill Dazzle est \u00e9quip\u00e9e de batteries rechargeables et d'un \u00e9cran LCD, offre jusqu'\u00e0 50\u00a0000 bouff\u00e9es et est facile \u00e0 utiliser.<\/p>\n<p data-v-md-line=\"6\">Pour une exp\u00e9rience de vapotage simple et pratique, tout en pr\u00e9servant une saveur exceptionnelle, ce produit est fait pour vous. Choisissez votre taux de nicotine et votre ar\u00f4me pr\u00e9f\u00e9r\u00e9s, puis vapotez. Inutile de naviguer dans des menus ou d'utiliser des boutons. Saveur constante, recharge facile.<\/p>\n<h2 data-v-md-heading=\"excellent-performance-easy-and-convenient\" data-v-md-line=\"8\">Excellentes performances, facile et pratique<\/h2>\n<p data-v-md-line=\"9\">La double r\u00e9sistance mesh est au c\u0153ur de ce produit. Elle chauffe uniform\u00e9ment et, m\u00eame apr\u00e8s plusieurs semaines d'utilisation, chaque bouff\u00e9e conserve toute sa puret\u00e9. L'\u00e9cran LCD affiche des informations claires et instantan\u00e9es, pour une utilisation quotidienne simplifi\u00e9e. Lorsque la batterie est faible, il suffit d'utiliser le c\u00e2ble de donn\u00e9es USB-C fourni. Facile \u00e0 utiliser.<\/p>\n<h2 data-v-md-heading=\"specification-introduction\" data-v-md-line=\"11\">Introduction aux sp\u00e9cifications<\/h2>\n<ul data-v-md-line=\"12\">\n<li>Fr\u00e9quence d'aspiration : jusqu'\u00e0 50\u00a0000 fois<\/li>\n<li>Concentration de nicotine\u00a0: 2\u00a0% et 5\u00a0% en option<\/li>\n<li>Principe de fonctionnement : Activation par inhalation<\/li>\n<li>Chargement\u00a0: port USB Type-C standard<\/li>\n<li>\u00c9tat : Pr\u00eat \u00e0 l'emploi d\u00e8s la sortie de l'emballage<\/li>\n<li>Noyau d'atomisation\u00a0: double grille de 1,0\u00a0\u03a9<\/li>\n<li>Batterie : batterie rechargeable de 850 mAh<\/li>\n<li>Capacit\u00e9 du r\u00e9servoir d'e-liquide : environ 40 millilitres<\/li>\n<li>\u00c9cran d'affichage : \u00e9cran LCD<\/li>\n<li>Entr\u00e9e d'air : r\u00e9glable<\/li>\n<\/ul>\n<h2 data-v-md-heading=\"full-flavor-series\" data-v-md-line=\"23\">S\u00e9rie compl\u00e8te de saveurs<\/h2>\n<p data-v-md-line=\"24\">2 % de nicotine :<\/p>\n<ul data-v-md-line=\"25\">\n<li>Saveur p\u00eache et past\u00e8que<\/li>\n<li>Dragon Noir Glace Feu Fruit du Dragon Saveur Fraise<\/li>\n<li>Saveur alo\u00e8s et raisin<\/li>\n<li>Saveur de baies m\u00e9lang\u00e9es<\/li>\n<li>Glace \u00e0 la p\u00eache<\/li>\n<li>Glace \u00e0 la fraise, framboise et cerise<\/li>\n<li>Red Bull Ice<\/li>\n<li>kiwi, fruit de la passion, saveur de goyave<\/li>\n<li>Saveur citron et citron vert<\/li>\n<li>Saveur fraise et past\u00e8que<\/li>\n<li>Glace \u00e0 la past\u00e8que<\/li>\n<li>Saveur myrtille et framboise<\/li>\n<\/ul>\n<p data-v-md-line=\"38\">5 % de nicotine :<\/p>\n<ul data-v-md-line=\"39\">\n<li>Saveur citron et citron vert<\/li>\n<li>Dragon Noir Glace Feu Fruit du Dragon Saveur Fraise<\/li>\n<li>Saveur de baies m\u00e9lang\u00e9es<\/li>\n<li>Red Bull Ice<\/li>\n<li>Saveur fraise et past\u00e8que<\/li>\n<li>Saveur myrtille et framboise<\/li>\n<li>Glace \u00e0 la fraise, framboise et cerise<\/li>\n<li>Saveur alo\u00e8s et raisin<\/li>\n<li>Saveur p\u00eache et past\u00e8que<\/li>\n<\/ul>\n<h2 data-v-md-heading=\"for-you-and-your-business\" data-v-md-line=\"49\">Pour vous et votre entreprise<\/h2>\n<p data-v-md-line=\"50\">Si vous souhaitez simplement une cigarette \u00e9lectronique fiable et durable, vous pouvez choisir <a class=\"wpil_keyword_link\" title=\"Vhill\" href=\"https:\/\/agoravape.com\/fr\/marque\/vhill\/\" data-wpil-keyword-link=\"linked\" data-wpil-monitor-id=\"35\">Vhill<\/a> Dazzle 50K pour usage personnel. Si vous tenez un magasin, vous pouvez acheter en gros par cartons de 200 pi\u00e8ces, ce qui simplifie le r\u00e9approvisionnement et augmente vos profits.<\/p>\n<p data-v-md-line=\"52\">Nous proposons des services de livraison DDP (rendu droits acquitt\u00e9s) dans toute l'Europe gr\u00e2ce \u00e0 des partenaires de confiance tels que UPS, DPD et DHL, garantissant une livraison rapide et sans incident douanier. Pour faciliter la planification et le stockage, les dimensions du carton principal sont de 645 \u00d7 335 \u00d7 256 millim\u00e8tres, pour un poids brut d'environ 22 kilogrammes.<\/p>\n<h2 data-v-md-heading=\"why-do-you-like-it\" data-v-md-line=\"54\">Pourquoi l'aimes-tu ?<\/h2>\n<ul data-v-md-line=\"55\">\n<li>Large smoking capacity: durable and long-lasting, no need to frequently purchase new cigarettes.<\/li>\n<li>Choix du taux de nicotine\u00a0: Choisissez un taux de nicotine de 2\u00a0% ou de 5\u00a0% selon votre pr\u00e9f\u00e9rence.<\/li>\n<li>Rechargeable : Vous pouvez utiliser le e-liquide achet\u00e9 sans le jeter au pr\u00e9alable.<\/li>\n<li>R\u00e9sistance en mesh : La r\u00e9sistance en mesh \u00e0 double couche assure un go\u00fbt constant en toutes circonstances.<\/li>\n<li>\u00c9cran LCD pratique\u00a0: informations claires et rapides en un coup d\u2019\u0153il, vous permettant de tout contr\u00f4ler.<\/li>\n<li>D\u00e9bit d'air r\u00e9glable\u00a0: Aspiration facilement ajustable.<\/li>\n<li>Chargement de type C\u00a0: dans la plupart des cas, utilisez le m\u00eame c\u00e2ble de donn\u00e9es que le t\u00e9l\u00e9phone.<\/li>\n<\/ul>\n<h2 data-v-md-heading=\"why-choose-to-collaborate-with-agoravape\" data-v-md-line=\"63\">Pourquoi choisir de collaborer avec AgoraVape ?<\/h2>\n<p data-v-md-line=\"64\">Nous proposons uniquement des produits 100 % authentiques et offrons un service client fiable ainsi que des prix de gros avantageux. Notre logistique est rapide et fiable, ce qui vous garantit une livraison rapide de votre cigarette \u00e9lectronique Vhill Dazzle 50K \u00e0 \u00e9cran LCD et double mesh, ainsi qu'une mise en vente imm\u00e9diate. Vous souhaitez la proposer imm\u00e9diatement\u00a0? Veuillez nous communiquer la r\u00e9f\u00e9rence vhill-Dazzle-50000-puffs et nous traiterons votre commande dans les plus brefs d\u00e9lais.<\/p>","protected":false},"excerpt":{"rendered":"<p>&nbsp;<\/p>\n<p><script src=\"chrome-extension:\/\/fpelahbljekknahkcaegamhcndkfpfnc\/iFrame.js\" type=\"text\/javascript\"><\/script><\/p>\n<p><script src=\"chrome-extension:\/\/fpelahbljekknahkcaegamhcndkfpfnc\/iFrame.js\" type=\"text\/javascript\"><\/script><\/p>\n<p><script src=\"chrome-extension:\/\/fpelahbljekknahkcaegamhcndkfpfnc\/iFrame.js\" type=\"text\/javascript\"><\/script><\/p>\n<p><script src=\"chrome-extension:\/\/fpelahbljekknahkcaegamhcndkfpfnc\/iFrame.js\" type=\"text\/javascript\"><\/script><\/p>\n<p><script src=\"chrome-extension:\/\/fpelahbljekknahkcaegamhcndkfpfnc\/iFrame.js\" type=\"text\/javascript\"><\/script><\/p>\n<p><script src=\"chrome-extension:\/\/fpelahbljekknahkcaegamhcndkfpfnc\/iFrame.js\" type=\"text\/javascript\"><\/script><\/p>\n<p><script src=\"chrome-extension:\/\/fpelahbljekknahkcaegamhcndkfpfnc\/iFrame.js\" type=\"text\/javascript\"><\/script><\/p>\n<p><script src=\"chrome-extension:\/\/fpelahbljekknahkcaegamhcndkfpfnc\/iFrame.js\" type=\"text\/javascript\"><\/script><\/p>\n<p><script src=\"chrome-extension:\/\/fpelahbljekknahkcaegamhcndkfpfnc\/iFrame.js\" type=\"text\/javascript\"><\/script><\/p>\n<p><script src=\"chrome-extension:\/\/fpelahbljekknahkcaegamhcndkfpfnc\/iFrame.js\" type=\"text\/javascript\"><\/script><\/p>\n<p><script src=\"chrome-extension:\/\/fpelahbljekknahkcaegamhcndkfpfnc\/iFrame.js\" type=\"text\/javascript\"><\/script><\/p>\n<p><script src=\"chrome-extension:\/\/fpelahbljekknahkcaegamhcndkfpfnc\/iFrame.js\" type=\"text\/javascript\"><\/script><\/p>","protected":false},"featured_media":16607,"comment_status":"open","ping_status":"closed","template":"","meta":[],"product_brand":[227],"product_cat":[124,185,189,1641,194,174,175,193,191,173,186,180,190,192,154],"product_tag":[],"class_list":{"0":"post-16575","1":"product","2":"type-product","3":"status-publish","4":"has-post-thumbnail","6":"product_brand-vhill","7":"product_cat-vape-by-brand","8":"product_cat-10000-puffs-high-capacity","9":"product_cat-20mg-standard-nicotine-vapes","10":"product_cat-50000-puffs","11":"product_cat-adjustable-airflow","12":"product_cat-fruit-flavors","13":"product_cat-icy-mint","14":"product_cat-mesh-coil","15":"product_cat-rechargeable-disposables","16":"product_cat-vape-by-flavor-profile","17":"product_cat-vape-by-nicotine-strength","18":"product_cat-vape-by-puff-count","19":"product_cat-vape-by-feature-or-type","20":"product_cat-vapes-with-screens","21":"product_cat-vhill","23":"first","24":"instock","25":"shipping-taxable","26":"purchasable","27":"product-type-variable","28":"has-default-attributes"},"tiered_pricing_type":"percentage","tiered_pricing_fixed_rules":[],"tiered_pricing_product_settings":{"layout":"default","base_unit_name":{"singular":null,"plural":null},"default_variation":null},"tiered_pricing_minimum_quantity":20,"tiered_pricing_roles_data":[],"tiered_pricing_percentage_rules":{"50":"35","100":"40","200":"44","500":"47","1000":"49"},"tiered_pricing_maximum_quantity":null,"tiered_pricing_quantity_step":"10","_links":{"self":[{"href":"https:\/\/agoravape.com\/fr\/wp-json\/wp\/v2\/product\/16575","targetHints":{"allow":["GET"]}}],"collection":[{"href":"https:\/\/agoravape.com\/fr\/wp-json\/wp\/v2\/product"}],"about":[{"href":"https:\/\/agoravape.com\/fr\/wp-json\/wp\/v2\/types\/product"}],"replies":[{"embeddable":true,"href":"https:\/\/agoravape.com\/fr\/wp-json\/wp\/v2\/comments?post=16575"}],"version-history":[{"count":0,"href":"https:\/\/agoravape.com\/fr\/wp-json\/wp\/v2\/product\/16575\/revisions"}],"wp:featuredmedia":[{"embeddable":true,"href":"https:\/\/agoravape.com\/fr\/wp-json\/wp\/v2\/media\/16607"}],"wp:attachment":[{"href":"https:\/\/agoravape.com\/fr\/wp-json\/wp\/v2\/media?parent=16575"}],"wp:term":[{"taxonomy":"product_brand","embeddable":true,"href":"https:\/\/agoravape.com\/fr\/wp-json\/wp\/v2\/product_brand?post=16575"},{"taxonomy":"product_cat","embeddable":true,"href":"https:\/\/agoravape.com\/fr\/wp-json\/wp\/v2\/product_cat?post=16575"},{"taxonomy":"product_tag","embeddable":true,"href":"https:\/\/agoravape.com\/fr\/wp-json\/wp\/v2\/product_tag?post=16575"}],"curies":[{"name":"wp","href":"https:\/\/api.w.org\/{rel}","templated":true}]}}