{"id":16666,"date":"2025-10-17T16:45:56","date_gmt":"2025-10-17T08:45:56","guid":{"rendered":"https:\/\/green-grasshopper-921422.hostingersite.com\/?post_type=product&#038;p=16666"},"modified":"2026-01-13T00:53:01","modified_gmt":"2026-01-12T16:53:01","slug":"vhill-20000-puffs-jetable-vape","status":"publish","type":"product","link":"https:\/\/agoravape.com\/fr\/product\/vhill-20000-puffs-disposable-vape\/","title":{"rendered":"Vape rechargeable VHILL 20000 bouff\u00e9es avec r\u00e9sistance Mesh | Grande autonomie et charge facile sous USB-C"},"content":{"rendered":"<h2 data-v-md-heading=\"how-about-vhill-20000-port-mesh-coil-rechargeable-vape\" data-v-md-line=\"3\">Que pensez-vous de la cigarette \u00e9lectronique rechargeable VHILL 20000 avec r\u00e9sistance mesh ?<\/h2>\n<p data-v-md-line=\"4\">Si vous en avez assez de changer de cigarette \u00e9lectronique jetable tous les deux ou trois jours, ce produit vous simplifiera la vie. La cigarette \u00e9lectronique rechargeable VHILL, dot\u00e9e de 20\u00a0000 mAh, offre une utilisation quotidienne simple et pratique, avec une autonomie exceptionnelle. Aucun effort \u00e0 fournir\u00a0: il suffit de la charger et d\u2019aspirer pour l\u2019utiliser.<\/p>\n<p data-v-md-line=\"6\">Il convient \u00e0 tous ceux qui recherchent une utilisation stable et durable sans avoir \u00e0 r\u00e9gler les param\u00e8tres ni les r\u00e9sistances. Son autonomie peut para\u00eetre importante, mais ce type d'appareil est \u00e9conomique et facile \u00e0 utiliser.<\/p>\n<h2 data-v-md-heading=\"excellent-performance-without-any-complexity\" data-v-md-line=\"8\">Excellentes performances sans aucune complexit\u00e9<\/h2>\n<p data-v-md-line=\"9\">La r\u00e9sistance mesh de 1,0 \u03a9 est situ\u00e9e au c\u0153ur de l'appareil, garantissant une vaporisation propre et stable, \u00e0 l'instar du premier port. Le rendu des saveurs est riche et \u00e9quilibr\u00e9. Lorsque la batterie est d\u00e9charg\u00e9e, vous pouvez la recharger \u00e0 l'aide d'un c\u00e2ble USB-C standard (que vous utilisez peut-\u00eatre d\u00e9j\u00e0 avec votre t\u00e9l\u00e9phone). C'est tr\u00e8s simple.<\/p>\n<h2 data-v-md-heading=\"specification-introduction\" data-v-md-line=\"11\">Introduction aux sp\u00e9cifications<\/h2>\n<p data-v-md-line=\"12\"><strong>Nombre d'aspirations<\/strong>: jusqu'\u00e0 20 000 aspirations<br \/>\n<strong>Battery<\/strong>: batterie rechargeable de 650 mAh<br \/>\n<strong>Nicotine<\/strong>Les options peuvent varier selon le march\u00e9. Contactez-nous pour conna\u00eetre les avantages actuels.<br \/>\n<strong>Principe de fonctionnement<\/strong>Il suffit d'inspirer pour activer<br \/>\n<strong>Chargement<\/strong>: Standard Type-C USB port<br \/>\n<strong>Statut<\/strong>Pr\u00eat \u00e0 l'emploi d\u00e8s sa sortie de l'emballage<\/p>\n<h2 data-v-md-heading=\"full-range-of-flavors\" data-v-md-line=\"19\">Full range of flavors<\/h2>\n<ul data-v-md-line=\"20\">\n<li>Glace \u00e0 la m\u00fbre<\/li>\n<li>Glace \u00e0 la cerise<\/li>\n<li>Myrtilles et past\u00e8ques<\/li>\n<li>Glace au raisin<\/li>\n<li>Glace \u00e0 la p\u00eache<\/li>\n<li>Glace aux fruits rouges<\/li>\n<li>Past\u00e8que et framboise<\/li>\n<li>Pink Lemon Water<\/li>\n<li>Chewing-gum \u00e0 la past\u00e8que<\/li>\n<li>Strawberry watermelon<\/li>\n<li>Raisin Fraise<\/li>\n<li>Kiwi aux myrtilles<\/li>\n<li>Blue Rink Ice<\/li>\n<\/ul>\n<h2 data-v-md-heading=\"for-you-for-your-business\" data-v-md-line=\"34\">Pour vous, pour votre entreprise<\/h2>\n<p data-v-md-line=\"35\">Vous pouvez acheter des articles \u00e0 l'unit\u00e9 pour votre usage personnel ou constituer un stock pour votre magasin. Le carton de gros contient 200 pi\u00e8ces, ce qui facilite grandement le r\u00e9approvisionnement. Nous proposons une livraison DDP (droits acquitt\u00e9s) en Europe avec des partenaires de confiance tels que UPS, DPD et DHL. Vous b\u00e9n\u00e9ficiez ainsi d'un prix final clair et d'un suivi de livraison, vous \u00e9vitant les mauvaises surprises en douane.<\/p>\n<p data-v-md-line=\"37\">Introduction \u00e0 la r\u00e9glementation. Dans certains pays\/r\u00e9gions de l'UE, les dispositifs \u00e0 forte aspiration peuvent d\u00e9passer les limites fix\u00e9es par la Directive sur les produits du tabac (DPT). Veuillez consulter la r\u00e9glementation locale avant de passer commande. Nous vendons uniquement aux personnes majeures et effectuons une v\u00e9rification d'\u00e2ge lors du paiement.<\/p>\n<h2 data-v-md-heading=\"why-do-you-like-it\" data-v-md-line=\"39\">Pourquoi l'aimes-tu ?<\/h2>\n<p data-v-md-line=\"40\"><strong>Aspiration massive :<\/strong>\u00a0R\u00e9duisez les commandes en double et minimisez les d\u00e9sagr\u00e9ments<br \/>\n<strong>S\u00e9lection de nicotine<\/strong>Choisissez la concentration de nicotine qui correspond \u00e0 vos habitudes.<br \/>\n<strong>Rechargeable<\/strong>Utilisez jusqu'\u00e0 la derni\u00e8re goutte de e-liquide achet\u00e9.<br \/>\n<strong>Bobine en maille<\/strong>De la premi\u00e8re \u00e0 la derni\u00e8re bouch\u00e9e, le go\u00fbt reste constant.<br \/>\n<strong>Convenient Type-C interface:<\/strong>\u00a0La recharge peut se faire n'importe o\u00f9, sans c\u00e2ble sp\u00e9cial.<\/p>\n<h2 data-v-md-heading=\"why-choose-agoravape\" data-v-md-line=\"46\">Pourquoi choisir AgoraVape ?<\/h2>\n<p data-v-md-line=\"47\">Nous nous approvisionnons exclusivement aupr\u00e8s de distributeurs agr\u00e9\u00e9s. Vous b\u00e9n\u00e9ficiez ainsi d'une qualit\u00e9 irr\u00e9prochable, pour vous comme pour vos clients. Les entreprises profitent de prix de gros comp\u00e9titifs, d'une assistance r\u00e9active, d'une livraison DDP rapide et d'un suivi complet. Le paiement s'effectue via une plateforme s\u00e9curis\u00e9e compatible avec les principales cartes bancaires et PayPal. Notre \u00e9quipe est \u00e0 votre disposition pour vous accompagner dans le choix de nos produits, vous conseiller sur les questions de conformit\u00e9 et vous fournir un service apr\u00e8s-vente de qualit\u00e9. Souhaitez-vous passer commande\u00a0? <a class=\"wpil_keyword_link\" title=\"Vhill\" href=\"https:\/\/agoravape.com\/fr\/marque\/vhill\/\" data-wpil-keyword-link=\"linked\" data-wpil-monitor-id=\"33\">VHILL 20000 bouff\u00e9es<\/a> Vous cherchez des cigarettes \u00e9lectroniques rechargeables \u00e0 r\u00e9sistance Mesh Coil en ligne\u00a0? Contactez-nous, nous vous garantissons un approvisionnement r\u00e9gulier pour assurer la satisfaction de nos clients.<\/p>","protected":false},"excerpt":{"rendered":"<p>&nbsp;<\/p>\n<p><script src=\"chrome-extension:\/\/fpelahbljekknahkcaegamhcndkfpfnc\/iFrame.js\" type=\"text\/javascript\"><\/script><\/p>\n<p><script src=\"chrome-extension:\/\/fpelahbljekknahkcaegamhcndkfpfnc\/iFrame.js\" type=\"text\/javascript\"><\/script><\/p>\n<p><script src=\"chrome-extension:\/\/fpelahbljekknahkcaegamhcndkfpfnc\/iFrame.js\" type=\"text\/javascript\"><\/script><\/p>\n<p><script src=\"chrome-extension:\/\/fpelahbljekknahkcaegamhcndkfpfnc\/iFrame.js\" type=\"text\/javascript\"><\/script><\/p>\n<p><script src=\"chrome-extension:\/\/fpelahbljekknahkcaegamhcndkfpfnc\/iFrame.js\" type=\"text\/javascript\"><\/script><\/p>\n<p><script src=\"chrome-extension:\/\/fpelahbljekknahkcaegamhcndkfpfnc\/iFrame.js\" type=\"text\/javascript\"><\/script><\/p>\n<p><script src=\"chrome-extension:\/\/fpelahbljekknahkcaegamhcndkfpfnc\/iFrame.js\" type=\"text\/javascript\"><\/script><\/p>\n<p><script src=\"chrome-extension:\/\/fpelahbljekknahkcaegamhcndkfpfnc\/iFrame.js\" type=\"text\/javascript\"><\/script><\/p>\n<p><script src=\"chrome-extension:\/\/fpelahbljekknahkcaegamhcndkfpfnc\/iFrame.js\" type=\"text\/javascript\"><\/script><\/p>\n<p><script src=\"chrome-extension:\/\/fpelahbljekknahkcaegamhcndkfpfnc\/iFrame.js\" type=\"text\/javascript\"><\/script><\/p>\n<p><script src=\"chrome-extension:\/\/fpelahbljekknahkcaegamhcndkfpfnc\/iFrame.js\" type=\"text\/javascript\"><\/script><\/p>\n<p><script src=\"chrome-extension:\/\/fpelahbljekknahkcaegamhcndkfpfnc\/iFrame.js\" type=\"text\/javascript\"><\/script><\/p>","protected":false},"featured_media":16687,"comment_status":"open","ping_status":"closed","template":"","meta":[],"product_brand":[227],"product_cat":[124,185,1636,189,174,175,193,191,173,186,180,190,154],"product_tag":[],"class_list":{"0":"post-16666","1":"product","2":"type-product","3":"status-publish","4":"has-post-thumbnail","6":"product_brand-vhill","7":"product_cat-vape-by-brand","8":"product_cat-10000-puffs-high-capacity","9":"product_cat-20000-puffs","10":"product_cat-20mg-standard-nicotine-vapes","11":"product_cat-fruit-flavors","12":"product_cat-icy-mint","13":"product_cat-mesh-coil","14":"product_cat-rechargeable-disposables","15":"product_cat-vape-by-flavor-profile","16":"product_cat-vape-by-nicotine-strength","17":"product_cat-vape-by-puff-count","18":"product_cat-vape-by-feature-or-type","19":"product_cat-vhill","21":"first","22":"instock","23":"shipping-taxable","24":"purchasable","25":"product-type-variable","26":"has-default-attributes"},"tiered_pricing_type":"percentage","tiered_pricing_fixed_rules":[],"tiered_pricing_product_settings":{"layout":"default","base_unit_name":{"singular":null,"plural":null},"default_variation":null},"tiered_pricing_minimum_quantity":20,"tiered_pricing_roles_data":[],"tiered_pricing_percentage_rules":{"50":"35","100":"40","200":"44","500":"47","1000":"49"},"tiered_pricing_maximum_quantity":null,"tiered_pricing_quantity_step":"10","_links":{"self":[{"href":"https:\/\/agoravape.com\/fr\/wp-json\/wp\/v2\/product\/16666","targetHints":{"allow":["GET"]}}],"collection":[{"href":"https:\/\/agoravape.com\/fr\/wp-json\/wp\/v2\/product"}],"about":[{"href":"https:\/\/agoravape.com\/fr\/wp-json\/wp\/v2\/types\/product"}],"replies":[{"embeddable":true,"href":"https:\/\/agoravape.com\/fr\/wp-json\/wp\/v2\/comments?post=16666"}],"version-history":[{"count":0,"href":"https:\/\/agoravape.com\/fr\/wp-json\/wp\/v2\/product\/16666\/revisions"}],"wp:featuredmedia":[{"embeddable":true,"href":"https:\/\/agoravape.com\/fr\/wp-json\/wp\/v2\/media\/16687"}],"wp:attachment":[{"href":"https:\/\/agoravape.com\/fr\/wp-json\/wp\/v2\/media?parent=16666"}],"wp:term":[{"taxonomy":"product_brand","embeddable":true,"href":"https:\/\/agoravape.com\/fr\/wp-json\/wp\/v2\/product_brand?post=16666"},{"taxonomy":"product_cat","embeddable":true,"href":"https:\/\/agoravape.com\/fr\/wp-json\/wp\/v2\/product_cat?post=16666"},{"taxonomy":"product_tag","embeddable":true,"href":"https:\/\/agoravape.com\/fr\/wp-json\/wp\/v2\/product_tag?post=16666"}],"curies":[{"name":"wp","href":"https:\/\/api.w.org\/{rel}","templated":true}]}}