{"id":16701,"date":"2025-10-17T17:04:25","date_gmt":"2025-10-17T09:04:25","guid":{"rendered":"https:\/\/green-grasshopper-921422.hostingersite.com\/?post_type=product&#038;p=16701"},"modified":"2026-01-19T22:02:23","modified_gmt":"2026-01-19T14:02:23","slug":"crazyace-b15000-puffs-dual-tank-vape","status":"publish","type":"product","link":"https:\/\/agoravape.com\/fr\/product\/crazyace-b15000-puffs-dual-tank-vape\/","title":{"rendered":"CRAZYACE B15000 Puffs Double R\u00e9servoir Vape Jetable | Saveur longue dur\u00e9e et charge facile via USB-C"},"content":{"rendered":"<h2 data-v-md-heading=\"what-are-the-special-features-of-crazyace-b15000-disposable-vapes-with-dual-oil-storage-compartments\" data-v-md-line=\"3\">Quelles sont les caract\u00e9ristiques particuli\u00e8res des vaporisateurs jetables CRAZYACE B15000 dot\u00e9s de deux compartiments de stockage d'huile\u00a0?<\/h2>\n<p data-v-md-line=\"4\">Si vous en avez assez des cigarettes \u00e9lectroniques dont la batterie se d\u00e9charge au bout de deux semaines, jetez un \u0153il \u00e0 ce produit. La CRAZYACE B15000 est \u00e9quip\u00e9e d'une batterie rechargeable pouvant contenir jusqu'\u00e0 15\u00a0000 e-liquides, vous permettant ainsi de profiter pleinement de vos achats. Pour une vape performante, savoureuse et facile \u00e0 utiliser, ce produit est fait pour vous.<\/p>\n<p data-v-md-line=\"6\">Vous pourriez penser qu'un vaporisateur de si grande capacit\u00e9 serait encombrant, mais vous serez surpris. Il est robuste tout en restant facile \u00e0 transporter, gr\u00e2ce \u00e0 son double compartiment \u00e0 huile qui pr\u00e9serve la fra\u00eecheur des saveurs.<\/p>\n<h2 data-v-md-heading=\"excellent-performance-worry-free\" data-v-md-line=\"8\">Excellentes performances, sans souci<\/h2>\n<p data-v-md-line=\"9\">Les r\u00e9sistances doubles mesh de 1,0 \u03a9 int\u00e9gr\u00e9es rendent chaque bouff\u00e9e aussi savoureuse qu'\u00e0 la premi\u00e8re utilisation. Flux d'air optimal, aspiration efficace, sans avoir \u00e0 manipuler de boutons. Lorsque la batterie est faible, il suffit de brancher un c\u00e2ble de donn\u00e9es USB-C, probablement identique \u00e0 celui de votre t\u00e9l\u00e9phone. C'est simple comme bonjour.<\/p>\n<h2 data-v-md-heading=\"specification-overview\" data-v-md-line=\"11\">Aper\u00e7u des sp\u00e9cifications<\/h2>\n<ul data-v-md-line=\"12\">\n<li>Fr\u00e9quence d'aspiration : jusqu'\u00e0 15\u00a0000 fois<\/li>\n<li>Teneur en nicotine\u00a0: L\u2019offre varie selon les march\u00e9s. Contactez-nous pour conna\u00eetre les sp\u00e9cifications et options actuelles conformes aux normes TPD de l\u2019UE.<\/li>\n<li>Principe de fonctionnement : Activation par inhalation<\/li>\n<li>Chargement : interface USB Type-C<\/li>\n<li>Batterie : batterie rechargeable de 900 mAh<\/li>\n<li>Capacit\u00e9 du r\u00e9servoir d'e-liquide : Deux compartiments de stockage de 10 ml + 10 ml<\/li>\n<li>Noyau d'atomisation : Double grille 1,0 \u03a9<\/li>\n<li>Dimensions : 48 \u00d7 24,5 \u00d7 104 mm<\/li>\n<li>Mat\u00e9riau : PC<\/li>\n<li>Poids : 83 grammes<\/li>\n<li>\u00c9tat : Pr\u00eat \u00e0 l'emploi d\u00e8s le d\u00e9ballage<\/li>\n<\/ul>\n<h2 data-v-md-heading=\"full-range-of-flavors\" data-v-md-line=\"24\">Full range of flavors<\/h2>\n<ul data-v-md-line=\"25\">\n<li>Glace \u00e0 la banane<\/li>\n<li>Fresh mint<\/li>\n<li>Chewing-gum \u00e0 la past\u00e8que<\/li>\n<li>Glace \u00e9paisse<\/li>\n<li>baies m\u00e9lang\u00e9es<\/li>\n<li>Eau citronn\u00e9e \u00e0 la cerise<\/li>\n<li>Blueberry and Raspberry Ice<\/li>\n<li>menthe hawa\u00efenne<\/li>\n<li>Strawberry watermelon<\/li>\n<li>Eau citronn\u00e9e \u00e0 la fraise<\/li>\n<li>fraise kiwi<\/li>\n<li>Explosion arc-en-ciel<\/li>\n<li>past\u00e8que framboise<\/li>\n<\/ul>\n<h2 data-v-md-heading=\"for-you-for-your-business\" data-v-md-line=\"39\">Pour vous, pour votre entreprise<\/h2>\n<p data-v-md-line=\"40\">Vous pouvez acheter <a class=\"wpil_keyword_link\" title=\"CRAZYACE\" href=\"https:\/\/agoravape.com\/fr\/marque\/crazyace\/\" data-wpil-keyword-link=\"linked\" data-wpil-monitor-id=\"32\">CRAZYACE<\/a> Cigarettes \u00e9lectroniques jetables \u00e0 double r\u00e9servoir B15000, id\u00e9ales pour un usage personnel ou pour constituer un stock pour votre magasin. La vente en gros se pr\u00e9sente sous forme de bo\u00eetes de 10 moyennes et de 200 grandes bo\u00eetes pour une gestion simplifi\u00e9e des stocks.<\/p>\n<p data-v-md-line=\"42\">Nous proposons une option DDP (d\u00e9tax\u00e9e) dans toute l'Europe gr\u00e2ce \u00e0 nos partenaires UPS, DPD et DHL, vous permettant ainsi de b\u00e9n\u00e9ficier de prix transparents et d'\u00e9viter les mauvaises surprises li\u00e9es aux frais de douane. Pour tout m\u00e9lange de saveurs ou combinaison personnalis\u00e9e, n'h\u00e9sitez pas \u00e0 contacter notre \u00e9quipe.<\/p>\n<p data-v-md-line=\"44\">Explication succincte concernant la conformit\u00e9\u00a0: Les deux r\u00e9servoirs de stockage du B15000 ont un volume total de 20\u00a0ml. La directive europ\u00e9enne TPD2 stipule que la capacit\u00e9 maximale des r\u00e9servoirs de stockage d\u2019huile jetables est de 2\u00a0ml et que la teneur maximale en nicotine est de 20\u00a0mg\/ml. Veuillez v\u00e9rifier la r\u00e9glementation locale avant la vente au d\u00e9tail. Notre \u00e9quipe peut vous proposer des solutions alternatives conformes et adapt\u00e9es \u00e0 chaque march\u00e9.<\/p>\n<h2 data-v-md-heading=\"why-do-you-like-it\" data-v-md-line=\"46\">Pourquoi l'aimes-tu ?<\/h2>\n<ul data-v-md-line=\"47\">\n<li>Grande capacit\u00e9 : Durable et r\u00e9sistant, pas besoin d'achats fr\u00e9quents<\/li>\n<li>Choix du taux de nicotine\u00a0: La disponibilit\u00e9 des nicotines varie selon les r\u00e9gions, vous pouvez donc choisir le taux de nicotine le plus adapt\u00e9.<\/li>\n<li>Rechargeable : Vous pouvez utiliser tout le e-liquide sans avoir \u00e0 jeter l'appareil \u00e0 l'avance.<\/li>\n<li>Noyau d'atomiseur \u00e0 mailles : Saveur constante et exp\u00e9rience d'aspiration satisfaisante<\/li>\n<\/ul>\n<h2 data-v-md-heading=\"why-choose-to-collaborate-with-agoravape\" data-v-md-line=\"52\">Pourquoi choisir de collaborer avec AgoraVape ?<\/h2>\n<p data-v-md-line=\"53\">Nous achetons des produits 100% authentiques et nous le garantissons. En achetant <a class=\"wpil_keyword_link\" title=\"CRAZYACE\" href=\"https:\/\/agoravape.com\/fr\/vape-par-marque\/crazyace\/\" data-wpil-keyword-link=\"linked\" data-wpil-monitor-id=\"55\">CRAZYACE<\/a> Avec les cigarettes \u00e9lectroniques jetables B15000 Puffs, b\u00e9n\u00e9ficiez de prix de gros tr\u00e8s comp\u00e9titifs, d'une assistance fiable et d'une livraison rapide et s\u00fbre. Besoin d'aide pour l'\u00e9tiquetage conforme aux normes europ\u00e9ennes ou la v\u00e9rification de l'\u00e2ge\u00a0? Nous sommes l\u00e0 pour vous. Contactez-nous pour acqu\u00e9rir un appareil haute capacit\u00e9 qui fid\u00e9lisera vos clients.<\/p>","protected":false},"excerpt":{"rendered":"<p>Quelles sont les caract\u00e9ristiques des vapes jetables CRAZYACE B15000 avec double compartiment de stockage d'huile ? Si vous en avez assez de ces<\/p>","protected":false},"featured_media":16723,"comment_status":"open","ping_status":"closed","template":"","meta":[],"product_brand":[229],"product_cat":[124,185,1635,189,156,174,175,193,191,173,186,180,190],"product_tag":[],"class_list":{"0":"post-16701","1":"product","2":"type-product","3":"status-publish","4":"has-post-thumbnail","6":"product_brand-crazyace","7":"product_cat-vape-by-brand","8":"product_cat-10000-puffs-high-capacity","9":"product_cat-15000-puffs","10":"product_cat-20mg-standard-nicotine-vapes","11":"product_cat-crazyace","12":"product_cat-fruit-flavors","13":"product_cat-icy-mint","14":"product_cat-mesh-coil","15":"product_cat-rechargeable-disposables","16":"product_cat-vape-by-flavor-profile","17":"product_cat-vape-by-nicotine-strength","18":"product_cat-vape-by-puff-count","19":"product_cat-vape-by-feature-or-type","21":"first","22":"onbackorder","23":"shipping-taxable","24":"purchasable","25":"product-type-variable","26":"has-default-attributes"},"tiered_pricing_type":"percentage","tiered_pricing_fixed_rules":[],"tiered_pricing_product_settings":{"layout":"default","base_unit_name":{"singular":null,"plural":null},"default_variation":null},"tiered_pricing_minimum_quantity":10,"tiered_pricing_roles_data":[],"tiered_pricing_percentage_rules":{"30":"29","50":"35","100":"40","200":"44","500":"47","1000":"49"},"tiered_pricing_maximum_quantity":null,"tiered_pricing_quantity_step":"10","_links":{"self":[{"href":"https:\/\/agoravape.com\/fr\/wp-json\/wp\/v2\/product\/16701","targetHints":{"allow":["GET"]}}],"collection":[{"href":"https:\/\/agoravape.com\/fr\/wp-json\/wp\/v2\/product"}],"about":[{"href":"https:\/\/agoravape.com\/fr\/wp-json\/wp\/v2\/types\/product"}],"replies":[{"embeddable":true,"href":"https:\/\/agoravape.com\/fr\/wp-json\/wp\/v2\/comments?post=16701"}],"version-history":[{"count":0,"href":"https:\/\/agoravape.com\/fr\/wp-json\/wp\/v2\/product\/16701\/revisions"}],"wp:featuredmedia":[{"embeddable":true,"href":"https:\/\/agoravape.com\/fr\/wp-json\/wp\/v2\/media\/16723"}],"wp:attachment":[{"href":"https:\/\/agoravape.com\/fr\/wp-json\/wp\/v2\/media?parent=16701"}],"wp:term":[{"taxonomy":"product_brand","embeddable":true,"href":"https:\/\/agoravape.com\/fr\/wp-json\/wp\/v2\/product_brand?post=16701"},{"taxonomy":"product_cat","embeddable":true,"href":"https:\/\/agoravape.com\/fr\/wp-json\/wp\/v2\/product_cat?post=16701"},{"taxonomy":"product_tag","embeddable":true,"href":"https:\/\/agoravape.com\/fr\/wp-json\/wp\/v2\/product_tag?post=16701"}],"curies":[{"name":"wp","href":"https:\/\/api.w.org\/{rel}","templated":true}]}}