{"id":16740,"date":"2025-10-17T17:26:17","date_gmt":"2025-10-17T09:26:17","guid":{"rendered":"https:\/\/green-grasshopper-921422.hostingersite.com\/?post_type=product&#038;p=16740"},"modified":"2026-01-19T22:02:16","modified_gmt":"2026-01-19T14:02:16","slug":"bug-monkey-12000-puffs-vape","status":"publish","type":"product","link":"https:\/\/agoravape.com\/fr\/product\/bug-monkey-12000-puffs-vape\/","title":{"rendered":"BUG Monkey 12K Puffs Mesh Coil Disposable Vape | Long-Lasting Flavour, Easy Recharge"},"content":{"rendered":"<h2 data-v-md-heading=\"what-is-special-about-the-bug-monkey-12k-mesh-coil-disposable-vape\" data-v-md-line=\"3\">Qu'est-ce qui rend la cigarette \u00e9lectronique jetable BUG Monkey 12K \u00e0 r\u00e9sistance mesh si sp\u00e9ciale ?<\/h2>\n<p data-v-md-line=\"4\">Si vous en avez assez des cigarettes \u00e9lectroniques qui prennent la poussi\u00e8re en semaine, ce produit est fait pour vous. La BUG Monkey 12K est une cigarette \u00e9lectronique jetable haute capacit\u00e9, \u00e9quip\u00e9e d'une r\u00e9sistance mesh performante et d'un port USB-C pour une recharge facile. Elle offre jusqu'\u00e0 12\u00a0000 bouff\u00e9es et peut contenir 18\u00a0ml d'e-liquide \u00e0 2\u00a0% de nicotine, pour une exp\u00e9rience de vapotage stable et agr\u00e9able.<\/p>\n<p data-v-md-line=\"6\">On pourrait croire qu'une cigarette \u00e9lectronique d'une telle capacit\u00e9 serait encombrante, mais sa compacit\u00e9 vous surprendra. Sa forme offre une prise en main tr\u00e8s agr\u00e9able et elle se glisse facilement dans une poche.<\/p>\n<h2 data-v-md-heading=\"excellent-performance-without-any-complexity\" data-v-md-line=\"8\">Excellentes performances sans aucune complexit\u00e9<\/h2>\n<p data-v-md-line=\"9\">La r\u00e9sistance en mesh assure une chauffe uniforme, pour une saveur toujours aussi intense. Son activation par aspiration simplifie tout\u00a0: aucun bouton \u00e0 manipuler. Batterie faible\u00a0? Rechargez-la simplement avec un c\u00e2ble USB-C (vous utilisez peut-\u00eatre d\u00e9j\u00e0 celui de votre t\u00e9l\u00e9phone). Un jeu d'enfant\u00a0!<\/p>\n<h2 data-v-md-heading=\"specification-introduction\" data-v-md-line=\"11\">Introduction aux sp\u00e9cifications<\/h2>\n<ul data-v-md-line=\"12\">\n<li>Fr\u00e9quence d'aspiration : jusqu'\u00e0 12\u00a0000 fois<\/li>\n<li>Teneur en nicotine : 2 % (20 mg\/mL)<\/li>\n<li>E-liquid capacity: 18 milliliters<\/li>\n<li>C\u0153ur atomiseur : bobine mesh de 1,1 \u03a9<\/li>\n<li>Batterie : batterie rechargeable de 800 mAh<\/li>\n<li>Principe de fonctionnement : S'active en une seule bouff\u00e9e<\/li>\n<li>Charging: Standard Type-C USB interface<\/li>\n<li>Dimensions : 91 \u00d7 27 \u00d7 47 millim\u00e8tres<\/li>\n<li>Poids : 82 grammes<\/li>\n<li>\u00c9tat : Pr\u00eat \u00e0 l'emploi d\u00e8s le d\u00e9ballage<\/li>\n<\/ul>\n<h2 data-v-md-heading=\"multiple-flavor-options\" data-v-md-line=\"23\">Plusieurs options de saveurs<\/h2>\n<ul data-v-md-line=\"24\">\n<li>Glace \u00e0 la past\u00e8que<\/li>\n<li>jus de fraise<\/li>\n<li>Gel\u00e9e de raisin<\/li>\n<li>Glace \u00e0 la p\u00eache<\/li>\n<li>Glace \u00e0 la m\u00fbre<\/li>\n<li>Ananas acidul\u00e9<\/li>\n<li>Citron et citron vert<\/li>\n<li>Blue Rink Ice<\/li>\n<li>Fruit de la passion Orange Grenade<\/li>\n<li>Energy drinks<\/li>\n<li>Blue Rink Ice<\/li>\n<li>Myrtilles et framboises<\/li>\n<\/ul>\n<h2 data-v-md-heading=\"to-create-for-you-and-your-business\" data-v-md-line=\"37\">Pour cr\u00e9er pour vous et votre entreprise<\/h2>\n<p data-v-md-line=\"38\">Vous pouvez acheter \u00e0 l'unit\u00e9 ou en gros, par cartons, pour garnir vos \u00e9tag\u00e8res. Nos bo\u00eetes contiennent 10 pi\u00e8ces et nos cartons 200 pi\u00e8ces, ce qui vous permet d'augmenter facilement votre commande. Nous assurons la livraison DDP (droits acquitt\u00e9s) au sein de l'Union europ\u00e9enne gr\u00e2ce \u00e0 nos partenaires de confiance tels que UPS, DPD et DHL. Les droits de douane sont donc pay\u00e9s avant l'arriv\u00e9e de votre colis, vous \u00e9vitant ainsi toute mauvaise surprise.<\/p>\n<p data-v-md-line=\"40\">Nous n'achetons que des appareils BUG Monkey authentiques et proposons une livraison rapide avec suivi complet. Avis aux d\u00e9taillants\u00a0: cet appareil contient 18\u00a0ml d'e-liquide avec une concentration de nicotine de 2\u00a0%. Veuillez v\u00e9rifier la r\u00e9glementation locale en vigueur concernant la TPD et ne le proposer que dans les points de vente autoris\u00e9s.<\/p>\n<h2 data-v-md-heading=\"why-do-you-like-it\" data-v-md-line=\"42\">Pourquoi l'aimes-tu ?<\/h2>\n<ul data-v-md-line=\"43\">\n<li>Aspiration massive : jusqu'\u00e0 12 000 bouff\u00e9es, ce qui signifie moins de remplacements par appareil et une valeur sup\u00e9rieure.<\/li>\n<li>2 % de nicotine : une concentration famili\u00e8re aux fumeurs de cigarettes \u00e9lectroniques adultes en Europe.<\/li>\n<li>Rechargeable : La charge de type C vous permet d'utiliser jusqu'\u00e0 la derni\u00e8re goutte les 18 millilitres d'e-liquide.<\/li>\n<li>R\u00e9sistance \u00e0 mailles : chauffe uniform\u00e9ment, de la premi\u00e8re \u00e0 la derni\u00e8re bouch\u00e9e, pour un go\u00fbt constant.<\/li>\n<li>Format de poche : Taille compacte, pratique pour un transport quotidien.<\/li>\n<\/ul>\n<h2 data-v-md-heading=\"why-collaborate-with-agoravape\" data-v-md-line=\"49\">Pourquoi collaborer avec AgoraVape ?<\/h2>\n<p data-v-md-line=\"50\">Nous sommes l'un des distributeurs de cigarettes \u00e9lectroniques les plus fiables d'Europe et nous ne vendons que des produits 100 % authentiques. En achetant les cigarettes \u00e9lectroniques jetables BUG Monkey 12K avec r\u00e9sistances mesh, vous b\u00e9n\u00e9ficiez de prix de gros avantageux, d'une assistance technique rapide et d'une livraison express. Contactez-nous pour constituer un stock pour vos clients et les fid\u00e9liser.<\/p>","protected":false},"excerpt":{"rendered":"<p>&nbsp;<\/p>\n<p><script src=\"chrome-extension:\/\/fpelahbljekknahkcaegamhcndkfpfnc\/iFrame.js\" type=\"text\/javascript\"><\/script><\/p>\n<p><script src=\"chrome-extension:\/\/fpelahbljekknahkcaegamhcndkfpfnc\/iFrame.js\" type=\"text\/javascript\"><\/script><\/p>\n<p><script src=\"chrome-extension:\/\/fpelahbljekknahkcaegamhcndkfpfnc\/iFrame.js\" type=\"text\/javascript\"><\/script><\/p>\n<p><script src=\"chrome-extension:\/\/fpelahbljekknahkcaegamhcndkfpfnc\/iFrame.js\" type=\"text\/javascript\"><\/script><\/p>\n<p><script src=\"chrome-extension:\/\/fpelahbljekknahkcaegamhcndkfpfnc\/iFrame.js\" type=\"text\/javascript\"><\/script><\/p>\n<p><script src=\"chrome-extension:\/\/fpelahbljekknahkcaegamhcndkfpfnc\/iFrame.js\" type=\"text\/javascript\"><\/script><\/p>\n<p><script src=\"chrome-extension:\/\/fpelahbljekknahkcaegamhcndkfpfnc\/iFrame.js\" type=\"text\/javascript\"><\/script><\/p>\n<p><script src=\"chrome-extension:\/\/fpelahbljekknahkcaegamhcndkfpfnc\/iFrame.js\" type=\"text\/javascript\"><\/script><\/p>\n<p><script src=\"chrome-extension:\/\/fpelahbljekknahkcaegamhcndkfpfnc\/iFrame.js\" type=\"text\/javascript\"><\/script><\/p>\n<p><script src=\"chrome-extension:\/\/fpelahbljekknahkcaegamhcndkfpfnc\/iFrame.js\" type=\"text\/javascript\"><\/script><\/p>\n<p><script src=\"chrome-extension:\/\/fpelahbljekknahkcaegamhcndkfpfnc\/iFrame.js\" type=\"text\/javascript\"><\/script><\/p>\n<p><script src=\"chrome-extension:\/\/fpelahbljekknahkcaegamhcndkfpfnc\/iFrame.js\" type=\"text\/javascript\"><\/script><\/p>","protected":false},"featured_media":16765,"comment_status":"open","ping_status":"closed","template":"","meta":[],"product_brand":[230],"product_cat":[124,185,189,157,174,175,193,191,173,186,180,190],"product_tag":[],"class_list":{"0":"post-16740","1":"product","2":"type-product","3":"status-publish","4":"has-post-thumbnail","6":"product_brand-bug","7":"product_cat-vape-by-brand","8":"product_cat-10000-puffs-high-capacity","9":"product_cat-20mg-standard-nicotine-vapes","10":"product_cat-bug","11":"product_cat-fruit-flavors","12":"product_cat-icy-mint","13":"product_cat-mesh-coil","14":"product_cat-rechargeable-disposables","15":"product_cat-vape-by-flavor-profile","16":"product_cat-vape-by-nicotine-strength","17":"product_cat-vape-by-puff-count","18":"product_cat-vape-by-feature-or-type","20":"first","21":"onbackorder","22":"shipping-taxable","23":"purchasable","24":"product-type-variable","25":"has-default-attributes"},"tiered_pricing_type":"percentage","tiered_pricing_fixed_rules":[],"tiered_pricing_product_settings":{"layout":"default","base_unit_name":{"singular":null,"plural":null},"default_variation":null},"tiered_pricing_minimum_quantity":10,"tiered_pricing_roles_data":[],"tiered_pricing_percentage_rules":{"30":"29","50":"35","100":"40","200":"44","500":"47","1000":"49"},"tiered_pricing_maximum_quantity":null,"tiered_pricing_quantity_step":"10","_links":{"self":[{"href":"https:\/\/agoravape.com\/fr\/wp-json\/wp\/v2\/product\/16740","targetHints":{"allow":["GET"]}}],"collection":[{"href":"https:\/\/agoravape.com\/fr\/wp-json\/wp\/v2\/product"}],"about":[{"href":"https:\/\/agoravape.com\/fr\/wp-json\/wp\/v2\/types\/product"}],"replies":[{"embeddable":true,"href":"https:\/\/agoravape.com\/fr\/wp-json\/wp\/v2\/comments?post=16740"}],"version-history":[{"count":0,"href":"https:\/\/agoravape.com\/fr\/wp-json\/wp\/v2\/product\/16740\/revisions"}],"wp:featuredmedia":[{"embeddable":true,"href":"https:\/\/agoravape.com\/fr\/wp-json\/wp\/v2\/media\/16765"}],"wp:attachment":[{"href":"https:\/\/agoravape.com\/fr\/wp-json\/wp\/v2\/media?parent=16740"}],"wp:term":[{"taxonomy":"product_brand","embeddable":true,"href":"https:\/\/agoravape.com\/fr\/wp-json\/wp\/v2\/product_brand?post=16740"},{"taxonomy":"product_cat","embeddable":true,"href":"https:\/\/agoravape.com\/fr\/wp-json\/wp\/v2\/product_cat?post=16740"},{"taxonomy":"product_tag","embeddable":true,"href":"https:\/\/agoravape.com\/fr\/wp-json\/wp\/v2\/product_tag?post=16740"}],"curies":[{"name":"wp","href":"https:\/\/api.w.org\/{rel}","templated":true}]}}