{"id":16901,"date":"2025-10-17T18:13:13","date_gmt":"2025-10-17T10:13:13","guid":{"rendered":"https:\/\/green-grasshopper-921422.hostingersite.com\/?post_type=product&#038;p=16901"},"modified":"2026-01-19T22:01:51","modified_gmt":"2026-01-19T14:01:51","slug":"bug-30000-puffs-dual-flavor-vape","status":"publish","type":"product","link":"https:\/\/agoravape.com\/fr\/product\/bug-30000-puffs-dual-flavor-vape\/","title":{"rendered":"BUG 30K Puffs, cigarette \u00e9lectronique RGB \u00e0 double saveur commutable | Deux saveurs en une, con\u00e7ue pour durer"},"content":{"rendered":"<h2 data-v-md-heading=\"how-great-is-the-30k-switchable-dual-flavor-rgb-vape-with-bug\" data-v-md-line=\"3\">How great is the 30K switchable dual flavor RGB vape with BUG?<\/h2>\n<p data-v-md-line=\"4\">If you\u2019re tired of those vapes that break halfway through a week, this product is definitely worth a look. BUG 30K is equipped with intelligent dual flavor settings, which can switch flavors up to 30000 mouthfuls, making it easy to switch without changing devices.<\/p>\n<p data-v-md-line=\"6\">It is suitable for any user who pursues long-lasting performance and easy convenience. You may think that an vape with such a large capacity would be bulky, but you will be surprised that it weighs only about 100 grams and is lightweight and portable. RGB lighting adds fun without showing off, and the included lanyard is convenient for daily carrying.<\/p>\n<h2 data-v-md-heading=\"excellent-performance-easy-and-convenient\" data-v-md-line=\"8\">Excellentes performances, facile et pratique<\/h2>\n<p data-v-md-line=\"9\">1.0 \u03a9 mesh coil ensures consistent taste from start to finish. The mesh heating is fast and uniform, making every bite taste pure and rich. When the battery is low, you can use the Type C charging port to charge and easily drain 30 milliliters of e-liquid. No special cables or complicated steps are required.<\/p>\n<h2 data-v-md-heading=\"specification-introduction\" data-v-md-line=\"11\">Introduction aux sp\u00e9cifications<\/h2>\n<ul data-v-md-line=\"12\">\n<li>Fr\u00e9quence d'aspiration : jusqu'\u00e0 30\u00a0000 fois<\/li>\n<li>Nicotine content: 2%<\/li>\n<li>Working mode: Two flavors can be switched on the device<\/li>\n<li>Charging: Standard Type C USB interface<\/li>\n<li>\u00c9tat : Pr\u00eat \u00e0 l'emploi d\u00e8s la sortie de l'emballage<\/li>\n<\/ul>\n<h2 data-v-md-heading=\"full-range-of-flavors\" data-v-md-line=\"18\">Full range of flavors<\/h2>\n<ul data-v-md-line=\"19\">\n<li>Watermelon ice\/grape jelly<\/li>\n<li>Watermelon Ice\/Peach Ice<\/li>\n<li>Grape Jelly\/Blackberry Ice<\/li>\n<li>Peach Ice\/Raspberry Sour Apple<\/li>\n<li>Blackberry Ice\/Sour Mango Pineapple<\/li>\n<li>Raspberry Sour Apple\/Energy Drink<\/li>\n<li>Lemon and lime\/watermelon ice<\/li>\n<li>Grape Jelly\/Blueberries<\/li>\n<li>Blueberry\/Strawberry Kiwi<\/li>\n<li>Strawberry Juice\/Blackberry Ice<\/li>\n<li>Strawberry kiwi\/sour mango pineapple<\/li>\n<li>Strawberry Juice\/Passion Fruit Orange Pomegranate<\/li>\n<\/ul>\n<h2 data-v-md-heading=\"for-you-and-your-business\" data-v-md-line=\"32\">Pour vous et votre entreprise<\/h2>\n<p data-v-md-line=\"33\">Store for personal use or stockpiling. We offer wholesale boxes of 10 units and large packaging boxes of 200 units to meet bulk orders. The device comes with RGB lighting effects and hanging ropes, making it a neat retail packaging.<\/p>\n<p data-v-md-line=\"35\">We provide DDP shipping services that have been taxed, including UPS, DPD, and DHL, so there will be no accidents at customs. We provide standard tracking services and the packaging has been carefully handled. Please note: Due to the product\u2019s capacity of 30 milliliters and nicotine concentration of 2%, it may not meet TPD standards in multiple EU countries\/regions. Therefore, the supply and delivery methods of the product may vary depending on the destination. Please check the relevant regulations in your local area before placing an order.<\/p>\n<h2 data-v-md-heading=\"why-do-you-like-it\" data-v-md-line=\"37\">Pourquoi l'aimes-tu ?<\/h2>\n<ul data-v-md-line=\"38\">\n<li>Ultra large capacity: up to 30000 ports, meaning less replenishment and replacement times<\/li>\n<li>Double commutation de saveurs : changez de saveur \u00e0 tout moment<\/li>\n<li>2 % de nicotine : concentration de nicotine \u00e9quilibr\u00e9e, adapt\u00e9e \u00e0 un usage quotidien<\/li>\n<li>Rechargeable : le chargement de type C vous permet d'utiliser jusqu'\u00e0 30 millilitres d'e-liquide.<\/li>\n<li>R\u00e9sistance mesh : Go\u00fbt constant<\/li>\n<li>RGB + cordon : Tendance et \u00e9l\u00e9gant, facile \u00e0 transporter, vos poches resteront libres de tout encombrement.<\/li>\n<\/ul>\n<h2 data-v-md-heading=\"why-choose-to-collaborate-with-agoravape\" data-v-md-line=\"45\">Pourquoi choisir de collaborer avec AgoraVape ?<\/h2>\n<p data-v-md-line=\"46\">Nous ne vendons que des produits 100 % authentiques et garantissons des prix comp\u00e9titifs, un service client fiable et une livraison rapide. Pour les professionnels, cela se traduit par un approvisionnement fiable en gros de cigarettes \u00e9lectroniques BUG 30K \u00e0 double saveur et RGB commutables, ainsi que par des paiements s\u00e9curis\u00e9s et un service de retour des produits d\u00e9fectueux simplifi\u00e9. Contactez-nous pour proposer \u00e0 vos clients un appareil vraiment facile d'utilisation.<\/p>\n<p><script src=\"chrome-extension:\/\/fpelahbljekknahkcaegamhcndkfpfnc\/iFrame.js\" type=\"text\/javascript\"><\/script><\/p>","protected":false},"excerpt":{"rendered":"<p>&nbsp;<\/p>\n<p><script src=\"chrome-extension:\/\/fpelahbljekknahkcaegamhcndkfpfnc\/iFrame.js\" type=\"text\/javascript\"><\/script><\/p>\n<p><script src=\"chrome-extension:\/\/fpelahbljekknahkcaegamhcndkfpfnc\/iFrame.js\" type=\"text\/javascript\"><\/script><\/p>\n<p><script src=\"chrome-extension:\/\/fpelahbljekknahkcaegamhcndkfpfnc\/iFrame.js\" type=\"text\/javascript\"><\/script><\/p>\n<p><script src=\"chrome-extension:\/\/fpelahbljekknahkcaegamhcndkfpfnc\/iFrame.js\" type=\"text\/javascript\"><\/script><\/p>\n<p><script src=\"chrome-extension:\/\/fpelahbljekknahkcaegamhcndkfpfnc\/iFrame.js\" type=\"text\/javascript\"><\/script><\/p>\n<p><script src=\"chrome-extension:\/\/fpelahbljekknahkcaegamhcndkfpfnc\/iFrame.js\" type=\"text\/javascript\"><\/script><\/p>\n<p><script src=\"chrome-extension:\/\/fpelahbljekknahkcaegamhcndkfpfnc\/iFrame.js\" type=\"text\/javascript\"><\/script><\/p>\n<p><script src=\"chrome-extension:\/\/fpelahbljekknahkcaegamhcndkfpfnc\/iFrame.js\" type=\"text\/javascript\"><\/script><\/p>\n<p><script src=\"chrome-extension:\/\/fpelahbljekknahkcaegamhcndkfpfnc\/iFrame.js\" type=\"text\/javascript\"><\/script><\/p>\n<p><script src=\"chrome-extension:\/\/fpelahbljekknahkcaegamhcndkfpfnc\/iFrame.js\" type=\"text\/javascript\"><\/script><\/p>\n<p><script src=\"chrome-extension:\/\/fpelahbljekknahkcaegamhcndkfpfnc\/iFrame.js\" type=\"text\/javascript\"><\/script><\/p>\n<p><script src=\"chrome-extension:\/\/fpelahbljekknahkcaegamhcndkfpfnc\/iFrame.js\" type=\"text\/javascript\"><\/script><\/p>","protected":false},"featured_media":16926,"comment_status":"open","ping_status":"closed","template":"","meta":[],"product_brand":[230],"product_cat":[124,185,189,157,195,174,175,193,191,173,186,180,190],"product_tag":[],"class_list":{"0":"post-16901","1":"product","2":"type-product","3":"status-publish","4":"has-post-thumbnail","6":"product_brand-bug","7":"product_cat-vape-by-brand","8":"product_cat-10000-puffs-high-capacity","9":"product_cat-20mg-standard-nicotine-vapes","10":"product_cat-bug","11":"product_cat-dual-flavor-switch","12":"product_cat-fruit-flavors","13":"product_cat-icy-mint","14":"product_cat-mesh-coil","15":"product_cat-rechargeable-disposables","16":"product_cat-vape-by-flavor-profile","17":"product_cat-vape-by-nicotine-strength","18":"product_cat-vape-by-puff-count","19":"product_cat-vape-by-feature-or-type","21":"first","22":"onbackorder","23":"shipping-taxable","24":"purchasable","25":"product-type-variable","26":"has-default-attributes"},"tiered_pricing_type":"percentage","tiered_pricing_fixed_rules":[],"tiered_pricing_product_settings":{"layout":"default","base_unit_name":{"singular":null,"plural":null},"default_variation":null},"tiered_pricing_minimum_quantity":10,"tiered_pricing_roles_data":[],"tiered_pricing_percentage_rules":{"30":"29","50":"35","100":"40","200":"44","500":"47","1000":"49"},"tiered_pricing_maximum_quantity":null,"tiered_pricing_quantity_step":"10","_links":{"self":[{"href":"https:\/\/agoravape.com\/fr\/wp-json\/wp\/v2\/product\/16901","targetHints":{"allow":["GET"]}}],"collection":[{"href":"https:\/\/agoravape.com\/fr\/wp-json\/wp\/v2\/product"}],"about":[{"href":"https:\/\/agoravape.com\/fr\/wp-json\/wp\/v2\/types\/product"}],"replies":[{"embeddable":true,"href":"https:\/\/agoravape.com\/fr\/wp-json\/wp\/v2\/comments?post=16901"}],"version-history":[{"count":0,"href":"https:\/\/agoravape.com\/fr\/wp-json\/wp\/v2\/product\/16901\/revisions"}],"wp:featuredmedia":[{"embeddable":true,"href":"https:\/\/agoravape.com\/fr\/wp-json\/wp\/v2\/media\/16926"}],"wp:attachment":[{"href":"https:\/\/agoravape.com\/fr\/wp-json\/wp\/v2\/media?parent=16901"}],"wp:term":[{"taxonomy":"product_brand","embeddable":true,"href":"https:\/\/agoravape.com\/fr\/wp-json\/wp\/v2\/product_brand?post=16901"},{"taxonomy":"product_cat","embeddable":true,"href":"https:\/\/agoravape.com\/fr\/wp-json\/wp\/v2\/product_cat?post=16901"},{"taxonomy":"product_tag","embeddable":true,"href":"https:\/\/agoravape.com\/fr\/wp-json\/wp\/v2\/product_tag?post=16901"}],"curies":[{"name":"wp","href":"https:\/\/api.w.org\/{rel}","templated":true}]}}