{"id":16942,"date":"2025-10-18T10:26:29","date_gmt":"2025-10-18T02:26:29","guid":{"rendered":"https:\/\/green-grasshopper-921422.hostingersite.com\/?post_type=product&#038;p=16942"},"modified":"2026-03-31T04:20:48","modified_gmt":"2026-03-31T02:20:48","slug":"bangbox-80000-puffs-triple-flavor-vape","status":"publish","type":"product","link":"https:\/\/agoravape.com\/fr\/product\/bangbox-80000-puffs-triple-flavor-vape\/","title":{"rendered":"BANGBOX 80K Puffs Triple Flavor &amp; Triple Coil Vape | Grande capacit\u00e9, utilisation facile au quotidien"},"content":{"rendered":"<h2 data-v-md-heading=\"what-is-the-bangbox-80k-triple-flavored-three-coil-vape-like\" data-v-md-line=\"3\"><img loading=\"lazy\" decoding=\"async\" class=\"aligncenter size-full wp-image-16961\" src=\"https:\/\/agoravape.com\/wp-content\/uploads\/2025\/10\/BANGBOX-80K-Puffs-Triple-Flavor-Triple-Coil-Vape_Agora_vape-6.webp\" alt=\"\" width=\"800\" height=\"1605\" srcset=\"https:\/\/agoravape.com\/wp-content\/uploads\/2025\/10\/BANGBOX-80K-Puffs-Triple-Flavor-Triple-Coil-Vape_Agora_vape-6.webp 800w, https:\/\/agoravape.com\/wp-content\/uploads\/2025\/10\/BANGBOX-80K-Puffs-Triple-Flavor-Triple-Coil-Vape_Agora_vape-6-150x300.webp 150w, https:\/\/agoravape.com\/wp-content\/uploads\/2025\/10\/BANGBOX-80K-Puffs-Triple-Flavor-Triple-Coil-Vape_Agora_vape-6-510x1024.webp 510w, https:\/\/agoravape.com\/wp-content\/uploads\/2025\/10\/BANGBOX-80K-Puffs-Triple-Flavor-Triple-Coil-Vape_Agora_vape-6-768x1541.webp 768w, https:\/\/agoravape.com\/wp-content\/uploads\/2025\/10\/BANGBOX-80K-Puffs-Triple-Flavor-Triple-Coil-Vape_Agora_vape-6-766x1536.webp 766w\" sizes=\"auto, (max-width: 800px) 100vw, 800px\" \/><\/h2>\n<h2 data-v-md-heading=\"what-is-the-bangbox-80k-triple-flavored-three-coil-vape-like\" data-v-md-line=\"3\">\u00c0 quoi ressemble la cigarette \u00e9lectronique BANGBOX 80K \u00e0 trois saveurs et trois r\u00e9sistances ?<\/h2>\n<p data-v-md-line=\"4\">Si vous en avez assez des cigarettes \u00e9lectroniques jetables qui consomment trop de liquide, ce produit pourrait vous int\u00e9resser. La BANGBOX 80K offre jusqu'\u00e0 80\u00a0000 bouff\u00e9es et est \u00e9quip\u00e9e d'un r\u00e9servoir de 60\u00a0ml d'e-liquide haute capacit\u00e9, pour une autonomie prolong\u00e9e. Elle combine trois saveurs, id\u00e9ale pour ceux qui aiment varier les plaisirs tout au long de la journ\u00e9e.<\/p>\n<p data-v-md-line=\"6\">Pour ceux qui recherchent une performance fiable et une saveur riche sans se soucier de la configuration, c'est le choix id\u00e9al. L'affichage clair du niveau d'e-liquide et de la batterie permet de contr\u00f4ler l'\u00e9tat de la cigarette \u00e9lectronique \u00e0 tout moment, sans avoir \u00e0 deviner.<\/p>\n<h2 data-v-md-heading=\"excellent-performance-easy-and-convenient\" data-v-md-line=\"8\">Excellentes performances, facile et pratique<\/h2>\n<p data-v-md-line=\"9\">La technologie de triple r\u00e9sistance mesh est au c\u0153ur de cet appareil. C'est pourquoi la saveur de l'e-liquide reste constante de la premi\u00e8re \u00e0 la derni\u00e8re bouff\u00e9e. Lorsque la batterie est faible, vous pouvez la recharger via l'interface USB-C standard, le m\u00eame c\u00e2ble que celui utilis\u00e9 par la plupart des t\u00e9l\u00e9phones. Son utilisation est tr\u00e8s pratique.<\/p>\n<h2 data-v-md-heading=\"specification-introduction\" data-v-md-line=\"11\">Introduction aux sp\u00e9cifications<\/h2>\n<ul data-v-md-line=\"12\">\n<li>Fr\u00e9quence d'aspiration : jusqu'\u00e0 80\u00a0000 fois<\/li>\n<li>Teneur en nicotine : 0 %, 2 %, 3 %, 5 %<\/li>\n<li>Principe de fonctionnement : S'active en une seule bouff\u00e9e<\/li>\n<li>Chargement : interface USB Type-C<\/li>\n<li>\u00c9tat : Pr\u00eat \u00e0 l'emploi d\u00e8s la sortie de l'emballage<\/li>\n<li>Indicateur de niveau de e-liquide et de batterie\u00a0: voyant int\u00e9gr\u00e9 \u00e0 l\u2019appareil<\/li>\n<li>Capacit\u00e9 du r\u00e9servoir d'e-liquide : 60 millilitres<\/li>\n<li>C\u0153ur d'atomisation : C\u0153ur d'atomisation \u00e0 triple maille, 0,8 ohms<\/li>\n<li>Batterie\u00a0: cellules 17350, 850\u00a0mAh, batterie au cobalt pur, d\u00e9charge de 5\u00a0A<\/li>\n<li>Dimensions et poids\u00a0: 46 \u00d7 46 \u00d7 128 millim\u00e8tres, 135 grammes<\/li>\n<\/ul>\n<h2 data-v-md-heading=\"full-flavor-series\" data-v-md-line=\"23\">S\u00e9rie compl\u00e8te de saveurs<\/h2>\n<p data-v-md-line=\"24\">Chaque saveur peut offrir trois combinaisons de saveurs\u00a0:<\/p>\n<ul data-v-md-line=\"25\">\n<li>Fraise Banane + Framboise Past\u00e8que + Amour 666<\/li>\n<li>Fruits tropicaux + fraise past\u00e8que + citron p\u00eache<\/li>\n<li>Cola fraise-vanille + Pomme verte-framboise + Citron vert<\/li>\n<li>Glace double raisin + fraise mangue + myrtille framboise acidul\u00e9e<\/li>\n<li>Glace \u00e0 la past\u00e8que + Cr\u00e8me glac\u00e9e \u00e0 la fraise + Triple melon<\/li>\n<li>Soda au cola citron + chewing-gum \u00e0 la past\u00e8que + glace Black Dragon<\/li>\n<li>Glace aux trois baies + mangue p\u00eache + fraise kiwi<\/li>\n<li>Glace \u00e0 la fraise + Past\u00e8que \u00e0 la fraise + Ananas Mangue P\u00eache<\/li>\n<li>Ananas noix de coco + Glace \u00e0 la fraise + Glace aux myrtilles<\/li>\n<li>Glace au citron, au citron vert, \u00e0 la mangue, \u00e0 la p\u00eache, \u00e0 la past\u00e8que et \u00e0 la myrtille<\/li>\n<li>Glace \u00e0 la past\u00e8que + Red Bull + Kiwi \u00e0 la fraise<\/li>\n<li>Fraise-kiwi + Ananas acidul\u00e9 + Red Bull \u00e0 la fraise<\/li>\n<\/ul>\n<h2 data-v-md-heading=\"for-you-and-your-business\" data-v-md-line=\"38\">Pour vous et votre entreprise<\/h2>\n<p data-v-md-line=\"39\">Vous pouvez acheter <a class=\"wpil_keyword_link\" href=\"https:\/\/agoravape.com\/fr\/produit\/bangbox-50000-puffs-dual-flavor-vape\/\" target=\"_blank\" rel=\"noopener\" title=\"BANGBOX 50K Puffs Double Saveur Double R\u00e9sistance Vape en ligne | Deux saveurs. Grande autonomie. Recharge facile.\" data-wpil-keyword-link=\"linked\" data-wpil-monitor-id=\"7166\">BANGBOX<\/a> 80K for personal use or stock up for your store. Wholesale packaging of 10 pieces per box, convenient for retail shelving and online delivery. For more delivery volume, you can choose between small cardboard boxes of 100 pieces per box or large cardboard boxes of 200 pieces per box.<\/p>\n<p data-v-md-line=\"41\">Nous exp\u00e9dions nos produits en Europe via des partenaires de confiance tels que UPS, DPD et DHL, en livraison droits acquitt\u00e9s (DDP). Les droits de douane sont ainsi r\u00e9gl\u00e9s \u00e0 l'avance, \u00e9vitant tout probl\u00e8me de livraison impr\u00e9vu. Vos commandes sont tra\u00e7ables et livr\u00e9es en toute s\u00e9curit\u00e9.<\/p>\n<h2 data-v-md-heading=\"why-do-you-like-it\" data-v-md-line=\"43\">Pourquoi l'aimes-tu ?<\/h2>\n<ul data-v-md-line=\"44\">\n<li>R\u00e9duction importante du tabagisme\u00a0: vous pouvez r\u00e9duire le nombre de recharges gr\u00e2ce aux cartouches de fum\u00e9e, ce qui vous permet d\u2019\u00e9conomiser du temps et de l\u2019\u00e9nergie.<\/li>\n<li>S\u00e9lection du taux de nicotine\u00a0: Choisissez 0\u00a0%, 2\u00a0%, 3\u00a0% ou 5\u00a0% selon votre pr\u00e9f\u00e9rence.<\/li>\n<li>Rechargeable : La charge de type C vous permet d'utiliser pleinement 60 ml d'e-liquide sans gaspillage.<\/li>\n<li>R\u00e9sistance Mesh : Conception \u00e0 triple maille, pour un go\u00fbt stable et satisfaisant.<\/li>\n<li>Voyants lumineux clairs\u00a0: l\u2019\u00e9cran d\u2019affichage de la batterie et du e-liquide vous indiquera quand il faudra la recharger ou la remplacer.<\/li>\n<li>Trois saveurs en une : savourez plusieurs saveurs sans avoir \u00e0 transporter plusieurs appareils.<\/li>\n<\/ul>\n<h2 data-v-md-heading=\"why-choose-to-collaborate-with-agoravape\" data-v-md-line=\"51\">Pourquoi choisir de collaborer avec AgoraVape ?<\/h2>\n<p data-v-md-line=\"52\">Nous achetons et vendons du mat\u00e9riel 100 % authentique et offrons un support technique de qualit\u00e9. Les clients professionnels b\u00e9n\u00e9ficient de prix de gros avantageux, d'une livraison rapide TTC et d'un service fiable pour les vaporisateurs BANGBOX 80K Puffs \u00e0 trois saveurs et trois r\u00e9sistances. Pour l'achat d'un appareil haute capacit\u00e9 g\u00e9n\u00e9rant un taux de retour client \u00e9lev\u00e9, veuillez nous contacter.<\/p>","protected":false},"excerpt":{"rendered":"<p>&nbsp;<\/p>","protected":false},"featured_media":16960,"comment_status":"open","ping_status":"closed","template":"","meta":[],"product_brand":[231],"product_cat":[124,187,185,189,158,195,174,175,193,191,173,186,180,190,192],"product_tag":[],"class_list":{"0":"post-16942","1":"product","2":"type-product","3":"status-publish","4":"has-post-thumbnail","6":"product_brand-bang-box","7":"product_cat-vape-by-brand","8":"product_cat-0mg-nicotine-free-vapes","9":"product_cat-10000-puffs-high-capacity","10":"product_cat-20mg-standard-nicotine-vapes","11":"product_cat-bang-box","12":"product_cat-dual-flavor-switch","13":"product_cat-fruit-flavors","14":"product_cat-icy-mint","15":"product_cat-mesh-coil","16":"product_cat-rechargeable-disposables","17":"product_cat-vape-by-flavor-profile","18":"product_cat-vape-by-nicotine-strength","19":"product_cat-vape-by-puff-count","20":"product_cat-vape-by-feature-or-type","21":"product_cat-vapes-with-screens","23":"first","24":"instock","25":"shipping-taxable","26":"purchasable","27":"product-type-variable","28":"has-default-attributes"},"tiered_pricing_type":"percentage","tiered_pricing_fixed_rules":[],"tiered_pricing_product_settings":{"layout":"default","base_unit_name":{"singular":null,"plural":null},"default_variation":null},"tiered_pricing_minimum_quantity":10,"tiered_pricing_roles_data":[],"tiered_pricing_percentage_rules":{"30":"29","50":"35","100":"40","200":"44","500":"47","1000":"49"},"tiered_pricing_maximum_quantity":null,"tiered_pricing_quantity_step":"10","_links":{"self":[{"href":"https:\/\/agoravape.com\/fr\/wp-json\/wp\/v2\/product\/16942","targetHints":{"allow":["GET"]}}],"collection":[{"href":"https:\/\/agoravape.com\/fr\/wp-json\/wp\/v2\/product"}],"about":[{"href":"https:\/\/agoravape.com\/fr\/wp-json\/wp\/v2\/types\/product"}],"replies":[{"embeddable":true,"href":"https:\/\/agoravape.com\/fr\/wp-json\/wp\/v2\/comments?post=16942"}],"version-history":[{"count":1,"href":"https:\/\/agoravape.com\/fr\/wp-json\/wp\/v2\/product\/16942\/revisions"}],"predecessor-version":[{"id":29818,"href":"https:\/\/agoravape.com\/fr\/wp-json\/wp\/v2\/product\/16942\/revisions\/29818"}],"wp:featuredmedia":[{"embeddable":true,"href":"https:\/\/agoravape.com\/fr\/wp-json\/wp\/v2\/media\/16960"}],"wp:attachment":[{"href":"https:\/\/agoravape.com\/fr\/wp-json\/wp\/v2\/media?parent=16942"}],"wp:term":[{"taxonomy":"product_brand","embeddable":true,"href":"https:\/\/agoravape.com\/fr\/wp-json\/wp\/v2\/product_brand?post=16942"},{"taxonomy":"product_cat","embeddable":true,"href":"https:\/\/agoravape.com\/fr\/wp-json\/wp\/v2\/product_cat?post=16942"},{"taxonomy":"product_tag","embeddable":true,"href":"https:\/\/agoravape.com\/fr\/wp-json\/wp\/v2\/product_tag?post=16942"}],"curies":[{"name":"wp","href":"https:\/\/api.w.org\/{rel}","templated":true}]}}