{"id":16963,"date":"2025-10-18T10:42:20","date_gmt":"2025-10-18T02:42:20","guid":{"rendered":"https:\/\/green-grasshopper-921422.hostingersite.com\/?post_type=product&#038;p=16963"},"modified":"2026-03-31T04:20:47","modified_gmt":"2026-03-31T02:20:47","slug":"bangbox-50000-puffs-dual-flavor-vape","status":"publish","type":"product","link":"https:\/\/agoravape.com\/fr\/product\/bangbox-50000-puffs-dual-flavor-vape\/","title":{"rendered":"BANGBOX 50K Puffs Double Saveur Double R\u00e9sistance Vape en ligne | Deux saveurs. Grande autonomie. Recharge facile."},"content":{"rendered":"<h2 data-v-md-heading=\"what-are-the-special-features-of-online-purchase-of-bangbox-50k-dual-flavor-dual-coil-vape\" data-v-md-line=\"3\"><img loading=\"lazy\" decoding=\"async\" class=\"aligncenter size-full wp-image-16977\" src=\"https:\/\/agoravape.com\/wp-content\/uploads\/2025\/10\/BANGBOX-50K-Puffs-Dual-Flavor-Dual-Coil-Vape-Online_Agora_vape-1.webp\" alt=\"\" width=\"2000\" height=\"900\" srcset=\"https:\/\/agoravape.com\/wp-content\/uploads\/2025\/10\/BANGBOX-50K-Puffs-Dual-Flavor-Dual-Coil-Vape-Online_Agora_vape-1.webp 2000w, https:\/\/agoravape.com\/wp-content\/uploads\/2025\/10\/BANGBOX-50K-Puffs-Dual-Flavor-Dual-Coil-Vape-Online_Agora_vape-1-1200x540.webp 1200w, https:\/\/agoravape.com\/wp-content\/uploads\/2025\/10\/BANGBOX-50K-Puffs-Dual-Flavor-Dual-Coil-Vape-Online_Agora_vape-1-300x135.webp 300w, https:\/\/agoravape.com\/wp-content\/uploads\/2025\/10\/BANGBOX-50K-Puffs-Dual-Flavor-Dual-Coil-Vape-Online_Agora_vape-1-1024x461.webp 1024w, https:\/\/agoravape.com\/wp-content\/uploads\/2025\/10\/BANGBOX-50K-Puffs-Dual-Flavor-Dual-Coil-Vape-Online_Agora_vape-1-768x346.webp 768w, https:\/\/agoravape.com\/wp-content\/uploads\/2025\/10\/BANGBOX-50K-Puffs-Dual-Flavor-Dual-Coil-Vape-Online_Agora_vape-1-1536x691.webp 1536w\" sizes=\"auto, (max-width: 2000px) 100vw, 2000px\" \/><\/h2>\n<h2 data-v-md-heading=\"what-are-the-special-features-of-online-purchase-of-bangbox-50k-dual-flavor-dual-coil-vape\" data-v-md-line=\"3\">Quelles sont les particularit\u00e9s de l'achat en ligne de la cigarette \u00e9lectronique BANGBOX 50K \u00e0 double saveur et double r\u00e9sistance ?<\/h2>\n<p data-v-md-line=\"4\">Si vous en avez assez de changer d'appareil pour varier les saveurs, ce produit r\u00e9pondra \u00e0 vos besoins. BANGBOX int\u00e8gre deux saveurs dans une cigarette \u00e9lectronique jetable et r\u00e9sistante, vous permettant de la remplacer facilement sans avoir \u00e0 transporter une cigarette \u00e9lectronique de rechange. Son autonomie atteint 50\u00a0000 utilisations et des indicateurs clairs vous informent en permanence du niveau de batterie et d'e-liquide.<\/p>\n<p data-v-md-line=\"6\">Si vous recherchez une cigarette \u00e9lectronique simple et intuitive offrant une saveur stable, sans menus complexes ni boutons compliqu\u00e9s, ce produit est fait pour vous. Sa double r\u00e9sistance mesh garantit une vapeur dense et savoureuse, et sa batterie se recharge via un c\u00e2ble USB-C standard. Aucune manipulation fastidieuse n'est n\u00e9cessaire.<\/p>\n<h2 data-v-md-heading=\"excellent-performance-easy-and-convenient\" data-v-md-line=\"8\">Excellentes performances, facile et pratique<\/h2>\n<p data-v-md-line=\"9\">La BANGBOX est \u00e9quip\u00e9e de r\u00e9sistances double mesh de 0,8 \u03a9, garantissant une restitution constante des saveurs. Apr\u00e8s une demi-semaine d'utilisation, aucune odeur de br\u00fbl\u00e9 n'est apparue. Gr\u00e2ce \u00e0 son interface de chargement USB-C, vous pouvez utiliser le c\u00e2ble de chargement de votre t\u00e9l\u00e9phone. L'appareil affiche le niveau et l'autonomie de la batterie, vous \u00e9vitant ainsi toute incertitude. Malgr\u00e9 sa taille imposante, cette cigarette \u00e9lectronique reste tr\u00e8s agr\u00e9able \u00e0 tenir en main et se glisse facilement dans une poche.<\/p>\n<h2 data-v-md-heading=\"specification-introduction\" data-v-md-line=\"11\">Introduction aux sp\u00e9cifications<\/h2>\n<ul data-v-md-line=\"12\">\n<li>Fr\u00e9quence d'aspiration : jusqu'\u00e0 50\u00a0000 fois<\/li>\n<li>Teneur en nicotine\u00a0: 0\u00a0%, 2\u00a0%, 3\u00a0%, 5\u00a0% (la disponibilit\u00e9 pr\u00e9cise d\u00e9pend de la r\u00e9glementation locale)<\/li>\n<li>Capacit\u00e9 du r\u00e9servoir d'e-liquide : 45 millilitres<\/li>\n<li>C\u0153ur atomiseur : bobine double mesh de 0,8 \u03a9<\/li>\n<li>Batterie\u00a0: cellule au cobalt pur 17350, 850\u00a0mAh, d\u00e9charge de 5\u00a0A<\/li>\n<li>\u00c9cran\u00a0: indicateur de niveau de batterie et de liquide d\u2019e-liquide<\/li>\n<li>Working principle: Activate by inhaling<\/li>\n<li>Chargement : interface USB Type-C<\/li>\n<li>\u00c9tat : Pr\u00eat \u00e0 l'emploi d\u00e8s le d\u00e9ballage<\/li>\n<\/ul>\n<h2 data-v-md-heading=\"multiple-flavor-options\" data-v-md-line=\"22\">Plusieurs options de saveurs<\/h2>\n<ul data-v-md-line=\"23\">\n<li>Saveurs fraise-kiwi et double raisin<\/li>\n<li>Saveurs ananas mangue p\u00eache et fraise cerise<\/li>\n<li>Ar\u00f4mes de jus de p\u00eache et d'eau citronn\u00e9e aux myrtilles<\/li>\n<li>Saveurs de glace \u00e0 la myrtille et de soda au cola citron<\/li>\n<li>Saveurs de glace \u00e0 la myrtille, \u00e0 la framboise acidul\u00e9e et aux fruits m\u00e9lang\u00e9s<\/li>\n<li>Saveurs glace \u00e0 la myrtille et citron-lime<\/li>\n<li>Chewing-gum \u00e0 la past\u00e8que et saveur fraise, saveur past\u00e8que<\/li>\n<li>Red Bull Glace \u00e0 la past\u00e8que<\/li>\n<li>Pomme, poire, kiwi, fruit de la passion, saveur goyave<\/li>\n<li>Black Dragon Ice Mangue Saveur P\u00eache Past\u00e8que<\/li>\n<li>Saveur fraise framboise sucre LOVE66<\/li>\n<li>Glace \u00e0 la fraise, saveur fruit de la passion<\/li>\n<\/ul>\n<h2 data-v-md-heading=\"for-you-and-for-your-business-as-well\" data-v-md-line=\"36\">Pour vous, et pour votre entreprise \u00e9galement<\/h2>\n<p data-v-md-line=\"37\">Vous pouvez en choisir une pour votre usage personnel ou constituer un stock pour votre magasin. Conditionnement en gros\u00a0: bo\u00eetes de 10 unit\u00e9s. Pour les commandes en grande quantit\u00e9, nous proposons \u00e9galement des emballages cartonn\u00e9s. Vous avez le choix entre des petites bo\u00eetes de 100 unit\u00e9s (environ 15\u00a0kg) et des grandes bo\u00eetes de 200 unit\u00e9s (environ 29\u00a0kg).<\/p>\n<p data-v-md-line=\"39\">Nous exp\u00e9dions vos commandes via des partenaires de confiance tels que UPS, DPD et DHL en DDP (rendu droits acquitt\u00e9s) \u00e0 travers l'Europe, ce qui permet de pr\u00e9traiter les droits de douane. Vous b\u00e9n\u00e9ficiez ainsi d'un suivi et d'un emballage soign\u00e9 pour une livraison sans encombre et sans probl\u00e8me au d\u00e9douanement.<\/p>\n<p data-v-md-line=\"41\">D\u00e9claration de conformit\u00e9\u00a0: Les options de teneur en nicotine de 0\u00a0% et 2\u00a0% sont applicables aux march\u00e9s r\u00e9glement\u00e9s par la TPD\/TRRP. Les concentrations plus \u00e9lev\u00e9es de nicotine ne sont disponibles que conform\u00e9ment aux l\u00e9gislations locales. La disponibilit\u00e9 peut varier selon les pays et les r\u00e9gions.<\/p>\n<h2 data-v-md-heading=\"why-do-you-like-it\" data-v-md-line=\"43\">Pourquoi l'aimes-tu ?<\/h2>\n<ul data-v-md-line=\"44\">\n<li>Aspiration massive : jusqu'\u00e0 50 000 bouff\u00e9es, ce qui signifie moins de commandes r\u00e9p\u00e9t\u00e9es et de tracas.<\/li>\n<li>Deux saveurs au choix : plus besoin de transporter deux cigarettes \u00e9lectroniques pour changer de saveur.<\/li>\n<li>S\u00e9lection du taux de nicotine\u00a0: Choisissez un taux qui correspond \u00e0 vos pr\u00e9f\u00e9rences et \u00e0 la r\u00e9glementation locale.<\/li>\n<li>Rechargeable : le chargement de type C vous permet d'utiliser la totalit\u00e9 des 45 millilitres d'e-liquide.<\/li>\n<li>R\u00e9sistance mesh : Double r\u00e9sistance de 0,8 \u03a9, du premier au dernier orifice, pour maintenir un go\u00fbt stable.<\/li>\n<li>Voyants lumineux clairs\u00a0: niveaux de batterie et d\u2019e-liquide visibles en un coup d\u2019\u0153il, \u00e9vitant ainsi l\u2019aspiration \u00e0 sec.<\/li>\n<\/ul>\n<h2 data-v-md-heading=\"why-choose-agoravape\" data-v-md-line=\"51\">Pourquoi choisir AgoraVape ?<\/h2>\n<p data-v-md-line=\"52\">Nous exp\u00e9dions uniquement des produits 100 % authentiques, provenant directement de fournisseurs v\u00e9rifi\u00e9s. Les entreprises qui ach\u00e8tent les cigarettes \u00e9lectroniques BANGBOX 50000 \u00e0 double saveur et double r\u00e9sistance b\u00e9n\u00e9ficient de tarifs de gros pr\u00e9f\u00e9rentiels, d'une assistance technique rapide et d'une livraison express en Europe. Nous respectons les exigences de v\u00e9rification d'\u00e2ge de l'UE et garantissons la transparence de nos fiches produits, pour des achats en toute s\u00e9r\u00e9nit\u00e9.<\/p>\n<p data-v-md-line=\"54\">Vous souhaitez passer une commande au d\u00e9tail ou en gros\u00a0? Veuillez nous contacter pour conna\u00eetre les prix en temps r\u00e9el et les remises sur les commandes en gros.<\/p>","protected":false},"excerpt":{"rendered":"<p>&nbsp;<\/p>","protected":false},"featured_media":16989,"comment_status":"open","ping_status":"closed","template":"","meta":[],"product_brand":[231],"product_cat":[124,187,185,189,1641,158,195,174,175,193,191,173,186,180,190,192],"product_tag":[],"class_list":{"0":"post-16963","1":"product","2":"type-product","3":"status-publish","4":"has-post-thumbnail","6":"product_brand-bang-box","7":"product_cat-vape-by-brand","8":"product_cat-0mg-nicotine-free-vapes","9":"product_cat-10000-puffs-high-capacity","10":"product_cat-20mg-standard-nicotine-vapes","11":"product_cat-50000-puffs","12":"product_cat-bang-box","13":"product_cat-dual-flavor-switch","14":"product_cat-fruit-flavors","15":"product_cat-icy-mint","16":"product_cat-mesh-coil","17":"product_cat-rechargeable-disposables","18":"product_cat-vape-by-flavor-profile","19":"product_cat-vape-by-nicotine-strength","20":"product_cat-vape-by-puff-count","21":"product_cat-vape-by-feature-or-type","22":"product_cat-vapes-with-screens","24":"first","25":"instock","26":"shipping-taxable","27":"purchasable","28":"product-type-variable","29":"has-default-attributes"},"tiered_pricing_type":"percentage","tiered_pricing_fixed_rules":[],"tiered_pricing_product_settings":{"layout":"default","base_unit_name":{"singular":null,"plural":null},"default_variation":null},"tiered_pricing_minimum_quantity":10,"tiered_pricing_roles_data":[],"tiered_pricing_percentage_rules":{"30":"29","50":"35","100":"40","200":"44","500":"47","1000":"49"},"tiered_pricing_maximum_quantity":null,"tiered_pricing_quantity_step":"10","_links":{"self":[{"href":"https:\/\/agoravape.com\/fr\/wp-json\/wp\/v2\/product\/16963","targetHints":{"allow":["GET"]}}],"collection":[{"href":"https:\/\/agoravape.com\/fr\/wp-json\/wp\/v2\/product"}],"about":[{"href":"https:\/\/agoravape.com\/fr\/wp-json\/wp\/v2\/types\/product"}],"replies":[{"embeddable":true,"href":"https:\/\/agoravape.com\/fr\/wp-json\/wp\/v2\/comments?post=16963"}],"version-history":[{"count":0,"href":"https:\/\/agoravape.com\/fr\/wp-json\/wp\/v2\/product\/16963\/revisions"}],"wp:featuredmedia":[{"embeddable":true,"href":"https:\/\/agoravape.com\/fr\/wp-json\/wp\/v2\/media\/16989"}],"wp:attachment":[{"href":"https:\/\/agoravape.com\/fr\/wp-json\/wp\/v2\/media?parent=16963"}],"wp:term":[{"taxonomy":"product_brand","embeddable":true,"href":"https:\/\/agoravape.com\/fr\/wp-json\/wp\/v2\/product_brand?post=16963"},{"taxonomy":"product_cat","embeddable":true,"href":"https:\/\/agoravape.com\/fr\/wp-json\/wp\/v2\/product_cat?post=16963"},{"taxonomy":"product_tag","embeddable":true,"href":"https:\/\/agoravape.com\/fr\/wp-json\/wp\/v2\/product_tag?post=16963"}],"curies":[{"name":"wp","href":"https:\/\/api.w.org\/{rel}","templated":true}]}}