{"id":17050,"date":"2025-10-18T11:22:24","date_gmt":"2025-10-18T03:22:24","guid":{"rendered":"https:\/\/green-grasshopper-921422.hostingersite.com\/?post_type=product&#038;p=17050"},"modified":"2026-03-31T04:20:45","modified_gmt":"2026-03-31T02:20:45","slug":"bangbox-20000-puffs-vape","status":"publish","type":"product","link":"https:\/\/agoravape.com\/fr\/product\/bangbox-20000-puffs-vape\/","title":{"rendered":"BANGBOX 20000 bouff\u00e9es, r\u00e9sistance mesh, cigarette \u00e9lectronique jetable, UE | Saveur longue dur\u00e9e, recharge facile"},"content":{"rendered":"<h2 data-v-md-heading=\"what-are-the-special-features-of-bangbox-20000-port-mesh-coil-disposable-vape-european-standard\" data-v-md-line=\"3\"><img loading=\"lazy\" decoding=\"async\" class=\"aligncenter size-full wp-image-17049\" src=\"https:\/\/agoravape.com\/wp-content\/uploads\/2025\/10\/BANGBOX-20000-Puffs-Mesh-Coil-Disposable-Vape-EU_Agora_vape-1.webp\" alt=\"\" width=\"2560\" height=\"1440\" srcset=\"https:\/\/agoravape.com\/wp-content\/uploads\/2025\/10\/BANGBOX-20000-Puffs-Mesh-Coil-Disposable-Vape-EU_Agora_vape-1.webp 2560w, https:\/\/agoravape.com\/wp-content\/uploads\/2025\/10\/BANGBOX-20000-Puffs-Mesh-Coil-Disposable-Vape-EU_Agora_vape-1-1200x675.webp 1200w, https:\/\/agoravape.com\/wp-content\/uploads\/2025\/10\/BANGBOX-20000-Puffs-Mesh-Coil-Disposable-Vape-EU_Agora_vape-1-300x169.webp 300w, https:\/\/agoravape.com\/wp-content\/uploads\/2025\/10\/BANGBOX-20000-Puffs-Mesh-Coil-Disposable-Vape-EU_Agora_vape-1-1024x576.webp 1024w, https:\/\/agoravape.com\/wp-content\/uploads\/2025\/10\/BANGBOX-20000-Puffs-Mesh-Coil-Disposable-Vape-EU_Agora_vape-1-768x432.webp 768w, https:\/\/agoravape.com\/wp-content\/uploads\/2025\/10\/BANGBOX-20000-Puffs-Mesh-Coil-Disposable-Vape-EU_Agora_vape-1-1536x864.webp 1536w, https:\/\/agoravape.com\/wp-content\/uploads\/2025\/10\/BANGBOX-20000-Puffs-Mesh-Coil-Disposable-Vape-EU_Agora_vape-1-2048x1152.webp 2048w\" sizes=\"auto, (max-width: 2560px) 100vw, 2560px\" \/><\/h2>\n<h2 data-v-md-heading=\"what-are-the-special-features-of-bangbox-20000-port-mesh-coil-disposable-vape-european-standard\" data-v-md-line=\"3\">Quelles sont les caract\u00e9ristiques particuli\u00e8res de la cigarette \u00e9lectronique jetable BANGBOX 20000 avec bobine mesh (norme europ\u00e9enne)\u00a0?<\/h2>\n<p data-v-md-line=\"4\">Si vous en avez assez des cigarettes \u00e9lectroniques jetables qui s'\u00e9puisent en quelques jours, ce produit pourrait vous int\u00e9resser. La BANGBOX poss\u00e8de une capacit\u00e9 de 20\u00a0000 e-liquides et un indicateur de batterie clair, vous permettant de savoir pr\u00e9cis\u00e9ment quand la recharger. Plus besoin de deviner\u00a0: simple et pratique.<\/p>\n<p data-v-md-line=\"6\">Si vous voulez une vape fiable, d\u00e9licieuse et pr\u00eate \u00e0 l'emploi, ce produit est le choix id\u00e9al. On pourrait penser qu'un appareil d'une telle capacit\u00e9 serait encombrant, mais la taille du BANGBOX est \u00e9tonnamment petite, seulement 142 \u00d7 33 \u00d7 33 millim\u00e8tres. Il p\u00e8se environ 105 grammes, est solide, mais ne vous donnera pas l'impression d'\u00eatre lourd.<\/p>\n<h2 data-v-md-heading=\"excellent-performance-and-easy-operation\" data-v-md-line=\"8\">Excellentes performances et facilit\u00e9 d'utilisation<\/h2>\n<p data-v-md-line=\"9\">Au c\u0153ur de cet appareil se trouve la r\u00e9sistance mesh, qui garantit une saveur constante de la premi\u00e8re \u00e0 la derni\u00e8re bouff\u00e9e. Une simple inhalation suffit pour l'activer. Lorsque la batterie est faible, vous pouvez la recharger \u00e0 l'aide du c\u00e2ble USB-C et d'un chargeur de t\u00e9l\u00e9phone. Le petit \u00e9cran affiche le niveau de batterie, vous permettant ainsi de tout contr\u00f4ler.<\/p>\n<h2 data-v-md-heading=\"specification-introduction\" data-v-md-line=\"11\">Introduction aux sp\u00e9cifications<\/h2>\n<p data-v-md-line=\"12\"><strong>Fr\u00e9quence d'aspiration<\/strong>: jusqu'\u00e0 20 000 fois<br \/>\n<strong>Teneur en nicotine<\/strong>: 0%, 2%, 3%, 5%<br \/>\n<strong>Principe de fonctionnement<\/strong>Il suffit d'inspirer pour activer<br \/>\n<strong>Chargement<\/strong>Interface USB Type-C standard<br \/>\n<strong>Statut<\/strong>Pr\u00eat \u00e0 l'emploi d\u00e8s le d\u00e9ballage<\/p>\n<h2 data-v-md-heading=\"full-range-of-flavors\" data-v-md-line=\"18\">Full range of flavors<\/h2>\n<ul data-v-md-line=\"19\">\n<li>fraise kiwi<\/li>\n<li>Kiwi, fruit de la passion, goyave<\/li>\n<li>Strawberry watermelon<\/li>\n<li>past\u00e8que framboise<\/li>\n<li>Glace \u00e0 la myrtille et \u00e0 la framboise acidul\u00e9e<\/li>\n<li>Glace \u00e0 la past\u00e8que<\/li>\n<li>Glace \u00e0 la banane<\/li>\n<li>Mangue et p\u00eache<\/li>\n<li>Blue Rink Ice<\/li>\n<li>Monsieur Myrtille (Red Bull + Fruits Rouges)<\/li>\n<li>Glace au raisin<\/li>\n<li>Glace \u00e0 la mangue<\/li>\n<\/ul>\n<p><img loading=\"lazy\" decoding=\"async\" class=\"aligncenter size-full wp-image-17076\" src=\"https:\/\/agoravape.com\/wp-content\/uploads\/2025\/10\/BANGBOX-20000-Puffs-Mesh-Coil-Disposable-Vape-EU_Agora_vape-14.webp\" alt=\"\" width=\"2269\" height=\"1276\" srcset=\"https:\/\/agoravape.com\/wp-content\/uploads\/2025\/10\/BANGBOX-20000-Puffs-Mesh-Coil-Disposable-Vape-EU_Agora_vape-14.webp 2269w, https:\/\/agoravape.com\/wp-content\/uploads\/2025\/10\/BANGBOX-20000-Puffs-Mesh-Coil-Disposable-Vape-EU_Agora_vape-14-1200x675.webp 1200w, https:\/\/agoravape.com\/wp-content\/uploads\/2025\/10\/BANGBOX-20000-Puffs-Mesh-Coil-Disposable-Vape-EU_Agora_vape-14-300x169.webp 300w, https:\/\/agoravape.com\/wp-content\/uploads\/2025\/10\/BANGBOX-20000-Puffs-Mesh-Coil-Disposable-Vape-EU_Agora_vape-14-1024x576.webp 1024w, https:\/\/agoravape.com\/wp-content\/uploads\/2025\/10\/BANGBOX-20000-Puffs-Mesh-Coil-Disposable-Vape-EU_Agora_vape-14-768x432.webp 768w, https:\/\/agoravape.com\/wp-content\/uploads\/2025\/10\/BANGBOX-20000-Puffs-Mesh-Coil-Disposable-Vape-EU_Agora_vape-14-1536x864.webp 1536w, https:\/\/agoravape.com\/wp-content\/uploads\/2025\/10\/BANGBOX-20000-Puffs-Mesh-Coil-Disposable-Vape-EU_Agora_vape-14-2048x1152.webp 2048w\" sizes=\"auto, (max-width: 2269px) 100vw, 2269px\" \/><\/p>\n<h2 data-v-md-heading=\"for-you-and-your-business\" data-v-md-line=\"32\">Pour vous et votre entreprise<\/h2>\n<p data-v-md-line=\"33\">Vous pouvez acheter une BANGBOX 20000 pour votre usage personnel ou pour approvisionner votre magasin. Le conditionnement en gros est de 10 pi\u00e8ces par bo\u00eete, ou de 100 ou 200 pi\u00e8ces par bo\u00eete (pour les commandes en grande quantit\u00e9). La r\u00e9f\u00e9rence \u00e0 commander est BANG-BOX-20000-puff.<\/p>\n<p data-v-md-line=\"35\">Nous faisons appel \u00e0 des partenaires de confiance comme UPS, DPD et DHL pour exp\u00e9dier nos produits vers de nombreuses destinations de l'UE via DDP afin de g\u00e9rer correctement les droits de douane et d'\u00e9viter tout incident impr\u00e9vu. La r\u00e9glementation variant d'un march\u00e9 \u00e0 l'autre au sein de l'Union europ\u00e9enne, il est important de v\u00e9rifier la r\u00e9glementation locale avant toute importation, d'autant plus que ce dispositif ne contient que 35 millilitres d'e-liquide.<\/p>\n<h2 data-v-md-heading=\"why-do-you-like-it\" data-v-md-line=\"37\">Pourquoi l'aimes-tu ?<\/h2>\n<p data-v-md-line=\"38\"><strong>Aspiration puissante<\/strong>Il dure plus longtemps, vous n'avez donc pas besoin d'acheter fr\u00e9quemment de nouveau e-liquide.<br \/>\n<strong>S\u00e9lection de nicotine<\/strong>Choisissez la concentration de nicotine qui vous convient le mieux.<br \/>\n<strong>Rechargeable<\/strong>Vous consommerez tout le e-liquide que vous aurez achet\u00e9.<br \/>\n<strong>Bobine en maille<\/strong>Profitez d'une texture lisse et homog\u00e8ne \u00e0 chaque succion.<br \/>\n<strong>affichage du niveau de la batterie<\/strong>Visualisez clairement le niveau de votre batterie en un coup d'\u0153il.<\/p>\n<h2 data-v-md-heading=\"why-collaborate-with-agoravape\" data-v-md-line=\"44\">Pourquoi collaborer avec AgoraVape ?<\/h2>\n<p data-v-md-line=\"45\">Nous ne vendons que des produits 100 % authentiques et d'origine clairement identifi\u00e9e. Pour les professionnels, cela se traduit par des prix de gros avantageux, un service client fiable et une livraison DDP rapide dans toute l'Europe. Nous v\u00e9rifions l'ann\u00e9e de fabrication, respectons les normes du secteur et garantissons une communication transparente. Contactez-nous d\u00e8s maintenant pour commander les cigarettes \u00e9lectroniques jetables BANGBOX 20000 avec r\u00e9sistances mesh (version UE) et offrez \u00e0 vos clients un produit fiable et durable.<\/p>","protected":false},"excerpt":{"rendered":"<p>Quelles sont les particularit\u00e9s de la vape jetable BANGBOX 20000 port mesh coil (norme europ\u00e9enne) ? Si vous en avez assez de<\/p>","protected":false},"featured_media":17075,"comment_status":"open","ping_status":"closed","template":"","meta":[],"product_brand":[231],"product_cat":[124,187,185,1636,189,158,174,175,193,191,173,186,180,190,192],"product_tag":[],"class_list":{"0":"post-17050","1":"product","2":"type-product","3":"status-publish","4":"has-post-thumbnail","6":"product_brand-bang-box","7":"product_cat-vape-by-brand","8":"product_cat-0mg-nicotine-free-vapes","9":"product_cat-10000-puffs-high-capacity","10":"product_cat-20000-puffs","11":"product_cat-20mg-standard-nicotine-vapes","12":"product_cat-bang-box","13":"product_cat-fruit-flavors","14":"product_cat-icy-mint","15":"product_cat-mesh-coil","16":"product_cat-rechargeable-disposables","17":"product_cat-vape-by-flavor-profile","18":"product_cat-vape-by-nicotine-strength","19":"product_cat-vape-by-puff-count","20":"product_cat-vape-by-feature-or-type","21":"product_cat-vapes-with-screens","23":"first","24":"onbackorder","25":"shipping-taxable","26":"purchasable","27":"product-type-variable","28":"has-default-attributes"},"tiered_pricing_type":"percentage","tiered_pricing_fixed_rules":[],"tiered_pricing_product_settings":{"layout":"default","base_unit_name":{"singular":null,"plural":null},"default_variation":null},"tiered_pricing_minimum_quantity":10,"tiered_pricing_roles_data":[],"tiered_pricing_percentage_rules":{"30":"29","50":"35","100":"40","200":"44","500":"47","1000":"49"},"tiered_pricing_maximum_quantity":null,"tiered_pricing_quantity_step":"10","_links":{"self":[{"href":"https:\/\/agoravape.com\/fr\/wp-json\/wp\/v2\/product\/17050","targetHints":{"allow":["GET"]}}],"collection":[{"href":"https:\/\/agoravape.com\/fr\/wp-json\/wp\/v2\/product"}],"about":[{"href":"https:\/\/agoravape.com\/fr\/wp-json\/wp\/v2\/types\/product"}],"replies":[{"embeddable":true,"href":"https:\/\/agoravape.com\/fr\/wp-json\/wp\/v2\/comments?post=17050"}],"version-history":[{"count":1,"href":"https:\/\/agoravape.com\/fr\/wp-json\/wp\/v2\/product\/17050\/revisions"}],"predecessor-version":[{"id":29815,"href":"https:\/\/agoravape.com\/fr\/wp-json\/wp\/v2\/product\/17050\/revisions\/29815"}],"wp:featuredmedia":[{"embeddable":true,"href":"https:\/\/agoravape.com\/fr\/wp-json\/wp\/v2\/media\/17075"}],"wp:attachment":[{"href":"https:\/\/agoravape.com\/fr\/wp-json\/wp\/v2\/media?parent=17050"}],"wp:term":[{"taxonomy":"product_brand","embeddable":true,"href":"https:\/\/agoravape.com\/fr\/wp-json\/wp\/v2\/product_brand?post=17050"},{"taxonomy":"product_cat","embeddable":true,"href":"https:\/\/agoravape.com\/fr\/wp-json\/wp\/v2\/product_cat?post=17050"},{"taxonomy":"product_tag","embeddable":true,"href":"https:\/\/agoravape.com\/fr\/wp-json\/wp\/v2\/product_tag?post=17050"}],"curies":[{"name":"wp","href":"https:\/\/api.w.org\/{rel}","templated":true}]}}