{"id":17105,"date":"2025-10-18T12:02:44","date_gmt":"2025-10-18T04:02:44","guid":{"rendered":"https:\/\/green-grasshopper-921422.hostingersite.com\/?post_type=product&#038;p=17105"},"modified":"2026-03-31T04:20:44","modified_gmt":"2026-03-31T02:20:44","slug":"bangbox-30000-puffs-dual-flavor-vape","status":"publish","type":"product","link":"https:\/\/agoravape.com\/fr\/product\/bangbox-30000-puffs-dual-flavor-vape\/","title":{"rendered":"BANGBOX 30K Bouff\u00e9es Vapeur \u00e0 \u00e9cran commutable double saveur | Deux saveurs \u00e0 la demande, con\u00e7ue pour durer"},"content":{"rendered":"<h2 data-v-md-heading=\"what-is-special-about-bangbox-30k-dual-flavor-switchable-screen-vape\" data-v-md-line=\"3\"><img loading=\"lazy\" decoding=\"async\" class=\"aligncenter size-full wp-image-17119\" src=\"https:\/\/agoravape.com\/wp-content\/uploads\/2025\/10\/BANGBOX-30K-Puffs-Dual-Flavor-Switchable-Screen-Vape_Agora_vape-1-scaled.webp\" alt=\"\" width=\"2560\" height=\"1440\" srcset=\"https:\/\/agoravape.com\/wp-content\/uploads\/2025\/10\/BANGBOX-30K-Puffs-Dual-Flavor-Switchable-Screen-Vape_Agora_vape-1-scaled.webp 2560w, https:\/\/agoravape.com\/wp-content\/uploads\/2025\/10\/BANGBOX-30K-Puffs-Dual-Flavor-Switchable-Screen-Vape_Agora_vape-1-scaled-1200x675.webp 1200w, https:\/\/agoravape.com\/wp-content\/uploads\/2025\/10\/BANGBOX-30K-Puffs-Dual-Flavor-Switchable-Screen-Vape_Agora_vape-1-300x169.webp 300w, https:\/\/agoravape.com\/wp-content\/uploads\/2025\/10\/BANGBOX-30K-Puffs-Dual-Flavor-Switchable-Screen-Vape_Agora_vape-1-1024x576.webp 1024w, https:\/\/agoravape.com\/wp-content\/uploads\/2025\/10\/BANGBOX-30K-Puffs-Dual-Flavor-Switchable-Screen-Vape_Agora_vape-1-768x432.webp 768w, https:\/\/agoravape.com\/wp-content\/uploads\/2025\/10\/BANGBOX-30K-Puffs-Dual-Flavor-Switchable-Screen-Vape_Agora_vape-1-1536x864.webp 1536w, https:\/\/agoravape.com\/wp-content\/uploads\/2025\/10\/BANGBOX-30K-Puffs-Dual-Flavor-Switchable-Screen-Vape_Agora_vape-1-2048x1152.webp 2048w\" sizes=\"auto, (max-width: 2560px) 100vw, 2560px\" \/><\/h2>\n<h2 data-v-md-heading=\"what-is-special-about-bangbox-30k-dual-flavor-switchable-screen-vape\" data-v-md-line=\"3\">Qu'est-ce qui rend le vaporisateur BANGBOX 30K \u00e0 double saveur et \u00e9cran commutable si sp\u00e9cial ?<\/h2>\n<p data-v-md-line=\"4\">Si vous en avez assez de changer constamment d'appareil pour varier les plaisirs, ce produit vous ravira. BANGBOX vous permet d'emporter deux saveurs dans un seul appareil et de passer d'un \u00e9cran \u00e0 l'autre \u00e0 tout moment, o\u00f9 que vous soyez. Plus besoin de chercher, ni de fouiller dans vos poches.<\/p>\n<p data-v-md-line=\"6\">Si vous recherchez une autonomie longue dur\u00e9e et une utilisation simplifi\u00e9e, ce produit est fait pour vous. Son format compact offre jusqu'\u00e0 30\u00a0000 bouff\u00e9es et son \u00e9cran clair affiche le niveau de batterie et d'e-liquide. Choisissez votre taux de nicotine pr\u00e9f\u00e9r\u00e9. Variez les saveurs. Commencez votre journ\u00e9e du bon pied.<\/p>\n<h2 data-v-md-heading=\"excellent-performance-easy-and-convenient\" data-v-md-line=\"8\">Excellentes performances, facile et pratique<\/h2>\n<p data-v-md-line=\"9\">La r\u00e9sistance mesh int\u00e9gr\u00e9e de 0,8 \u03a9 garantit une saveur rafra\u00eechissante de la premi\u00e8re \u00e0 la derni\u00e8re bouff\u00e9e. La chauffe est uniforme, pr\u00e9servant ainsi la douceur et l'intensit\u00e9 de vos m\u00e9langes pr\u00e9f\u00e9r\u00e9s. Lorsque la batterie est faible, il vous suffit d'utiliser le c\u00e2ble de donn\u00e9es USB-C fourni, probablement le m\u00eame que celui de votre t\u00e9l\u00e9phone, pour la recharger. C'est simple comme bonjour.<\/p>\n<h2 data-v-md-heading=\"specification-introduction\" data-v-md-line=\"11\">Introduction aux sp\u00e9cifications<\/h2>\n<ul data-v-md-line=\"12\">\n<li>Fr\u00e9quence d'aspiration : jusqu'\u00e0 30\u00a0000 fois<\/li>\n<li>Teneur en nicotine : 0 %, 2 %, 3 %, 5 %<\/li>\n<li>Principe de fonctionnement : S'active en une seule bouff\u00e9e<\/li>\n<li>Charging: Standard Type-C USB interface<\/li>\n<li>\u00c9tat : Pr\u00eat \u00e0 l'emploi d\u00e8s le d\u00e9ballage<\/li>\n<\/ul>\n<h2 data-v-md-heading=\"full-range-of-flavors\" data-v-md-line=\"18\">Full range of flavors<\/h2>\n<ul data-v-md-line=\"19\">\n<li>Smoothie \u00e0 la past\u00e8que accompagn\u00e9 de kiwis aux fraises<\/li>\n<li>Past\u00e8que-fraise associ\u00e9e \u00e0 des kiwis-fraises<\/li>\n<li>Smoothie aux myrtilles et au jus de p\u00eache<\/li>\n<li>Smoothie kiwi-fruit de la passion-goyave accompagn\u00e9 de myrtilles<\/li>\n<li>Cr\u00e8me glac\u00e9e aux myrtilles et framboises acidul\u00e9es avec fruits m\u00e9lang\u00e9s<\/li>\n<li>Smoothie aux trois baies avec fraise et mangue<\/li>\n<li>Chewing-gum \u00e0 la past\u00e8que et \u00e0 la fraise<\/li>\n<li>Smoothie aux myrtilles accompagn\u00e9 d'un smoothie \u00e0 la past\u00e8que<\/li>\n<li>Past\u00e8que-fraise associ\u00e9e \u00e0 du kiwi, du fruit de la passion et de la goyave<\/li>\n<li>Sable glac\u00e9 du Dragon Noir \u00e0 la mangue, \u00e0 la p\u00eache et \u00e0 la past\u00e8que<\/li>\n<li>Smoothie aux myrtilles accompagn\u00e9 de double portion de raisins<\/li>\n<li>Smoothie aux myrtilles accompagn\u00e9 de fraises et de mangue<\/li>\n<\/ul>\n<h2 data-v-md-heading=\"for-you-and-your-business\" data-v-md-line=\"32\">Pour vous et votre entreprise<\/h2>\n<p data-v-md-line=\"33\">L'achat pour soi-m\u00eame est tr\u00e8s simple. Choisissez votre combinaison d'ar\u00f4mes et votre taux de nicotine pr\u00e9f\u00e9r\u00e9s, et profitez d'une longue dur\u00e9e de vie de la batterie. Si vous \u00eates un d\u00e9taillant, vous pouvez acheter BANGBOX au prix de gros de 10 pi\u00e8ces par bo\u00eete. Nous proposons \u00e9galement des petites bo\u00eetes en carton pour 100 unit\u00e9s et des grandes bo\u00eetes en carton pour 160 unit\u00e9s, ce qui vous permet de planifier facilement votre espace de stockage.<\/p>\n<p data-v-md-line=\"35\">Nous exp\u00e9dions votre commande par UPS, DPD et DHL en DDP (taxes acquitt\u00e9es) dans toute l'Europe afin de garantir une livraison rapide et d'\u00e9viter les probl\u00e8mes de douane. Si vous avez besoin d'aide pour choisir vos saveurs ou pour conna\u00eetre les d\u00e9tails de conformit\u00e9, notre \u00e9quipe est \u00e0 votre disposition.<\/p>\n<h2 data-v-md-heading=\"why-do-you-like-it\" data-v-md-line=\"37\">Pourquoi l'aimes-tu ?<\/h2>\n<ul data-v-md-line=\"38\">\n<li>Aspiration excessive\u00a0: moins de remplacements, \u00e9conomies d\u2019argent et d\u2019efforts<\/li>\n<li>Double commutation de saveurs : changez de saveur \u00e0 tout moment selon vos besoins.<\/li>\n<li>Choix du taux de nicotine\u00a0: 0\u00a0%, 2\u00a0%, 3\u00a0% ou 5\u00a0% selon vos pr\u00e9f\u00e9rences.<\/li>\n<li>Rechargeable : le chargement de type C vous permet d'utiliser tous les e-liquides achet\u00e9s.<\/li>\n<li>R\u00e9sistance mesh : Go\u00fbt constant, net et pr\u00e9cis, satisfaisant<\/li>\n<li>\u00c9cran clair : les voyants indicateurs de batterie et d'e-liquide vous tiennent inform\u00e9 en permanence.<\/li>\n<\/ul>\n<h2 data-v-md-heading=\"why-collaborate-with-agoravape\" data-v-md-line=\"45\">Pourquoi collaborer avec AgoraVape ?<\/h2>\n<p data-v-md-line=\"46\">Nous ne vendons que des produits 100 % authentiques, sans le moindre doute. Pour les professionnels, cela signifie que les vaporisateurs BANGBOX 30K \u00e0 double saveur et \u00e9cran interchangeable b\u00e9n\u00e9ficient de prix de gros avantageux, d'un service apr\u00e8s-vente rapide et d'une livraison express. Contactez-nous pour constituer un stock pour vos clients et leur offrir une exp\u00e9rience inoubliable qui les incitera \u00e0 revenir.<\/p>\n<p data-v-md-line=\"48\">Avis aux personnes curieuses\u00a0:<\/p>\n<ul data-v-md-line=\"49\">\n<li>Batterie\u00a0: oxyde de lithium-cobalt de 850\u00a0mAh, d\u00e9charge de 5\u00a0A<\/li>\n<li>E-liquide : capacit\u00e9 totale 35 millilitres<\/li>\n<li>Dimensions et poids\u00a0: 115 \u00d7 68 \u00d7 33 millim\u00e8tres, 129 grammes<\/li>\n<li>\u00c9cran\u00a0: Affiche les niveaux de batterie et d\u2019e-liquide, vous permettant de planifier facilement la recharge et le changement de saveur.<\/li>\n<\/ul>","protected":false},"excerpt":{"rendered":"<p>Qu'est-ce qui fait la particularit\u00e9 du BANGBOX 30K dual flavor switchable screen vape ? Si vous \u00eates fatigu\u00e9 de changer fr\u00e9quemment d'appareil pour<\/p>","protected":false},"featured_media":17131,"comment_status":"open","ping_status":"closed","template":"","meta":[],"product_brand":[231],"product_cat":[124,187,185,189,1637,158,195,174,175,193,191,173,186,180,190,192],"product_tag":[],"class_list":{"0":"post-17105","1":"product","2":"type-product","3":"status-publish","4":"has-post-thumbnail","6":"product_brand-bang-box","7":"product_cat-vape-by-brand","8":"product_cat-0mg-nicotine-free-vapes","9":"product_cat-10000-puffs-high-capacity","10":"product_cat-20mg-standard-nicotine-vapes","11":"product_cat-30000-puffs","12":"product_cat-bang-box","13":"product_cat-dual-flavor-switch","14":"product_cat-fruit-flavors","15":"product_cat-icy-mint","16":"product_cat-mesh-coil","17":"product_cat-rechargeable-disposables","18":"product_cat-vape-by-flavor-profile","19":"product_cat-vape-by-nicotine-strength","20":"product_cat-vape-by-puff-count","21":"product_cat-vape-by-feature-or-type","22":"product_cat-vapes-with-screens","24":"first","25":"onbackorder","26":"shipping-taxable","27":"purchasable","28":"product-type-variable","29":"has-default-attributes"},"tiered_pricing_type":"percentage","tiered_pricing_fixed_rules":[],"tiered_pricing_product_settings":{"layout":"default","base_unit_name":{"singular":null,"plural":null},"default_variation":null},"tiered_pricing_minimum_quantity":10,"tiered_pricing_roles_data":[],"tiered_pricing_percentage_rules":{"30":"29","50":"35","100":"40","200":"44","500":"47","1000":"49"},"tiered_pricing_maximum_quantity":null,"tiered_pricing_quantity_step":"10","_links":{"self":[{"href":"https:\/\/agoravape.com\/fr\/wp-json\/wp\/v2\/product\/17105","targetHints":{"allow":["GET"]}}],"collection":[{"href":"https:\/\/agoravape.com\/fr\/wp-json\/wp\/v2\/product"}],"about":[{"href":"https:\/\/agoravape.com\/fr\/wp-json\/wp\/v2\/types\/product"}],"replies":[{"embeddable":true,"href":"https:\/\/agoravape.com\/fr\/wp-json\/wp\/v2\/comments?post=17105"}],"version-history":[{"count":1,"href":"https:\/\/agoravape.com\/fr\/wp-json\/wp\/v2\/product\/17105\/revisions"}],"predecessor-version":[{"id":29813,"href":"https:\/\/agoravape.com\/fr\/wp-json\/wp\/v2\/product\/17105\/revisions\/29813"}],"wp:featuredmedia":[{"embeddable":true,"href":"https:\/\/agoravape.com\/fr\/wp-json\/wp\/v2\/media\/17131"}],"wp:attachment":[{"href":"https:\/\/agoravape.com\/fr\/wp-json\/wp\/v2\/media?parent=17105"}],"wp:term":[{"taxonomy":"product_brand","embeddable":true,"href":"https:\/\/agoravape.com\/fr\/wp-json\/wp\/v2\/product_brand?post=17105"},{"taxonomy":"product_cat","embeddable":true,"href":"https:\/\/agoravape.com\/fr\/wp-json\/wp\/v2\/product_cat?post=17105"},{"taxonomy":"product_tag","embeddable":true,"href":"https:\/\/agoravape.com\/fr\/wp-json\/wp\/v2\/product_tag?post=17105"}],"curies":[{"name":"wp","href":"https:\/\/api.w.org\/{rel}","templated":true}]}}