{"id":17136,"date":"2025-10-18T12:30:30","date_gmt":"2025-10-18T04:30:30","guid":{"rendered":"https:\/\/green-grasshopper-921422.hostingersite.com\/?post_type=product&#038;p=17136"},"modified":"2026-03-31T01:41:40","modified_gmt":"2026-03-30T23:41:40","slug":"bangbox-35000-puffs-vape","status":"publish","type":"product","link":"https:\/\/agoravape.com\/fr\/product\/bangbox-35000-puffs-vape\/","title":{"rendered":"BANGBOX 35K Bouff\u00e9es Vape Jetable \u00e0 Puissance R\u00e9glable | Grande Capacit\u00e9, Contr\u00f4le Simple"},"content":{"rendered":"<h2 data-v-md-heading=\"what-is-special-about-bangbox-35k-disposable-vape-with-adjustable-power\" data-v-md-line=\"3\"><img loading=\"lazy\" decoding=\"async\" class=\"aligncenter size-full wp-image-17133\" src=\"https:\/\/agoravape.com\/wp-content\/uploads\/2025\/10\/BANGBOX-35K-Puffs-Adjustable-Power-Disposable-Vape_Agora_vape-1-scaled.webp\" alt=\"\" width=\"2560\" height=\"1805\" srcset=\"https:\/\/agoravape.com\/wp-content\/uploads\/2025\/10\/BANGBOX-35K-Puffs-Adjustable-Power-Disposable-Vape_Agora_vape-1-scaled.webp 2560w, https:\/\/agoravape.com\/wp-content\/uploads\/2025\/10\/BANGBOX-35K-Puffs-Adjustable-Power-Disposable-Vape_Agora_vape-1-scaled-1200x846.webp 1200w, https:\/\/agoravape.com\/wp-content\/uploads\/2025\/10\/BANGBOX-35K-Puffs-Adjustable-Power-Disposable-Vape_Agora_vape-1-300x212.webp 300w, https:\/\/agoravape.com\/wp-content\/uploads\/2025\/10\/BANGBOX-35K-Puffs-Adjustable-Power-Disposable-Vape_Agora_vape-1-1024x722.webp 1024w, https:\/\/agoravape.com\/wp-content\/uploads\/2025\/10\/BANGBOX-35K-Puffs-Adjustable-Power-Disposable-Vape_Agora_vape-1-768x542.webp 768w, https:\/\/agoravape.com\/wp-content\/uploads\/2025\/10\/BANGBOX-35K-Puffs-Adjustable-Power-Disposable-Vape_Agora_vape-1-1536x1083.webp 1536w, https:\/\/agoravape.com\/wp-content\/uploads\/2025\/10\/BANGBOX-35K-Puffs-Adjustable-Power-Disposable-Vape_Agora_vape-1-2048x1444.webp 2048w\" sizes=\"auto, (max-width: 2560px) 100vw, 2560px\" \/><\/h2>\n<h2 data-v-md-heading=\"what-is-special-about-bangbox-35k-disposable-vape-with-adjustable-power\" data-v-md-line=\"3\">Qu'est-ce qui rend la cigarette \u00e9lectronique jetable BANGBOX 35K \u00e0 puissance r\u00e9glable si sp\u00e9ciale ?<\/h2>\n<p data-v-md-line=\"4\">Si vous en avez assez des cigarettes \u00e9lectroniques jetables \u00e9nergivores, ce produit m\u00e9rite assur\u00e9ment votre attention. La cigarette \u00e9lectronique jetable BANGBOX 35K \u00e0 puissance r\u00e9glable offre jusqu'\u00e0 35\u00a0000 bouff\u00e9es et vous permet d'adapter le nombre de bouff\u00e9es \u00e0 vos envies.<\/p>\n<p data-v-md-line=\"6\">Pour les utilisateurs recherchant une cigarette \u00e9lectronique fiable, offrant une vapeur savoureuse et pratique, c'est le choix id\u00e9al. Son indicateur clair de niveau de batterie et d'e-liquide permet de savoir en permanence quand recharger ou quand la batterie est faible. Malgr\u00e9 sa grande capacit\u00e9, elle se glisse facilement dans une poche de veste.<\/p>\n<h2 data-v-md-heading=\"excellent-performance-easy-and-convenient\" data-v-md-line=\"8\">Excellentes performances, facile et pratique<\/h2>\n<p data-v-md-line=\"9\">Les r\u00e9sistances double mesh de 0,8 \u03a9 garantissent une saveur constante de la premi\u00e8re \u00e0 la derni\u00e8re bouff\u00e9e. L'activation par traction \u00e9vite d'avoir \u00e0 manipuler des boutons. Lorsque la batterie est faible, il suffit de la brancher au c\u00e2ble de donn\u00e9es USB-C, \u00e9ventuellement d\u00e9j\u00e0 utilis\u00e9 avec votre t\u00e9l\u00e9phone. C'est simple comme bonjour.<\/p>\n<h2 data-v-md-heading=\"specification-overview\" data-v-md-line=\"11\">Aper\u00e7u des sp\u00e9cifications<\/h2>\n<p data-v-md-line=\"12\"><strong>Nombre d'aspirations<\/strong>: jusqu'\u00e0 35 000 aspirations<br \/>\n<strong>Teneur en nicotine<\/strong>: 0 %, 2 %, 3 % ou 5 %<br \/>\n<strong>Principe de fonctionnement<\/strong>Activez-vous en une seule bouff\u00e9e.<br \/>\n<strong>Chargement<\/strong>Interface USB Type-C standard<br \/>\n<strong>Statut<\/strong>Pr\u00eat \u00e0 l'emploi d\u00e8s le d\u00e9ballage<br \/>\n<strong>e-liquid capacity<\/strong>: 35 millilitres<br \/>\n<strong>Noyau atomiseur<\/strong>Bobine \u00e0 double maille de 0,8 \u03a9<br \/>\n<strong>Pouvoir<\/strong>: Sortie r\u00e9glable<br \/>\n<strong>\u00c9cran d'affichage<\/strong>Voyants indicateurs de batterie et de liquide d'e-liquide<br \/>\n<strong>Taille et poids<\/strong>115 \u00d7 68 \u00d7 33 millim\u00e8tres, 105 grammes<\/p>\n<h2 data-v-md-heading=\"full-range-of-flavors\" data-v-md-line=\"23\">Full range of flavors<\/h2>\n<ul data-v-md-line=\"24\">\n<li>fraise kiwi<\/li>\n<li>Smoothie aux myrtilles<\/li>\n<li>Strawberry watermelon<\/li>\n<li>Fruit de la passion<\/li>\n<li>Soda au cola citron<\/li>\n<li>Smoothie \u00e0 la past\u00e8que<\/li>\n<li>Chewing-gum \u00e0 la past\u00e8que<\/li>\n<li>Kiwi, fruit de la passion, goyave<\/li>\n<li>Smoothie aux myrtilles<\/li>\n<li>Watermelon cherry<\/li>\n<li>Red Bull<\/li>\n<li>Pamplemousse \u00e0 la menthe<\/li>\n<\/ul>\n<h2 data-v-md-heading=\"for-you-and-for-your-business-as-well\" data-v-md-line=\"37\">Pour vous, et pour votre entreprise \u00e9galement<\/h2>\n<p data-v-md-line=\"38\">Vous pouvez choisir <a class=\"wpil_keyword_link\" href=\"https:\/\/agoravape.com\/fr\/vape-par-marque\/bang-box\/\" target=\"_blank\" rel=\"noopener\" title=\"BANG BOX\" data-wpil-keyword-link=\"linked\" data-wpil-monitor-id=\"7110\">BANGBOX<\/a> 35\u00a0000 unit\u00e9s pour un usage personnel ou pour votre magasin. Conditionnement en gros\u00a0: 10 unit\u00e9s par bo\u00eete pour une gestion simplifi\u00e9e des stocks. Pour les commandes en gros, vous pouvez choisir une petite bo\u00eete de 100 unit\u00e9s ou une grande bo\u00eete de 200 unit\u00e9s.<\/p>\n<p data-v-md-line=\"40\">Nous faisons appel \u00e0 des partenaires de confiance tels que UPS, DPD et DHL pour exp\u00e9dier vos marchandises \u00e0 travers l'Europe en DDP (rendu droits acquitt\u00e9s), garantissant une livraison rapide et \u00e9vitant les probl\u00e8mes de douane.<\/p>\n<h2 data-v-md-heading=\"why-do-you-like-it\" data-v-md-line=\"42\">Pourquoi l'aimes-tu ?<\/h2>\n<p data-v-md-line=\"43\"><strong>Gros calibre :<\/strong>\u00a0Durable et r\u00e9sistant, inutile de remplacer l'\u00e9quipement tous les quelques jours.<br \/>\n<strong>S\u00e9lection de nicotine<\/strong>Quatre concentrations de nicotine vous permettent d'ajuster pr\u00e9cis\u00e9ment la bouff\u00e9e souhait\u00e9e.<br \/>\n<strong>Rechargeable<\/strong>Vous pouvez utiliser tous les e-liquides achet\u00e9s en une seule fois, sans avoir besoin de les jeter au pr\u00e9alable.<br \/>\n<strong>Bobine en maille<\/strong>Chaque aspiration permet d'obtenir une vapeur onctueuse et un go\u00fbt stable.<br \/>\n<strong>Puissance r\u00e9glable<\/strong>Augmenter la puissance permet d'obtenir un go\u00fbt prononc\u00e9, tandis que la diminuer permet d'obtenir un go\u00fbt plus doux.<br \/>\n<strong>Affichage clair<\/strong>V\u00e9rifiez d'un coup d'\u0153il le niveau de batterie restant et le niveau d'e-liquide, pour \u00eatre pr\u00eat \u00e0 tout moment.<\/p>\n<h2 data-v-md-heading=\"why-choose-agoravape\" data-v-md-line=\"50\">Pourquoi choisir AgoraVape ?<\/h2>\n<p data-v-md-line=\"51\">We only purchase 100% genuine equipment from trustworthy manufacturers. <a class=\"wpil_keyword_link\" href=\"https:\/\/agoravape.com\/fr\/marque\/bang-box\/\" target=\"_blank\" rel=\"noopener\" title=\"BANG BOX\" data-wpil-keyword-link=\"linked\" data-wpil-monitor-id=\"7160\">BANGBOX<\/a> 35K adjustable power disposable vape, you will receive highly competitive wholesale prices, fast response support, and fast DDP delivery services within the European Union. We are responsible for compliance and age verification, ensuring you can sell with peace of mind. Please contact our team to reserve equipment worth returning to for your customers.<\/p>","protected":false},"excerpt":{"rendered":"<p>&nbsp;<\/p>","protected":false},"featured_media":17159,"comment_status":"open","ping_status":"closed","template":"","meta":[],"product_brand":[231],"product_cat":[124,187,185,189,158,174,175,193,191,173,186,180,190,192],"product_tag":[],"class_list":{"0":"post-17136","1":"product","2":"type-product","3":"status-publish","4":"has-post-thumbnail","6":"product_brand-bang-box","7":"product_cat-vape-by-brand","8":"product_cat-0mg-nicotine-free-vapes","9":"product_cat-10000-puffs-high-capacity","10":"product_cat-20mg-standard-nicotine-vapes","11":"product_cat-bang-box","12":"product_cat-fruit-flavors","13":"product_cat-icy-mint","14":"product_cat-mesh-coil","15":"product_cat-rechargeable-disposables","16":"product_cat-vape-by-flavor-profile","17":"product_cat-vape-by-nicotine-strength","18":"product_cat-vape-by-puff-count","19":"product_cat-vape-by-feature-or-type","20":"product_cat-vapes-with-screens","22":"first","23":"onbackorder","24":"shipping-taxable","25":"purchasable","26":"product-type-variable","27":"has-default-attributes"},"tiered_pricing_type":"percentage","tiered_pricing_fixed_rules":[],"tiered_pricing_product_settings":{"layout":"default","base_unit_name":{"singular":null,"plural":null},"default_variation":null},"tiered_pricing_minimum_quantity":10,"tiered_pricing_roles_data":[],"tiered_pricing_percentage_rules":{"30":"29","50":"35","100":"40","200":"44","500":"47","1000":"49"},"tiered_pricing_maximum_quantity":null,"tiered_pricing_quantity_step":"10","_links":{"self":[{"href":"https:\/\/agoravape.com\/fr\/wp-json\/wp\/v2\/product\/17136","targetHints":{"allow":["GET"]}}],"collection":[{"href":"https:\/\/agoravape.com\/fr\/wp-json\/wp\/v2\/product"}],"about":[{"href":"https:\/\/agoravape.com\/fr\/wp-json\/wp\/v2\/types\/product"}],"replies":[{"embeddable":true,"href":"https:\/\/agoravape.com\/fr\/wp-json\/wp\/v2\/comments?post=17136"}],"version-history":[{"count":2,"href":"https:\/\/agoravape.com\/fr\/wp-json\/wp\/v2\/product\/17136\/revisions"}],"predecessor-version":[{"id":29812,"href":"https:\/\/agoravape.com\/fr\/wp-json\/wp\/v2\/product\/17136\/revisions\/29812"}],"wp:featuredmedia":[{"embeddable":true,"href":"https:\/\/agoravape.com\/fr\/wp-json\/wp\/v2\/media\/17159"}],"wp:attachment":[{"href":"https:\/\/agoravape.com\/fr\/wp-json\/wp\/v2\/media?parent=17136"}],"wp:term":[{"taxonomy":"product_brand","embeddable":true,"href":"https:\/\/agoravape.com\/fr\/wp-json\/wp\/v2\/product_brand?post=17136"},{"taxonomy":"product_cat","embeddable":true,"href":"https:\/\/agoravape.com\/fr\/wp-json\/wp\/v2\/product_cat?post=17136"},{"taxonomy":"product_tag","embeddable":true,"href":"https:\/\/agoravape.com\/fr\/wp-json\/wp\/v2\/product_tag?post=17136"}],"curies":[{"name":"wp","href":"https:\/\/api.w.org\/{rel}","templated":true}]}}