{"id":17167,"date":"2025-10-18T14:02:56","date_gmt":"2025-10-18T06:02:56","guid":{"rendered":"https:\/\/green-grasshopper-921422.hostingersite.com\/?post_type=product&#038;p=17167"},"modified":"2026-01-19T22:01:16","modified_gmt":"2026-01-19T14:01:16","slug":"wga-30k-puffs-dual-flavor-tpd-vape","status":"publish","type":"product","link":"https:\/\/agoravape.com\/fr\/product\/wga-30k-puffs-dual-flavor-tpd-vape\/","title":{"rendered":"Kit de vapotage WGA 30\u00a0000 bouff\u00e9es double saveur conforme \u00e0 la TPD | Grande autonomie, deux saveurs, utilisation simplifi\u00e9e"},"content":{"rendered":"<h2 data-v-md-heading=\"what-is-special-about-the-wga-30k-dual-flavor-tpd-compatible-vape-set\" data-v-md-line=\"3\"><img loading=\"lazy\" decoding=\"async\" class=\"aligncenter size-full wp-image-17166\" src=\"https:\/\/agoravape.com\/wp-content\/uploads\/2025\/10\/WGA-30k-Puffs-Dual-Flavor-TPD-Compliant-Vape-Kit_Agora_vape-6.webp\" alt=\"\" width=\"1920\" height=\"874\" srcset=\"https:\/\/agoravape.com\/wp-content\/uploads\/2025\/10\/WGA-30k-Puffs-Dual-Flavor-TPD-Compliant-Vape-Kit_Agora_vape-6.webp 1920w, https:\/\/agoravape.com\/wp-content\/uploads\/2025\/10\/WGA-30k-Puffs-Dual-Flavor-TPD-Compliant-Vape-Kit_Agora_vape-6-1200x546.webp 1200w, https:\/\/agoravape.com\/wp-content\/uploads\/2025\/10\/WGA-30k-Puffs-Dual-Flavor-TPD-Compliant-Vape-Kit_Agora_vape-6-300x137.webp 300w, https:\/\/agoravape.com\/wp-content\/uploads\/2025\/10\/WGA-30k-Puffs-Dual-Flavor-TPD-Compliant-Vape-Kit_Agora_vape-6-1024x466.webp 1024w, https:\/\/agoravape.com\/wp-content\/uploads\/2025\/10\/WGA-30k-Puffs-Dual-Flavor-TPD-Compliant-Vape-Kit_Agora_vape-6-768x350.webp 768w, https:\/\/agoravape.com\/wp-content\/uploads\/2025\/10\/WGA-30k-Puffs-Dual-Flavor-TPD-Compliant-Vape-Kit_Agora_vape-6-1536x699.webp 1536w\" sizes=\"auto, (max-width: 1920px) 100vw, 1920px\" \/><\/h2>\n<h2 data-v-md-heading=\"what-is-special-about-the-wga-30k-dual-flavor-tpd-compatible-vape-set\" data-v-md-line=\"3\">Qu'est-ce qui rend le kit de vapotage WGA 30k \u00e0 double saveur compatible TPD si sp\u00e9cial ?<\/h2>\n<p data-v-md-line=\"4\">Si vous en avez assez de changer d'appareil tous les deux ou trois jours, ce kit vous simplifiera la vie. Le WGA 30k est conforme \u00e0 la directive TPD et offre jusqu'\u00e0 30\u00a0000 cycles d'aspiration. Cet appareil rechargeable et \u00e9l\u00e9gant est livr\u00e9 avec un r\u00e9servoir de 2\u00a0ml d'e-liquide et deux flacons de 10\u00a0ml de sels de nicotine. Vous profiterez ainsi d'une saveur durable en toute conformit\u00e9 avec la r\u00e9glementation TPD.<\/p>\n<p data-v-md-line=\"6\">Il convient \u00e0 tout utilisateur recherchant des performances fiables et une maintenance simplifi\u00e9e. Pas de menus complexes, pas de manipulations fastidieuses. Juste une saveur riche et une batterie rechargeable via un c\u00e2ble USB-C.<\/p>\n<h2 data-v-md-heading=\"excellent-performance-easy-to-handle\" data-v-md-line=\"8\">Excellentes performances, facile \u00e0 manipuler<\/h2>\n<p data-v-md-line=\"9\">La double r\u00e9sistance mesh est au c\u0153ur de ce kit. C'est pourquoi chaque bouff\u00e9e est aussi savoureuse qu'\u00e0 la premi\u00e8re. L'appareil affiche clairement les niveaux d'e-liquide et de batterie, pour une utilisation en toute s\u00e9r\u00e9nit\u00e9. Lorsque la batterie est faible, vous pouvez la connecter via l'interface USB-C. Ce c\u00e2ble de donn\u00e9es est probablement le m\u00eame que celui de votre t\u00e9l\u00e9phone. Simple et pratique.<\/p>\n<p data-v-md-line=\"11\">Vous pourriez penser que les restrictions de la directive TPD impliquent une dur\u00e9e d'utilisation plus courte, mais la conception \u00e0 double bouteille vous permet de l'utiliser pendant une p\u00e9riode plus longue.<\/p>\n<h2 data-v-md-heading=\"specification-introduction\" data-v-md-line=\"13\">Introduction aux sp\u00e9cifications<\/h2>\n<ul data-v-md-line=\"14\">\n<li>Fr\u00e9quence d'aspiration : jusqu'\u00e0 30\u00a0000 fois<\/li>\n<li>Nicotine : Sel de nicotine, conforme aux normes TPD (la concentration varie selon le march\u00e9)<\/li>\n<li>Principe de fonctionnement : Activation par inhalation<\/li>\n<li>Charging: Standard Type-C USB interface<\/li>\n<li>\u00c9tat : Pr\u00eat \u00e0 l'emploi d\u00e8s la sortie de l'emballage<\/li>\n<\/ul>\n<h2 data-v-md-heading=\"full-range-of-flavors\" data-v-md-line=\"20\">Full range of flavors<\/h2>\n<ul data-v-md-line=\"21\">\n<li>Ar\u00f4mes de myrtille, framboise et cerise<\/li>\n<li>Eau aromatis\u00e9e \u00e0 la myrtille et au citron<\/li>\n<li>saveur ourson g\u00e9lifi\u00e9<\/li>\n<li>Mangue, p\u00eache, saveur past\u00e8que<\/li>\n<li>Et encore plus de choix pour 27 saveurs<\/li>\n<\/ul>\n<p><img loading=\"lazy\" decoding=\"async\" class=\"aligncenter size-full wp-image-17161\" src=\"https:\/\/agoravape.com\/wp-content\/uploads\/2025\/10\/WGA-30k-Puffs-Dual-Flavor-TPD-Compliant-Vape-Kit_Agora_vape-1.webp\" alt=\"\" width=\"1920\" height=\"753\" srcset=\"https:\/\/agoravape.com\/wp-content\/uploads\/2025\/10\/WGA-30k-Puffs-Dual-Flavor-TPD-Compliant-Vape-Kit_Agora_vape-1.webp 1920w, https:\/\/agoravape.com\/wp-content\/uploads\/2025\/10\/WGA-30k-Puffs-Dual-Flavor-TPD-Compliant-Vape-Kit_Agora_vape-1-1200x471.webp 1200w, https:\/\/agoravape.com\/wp-content\/uploads\/2025\/10\/WGA-30k-Puffs-Dual-Flavor-TPD-Compliant-Vape-Kit_Agora_vape-1-300x118.webp 300w, https:\/\/agoravape.com\/wp-content\/uploads\/2025\/10\/WGA-30k-Puffs-Dual-Flavor-TPD-Compliant-Vape-Kit_Agora_vape-1-1024x402.webp 1024w, https:\/\/agoravape.com\/wp-content\/uploads\/2025\/10\/WGA-30k-Puffs-Dual-Flavor-TPD-Compliant-Vape-Kit_Agora_vape-1-768x301.webp 768w, https:\/\/agoravape.com\/wp-content\/uploads\/2025\/10\/WGA-30k-Puffs-Dual-Flavor-TPD-Compliant-Vape-Kit_Agora_vape-1-1536x602.webp 1536w\" sizes=\"auto, (max-width: 1920px) 100vw, 1920px\" \/><\/p>\n<h2 data-v-md-heading=\"for-you-and-your-business\" data-v-md-line=\"27\">Pour vous et votre entreprise<\/h2>\n<p data-v-md-line=\"28\">Offrez-vous ce produit. Son utilisation est simple\u00a0: utilisez le flacon de 10\u00a0ml d\u2019e-liquide fourni, v\u00e9rifiez le niveau restant sur l\u2019\u00e9cran, puis rechargez-le via le port USB-C. C\u2019est tout\u00a0!<\/p>\n<p data-v-md-line=\"30\">Approvisionnez votre magasin. Nous fournissons des kits de vapotage WGA 30000 \u00e0 double saveur, conformes \u00e0 la directive TPD, conditionn\u00e9s en cartons de 120 unit\u00e9s en gros. Gr\u00e2ce \u00e0 notre partenariat avec UPS, DPD et DHL, nous assurons une livraison DDP en Europe, permettant ainsi le traitement anticip\u00e9 des droits de douane et \u00e9vitant tout probl\u00e8me.<\/p>\n<h2 data-v-md-heading=\"why-do-you-like-it\" data-v-md-line=\"32\">Pourquoi l'aimes-tu ?<\/h2>\n<ul data-v-md-line=\"33\">\n<li>Capacit\u00e9 extra large : jusqu'\u00e0 30\u00a0000 ports peuvent \u00eatre recharg\u00e9s \u00e0 chaque fois, r\u00e9duisant ainsi la fr\u00e9quence d'achat.<\/li>\n<li>Deux saveurs : Un coffret comprend deux saveurs, offrant ainsi plus de choix.<\/li>\n<li>Rechargeable : chargement de type C, vous permettant d'utiliser jusqu'\u00e0 la derni\u00e8re goutte<\/li>\n<li>R\u00e9sistances \u00e0 double mesh : un go\u00fbt riche et constant du d\u00e9but \u00e0 la fin<\/li>\n<li>\u00c9cran intelligent : les voyants lumineux de la batterie et du e-liquide vous informent en permanence de la situation.<\/li>\n<li>Kit conforme \u00e0 la TPD\u00a0: 2\u00a0ml d\u2019huile pr\u00e9-remplie et deux flacons de 10\u00a0ml de sels de nicotine pour un remplissage facile.<\/li>\n<\/ul>\n<h2 data-v-md-heading=\"why-choose-to-collaborate-with-agoravape\" data-v-md-line=\"40\">Pourquoi choisir de collaborer avec AgoraVape ?<\/h2>\n<p data-v-md-line=\"41\">Nous ne vendons que des produits authentiques, sans le moindre doute. Pour les professionnels, cela signifie que les kits de vapotage WGA 30k double saveur compatibles TPD b\u00e9n\u00e9ficient de prix de gros avantageux, d'une communication transparente et d'un service de livraison DDP rapide et fiable. Vous recherchez un produit qui fid\u00e9lise vraiment vos clients\u00a0? N'h\u00e9sitez pas \u00e0 nous contacter.<\/p>\n<p><script src=\"chrome-extension:\/\/fpelahbljekknahkcaegamhcndkfpfnc\/iFrame.js\" type=\"text\/javascript\"><\/script><\/p>","protected":false},"excerpt":{"rendered":"<p>&nbsp;<\/p>\n<p><script src=\"chrome-extension:\/\/fpelahbljekknahkcaegamhcndkfpfnc\/iFrame.js\" type=\"text\/javascript\"><\/script><\/p>\n<p><script src=\"chrome-extension:\/\/fpelahbljekknahkcaegamhcndkfpfnc\/iFrame.js\" type=\"text\/javascript\"><\/script><\/p>\n<p><script src=\"chrome-extension:\/\/fpelahbljekknahkcaegamhcndkfpfnc\/iFrame.js\" type=\"text\/javascript\"><\/script><\/p>\n<p><script src=\"chrome-extension:\/\/fpelahbljekknahkcaegamhcndkfpfnc\/iFrame.js\" type=\"text\/javascript\"><\/script><\/p>\n<p><script src=\"chrome-extension:\/\/fpelahbljekknahkcaegamhcndkfpfnc\/iFrame.js\" type=\"text\/javascript\"><\/script><\/p>\n<p><script src=\"chrome-extension:\/\/fpelahbljekknahkcaegamhcndkfpfnc\/iFrame.js\" type=\"text\/javascript\"><\/script><\/p>\n<p><script src=\"chrome-extension:\/\/fpelahbljekknahkcaegamhcndkfpfnc\/iFrame.js\" type=\"text\/javascript\"><\/script><\/p>\n<p><script src=\"chrome-extension:\/\/fpelahbljekknahkcaegamhcndkfpfnc\/iFrame.js\" type=\"text\/javascript\"><\/script><\/p>\n<p><script src=\"chrome-extension:\/\/fpelahbljekknahkcaegamhcndkfpfnc\/iFrame.js\" type=\"text\/javascript\"><\/script><\/p>\n<p><script src=\"chrome-extension:\/\/fpelahbljekknahkcaegamhcndkfpfnc\/iFrame.js\" type=\"text\/javascript\"><\/script><\/p>\n<p><script src=\"chrome-extension:\/\/fpelahbljekknahkcaegamhcndkfpfnc\/iFrame.js\" type=\"text\/javascript\"><\/script><\/p>\n<p><script src=\"chrome-extension:\/\/fpelahbljekknahkcaegamhcndkfpfnc\/iFrame.js\" type=\"text\/javascript\"><\/script><\/p>\n<p><script src=\"chrome-extension:\/\/fpelahbljekknahkcaegamhcndkfpfnc\/iFrame.js\" type=\"text\/javascript\"><\/script><\/p>\n<p><script src=\"chrome-extension:\/\/fpelahbljekknahkcaegamhcndkfpfnc\/iFrame.js\" type=\"text\/javascript\"><\/script><\/p>","protected":false},"featured_media":17163,"comment_status":"open","ping_status":"closed","template":"","meta":[],"product_brand":[232],"product_cat":[124,185,189,195,174,175,193,191,173,186,180,190,192,159],"product_tag":[],"class_list":{"0":"post-17167","1":"product","2":"type-product","3":"status-publish","4":"has-post-thumbnail","6":"product_brand-wga","7":"product_cat-vape-by-brand","8":"product_cat-10000-puffs-high-capacity","9":"product_cat-20mg-standard-nicotine-vapes","10":"product_cat-dual-flavor-switch","11":"product_cat-fruit-flavors","12":"product_cat-icy-mint","13":"product_cat-mesh-coil","14":"product_cat-rechargeable-disposables","15":"product_cat-vape-by-flavor-profile","16":"product_cat-vape-by-nicotine-strength","17":"product_cat-vape-by-puff-count","18":"product_cat-vape-by-feature-or-type","19":"product_cat-vapes-with-screens","20":"product_cat-wga","22":"first","23":"onbackorder","24":"shipping-taxable","25":"purchasable","26":"product-type-variable","27":"has-default-attributes"},"tiered_pricing_type":"percentage","tiered_pricing_fixed_rules":[],"tiered_pricing_product_settings":{"layout":"default","base_unit_name":{"singular":null,"plural":null},"default_variation":null},"tiered_pricing_minimum_quantity":50,"tiered_pricing_roles_data":[],"tiered_pricing_percentage_rules":{"100":"40","200":"44","500":"47","1000":"49"},"tiered_pricing_maximum_quantity":null,"tiered_pricing_quantity_step":"10","_links":{"self":[{"href":"https:\/\/agoravape.com\/fr\/wp-json\/wp\/v2\/product\/17167","targetHints":{"allow":["GET"]}}],"collection":[{"href":"https:\/\/agoravape.com\/fr\/wp-json\/wp\/v2\/product"}],"about":[{"href":"https:\/\/agoravape.com\/fr\/wp-json\/wp\/v2\/types\/product"}],"replies":[{"embeddable":true,"href":"https:\/\/agoravape.com\/fr\/wp-json\/wp\/v2\/comments?post=17167"}],"version-history":[{"count":0,"href":"https:\/\/agoravape.com\/fr\/wp-json\/wp\/v2\/product\/17167\/revisions"}],"wp:featuredmedia":[{"embeddable":true,"href":"https:\/\/agoravape.com\/fr\/wp-json\/wp\/v2\/media\/17163"}],"wp:attachment":[{"href":"https:\/\/agoravape.com\/fr\/wp-json\/wp\/v2\/media?parent=17167"}],"wp:term":[{"taxonomy":"product_brand","embeddable":true,"href":"https:\/\/agoravape.com\/fr\/wp-json\/wp\/v2\/product_brand?post=17167"},{"taxonomy":"product_cat","embeddable":true,"href":"https:\/\/agoravape.com\/fr\/wp-json\/wp\/v2\/product_cat?post=17167"},{"taxonomy":"product_tag","embeddable":true,"href":"https:\/\/agoravape.com\/fr\/wp-json\/wp\/v2\/product_tag?post=17167"}],"curies":[{"name":"wp","href":"https:\/\/api.w.org\/{rel}","templated":true}]}}