{"id":17216,"date":"2025-10-18T14:19:20","date_gmt":"2025-10-18T06:19:20","guid":{"rendered":"https:\/\/green-grasshopper-921422.hostingersite.com\/?post_type=product&#038;p=17216"},"modified":"2026-01-19T22:01:08","modified_gmt":"2026-01-19T14:01:08","slug":"wga-20k-20000-puffs-jetable-vape","status":"publish","type":"product","link":"https:\/\/agoravape.com\/fr\/product\/wga-20k-20000-puffs-disposable-vape\/","title":{"rendered":"Vape haute capacit\u00e9 WGA 20k Puffs Mesh Coil | Saveur longue dur\u00e9e gr\u00e2ce \u00e0 la r\u00e9sistance Mesh et recharge USB-C"},"content":{"rendered":"<h2 data-v-md-heading=\"what-are-the-special-features-of-wga-20k-high-capacity-mesh-coil-vapes\" data-v-md-line=\"3\"><\/h2>\n<p><img loading=\"lazy\" decoding=\"async\" class=\"size-full wp-image-17252 alignright\" src=\"https:\/\/agoravape.com\/wp-content\/uploads\/2025\/10\/WGA-20k-Puffs-Mesh-Coil-High-Capacity-Vape4-8.jpg\" alt=\"\" width=\"697\" height=\"257\" srcset=\"https:\/\/agoravape.com\/wp-content\/uploads\/2025\/10\/WGA-20k-Puffs-Mesh-Coil-High-Capacity-Vape4-8.jpg 697w, https:\/\/agoravape.com\/wp-content\/uploads\/2025\/10\/WGA-20k-Puffs-Mesh-Coil-High-Capacity-Vape4-8-300x111.jpg 300w\" sizes=\"auto, (max-width: 697px) 100vw, 697px\" \/><\/p>\n<h2 data-v-md-heading=\"what-are-the-special-features-of-wga-20k-high-capacity-mesh-coil-vapes\" data-v-md-line=\"3\">Quelles sont les caract\u00e9ristiques particuli\u00e8res des cigarettes \u00e9lectroniques \u00e0 r\u00e9sistance mesh haute capacit\u00e9 WGA 20k\u00a0?<\/h2>\n<p data-v-md-line=\"4\">Si vous en avez assez des cigarettes \u00e9lectroniques jetables avant le week-end, ce produit va r\u00e9volutionner votre exp\u00e9rience. La WGA 20k offre une autonomie allant jusqu'\u00e0 20\u00a0000 cycles et est \u00e9quip\u00e9e d'une batterie rechargeable, vous permettant ainsi de consommer la totalit\u00e9 de votre e-liquide.<\/p>\n<p data-v-md-line=\"6\">Si vous recherchez une saveur stable et fiable en toute s\u00e9r\u00e9nit\u00e9, ce produit est fait pour vous. Il allie la praticit\u00e9 des cigarettes \u00e9lectroniques jetables \u00e0 la r\u00e9gularit\u00e9 des r\u00e9sistances mesh. Son format g\u00e9n\u00e9reux peut para\u00eetre encombrant, mais il est parfaitement adapt\u00e9 \u00e0 un usage quotidien.<\/p>\n<h2 data-v-md-heading=\"excellent-performance-easy-and-convenient\" data-v-md-line=\"8\">Excellentes performances, facile et pratique<\/h2>\n<p data-v-md-line=\"9\">L'imp\u00e9dance de la r\u00e9sistance mesh est de 1,2 ohm, ce qui garantit une vapeur douce et homog\u00e8ne. De la premi\u00e8re \u00e0 la derni\u00e8re bouff\u00e9e, la saveur reste constante. Lorsque la batterie est d\u00e9charg\u00e9e, vous pouvez la recharger \u00e0 l'aide d'un c\u00e2ble USB-C (qui peut \u00eatre le m\u00eame que celui de votre t\u00e9l\u00e9phone) sans avoir besoin d'un chargeur sp\u00e9cifique.<\/p>\n<h2 data-v-md-heading=\"specification-overview\" data-v-md-line=\"11\">Aper\u00e7u des sp\u00e9cifications<\/h2>\n<ul data-v-md-line=\"12\">\n<li>Fr\u00e9quence d'aspiration : jusqu'\u00e0 20\u00a0000 fois<\/li>\n<li>Nicotine : les sels de nicotine \u00e0 2 % et 5 % sont optionnels.<\/li>\n<li>Noyau d'atomisation : noyau d'atomisation en maille de 1,2 \u03a9<\/li>\n<li>Batterie : batterie rechargeable de 850 mAh<\/li>\n<li>Principe de fonctionnement : Simple et facile \u00e0 utiliser<\/li>\n<li>Charging: Standard Type-C USB interface<\/li>\n<li>\u00c9tat : Pr\u00eat \u00e0 l'emploi d\u00e8s la sortie de l'emballage<\/li>\n<\/ul>\n<p data-v-md-line=\"20\">Attention\u00a0: Une concentration de 2\u00a0% (20\u00a0mg\/mL) convient aux march\u00e9s r\u00e9glement\u00e9s par la TPD\/TRRP. La disponibilit\u00e9 de la concentration de 5\u00a0% (50\u00a0mg\/mL) d\u00e9pend de la l\u00e9gislation locale.<\/p>\n<h2 data-v-md-heading=\"for-you-and-your-business\" data-v-md-line=\"22\">Pour vous et votre entreprise<\/h2>\n<p data-v-md-line=\"23\">Vous pouvez acheter WGA 20k pour un usage personnel. Si vous tenez un magasin ou une boutique en ligne, vous pouvez commander en gros par cartons de 160 unit\u00e9s. Chaque carton est conditionn\u00e9 dans un pr\u00e9sentoir color\u00e9, ce qui le rend facilement rep\u00e9rable en rayon. Les dimensions du carton ext\u00e9rieur sont de 51 \u00d7 32,5 \u00d7 23 cm, pour un poids brut de 19 kg, ce qui facilite le stockage et le transport.<\/p>\n<p data-v-md-line=\"25\">Nous collaborons avec des partenaires de confiance tels que UPS, DPD et DHL pour utiliser la livraison DDP (Droits Acquitt\u00e9s) afin de garantir le bon traitement des droits de douane et d'\u00e9viter toute situation douani\u00e8re impr\u00e9vue. D\u00e8s la livraison de votre commande, nous vous fournirons un num\u00e9ro de suivi complet ainsi que les documents correspondants.<\/p>\n<p data-v-md-line=\"25\"><img loading=\"lazy\" decoding=\"async\" class=\"size-full wp-image-17245 alignright\" src=\"https:\/\/agoravape.com\/wp-content\/uploads\/2025\/10\/WGA-20k-Puffs-Mesh-Coil-High-Capacity-Vape4-1.jpg\" alt=\"\" width=\"696\" height=\"527\" srcset=\"https:\/\/agoravape.com\/wp-content\/uploads\/2025\/10\/WGA-20k-Puffs-Mesh-Coil-High-Capacity-Vape4-1.jpg 696w, https:\/\/agoravape.com\/wp-content\/uploads\/2025\/10\/WGA-20k-Puffs-Mesh-Coil-High-Capacity-Vape4-1-300x227.jpg 300w\" sizes=\"auto, (max-width: 696px) 100vw, 696px\" \/><\/p>\n<h2 data-v-md-heading=\"why-do-you-like-it\" data-v-md-line=\"27\">Pourquoi l'aimes-tu ?<\/h2>\n<ul data-v-md-line=\"28\">\n<li>Plus de bouff\u00e9es : dur\u00e9e d'utilisation prolong\u00e9e, besoin d'acheter moins souvent de nouvelles cigarettes.<\/li>\n<li>S\u00e9lection de la nicotine\u00a0: Choisissez la concentration de nicotine qui convient \u00e0 vos habitudes quotidiennes et au march\u00e9<\/li>\n<li>Rechargeable : Vous pouvez utiliser tout le e-liquide sans jeter l'\u00e9quipement \u00e0 moiti\u00e9 utilis\u00e9.<\/li>\n<li>Noyau d'atomiseur \u00e0 mailles : assure une saveur pure et constante \u00e0 chaque aspiration<\/li>\n<li>Chargement USB-C\u00a0: L\u2019utilisation d\u2019un c\u00e2ble de donn\u00e9es universel simplifie tout.<\/li>\n<\/ul>\n<h2 data-v-md-heading=\"why-choose-to-collaborate-with-agoravape\" data-v-md-line=\"34\">Pourquoi choisir de collaborer avec AgoraVape ?<\/h2>\n<p data-v-md-line=\"35\">Nous ne vendons que des produits 100 % authentiques provenant de fournisseurs v\u00e9rifi\u00e9s. Pour les professionnels, cela se traduit par des prix de gros avantageux, des sp\u00e9cifications produits claires et une assistance r\u00e9active. Nous assurons le transport DDP (taxes acquitt\u00e9es) dans toute l'Europe, avec une livraison rapide, des transporteurs fiables et des proc\u00e9dures de v\u00e9rification d'\u00e2ge rigoureuses.<\/p>\n<p data-v-md-line=\"37\">Votre march\u00e9 exige-t-il des options conformes \u00e0 la DPT ? Nous proposons une version 2%. Vous souhaitez vous d\u00e9velopper rapidement ? Nous vous aiderons \u00e0 planifier les niveaux de stock et les calendriers de lancement. Contactez-nous pour ajouter la vape haute capacit\u00e9 WGA 20k Puffs Mesh Coil \u00e0 votre gamme de produits, en fournissant \u00e0 vos clients une vape jetable haute capacit\u00e9 fiable et en faisant d'eux des clients fid\u00e8les.<\/p>\n<p data-v-md-line=\"39\">Avis important\u00a0: Ce produit contient de la nicotine et est r\u00e9serv\u00e9 aux adultes. Veuillez respecter la r\u00e9glementation et les directives locales.<\/p>","protected":false},"excerpt":{"rendered":"<p>&nbsp;<\/p>","protected":false},"featured_media":17249,"comment_status":"open","ping_status":"closed","template":"","meta":[],"product_brand":[232],"product_cat":[124,185,189,174,175,193,191,173,186,180,190,159],"product_tag":[],"class_list":{"0":"post-17216","1":"product","2":"type-product","3":"status-publish","4":"has-post-thumbnail","6":"product_brand-wga","7":"product_cat-vape-by-brand","8":"product_cat-10000-puffs-high-capacity","9":"product_cat-20mg-standard-nicotine-vapes","10":"product_cat-fruit-flavors","11":"product_cat-icy-mint","12":"product_cat-mesh-coil","13":"product_cat-rechargeable-disposables","14":"product_cat-vape-by-flavor-profile","15":"product_cat-vape-by-nicotine-strength","16":"product_cat-vape-by-puff-count","17":"product_cat-vape-by-feature-or-type","18":"product_cat-wga","20":"first","21":"onbackorder","22":"shipping-taxable","23":"purchasable","24":"product-type-variable","25":"has-default-attributes"},"tiered_pricing_type":"percentage","tiered_pricing_fixed_rules":[],"tiered_pricing_product_settings":{"layout":"default","base_unit_name":{"singular":null,"plural":null},"default_variation":null},"tiered_pricing_minimum_quantity":50,"tiered_pricing_roles_data":[],"tiered_pricing_percentage_rules":{"100":"40","200":"44","500":"47","1000":"49"},"tiered_pricing_maximum_quantity":null,"tiered_pricing_quantity_step":"10","_links":{"self":[{"href":"https:\/\/agoravape.com\/fr\/wp-json\/wp\/v2\/product\/17216","targetHints":{"allow":["GET"]}}],"collection":[{"href":"https:\/\/agoravape.com\/fr\/wp-json\/wp\/v2\/product"}],"about":[{"href":"https:\/\/agoravape.com\/fr\/wp-json\/wp\/v2\/types\/product"}],"replies":[{"embeddable":true,"href":"https:\/\/agoravape.com\/fr\/wp-json\/wp\/v2\/comments?post=17216"}],"version-history":[{"count":0,"href":"https:\/\/agoravape.com\/fr\/wp-json\/wp\/v2\/product\/17216\/revisions"}],"wp:featuredmedia":[{"embeddable":true,"href":"https:\/\/agoravape.com\/fr\/wp-json\/wp\/v2\/media\/17249"}],"wp:attachment":[{"href":"https:\/\/agoravape.com\/fr\/wp-json\/wp\/v2\/media?parent=17216"}],"wp:term":[{"taxonomy":"product_brand","embeddable":true,"href":"https:\/\/agoravape.com\/fr\/wp-json\/wp\/v2\/product_brand?post=17216"},{"taxonomy":"product_cat","embeddable":true,"href":"https:\/\/agoravape.com\/fr\/wp-json\/wp\/v2\/product_cat?post=17216"},{"taxonomy":"product_tag","embeddable":true,"href":"https:\/\/agoravape.com\/fr\/wp-json\/wp\/v2\/product_tag?post=17216"}],"curies":[{"name":"wp","href":"https:\/\/api.w.org\/{rel}","templated":true}]}}