{"id":17293,"date":"2025-10-18T16:22:30","date_gmt":"2025-10-18T08:22:30","guid":{"rendered":"https:\/\/green-grasshopper-921422.hostingersite.com\/?post_type=product&#038;p=17293"},"modified":"2025-12-15T21:30:18","modified_gmt":"2025-12-15T13:30:18","slug":"mesii-couple-50k-triple-flavor-vape","status":"publish","type":"product","link":"https:\/\/agoravape.com\/fr\/product\/mesii-couple-50k-triple-flavor-vape\/","title":{"rendered":"Mesii Couple 50K Puffs Triple Mode Saveur Vape | Deux saveurs interchangeables et m\u00e9langeables"},"content":{"rendered":"<h2 data-v-md-heading=\"what-s-special-about-mesii-double-50k-three-mode-vape\" data-v-md-line=\"3\">Qu'est-ce qui rend le vaporisateur Mesii Double 50K \u00e0 trois modes si sp\u00e9cial ?<\/h2>\n<p data-v-md-line=\"4\">Si vous en avez assez de fumer la m\u00eame saveur toute la journ\u00e9e, vous allez adorer ce produit. Mesii Couple vous permet de passer d'une saveur \u00e0 l'autre ou de les m\u00e9langer gr\u00e2ce \u00e0 un simple bouton A\/B\/A+B. Plus besoin de manipulations compliqu\u00e9es\u00a0: choisissez votre humeur et profitez-en\u00a0!<\/p>\n<p data-v-md-line=\"6\">Con\u00e7ue pour les utilisateurs recherchant une autonomie longue dur\u00e9e et une exp\u00e9rience utilisateur optimale, cette cigarette \u00e9lectronique affiche une capacit\u00e9 nominale de 50\u00a0000 mAh (donn\u00e9es constructeur). L'autonomie r\u00e9elle peut donc varier selon l'utilisation. \u00c9quip\u00e9e d'une batterie rechargeable de 800 mAh et d'un r\u00e9servoir d'e-liquide de 40 ml, elle offre n\u00e9anmoins une excellente autonomie.<\/p>\n<h2 data-v-md-heading=\"excellent-performance-easy-and-convenient\" data-v-md-line=\"8\">Excellentes performances, facile et pratique<\/h2>\n<p data-v-md-line=\"9\">Cet appareil dispose de deux canaux de saveur int\u00e9gr\u00e9s. Basculez sur le niveau A pour s\u00e9lectionner la premi\u00e8re saveur et sur le niveau B pour la seconde. Pour un m\u00e9lange de saveurs, choisissez A+B. La conception de la r\u00e9sistance garantit un go\u00fbt constant et une sensation intense d\u00e8s la premi\u00e8re bouff\u00e9e. Lorsque la batterie est faible, il suffit de la recharger pour continuer \u00e0 l'utiliser. Simple et pratique.<\/p>\n<h2 data-v-md-heading=\"specification-introduction\" data-v-md-line=\"11\">Introduction aux sp\u00e9cifications<\/h2>\n<ul data-v-md-line=\"12\">\n<li>Fr\u00e9quence d'aspiration : jusqu'\u00e0 50\u00a0000 fois<\/li>\n<li>Teneur en nicotine : 0 %, 2 %, 3 %, 5 %<\/li>\n<li>Capacit\u00e9 du r\u00e9servoir d'e-liquide : 40 millilitres<\/li>\n<li>Batterie : batterie rechargeable de 800 mAh<\/li>\n<li>Mode de fonctionnement : commutation de saveur A\/B\/A+B<\/li>\n<li>M\u00e9thode de chargement\u00a0: chargement USB<\/li>\n<li>\u00c9tat : Pr\u00eat \u00e0 l'emploi d\u00e8s le d\u00e9ballage<\/li>\n<\/ul>\n<h2 data-v-md-heading=\"full-range-of-flavors\" data-v-md-line=\"20\">Full range of flavors<\/h2>\n<ul data-v-md-line=\"21\">\n<li>Glace \u00e0 la past\u00e8que + kiwi \u00e0 la fraise<\/li>\n<li>Menthe citron vert + past\u00e8que fraise<\/li>\n<li>Glace \u00e0 la myrtille + Glace \u00e0 la past\u00e8que<\/li>\n<li>P\u00eache et ananas acidul\u00e9<\/li>\n<li>Red Bull + Cherry Cola<\/li>\n<li>Glace \u00e0 la myrtille + citron vert<\/li>\n<li>Glace \u00e0 la cerise + triple glace au melon<\/li>\n<li>Glace double pomme + glace \u00e0 la p\u00eache<\/li>\n<li>Glace au raisin + raisins cassis<\/li>\n<li>Fruits rouges et fraises m\u00e9lang\u00e9s<\/li>\n<\/ul>\n<h2 data-v-md-heading=\"for-you-for-your-business\" data-v-md-line=\"32\">Pour vous, pour votre entreprise<\/h2>\n<p data-v-md-line=\"33\">Vous pouvez acheter Mesii Couple 50K pour votre usage personnel ou l'ajouter \u00e0 votre boutique. Le carton de vente en gros contient 150 pi\u00e8ces, vous permettant ainsi de cr\u00e9er rapidement une ambiance chaleureuse et savoureuse. Le poids brut du carton est d'environ 17,5 kilogrammes, ce qui facilite le stockage et le transport.<\/p>\n<p data-v-md-line=\"35\">Nous proposons une livraison DDP au sein de l'Union europ\u00e9enne via des partenaires de confiance tels que UPS, DPD et DHL, permettant ainsi le traitement anticip\u00e9 des droits de douane et autres taxes. \u00c9vitez les d\u00e9sagr\u00e9ments li\u00e9s \u00e0 la douane. Pour les acheteurs soucieux de la conformit\u00e9, veuillez noter que le dispositif a une capacit\u00e9 de 40 millilitres et pourrait donc ne pas \u00eatre conforme aux r\u00e9glementations TPD\/TRRP sur les march\u00e9s o\u00f9 une limite de capacit\u00e9 de 2 millilitres est obligatoire. Veuillez vous renseigner sur la r\u00e9glementation locale avant toute utilisation ou achat.<\/p>\n<h2 data-v-md-heading=\"why-do-you-like-it\" data-v-md-line=\"37\">Pourquoi l'aimes-tu ?<\/h2>\n<ul data-v-md-line=\"38\">\n<li>Fumer en grande quantit\u00e9 : sans recharges fr\u00e9quentes, vous aurez plus de temps pour profiter de vos cigarettes \u00e9lectroniques.<\/li>\n<li>Choix du taux de nicotine\u00a0: Choisissez le taux de nicotine qui correspond \u00e0 vos habitudes.<\/li>\n<li>Rechargeable : Vous pouvez utiliser le e-liquide achet\u00e9 au lieu de jeter du mat\u00e9riel \u00e0 moiti\u00e9 utilis\u00e9.<\/li>\n<li>Mode triple saveur : possibilit\u00e9 de basculer entre deux saveurs ou de les m\u00e9langer sur place.<\/li>\n<li>Go\u00fbt constant : des r\u00e9sistances soigneusement r\u00e9gl\u00e9es permettent de maintenir un go\u00fbt \u00e9quilibr\u00e9 du d\u00e9but \u00e0 la fin.<\/li>\n<\/ul>\n<h2 data-v-md-heading=\"why-choose-to-collaborate-with-agoravape\" data-v-md-line=\"44\">Pourquoi choisir de collaborer avec AgoraVape ?<\/h2>\n<p data-v-md-line=\"45\">Nous ne vendons que des produits authentiques et nous en assumons la responsabilit\u00e9. Pour les clients professionnels, cela signifie que les cigarettes \u00e9lectroniques Mesii Couple 50K Puffs \u00e0 trois saveurs seront propos\u00e9es \u00e0 des prix de gros comp\u00e9titifs, avec un service client fiable et une livraison DDP rapide et s\u00e9curis\u00e9e. Si vous souhaitez que vos clients soient pleinement satisfaits de leurs achats, contactez-nous. Nous vous aiderons \u00e0 d\u00e9velopper une gamme de produits en constante expansion.<\/p>\n<p><script src=\"chrome-extension:\/\/fpelahbljekknahkcaegamhcndkfpfnc\/iFrame.js\" type=\"text\/javascript\"><\/script><\/p>","protected":false},"excerpt":{"rendered":"<p>&nbsp;<\/p>\n<p><script src=\"chrome-extension:\/\/fpelahbljekknahkcaegamhcndkfpfnc\/iFrame.js\" type=\"text\/javascript\"><\/script><\/p>\n<p><script src=\"chrome-extension:\/\/fpelahbljekknahkcaegamhcndkfpfnc\/iFrame.js\" type=\"text\/javascript\"><\/script><\/p>\n<p><script src=\"chrome-extension:\/\/fpelahbljekknahkcaegamhcndkfpfnc\/iFrame.js\" type=\"text\/javascript\"><\/script><\/p>\n<p><script src=\"chrome-extension:\/\/fpelahbljekknahkcaegamhcndkfpfnc\/iFrame.js\" type=\"text\/javascript\"><\/script><\/p>\n<p><script src=\"chrome-extension:\/\/fpelahbljekknahkcaegamhcndkfpfnc\/iFrame.js\" type=\"text\/javascript\"><\/script><\/p>\n<p><script src=\"chrome-extension:\/\/fpelahbljekknahkcaegamhcndkfpfnc\/iFrame.js\" type=\"text\/javascript\"><\/script><\/p>\n<p><script src=\"chrome-extension:\/\/fpelahbljekknahkcaegamhcndkfpfnc\/iFrame.js\" type=\"text\/javascript\"><\/script><\/p>\n<p><script src=\"chrome-extension:\/\/fpelahbljekknahkcaegamhcndkfpfnc\/iFrame.js\" type=\"text\/javascript\"><\/script><\/p>\n<p><script src=\"chrome-extension:\/\/fpelahbljekknahkcaegamhcndkfpfnc\/iFrame.js\" type=\"text\/javascript\"><\/script><\/p>\n<p><script src=\"chrome-extension:\/\/fpelahbljekknahkcaegamhcndkfpfnc\/iFrame.js\" type=\"text\/javascript\"><\/script><\/p>\n<p><script src=\"chrome-extension:\/\/fpelahbljekknahkcaegamhcndkfpfnc\/iFrame.js\" type=\"text\/javascript\"><\/script><\/p>\n<p><script src=\"chrome-extension:\/\/fpelahbljekknahkcaegamhcndkfpfnc\/iFrame.js\" type=\"text\/javascript\"><\/script><\/p>\n<p><script src=\"chrome-extension:\/\/fpelahbljekknahkcaegamhcndkfpfnc\/iFrame.js\" type=\"text\/javascript\"><\/script><\/p>\n<p><script src=\"chrome-extension:\/\/fpelahbljekknahkcaegamhcndkfpfnc\/iFrame.js\" type=\"text\/javascript\"><\/script><\/p>\n<p><script src=\"chrome-extension:\/\/fpelahbljekknahkcaegamhcndkfpfnc\/iFrame.js\" type=\"text\/javascript\"><\/script><\/p>\n<p><script src=\"chrome-extension:\/\/fpelahbljekknahkcaegamhcndkfpfnc\/iFrame.js\" type=\"text\/javascript\"><\/script><\/p>","protected":false},"featured_media":17329,"comment_status":"open","ping_status":"closed","template":"","meta":[],"product_brand":[234],"product_cat":[124,187,185,189,195,174,175,161,191,173,186,180,190],"product_tag":[],"class_list":{"0":"post-17293","1":"product","2":"type-product","3":"status-publish","4":"has-post-thumbnail","6":"product_brand-mesii","7":"product_cat-vape-by-brand","8":"product_cat-0mg-nicotine-free-vapes","9":"product_cat-10000-puffs-high-capacity","10":"product_cat-20mg-standard-nicotine-vapes","11":"product_cat-dual-flavor-switch","12":"product_cat-fruit-flavors","13":"product_cat-icy-mint","14":"product_cat-mesii","15":"product_cat-rechargeable-disposables","16":"product_cat-vape-by-flavor-profile","17":"product_cat-vape-by-nicotine-strength","18":"product_cat-vape-by-puff-count","19":"product_cat-vape-by-feature-or-type","21":"first","22":"instock","23":"shipping-taxable","24":"purchasable","25":"product-type-variable","26":"has-default-attributes"},"tiered_pricing_type":"percentage","tiered_pricing_fixed_rules":[],"tiered_pricing_product_settings":{"layout":"default","base_unit_name":{"singular":null,"plural":null},"default_variation":null},"tiered_pricing_minimum_quantity":10,"tiered_pricing_roles_data":[],"tiered_pricing_percentage_rules":{"30":"29","50":"35","100":"40","200":"44","500":"47","1000":"49"},"tiered_pricing_maximum_quantity":null,"tiered_pricing_quantity_step":"10","_links":{"self":[{"href":"https:\/\/agoravape.com\/fr\/wp-json\/wp\/v2\/product\/17293","targetHints":{"allow":["GET"]}}],"collection":[{"href":"https:\/\/agoravape.com\/fr\/wp-json\/wp\/v2\/product"}],"about":[{"href":"https:\/\/agoravape.com\/fr\/wp-json\/wp\/v2\/types\/product"}],"replies":[{"embeddable":true,"href":"https:\/\/agoravape.com\/fr\/wp-json\/wp\/v2\/comments?post=17293"}],"version-history":[{"count":0,"href":"https:\/\/agoravape.com\/fr\/wp-json\/wp\/v2\/product\/17293\/revisions"}],"wp:featuredmedia":[{"embeddable":true,"href":"https:\/\/agoravape.com\/fr\/wp-json\/wp\/v2\/media\/17329"}],"wp:attachment":[{"href":"https:\/\/agoravape.com\/fr\/wp-json\/wp\/v2\/media?parent=17293"}],"wp:term":[{"taxonomy":"product_brand","embeddable":true,"href":"https:\/\/agoravape.com\/fr\/wp-json\/wp\/v2\/product_brand?post=17293"},{"taxonomy":"product_cat","embeddable":true,"href":"https:\/\/agoravape.com\/fr\/wp-json\/wp\/v2\/product_cat?post=17293"},{"taxonomy":"product_tag","embeddable":true,"href":"https:\/\/agoravape.com\/fr\/wp-json\/wp\/v2\/product_tag?post=17293"}],"curies":[{"name":"wp","href":"https:\/\/api.w.org\/{rel}","templated":true}]}}