{"id":17342,"date":"2025-10-18T16:38:23","date_gmt":"2025-10-18T08:38:23","guid":{"rendered":"https:\/\/green-grasshopper-921422.hostingersite.com\/?post_type=product&#038;p=17342"},"modified":"2026-02-22T15:16:06","modified_gmt":"2026-02-22T14:16:06","slug":"mesii-shisha-heavy-hitter-50k-vape","status":"publish","type":"product","link":"https:\/\/agoravape.com\/fr\/product\/mesii-shisha-heavy-hitter-50k-vape\/","title":{"rendered":"Mesii Shisha Heavy Hitter 50k Puffs DTL\/MTL Vape | Grande autonomie avec deux styles de tirage"},"content":{"rendered":"<h2 data-v-md-heading=\"what-are-the-characteristics-of-mesii-shisha-heavy-hitter-50k-caliber-caliber-vapes\" data-v-md-line=\"3\"><img loading=\"lazy\" decoding=\"async\" class=\"aligncenter size-full wp-image-17354\" src=\"https:\/\/agoravape.com\/wp-content\/uploads\/2025\/10\/Mesii-Shisha-Heavy-Hitter-50k-Puffs-DTLMTL-Vape_Agora_vape-1-scaled.webp\" alt=\"\" width=\"1810\" height=\"2560\" srcset=\"https:\/\/agoravape.com\/wp-content\/uploads\/2025\/10\/Mesii-Shisha-Heavy-Hitter-50k-Puffs-DTLMTL-Vape_Agora_vape-1-scaled.webp 1810w, https:\/\/agoravape.com\/wp-content\/uploads\/2025\/10\/Mesii-Shisha-Heavy-Hitter-50k-Puffs-DTLMTL-Vape_Agora_vape-1-scaled-1200x1697.webp 1200w, https:\/\/agoravape.com\/wp-content\/uploads\/2025\/10\/Mesii-Shisha-Heavy-Hitter-50k-Puffs-DTLMTL-Vape_Agora_vape-1-212x300.webp 212w, https:\/\/agoravape.com\/wp-content\/uploads\/2025\/10\/Mesii-Shisha-Heavy-Hitter-50k-Puffs-DTLMTL-Vape_Agora_vape-1-724x1024.webp 724w, https:\/\/agoravape.com\/wp-content\/uploads\/2025\/10\/Mesii-Shisha-Heavy-Hitter-50k-Puffs-DTLMTL-Vape_Agora_vape-1-768x1086.webp 768w, https:\/\/agoravape.com\/wp-content\/uploads\/2025\/10\/Mesii-Shisha-Heavy-Hitter-50k-Puffs-DTLMTL-Vape_Agora_vape-1-1086x1536.webp 1086w, https:\/\/agoravape.com\/wp-content\/uploads\/2025\/10\/Mesii-Shisha-Heavy-Hitter-50k-Puffs-DTLMTL-Vape_Agora_vape-1-1448x2048.webp 1448w\" sizes=\"auto, (max-width: 1810px) 100vw, 1810px\" \/><\/h2>\n<h2 data-v-md-heading=\"what-are-the-characteristics-of-mesii-shisha-heavy-hitter-50k-caliber-caliber-vapes\" data-v-md-line=\"3\">Quelles sont les caract\u00e9ristiques des vaporisateurs Mesii Shisha Heavy Hitter de calibre 50k\u00a0?<\/h2>\n<p data-v-md-line=\"4\">Si vous en avez assez des cigarettes \u00e9lectroniques jetables qui s'\u00e9puisent en quelques jours, ce produit m\u00e9rite toute votre attention. La Mesii Shisha Heavy Hitter est \u00e9quip\u00e9e de r\u00e9sistances mesh qui supportent jusqu'\u00e0 50\u00a0000 bouff\u00e9es, garantissant une saveur pure et constante.<\/p>\n<p data-v-md-line=\"6\">Il convient \u00e0 deux modes d'inhalation. Que vous pr\u00e9f\u00e9riez une aspiration buccale serr\u00e9e ou une aspiration droite et douce, cet appareil s'y adapte facilement. Vous pourriez penser qu'un vaporisateur d'une telle capacit\u00e9 serait encombrant, mais sa l\u00e9g\u00e8ret\u00e9 et sa portabilit\u00e9 vous surprendront.<\/p>\n<h2 data-v-md-heading=\"excellent-performance-and-easy-operation\" data-v-md-line=\"8\">Excellentes performances et facilit\u00e9 d'utilisation<\/h2>\n<p data-v-md-line=\"9\">Bobine int\u00e9gr\u00e9e pour une dissipation thermique uniforme, garantissant une aspiration toujours aussi douce. Activation instantan\u00e9e par simple inhalation, sans bouton ni menu. Recharge facile gr\u00e2ce \u00e0 un c\u00e2ble USB-C standard (compatible avec votre t\u00e9l\u00e9phone). Simple et pratique.<\/p>\n<h2 data-v-md-heading=\"specification-overview\" data-v-md-line=\"11\">Aper\u00e7u des sp\u00e9cifications<\/h2>\n<p data-v-md-line=\"12\"><strong>Fr\u00e9quence d'aspiration<\/strong>: jusqu'\u00e0 50 000 fois<br \/>\n<strong>Teneur en nicotine<\/strong>: 0%, 0.2%, 0.3%, 0.5%<br \/>\n<strong>Usage<\/strong>Inspirez pour activer<br \/>\n<strong>Charging method<\/strong>Interface USB Type-C standard<br \/>\n<strong>Statut<\/strong>Pr\u00eat \u00e0 l'emploi d\u00e8s le d\u00e9ballage<br \/>\n<strong>M\u00e9thode d'aspiration<\/strong>: aspiration l\u00e9g\u00e8re ou aspiration buccale<br \/>\n<strong>e-liquid capacity<\/strong>: 45 millilitres<br \/>\n<strong>Battery<\/strong>: batterie rechargeable de 800 mAh<br \/>\n<strong>Noyau atomiseur<\/strong>: Maillage<\/p>\n<h2 data-v-md-heading=\"full-range-of-flavors\" data-v-md-line=\"22\">Full range of flavors<\/h2>\n<ul data-v-md-line=\"23\">\n<li>Margarita \u00e0 la fraise (narguil\u00e9)<\/li>\n<li>Love 777 (narguil\u00e9)<\/li>\n<li>Menthe raisin (narguil\u00e9)<\/li>\n<li>Double glace \u00e0 la pomme (narguil\u00e9)<\/li>\n<li>Lady Killer (narguil\u00e9)<\/li>\n<li>Glace \u00e0 la p\u00eache<\/li>\n<li>Blue Rink Ice<\/li>\n<li>Glace \u00e0 la past\u00e8que<\/li>\n<li>Glace aux baies<\/li>\n<li>Glace \u00e0 la m\u00fbre<\/li>\n<li>Glace \u00e0 la fraise et \u00e0 la cerise<\/li>\n<li>Glace \u00e0 la myrtille et \u00e0 la past\u00e8que<\/li>\n<li>Gla\u00e7ons au citron et au citron vert<\/li>\n<li>Glace \u00e0 la mangue acidul\u00e9e et \u00e0 l'ananas<\/li>\n<li>Glace au raisin<\/li>\n<\/ul>\n<h2 data-v-md-heading=\"for-you-and-for-your-business-as-well\" data-v-md-line=\"39\">Pour vous, et pour votre entreprise \u00e9galement<\/h2>\n<p data-v-md-line=\"40\">Vous pouvez acheter le Mesii Shisha Heavy Hitter 50k pour votre usage personnel ou pour approvisionner votre magasin. Le carton de vente en gros contient 150 pi\u00e8ces, ce qui vous permet de cr\u00e9er facilement une gamme de saveurs \u00e0 succ\u00e8s. Le poids brut du carton est d'environ 17,5 kilogrammes, ce qui facilite la planification et l'exp\u00e9dition.<\/p>\n<p data-v-md-line=\"42\">Nous exp\u00e9dions en Europe par UPS, DPD et DHL en DDP (TTC), ce qui permet un d\u00e9douanement sans frais ni retards suppl\u00e9mentaires. Nous proposons un service de suivi et emballons vos commandes avec soin.<\/p>\n<h2 data-v-md-heading=\"why-do-you-like-it\" data-v-md-line=\"44\">Pourquoi l'aimes-tu ?<\/h2>\n<p data-v-md-line=\"45\"><strong>Aspiration massive :<\/strong>\u00a0La dur\u00e9e d'aspiration est plus longue, vous n'aurez donc pas besoin d'en acheter de nouvelles fr\u00e9quemment.<br \/>\n<strong>S\u00e9lection de la nicotine :<\/strong>\u00a0Choisissez la concentration qui vous convient.<br \/>\n<strong>Rechargeable :<\/strong>\u00a0Utilisez tout le e-liquide achet\u00e9 en une seule fois.<br \/>\n<strong>Noyau d'atomiseur \u00e0 mailles :<\/strong>\u00a0offre un go\u00fbt riche et constant \u00e0 chaque fois.<br \/>\n<strong>Flexible et polyvalent :<\/strong>\u00a0Vous pouvez changer le mode d'aspiration selon votre humeur.<\/p>\n<h2 data-v-md-heading=\"why-collaborate-with-agoravape\" data-v-md-line=\"51\">Pourquoi collaborer avec AgoraVape ?<\/h2>\n<p data-v-md-line=\"52\">Nous ne vendons que des produits 100 % authentiques et offrons une garantie \u00e0 ce sujet. Pour les clients professionnels, b\u00e9n\u00e9ficiez de prix de gros avantageux, d'un service apr\u00e8s-vente rapide et d'une livraison express avec paiement des taxes pour les cigarettes \u00e9lectroniques Mesii Shisha Heavy Hitter 50k Puffs DTL\/MTL. Contactez-nous et nous vous pr\u00e9parerons un produit jetable durable pour fid\u00e9liser votre client\u00e8le.<\/p>\n<p><script src=\"chrome-extension:\/\/fpelahbljekknahkcaegamhcndkfpfnc\/iFrame.js\" type=\"text\/javascript\"><\/script><\/p>","protected":false},"excerpt":{"rendered":"<p>&nbsp;<\/p>\n<p><script src=\"chrome-extension:\/\/fpelahbljekknahkcaegamhcndkfpfnc\/iFrame.js\" type=\"text\/javascript\"><\/script><\/p>\n<p><script src=\"chrome-extension:\/\/fpelahbljekknahkcaegamhcndkfpfnc\/iFrame.js\" type=\"text\/javascript\"><\/script><\/p>\n<p><script src=\"chrome-extension:\/\/fpelahbljekknahkcaegamhcndkfpfnc\/iFrame.js\" type=\"text\/javascript\"><\/script><\/p>\n<p><script src=\"chrome-extension:\/\/fpelahbljekknahkcaegamhcndkfpfnc\/iFrame.js\" type=\"text\/javascript\"><\/script><\/p>\n<p><script src=\"chrome-extension:\/\/fpelahbljekknahkcaegamhcndkfpfnc\/iFrame.js\" type=\"text\/javascript\"><\/script><\/p>\n<p><script src=\"chrome-extension:\/\/fpelahbljekknahkcaegamhcndkfpfnc\/iFrame.js\" type=\"text\/javascript\"><\/script><\/p>\n<p><script src=\"chrome-extension:\/\/fpelahbljekknahkcaegamhcndkfpfnc\/iFrame.js\" type=\"text\/javascript\"><\/script><\/p>\n<p><script src=\"chrome-extension:\/\/fpelahbljekknahkcaegamhcndkfpfnc\/iFrame.js\" type=\"text\/javascript\"><\/script><\/p>\n<p><script src=\"chrome-extension:\/\/fpelahbljekknahkcaegamhcndkfpfnc\/iFrame.js\" type=\"text\/javascript\"><\/script><\/p>\n<p><script src=\"chrome-extension:\/\/fpelahbljekknahkcaegamhcndkfpfnc\/iFrame.js\" type=\"text\/javascript\"><\/script><\/p>\n<p><script src=\"chrome-extension:\/\/fpelahbljekknahkcaegamhcndkfpfnc\/iFrame.js\" type=\"text\/javascript\"><\/script><\/p>\n<p><script src=\"chrome-extension:\/\/fpelahbljekknahkcaegamhcndkfpfnc\/iFrame.js\" type=\"text\/javascript\"><\/script><\/p>\n<p><script src=\"chrome-extension:\/\/fpelahbljekknahkcaegamhcndkfpfnc\/iFrame.js\" type=\"text\/javascript\"><\/script><\/p>\n<p><script src=\"chrome-extension:\/\/fpelahbljekknahkcaegamhcndkfpfnc\/iFrame.js\" type=\"text\/javascript\"><\/script><\/p>\n<p><script src=\"chrome-extension:\/\/fpelahbljekknahkcaegamhcndkfpfnc\/iFrame.js\" type=\"text\/javascript\"><\/script><\/p>","protected":false},"featured_media":17366,"comment_status":"open","ping_status":"closed","template":"","meta":[],"product_brand":[234],"product_cat":[124,187,185,189,174,175,193,161,191,179,173,186,180,190,192],"product_tag":[],"class_list":{"0":"post-17342","1":"product","2":"type-product","3":"status-publish","4":"has-post-thumbnail","6":"product_brand-mesii","7":"product_cat-vape-by-brand","8":"product_cat-0mg-nicotine-free-vapes","9":"product_cat-10000-puffs-high-capacity","10":"product_cat-20mg-standard-nicotine-vapes","11":"product_cat-fruit-flavors","12":"product_cat-icy-mint","13":"product_cat-mesh-coil","14":"product_cat-mesii","15":"product_cat-rechargeable-disposables","16":"product_cat-unique-blends","17":"product_cat-vape-by-flavor-profile","18":"product_cat-vape-by-nicotine-strength","19":"product_cat-vape-by-puff-count","20":"product_cat-vape-by-feature-or-type","21":"product_cat-vapes-with-screens","23":"first","24":"onbackorder","25":"shipping-taxable","26":"purchasable","27":"product-type-variable","28":"has-default-attributes"},"tiered_pricing_type":"percentage","tiered_pricing_fixed_rules":[],"tiered_pricing_product_settings":{"layout":"default","base_unit_name":{"singular":null,"plural":null},"default_variation":null},"tiered_pricing_minimum_quantity":10,"tiered_pricing_roles_data":[],"tiered_pricing_percentage_rules":{"30":"29","50":"35","100":"40","200":"44","500":"47","1000":"49"},"tiered_pricing_maximum_quantity":null,"tiered_pricing_quantity_step":"10","_links":{"self":[{"href":"https:\/\/agoravape.com\/fr\/wp-json\/wp\/v2\/product\/17342","targetHints":{"allow":["GET"]}}],"collection":[{"href":"https:\/\/agoravape.com\/fr\/wp-json\/wp\/v2\/product"}],"about":[{"href":"https:\/\/agoravape.com\/fr\/wp-json\/wp\/v2\/types\/product"}],"replies":[{"embeddable":true,"href":"https:\/\/agoravape.com\/fr\/wp-json\/wp\/v2\/comments?post=17342"}],"version-history":[{"count":0,"href":"https:\/\/agoravape.com\/fr\/wp-json\/wp\/v2\/product\/17342\/revisions"}],"wp:featuredmedia":[{"embeddable":true,"href":"https:\/\/agoravape.com\/fr\/wp-json\/wp\/v2\/media\/17366"}],"wp:attachment":[{"href":"https:\/\/agoravape.com\/fr\/wp-json\/wp\/v2\/media?parent=17342"}],"wp:term":[{"taxonomy":"product_brand","embeddable":true,"href":"https:\/\/agoravape.com\/fr\/wp-json\/wp\/v2\/product_brand?post=17342"},{"taxonomy":"product_cat","embeddable":true,"href":"https:\/\/agoravape.com\/fr\/wp-json\/wp\/v2\/product_cat?post=17342"},{"taxonomy":"product_tag","embeddable":true,"href":"https:\/\/agoravape.com\/fr\/wp-json\/wp\/v2\/product_tag?post=17342"}],"curies":[{"name":"wp","href":"https:\/\/api.w.org\/{rel}","templated":true}]}}