{"id":17376,"date":"2025-10-18T16:52:16","date_gmt":"2025-10-18T08:52:16","guid":{"rendered":"https:\/\/green-grasshopper-921422.hostingersite.com\/?post_type=product&#038;p=17376"},"modified":"2025-12-15T21:30:17","modified_gmt":"2025-12-15T13:30:17","slug":"mesii-triple-niice-35k-adjustable-vape","status":"publish","type":"product","link":"https:\/\/agoravape.com\/fr\/product\/mesii-triple-niice-35k-adjustable-vape\/","title":{"rendered":"Mesii Triple NIICE 35K bouff\u00e9es Vape glac\u00e9e et nicotine r\u00e9glables | Grande autonomie. Confort sur mesure."},"content":{"rendered":"<h2 data-v-md-heading=\"what-is-special-about-mesii-triple-niice-35000-puff-adjustable-freezing-point-and-nicotine-vape\" data-v-md-line=\"3\"><img loading=\"lazy\" decoding=\"async\" class=\"aligncenter size-full wp-image-17393\" src=\"https:\/\/agoravape.com\/wp-content\/uploads\/2025\/10\/Mesii-Triple-NIICE-35K-Puffs-Adjustable-Ice-Nic-Vape_Agora_vape-1.webp\" alt=\"\" width=\"1000\" height=\"1000\" srcset=\"https:\/\/agoravape.com\/wp-content\/uploads\/2025\/10\/Mesii-Triple-NIICE-35K-Puffs-Adjustable-Ice-Nic-Vape_Agora_vape-1.webp 1000w, https:\/\/agoravape.com\/wp-content\/uploads\/2025\/10\/Mesii-Triple-NIICE-35K-Puffs-Adjustable-Ice-Nic-Vape_Agora_vape-1-600x600.webp 600w, https:\/\/agoravape.com\/wp-content\/uploads\/2025\/10\/Mesii-Triple-NIICE-35K-Puffs-Adjustable-Ice-Nic-Vape_Agora_vape-1-300x300.webp 300w, https:\/\/agoravape.com\/wp-content\/uploads\/2025\/10\/Mesii-Triple-NIICE-35K-Puffs-Adjustable-Ice-Nic-Vape_Agora_vape-1-150x150.webp 150w, https:\/\/agoravape.com\/wp-content\/uploads\/2025\/10\/Mesii-Triple-NIICE-35K-Puffs-Adjustable-Ice-Nic-Vape_Agora_vape-1-768x768.webp 768w\" sizes=\"auto, (max-width: 1000px) 100vw, 1000px\" \/><\/h2>\n<h2 data-v-md-heading=\"what-is-special-about-mesii-triple-niice-35000-puff-adjustable-freezing-point-and-nicotine-vape\" data-v-md-line=\"3\">Qu'est-ce qui rend le vaporisateur Mesii Triple NIICE 35000 bouff\u00e9es \u00e0 point de cong\u00e9lation r\u00e9glable et \u00e0 nicotine si particulier ?<\/h2>\n<p data-v-md-line=\"4\">Si vous en avez assez des cigarettes \u00e9lectroniques jetables qui se vident en une semaine, ce produit pourrait vous int\u00e9resser. La Mesii Triple NIICE offre jusqu'\u00e0 35\u00a0000 bouff\u00e9es, pour une saveur douce et constante et un plaisir durable.<\/p>\n<p data-v-md-line=\"6\">Con\u00e7u sp\u00e9cialement pour ceux qui recherchent une ma\u00eetrise totale, ce vaporisateur vous permet de r\u00e9gler le point de cong\u00e9lation et le taux de nicotine. Vous trouverez ainsi l'\u00e9quilibre parfait entre la sensation en gorge et la fra\u00eecheur intense, pour un plaisir optimal. Malgr\u00e9 sa taille imposante, ce vaporisateur vous surprendra par sa l\u00e9g\u00e8ret\u00e9 et sa portabilit\u00e9.<\/p>\n<h2 data-v-md-heading=\"excellent-performance-and-easy-operation\" data-v-md-line=\"8\">Excellentes performances et facilit\u00e9 d'utilisation<\/h2>\n<p data-v-md-line=\"9\">Le c\u0153ur du Triple NIICE est une r\u00e9sistance mesh. Elle chauffe uniform\u00e9ment, pour une saveur aussi intense \u00e0 chaque bouch\u00e9e qu'\u00e0 la premi\u00e8re. Lorsque la batterie est faible, il suffit de la brancher et de la recharger via USB-C. Aucun c\u00e2ble sp\u00e9cial ni interface encombrante n'est n\u00e9cessaire. Facile \u00e0 utiliser.<\/p>\n<h2 data-v-md-heading=\"specification-introduction\" data-v-md-line=\"11\">Introduction aux sp\u00e9cifications<\/h2>\n<ul data-v-md-line=\"12\">\n<li>Fr\u00e9quence d'aspiration : jusqu'\u00e0 35\u00a0000 fois<\/li>\n<li>Capacit\u00e9 du r\u00e9servoir d'e-liquide : 20 ml + 10 ml + 10 ml (trois r\u00e9servoirs de stockage)<\/li>\n<li>Batterie : batterie rechargeable de 800 mAh<\/li>\n<li>Concentration de nicotine\u00a0: 0\u00a0%, 2\u00a0%, 3\u00a0%, 5\u00a0% (en option)<\/li>\n<li>Niveau de glace\u00a0: absence de glace, faible, moyen, tr\u00e8s \u00e9lev\u00e9<\/li>\n<li>Contr\u00f4le int\u00e9gr\u00e9 du taux de nicotine\u00a0: aucun, faible, moyen, fort<\/li>\n<li>Principe de fonctionnement : Activation par inhalation<\/li>\n<li>Noyau d'atomisation\u00a0: Noyau d'atomisation en maille, saveur constante<\/li>\n<li>Chargement : interface USB-C standard<\/li>\n<li>\u00c9tat : Pr\u00eat \u00e0 l'emploi d\u00e8s le d\u00e9ballage<\/li>\n<\/ul>\n<h2 data-v-md-heading=\"full-range-of-flavors\" data-v-md-line=\"23\">Full range of flavors<\/h2>\n<ul data-v-md-line=\"24\">\n<li>Glace \u00e0 la past\u00e8que<\/li>\n<li>Glace au raisin<\/li>\n<li>Blue Rink Ice<\/li>\n<li>Glace \u00e0 la myrtille et \u00e0 la past\u00e8que<\/li>\n<li>Glace au citron vert et \u00e0 la menthe<\/li>\n<li>Glace \u00e0 la p\u00eache<\/li>\n<li>Glace \u00e0 la fraise<\/li>\n<li>Glace aux fruits rouges<\/li>\n<li>Glace Double Pomme<\/li>\n<li>Glace Cherry Coke<\/li>\n<\/ul>\n<h2 data-v-md-heading=\"to-create-for-you-and-your-business\" data-v-md-line=\"35\">Pour cr\u00e9er pour vous et votre entreprise<\/h2>\n<p data-v-md-line=\"36\">Vous pouvez acheter le Mesii Triple NIICE 35K pour vous-m\u00eame ou pour votre magasin. Le carton de vente en gros contient 160 pi\u00e8ces, vous permettant ainsi de cr\u00e9er facilement un effet d'affichage simple, attrayant et dynamique.<\/p>\n<p data-v-md-line=\"38\">Nous assurons la livraison DDP dans toute l'Europe gr\u00e2ce \u00e0 des partenaires de confiance tels que UPS, DPD et DHL. Les droits de douane sont ainsi calcul\u00e9s \u00e0 l'avance, vous \u00e9vitant toute mauvaise surprise. La teneur en nicotine et la disponibilit\u00e9 des produits varient selon les pays et les r\u00e9gions\u00a0; veuillez donc consulter la r\u00e9glementation locale avant de passer commande.<\/p>\n<h2 data-v-md-heading=\"why-do-you-like-it\" data-v-md-line=\"40\">Pourquoi l'aimes-tu ?<\/h2>\n<ul data-v-md-line=\"41\">\n<li>Fumer massivement : Durables et de longue dur\u00e9e, pas besoin d'acheter fr\u00e9quemment de nouvelles cigarettes.<\/li>\n<li>S\u00e9lection du taux de nicotine\u00a0: Choisissez 0\u00a0%, 2\u00a0%, 3\u00a0% ou 5\u00a0% selon votre pr\u00e9f\u00e9rence.<\/li>\n<li>Rechargeable : Vous pouvez utiliser tous les e-liquides achet\u00e9s.<\/li>\n<li>R\u00e9sistance mesh : Elle permet d'obtenir un go\u00fbt riche et constant \u00e0 chaque utilisation.<\/li>\n<li>Quantit\u00e9 de glace ajustable\u00a0: Ajustez la quantit\u00e9 de glace selon vos envies, de rien du tout \u00e0 une quantit\u00e9 extr\u00eame.<\/li>\n<\/ul>\n<h2 data-v-md-heading=\"why-collaborate-with-agoravape\" data-v-md-line=\"47\">Pourquoi collaborer avec AgoraVape ?<\/h2>\n<p data-v-md-line=\"48\">Nous ne vendons que des produits 100 % authentiques, sans le moindre doute. Pour les professionnels, cela signifie que la cigarette \u00e9lectronique Mesii Triple NIICE 35K, \u00e0 point de cong\u00e9lation r\u00e9glable et \u00e0 dosage de nicotine, b\u00e9n\u00e9ficie de prix de gros tr\u00e8s comp\u00e9titifs, d'un service apr\u00e8s-vente performant et d'une livraison rapide et fiable. Si vous recherchez une cigarette \u00e9lectronique jetable \u00e0 forte production de vapeur et au dosage r\u00e9glable, capable de fid\u00e9liser votre client\u00e8le, contactez-nous.<\/p>","protected":false},"excerpt":{"rendered":"<p>&nbsp;<\/p>\n<p><script src=\"chrome-extension:\/\/fpelahbljekknahkcaegamhcndkfpfnc\/iFrame.js\" type=\"text\/javascript\"><\/script><\/p>\n<p><script src=\"chrome-extension:\/\/fpelahbljekknahkcaegamhcndkfpfnc\/iFrame.js\" type=\"text\/javascript\"><\/script><\/p>\n<p><script src=\"chrome-extension:\/\/fpelahbljekknahkcaegamhcndkfpfnc\/iFrame.js\" type=\"text\/javascript\"><\/script><\/p>\n<p><script src=\"chrome-extension:\/\/fpelahbljekknahkcaegamhcndkfpfnc\/iFrame.js\" type=\"text\/javascript\"><\/script><\/p>\n<p><script src=\"chrome-extension:\/\/fpelahbljekknahkcaegamhcndkfpfnc\/iFrame.js\" type=\"text\/javascript\"><\/script><\/p>\n<p><script src=\"chrome-extension:\/\/fpelahbljekknahkcaegamhcndkfpfnc\/iFrame.js\" type=\"text\/javascript\"><\/script><\/p>\n<p><script src=\"chrome-extension:\/\/fpelahbljekknahkcaegamhcndkfpfnc\/iFrame.js\" type=\"text\/javascript\"><\/script><\/p>\n<p><script src=\"chrome-extension:\/\/fpelahbljekknahkcaegamhcndkfpfnc\/iFrame.js\" type=\"text\/javascript\"><\/script><\/p>\n<p><script src=\"chrome-extension:\/\/fpelahbljekknahkcaegamhcndkfpfnc\/iFrame.js\" type=\"text\/javascript\"><\/script><\/p>\n<p><script src=\"chrome-extension:\/\/fpelahbljekknahkcaegamhcndkfpfnc\/iFrame.js\" type=\"text\/javascript\"><\/script><\/p>\n<p><script src=\"chrome-extension:\/\/fpelahbljekknahkcaegamhcndkfpfnc\/iFrame.js\" type=\"text\/javascript\"><\/script><\/p>\n<p><script src=\"chrome-extension:\/\/fpelahbljekknahkcaegamhcndkfpfnc\/iFrame.js\" type=\"text\/javascript\"><\/script><\/p>\n<p><script src=\"chrome-extension:\/\/fpelahbljekknahkcaegamhcndkfpfnc\/iFrame.js\" type=\"text\/javascript\"><\/script><\/p>\n<p><script src=\"chrome-extension:\/\/fpelahbljekknahkcaegamhcndkfpfnc\/iFrame.js\" type=\"text\/javascript\"><\/script><\/p>\n<p><script src=\"chrome-extension:\/\/fpelahbljekknahkcaegamhcndkfpfnc\/iFrame.js\" type=\"text\/javascript\"><\/script><\/p>","protected":false},"featured_media":17403,"comment_status":"open","ping_status":"closed","template":"","meta":[],"product_brand":[234],"product_cat":[124,187,185,189,174,175,193,161,191,173,186,180,190,192],"product_tag":[],"class_list":{"0":"post-17376","1":"product","2":"type-product","3":"status-publish","4":"has-post-thumbnail","6":"product_brand-mesii","7":"product_cat-vape-by-brand","8":"product_cat-0mg-nicotine-free-vapes","9":"product_cat-10000-puffs-high-capacity","10":"product_cat-20mg-standard-nicotine-vapes","11":"product_cat-fruit-flavors","12":"product_cat-icy-mint","13":"product_cat-mesh-coil","14":"product_cat-mesii","15":"product_cat-rechargeable-disposables","16":"product_cat-vape-by-flavor-profile","17":"product_cat-vape-by-nicotine-strength","18":"product_cat-vape-by-puff-count","19":"product_cat-vape-by-feature-or-type","20":"product_cat-vapes-with-screens","22":"first","23":"instock","24":"shipping-taxable","25":"purchasable","26":"product-type-variable","27":"has-default-attributes"},"tiered_pricing_type":"percentage","tiered_pricing_fixed_rules":[],"tiered_pricing_product_settings":{"layout":"default","base_unit_name":{"singular":null,"plural":null},"default_variation":null},"tiered_pricing_minimum_quantity":10,"tiered_pricing_roles_data":[],"tiered_pricing_percentage_rules":{"30":"29","50":"35","100":"40","200":"44","500":"47","1000":"49"},"tiered_pricing_maximum_quantity":null,"tiered_pricing_quantity_step":"10","_links":{"self":[{"href":"https:\/\/agoravape.com\/fr\/wp-json\/wp\/v2\/product\/17376","targetHints":{"allow":["GET"]}}],"collection":[{"href":"https:\/\/agoravape.com\/fr\/wp-json\/wp\/v2\/product"}],"about":[{"href":"https:\/\/agoravape.com\/fr\/wp-json\/wp\/v2\/types\/product"}],"replies":[{"embeddable":true,"href":"https:\/\/agoravape.com\/fr\/wp-json\/wp\/v2\/comments?post=17376"}],"version-history":[{"count":0,"href":"https:\/\/agoravape.com\/fr\/wp-json\/wp\/v2\/product\/17376\/revisions"}],"wp:featuredmedia":[{"embeddable":true,"href":"https:\/\/agoravape.com\/fr\/wp-json\/wp\/v2\/media\/17403"}],"wp:attachment":[{"href":"https:\/\/agoravape.com\/fr\/wp-json\/wp\/v2\/media?parent=17376"}],"wp:term":[{"taxonomy":"product_brand","embeddable":true,"href":"https:\/\/agoravape.com\/fr\/wp-json\/wp\/v2\/product_brand?post=17376"},{"taxonomy":"product_cat","embeddable":true,"href":"https:\/\/agoravape.com\/fr\/wp-json\/wp\/v2\/product_cat?post=17376"},{"taxonomy":"product_tag","embeddable":true,"href":"https:\/\/agoravape.com\/fr\/wp-json\/wp\/v2\/product_tag?post=17376"}],"curies":[{"name":"wp","href":"https:\/\/api.w.org\/{rel}","templated":true}]}}