{"id":17416,"date":"2025-10-18T17:04:25","date_gmt":"2025-10-18T09:04:25","guid":{"rendered":"https:\/\/green-grasshopper-921422.hostingersite.com\/?post_type=product&#038;p=17416"},"modified":"2026-02-22T15:15:40","modified_gmt":"2026-02-22T14:15:40","slug":"mesii-vast-energy-30000-puffs-vape","status":"publish","type":"product","link":"https:\/\/agoravape.com\/fr\/product\/mesii-vast-energy-30000-puffs-vape\/","title":{"rendered":"Mesii Vast Energy 30K bouff\u00e9es, cigarette \u00e9lectronique \u00e0 LED 4 modes | Grande autonomie, commandes tactiles simples"},"content":{"rendered":"<h2 data-v-md-heading=\"what-are-the-special-features-of-mesii-vast-energy-30k-suction-capacity-4-speed-led-screen-vape\" data-v-md-line=\"3\"><img loading=\"lazy\" decoding=\"async\" class=\"aligncenter size-full wp-image-17443\" src=\"https:\/\/agoravape.com\/wp-content\/uploads\/2025\/10\/Mesii-Vast-Energy-30K-Puffs-4-Mode-LED-Marquee-Vape_Agora_vape-16.webp\" alt=\"\" width=\"1600\" height=\"1600\" srcset=\"https:\/\/agoravape.com\/wp-content\/uploads\/2025\/10\/Mesii-Vast-Energy-30K-Puffs-4-Mode-LED-Marquee-Vape_Agora_vape-16.webp 1600w, https:\/\/agoravape.com\/wp-content\/uploads\/2025\/10\/Mesii-Vast-Energy-30K-Puffs-4-Mode-LED-Marquee-Vape_Agora_vape-16-600x600.webp 600w, https:\/\/agoravape.com\/wp-content\/uploads\/2025\/10\/Mesii-Vast-Energy-30K-Puffs-4-Mode-LED-Marquee-Vape_Agora_vape-16-1200x1200.webp 1200w, https:\/\/agoravape.com\/wp-content\/uploads\/2025\/10\/Mesii-Vast-Energy-30K-Puffs-4-Mode-LED-Marquee-Vape_Agora_vape-16-300x300.webp 300w, https:\/\/agoravape.com\/wp-content\/uploads\/2025\/10\/Mesii-Vast-Energy-30K-Puffs-4-Mode-LED-Marquee-Vape_Agora_vape-16-1024x1024.webp 1024w, https:\/\/agoravape.com\/wp-content\/uploads\/2025\/10\/Mesii-Vast-Energy-30K-Puffs-4-Mode-LED-Marquee-Vape_Agora_vape-16-150x150.webp 150w, https:\/\/agoravape.com\/wp-content\/uploads\/2025\/10\/Mesii-Vast-Energy-30K-Puffs-4-Mode-LED-Marquee-Vape_Agora_vape-16-768x768.webp 768w, https:\/\/agoravape.com\/wp-content\/uploads\/2025\/10\/Mesii-Vast-Energy-30K-Puffs-4-Mode-LED-Marquee-Vape_Agora_vape-16-1536x1536.webp 1536w\" sizes=\"auto, (max-width: 1600px) 100vw, 1600px\" \/><\/h2>\n<h2 data-v-md-heading=\"what-are-the-special-features-of-mesii-vast-energy-30k-suction-capacity-4-speed-led-screen-vape\" data-v-md-line=\"3\">Quelles sont les caract\u00e9ristiques particuli\u00e8res du vaporisateur Mesii Vast Energy 30K \u00e0 capacit\u00e9 d'aspiration et \u00e9cran LED \u00e0 4 vitesses\u00a0?<\/h2>\n<p data-v-md-line=\"4\">Si vous en avez assez des cigarettes \u00e9lectroniques jetables que vous utilisez rapidement, alors cette cigarette \u00e9lectronique est faite pour vous. La Mesii Vast Energy offre jusqu'\u00e0 30\u00a0000 bouff\u00e9es et est \u00e9quip\u00e9e d'un superbe \u00e9cran LED \u00e0 360\u00b0, vous permettant de l'utiliser pleinement plut\u00f4t que de simplement la regarder. Une simple pression sur l'interrupteur tactile vous permet de passer d'un mode \u00e0 l'autre et de profiter d'une exp\u00e9rience optimale tout au long de la journ\u00e9e.<\/p>\n<p data-v-md-line=\"6\">Si vous souhaitez savourer facilement des ar\u00f4mes riches sans vous soucier de l'utilisation, cette cigarette \u00e9lectronique est le choix id\u00e9al. Pas de menus complexes ni de boutons compliqu\u00e9s\u00a0: un design \u00e9l\u00e9gant, une exp\u00e9rience utilisateur simple et des performances exceptionnelles.<\/p>\n<h2 data-v-md-heading=\"excellent-performance-without-any-complex-operations\" data-v-md-line=\"8\">Excellent performance without any complex operations<\/h2>\n<p data-v-md-line=\"9\">Quatre modes pratiques \u2013 ECO, PLUS, PRO et MAX \u2013 vous permettent d'ajuster librement le volume et la puissance d'aspiration. Le mode ECO prolonge l'autonomie. Le mode MAX offre une exp\u00e9rience plus intense. La r\u00e9sistance a \u00e9t\u00e9 optimis\u00e9e pour une saveur stable, de la premi\u00e8re \u00e0 la derni\u00e8re bouff\u00e9e. Aliment\u00e9 par une batterie de 800 mAh, il offre une capacit\u00e9 de 30 ml. Un simple clic permet de changer de mode.<\/p>\n<h2 data-v-md-heading=\"specification-overview\" data-v-md-line=\"11\">Aper\u00e7u des sp\u00e9cifications<\/h2>\n<p data-v-md-line=\"12\"><strong>Fr\u00e9quence d'aspiration<\/strong>: jusqu'\u00e0 30 000 fois<br \/>\n<strong>Teneur en nicotine<\/strong>: 0%, 2%, 3%, 5%<br \/>\n<strong>Principe de fonctionnement<\/strong>Un simple clic permet de basculer entre les modes ECO, PLUS, PRO et MAX. Aucun r\u00e9glage complexe n'est n\u00e9cessaire.<br \/>\n<strong>Charging:<\/strong>\u00a0Batterie int\u00e9gr\u00e9e de 800 mAh<br \/>\n<strong>Statut:<\/strong>\u00a0Pr\u00eat \u00e0 l'emploi d\u00e8s sa sortie de l'emballage<\/p>\n<h2 data-v-md-heading=\"full-range-of-flavors\" data-v-md-line=\"18\">Full range of flavors<\/h2>\n<ul data-v-md-line=\"19\">\n<li>Glace \u00e0 la past\u00e8que<\/li>\n<li>Glace au raisin<\/li>\n<li>Bombe aux baies<\/li>\n<li>fraise kiwi<\/li>\n<li>Blue Rink Ice<\/li>\n<li>Glace \u00e0 la p\u00eache<\/li>\n<li>Glace Cherry Coke<\/li>\n<li>Glace \u00e0 la pomme verte<\/li>\n<li>Monnaie de Miami<\/li>\n<li>Citron et citron vert<\/li>\n<li>Strawberry watermelon<\/li>\n<li>Goyave orange Bai Xiang<\/li>\n<li>past\u00e8que framboise<\/li>\n<li>Ananas Mangue<\/li>\n<li>fruit du dragon, banane, cerise<\/li>\n<\/ul>\n<h2 data-v-md-heading=\"for-you-for-your-business\" data-v-md-line=\"35\">Pour vous, pour votre entreprise<\/h2>\n<p data-v-md-line=\"36\">Vous pouvez en choisir un pour vous ou vous approvisionner pour votre magasin. Nos cartons en gros contiennent 150 unit\u00e9s et p\u00e8sent environ 18 kg. Nous exp\u00e9dions par des transporteurs de confiance comme UPS, DPD et DHL en DDP (rendu droits acquitt\u00e9s), ce qui garantit une livraison rapide et \u00e9vite tout d\u00e9sagr\u00e9ment au passage en douane.<\/p>\n<p data-v-md-line=\"38\">Pour obtenir un devis pour des commandes en gros ou des cartouches aux saveurs vari\u00e9es, veuillez contacter notre \u00e9quipe. Nous vous aiderons \u00e0 fid\u00e9liser votre client\u00e8le et \u00e0 attirer de nouveaux clients.<\/p>\n<h2 data-v-md-heading=\"why-do-you-like-it\" data-v-md-line=\"40\">Pourquoi l'aimes-tu ?<\/h2>\n<p data-v-md-line=\"41\"><strong>Aspiration excessive :<\/strong>\u00a0Moins de temps de remplacement, gain de temps et d'efforts<br \/>\n<strong>Quatre modes d'alimentation\u00a0:<\/strong>\u00a0Personnalisez l'aspiration selon vos envies, en choisissant entre douceur et force.<br \/>\n<strong>Lumi\u00e8re LED d\u00e9filante \u00e0 360\u00b0 :<\/strong>\u00a0Apparence \u00e9clatante, retour d'information clair et visible sur le mode<br \/>\n<strong>S\u00e9lection de la nicotine :<\/strong>\u00a0De 0 % \u00e0 des concentrations plus \u00e9lev\u00e9es, vous pouvez choisir celle qui vous convient le mieux.<br \/>\n<strong>Commande tactile\u00a0:<\/strong>\u00a0Il suffit d'appuyer pour changer rapidement de mode.<\/p>\n<h2 data-v-md-heading=\"why-collaborate-with-agoravape\" data-v-md-line=\"47\">Pourquoi collaborer avec AgoraVape ?<\/h2>\n<p data-v-md-line=\"48\">Nous ne vendons que des produits 100 % authentiques de nos marques partenaires. Comptant parmi les distributeurs de cigarettes \u00e9lectroniques les plus fiables d'Europe, nous proposons des prix de gros avantageux, un service client irr\u00e9prochable et une livraison DDP rapide pour les cigarettes \u00e9lectroniques Mesii Vast Energy 30K \u00e0 4 modes d'\u00e9clairage LED. Int\u00e9ress\u00e9(e)\u00a0? Contactez-nous et nous nous chargeons de tout.<\/p>\n<p data-v-md-line=\"50\">Avis aux d\u00e9taillants de l'UE\u00a0: avant toute mise en vente, veuillez consulter la r\u00e9glementation locale relative aux produits du tabac (DPT) et\/ou aux produits et emballages du tabac (REPT). L'option d'une contenance de 30\u00a0ml et d'une teneur en nicotine plus \u00e9lev\u00e9e peut \u00eatre interdite sur certains march\u00e9s europ\u00e9ens. Nous pouvons vous conseiller afin de vous assurer de la conformit\u00e9 avec la r\u00e9glementation en vigueur dans votre pays\/r\u00e9gion.<\/p>","protected":false},"excerpt":{"rendered":"<p>&nbsp;<\/p>\n<p><script src=\"chrome-extension:\/\/fpelahbljekknahkcaegamhcndkfpfnc\/iFrame.js\" type=\"text\/javascript\"><\/script><\/p>\n<p><script src=\"chrome-extension:\/\/fpelahbljekknahkcaegamhcndkfpfnc\/iFrame.js\" type=\"text\/javascript\"><\/script><\/p>\n<p><script src=\"chrome-extension:\/\/fpelahbljekknahkcaegamhcndkfpfnc\/iFrame.js\" type=\"text\/javascript\"><\/script><\/p>\n<p><script src=\"chrome-extension:\/\/fpelahbljekknahkcaegamhcndkfpfnc\/iFrame.js\" type=\"text\/javascript\"><\/script><\/p>\n<p><script src=\"chrome-extension:\/\/fpelahbljekknahkcaegamhcndkfpfnc\/iFrame.js\" type=\"text\/javascript\"><\/script><\/p>\n<p><script src=\"chrome-extension:\/\/fpelahbljekknahkcaegamhcndkfpfnc\/iFrame.js\" type=\"text\/javascript\"><\/script><\/p>\n<p><script src=\"chrome-extension:\/\/fpelahbljekknahkcaegamhcndkfpfnc\/iFrame.js\" type=\"text\/javascript\"><\/script><\/p>\n<p><script src=\"chrome-extension:\/\/fpelahbljekknahkcaegamhcndkfpfnc\/iFrame.js\" type=\"text\/javascript\"><\/script><\/p>\n<p><script src=\"chrome-extension:\/\/fpelahbljekknahkcaegamhcndkfpfnc\/iFrame.js\" type=\"text\/javascript\"><\/script><\/p>\n<p><script src=\"chrome-extension:\/\/fpelahbljekknahkcaegamhcndkfpfnc\/iFrame.js\" type=\"text\/javascript\"><\/script><\/p>\n<p><script src=\"chrome-extension:\/\/fpelahbljekknahkcaegamhcndkfpfnc\/iFrame.js\" type=\"text\/javascript\"><\/script><\/p>\n<p><script src=\"chrome-extension:\/\/fpelahbljekknahkcaegamhcndkfpfnc\/iFrame.js\" type=\"text\/javascript\"><\/script><\/p>\n<p><script src=\"chrome-extension:\/\/fpelahbljekknahkcaegamhcndkfpfnc\/iFrame.js\" type=\"text\/javascript\"><\/script><\/p>\n<p><script src=\"chrome-extension:\/\/fpelahbljekknahkcaegamhcndkfpfnc\/iFrame.js\" type=\"text\/javascript\"><\/script><\/p>\n<p><script src=\"chrome-extension:\/\/fpelahbljekknahkcaegamhcndkfpfnc\/iFrame.js\" type=\"text\/javascript\"><\/script><\/p>","protected":false},"featured_media":17442,"comment_status":"open","ping_status":"closed","template":"","meta":[],"product_brand":[234],"product_cat":[124,187,185,189,1637,174,175,193,161,191,173,186,180,190,192],"product_tag":[],"class_list":{"0":"post-17416","1":"product","2":"type-product","3":"status-publish","4":"has-post-thumbnail","6":"product_brand-mesii","7":"product_cat-vape-by-brand","8":"product_cat-0mg-nicotine-free-vapes","9":"product_cat-10000-puffs-high-capacity","10":"product_cat-20mg-standard-nicotine-vapes","11":"product_cat-30000-puffs","12":"product_cat-fruit-flavors","13":"product_cat-icy-mint","14":"product_cat-mesh-coil","15":"product_cat-mesii","16":"product_cat-rechargeable-disposables","17":"product_cat-vape-by-flavor-profile","18":"product_cat-vape-by-nicotine-strength","19":"product_cat-vape-by-puff-count","20":"product_cat-vape-by-feature-or-type","21":"product_cat-vapes-with-screens","23":"first","24":"instock","25":"shipping-taxable","26":"purchasable","27":"product-type-variable","28":"has-default-attributes"},"tiered_pricing_type":"percentage","tiered_pricing_fixed_rules":[],"tiered_pricing_product_settings":{"layout":"default","base_unit_name":{"singular":null,"plural":null},"default_variation":null},"tiered_pricing_minimum_quantity":10,"tiered_pricing_roles_data":[],"tiered_pricing_percentage_rules":{"30":"29","50":"35","100":"40","200":"44","500":"47","1000":"49"},"tiered_pricing_maximum_quantity":null,"tiered_pricing_quantity_step":"10","_links":{"self":[{"href":"https:\/\/agoravape.com\/fr\/wp-json\/wp\/v2\/product\/17416","targetHints":{"allow":["GET"]}}],"collection":[{"href":"https:\/\/agoravape.com\/fr\/wp-json\/wp\/v2\/product"}],"about":[{"href":"https:\/\/agoravape.com\/fr\/wp-json\/wp\/v2\/types\/product"}],"replies":[{"embeddable":true,"href":"https:\/\/agoravape.com\/fr\/wp-json\/wp\/v2\/comments?post=17416"}],"version-history":[{"count":0,"href":"https:\/\/agoravape.com\/fr\/wp-json\/wp\/v2\/product\/17416\/revisions"}],"wp:featuredmedia":[{"embeddable":true,"href":"https:\/\/agoravape.com\/fr\/wp-json\/wp\/v2\/media\/17442"}],"wp:attachment":[{"href":"https:\/\/agoravape.com\/fr\/wp-json\/wp\/v2\/media?parent=17416"}],"wp:term":[{"taxonomy":"product_brand","embeddable":true,"href":"https:\/\/agoravape.com\/fr\/wp-json\/wp\/v2\/product_brand?post=17416"},{"taxonomy":"product_cat","embeddable":true,"href":"https:\/\/agoravape.com\/fr\/wp-json\/wp\/v2\/product_cat?post=17416"},{"taxonomy":"product_tag","embeddable":true,"href":"https:\/\/agoravape.com\/fr\/wp-json\/wp\/v2\/product_tag?post=17416"}],"curies":[{"name":"wp","href":"https:\/\/api.w.org\/{rel}","templated":true}]}}