{"id":17451,"date":"2025-10-18T17:13:28","date_gmt":"2025-10-18T09:13:28","guid":{"rendered":"https:\/\/green-grasshopper-921422.hostingersite.com\/?post_type=product&#038;p=17451"},"modified":"2025-12-15T21:30:15","modified_gmt":"2025-12-15T13:30:15","slug":"mesii-visual-boxx-16000-puffs-vape","status":"publish","type":"product","link":"https:\/\/agoravape.com\/fr\/product\/mesii-visual-boxx-16000-puffs-vape\/","title":{"rendered":"Mesii Visual Boxx 16K Puffs Vape \u00e0 \u00e9cran complet | Contr\u00f4le grand \u00e9cran et saveur longue dur\u00e9e"},"content":{"rendered":"<h2 data-v-md-heading=\"how-about-mesii-visual-boxx-16k-full-screen-vape\" data-v-md-line=\"3\"><img loading=\"lazy\" decoding=\"async\" class=\"aligncenter size-full wp-image-17468\" src=\"https:\/\/agoravape.com\/wp-content\/uploads\/2025\/10\/Mesii-Visual-Boxx-16K-Puffs-Full-Screen-Vape_Agora_vape-1.webp\" alt=\"\" width=\"1920\" height=\"1082\" srcset=\"https:\/\/agoravape.com\/wp-content\/uploads\/2025\/10\/Mesii-Visual-Boxx-16K-Puffs-Full-Screen-Vape_Agora_vape-1.webp 1920w, https:\/\/agoravape.com\/wp-content\/uploads\/2025\/10\/Mesii-Visual-Boxx-16K-Puffs-Full-Screen-Vape_Agora_vape-1-1200x676.webp 1200w, https:\/\/agoravape.com\/wp-content\/uploads\/2025\/10\/Mesii-Visual-Boxx-16K-Puffs-Full-Screen-Vape_Agora_vape-1-300x169.webp 300w, https:\/\/agoravape.com\/wp-content\/uploads\/2025\/10\/Mesii-Visual-Boxx-16K-Puffs-Full-Screen-Vape_Agora_vape-1-1024x577.webp 1024w, https:\/\/agoravape.com\/wp-content\/uploads\/2025\/10\/Mesii-Visual-Boxx-16K-Puffs-Full-Screen-Vape_Agora_vape-1-768x433.webp 768w, https:\/\/agoravape.com\/wp-content\/uploads\/2025\/10\/Mesii-Visual-Boxx-16K-Puffs-Full-Screen-Vape_Agora_vape-1-1536x866.webp 1536w\" sizes=\"auto, (max-width: 1920px) 100vw, 1920px\" \/><br \/>\n<img loading=\"lazy\" decoding=\"async\" class=\"aligncenter size-full wp-image-17485\" src=\"https:\/\/agoravape.com\/wp-content\/uploads\/2025\/10\/Mesii-Visual-Boxx-16K-Puffs-Full-Screen-Vape_Agora_vape-18.webp\" alt=\"\" width=\"1920\" height=\"1082\" srcset=\"https:\/\/agoravape.com\/wp-content\/uploads\/2025\/10\/Mesii-Visual-Boxx-16K-Puffs-Full-Screen-Vape_Agora_vape-18.webp 1920w, https:\/\/agoravape.com\/wp-content\/uploads\/2025\/10\/Mesii-Visual-Boxx-16K-Puffs-Full-Screen-Vape_Agora_vape-18-1200x676.webp 1200w, https:\/\/agoravape.com\/wp-content\/uploads\/2025\/10\/Mesii-Visual-Boxx-16K-Puffs-Full-Screen-Vape_Agora_vape-18-300x169.webp 300w, https:\/\/agoravape.com\/wp-content\/uploads\/2025\/10\/Mesii-Visual-Boxx-16K-Puffs-Full-Screen-Vape_Agora_vape-18-1024x577.webp 1024w, https:\/\/agoravape.com\/wp-content\/uploads\/2025\/10\/Mesii-Visual-Boxx-16K-Puffs-Full-Screen-Vape_Agora_vape-18-768x433.webp 768w, https:\/\/agoravape.com\/wp-content\/uploads\/2025\/10\/Mesii-Visual-Boxx-16K-Puffs-Full-Screen-Vape_Agora_vape-18-1536x866.webp 1536w\" sizes=\"auto, (max-width: 1920px) 100vw, 1920px\" \/><\/h2>\n<h2 data-v-md-heading=\"how-about-mesii-visual-boxx-16k-full-screen-vape\" data-v-md-line=\"3\">Que pensez-vous de la cigarette \u00e9lectronique Mesii Visual Boxx 16K \u00e0 \u00e9cran complet ?<\/h2>\n<p data-v-md-line=\"4\">Si vous en avez assez des cigarettes \u00e9lectroniques jetables qui se vident avant la fin de la semaine, ce mod\u00e8le r\u00e9pondra assur\u00e9ment \u00e0 vos besoins. La Mesii Visual Boxx offre une capacit\u00e9 de 16\u00a0000 mAh et son \u00e9cran int\u00e9gral allie praticit\u00e9 et confort d'utilisation, vous permettant de rester concentr\u00e9. Le niveau de batterie et le mode sont clairement affich\u00e9s en un coup d'\u0153il, pour une utilisation quotidienne simplifi\u00e9e.<\/p>\n<p data-v-md-line=\"6\">Si vous recherchez une cigarette \u00e9lectronique fiable et performante, ce mod\u00e8le est fait pour vous. Son aspiration r\u00e9glable vous permet de contr\u00f4ler facilement le tirage ou d'ouvrir la bouche pour une exp\u00e9rience plus douce. Le verrouillage enfant vous offre une tranquillit\u00e9 d'esprit totale, et ses quatre modes sont personnalisables selon vos pr\u00e9f\u00e9rences.<\/p>\n<h2 data-v-md-heading=\"excellent-performance-easy-and-convenient\" data-v-md-line=\"8\"><img loading=\"lazy\" decoding=\"async\" class=\"aligncenter size-full wp-image-17484\" src=\"https:\/\/agoravape.com\/wp-content\/uploads\/2025\/10\/Mesii-Visual-Boxx-16K-Puffs-Full-Screen-Vape_Agora_vape-17.webp\" alt=\"\" width=\"1920\" height=\"1082\" srcset=\"https:\/\/agoravape.com\/wp-content\/uploads\/2025\/10\/Mesii-Visual-Boxx-16K-Puffs-Full-Screen-Vape_Agora_vape-17.webp 1920w, https:\/\/agoravape.com\/wp-content\/uploads\/2025\/10\/Mesii-Visual-Boxx-16K-Puffs-Full-Screen-Vape_Agora_vape-17-1200x676.webp 1200w, https:\/\/agoravape.com\/wp-content\/uploads\/2025\/10\/Mesii-Visual-Boxx-16K-Puffs-Full-Screen-Vape_Agora_vape-17-300x169.webp 300w, https:\/\/agoravape.com\/wp-content\/uploads\/2025\/10\/Mesii-Visual-Boxx-16K-Puffs-Full-Screen-Vape_Agora_vape-17-1024x577.webp 1024w, https:\/\/agoravape.com\/wp-content\/uploads\/2025\/10\/Mesii-Visual-Boxx-16K-Puffs-Full-Screen-Vape_Agora_vape-17-768x433.webp 768w, https:\/\/agoravape.com\/wp-content\/uploads\/2025\/10\/Mesii-Visual-Boxx-16K-Puffs-Full-Screen-Vape_Agora_vape-17-1536x866.webp 1536w\" sizes=\"auto, (max-width: 1920px) 100vw, 1920px\" \/><\/h2>\n<h2 data-v-md-heading=\"excellent-performance-easy-and-convenient\" data-v-md-line=\"8\">Excellentes performances, facile et pratique<\/h2>\n<p data-v-md-line=\"9\">Gr\u00e2ce \u00e0 la conception optimale de la r\u00e9sistance, chaque inhalation garantit une vapeur stable et une saveur pure et constante. La batterie rechargeable de 600 mAh vous permet d'utiliser votre appareil jusqu'\u00e0 \u00e9puisement du e-liquide, sans gaspillage. L'\u00e9cran panoramique n'est pas qu'un simple gadget\u00a0: il vous permet aussi de changer de mode rapidement et facilement et de v\u00e9rifier l'autonomie restante.<\/p>\n<h2 data-v-md-heading=\"specification-introduction\" data-v-md-line=\"11\">Introduction aux sp\u00e9cifications<\/h2>\n<ul data-v-md-line=\"12\">\n<li>Fr\u00e9quence d'aspiration : jusqu'\u00e0 16\u00a0000 fois<\/li>\n<li>Teneur en nicotine : 0 %, 2 %, 3 %, 5 %<\/li>\n<li>Principe de fonctionnement : Activation par inhalation<\/li>\n<li>Chargement\u00a0: port USB-C standard (Type-C)<\/li>\n<li>\u00c9tat : Pr\u00eat \u00e0 l'emploi d\u00e8s la sortie de l'emballage<\/li>\n<li>E-liquid capacity: 20 milliliters<\/li>\n<li>D\u00e9bit d'air : r\u00e9glable<\/li>\n<li>S\u00e9curit\u00e9 : Verrouillage enfant<\/li>\n<li>Mode : Quatre modes s\u00e9lectionnables<\/li>\n<\/ul>\n<h2 data-v-md-heading=\"multiple-flavor-options\" data-v-md-line=\"22\">Plusieurs options de saveurs<\/h2>\n<ul data-v-md-line=\"23\">\n<li>Temp\u00eate de myrtilles<\/li>\n<li>Smoothie aux myrtilles<\/li>\n<li>Monnaie de Miami<\/li>\n<li>Smoothie \u00e0 la p\u00eache<\/li>\n<li>Smoothie \u00e0 la past\u00e8que<\/li>\n<li>fruit du dragon, banane, cerise<\/li>\n<li>baies m\u00e9lang\u00e9es<\/li>\n<li>Smoothie \u00e0 la pomme verte<\/li>\n<li>Ananas Noix de coco<\/li>\n<li>past\u00e8que framboise<\/li>\n<li>Chewing-gum \u00e0 la past\u00e8que<\/li>\n<li>Strawberry watermelon<\/li>\n<li>Fraise, framboise, cerise<\/li>\n<li>Grape smoothie<\/li>\n<li>fraise kiwi<\/li>\n<\/ul>\n<p>&nbsp;<\/p>\n<h2 data-v-md-heading=\"for-you-and-your-business\" data-v-md-line=\"39\">Pour vous et votre entreprise<\/h2>\n<p data-v-md-line=\"40\">Vous pouvez acheter les Mesii Visual Boxx 16K pour un usage personnel ou constituer un stock pour votre magasin. Conditionn\u00e9es en cartons de 200 pi\u00e8ces en gros, elles facilitent le r\u00e9approvisionnement. Nous proposons une livraison DDP via des partenaires de confiance tels que UPS, DPD et DHL, permettant ainsi le traitement anticip\u00e9 des droits de douane et \u00e9vitant tout probl\u00e8me.<\/p>\n<h2 data-v-md-heading=\"why-do-you-like-it\" data-v-md-line=\"42\">Pourquoi l'aimes-tu ?<\/h2>\n<ul data-v-md-line=\"43\">\n<li>Grande capacit\u00e9 d'aspiration : Durable et r\u00e9sistante, vous n'aurez pas besoin de remplacer fr\u00e9quemment votre cigarette \u00e9lectronique.<\/li>\n<li>Choix du taux de nicotine\u00a0: Choisissez une concentration adapt\u00e9e \u00e0 vos habitudes quotidiennes.<\/li>\n<li>Rechargeable : Vous n'avez besoin d'utiliser que les 20 ml achet\u00e9s.<\/li>\n<li>Noyau d'atomisation optimis\u00e9 : Il peut fournir un go\u00fbt stable et riche \u00e0 chaque utilisation.<\/li>\n<li>Aspiration r\u00e9glable\u00a0: Ajustez le volume d\u2019aspiration selon vos pr\u00e9f\u00e9rences.<\/li>\n<li>Contr\u00f4le plein \u00e9cran\u00a0: affichage clair du niveau de batterie et du mode, utilisation facile.<\/li>\n<\/ul>\n<h2 data-v-md-heading=\"why-choose-agoravape\" data-v-md-line=\"50\">Pourquoi choisir AgoraVape ?<\/h2>\n<p data-v-md-line=\"51\">Nous ne vendons que des produits 100 % authentiques et sommes responsables des produits que nous exp\u00e9dions. Pour les clients professionnels, cela signifie que les vaporisateurs Mesii Visual Boxx 16K Puffs \u00e0 \u00e9cran int\u00e9gral b\u00e9n\u00e9ficient de prix de gros avantageux, d'une assistance technique fiable et d'une livraison rapide et s\u00fbre. N'h\u00e9sitez pas \u00e0 nous contacter pour vous approvisionner en appareils qui raviront vos clients.<\/p>","protected":false},"excerpt":{"rendered":"<p>&nbsp;<\/p>\n<p><script src=\"chrome-extension:\/\/fpelahbljekknahkcaegamhcndkfpfnc\/iFrame.js\" type=\"text\/javascript\"><\/script><\/p>\n<p><script src=\"chrome-extension:\/\/fpelahbljekknahkcaegamhcndkfpfnc\/iFrame.js\" type=\"text\/javascript\"><\/script><\/p>\n<p><script src=\"chrome-extension:\/\/fpelahbljekknahkcaegamhcndkfpfnc\/iFrame.js\" type=\"text\/javascript\"><\/script><\/p>\n<p><script src=\"chrome-extension:\/\/fpelahbljekknahkcaegamhcndkfpfnc\/iFrame.js\" type=\"text\/javascript\"><\/script><\/p>\n<p><script src=\"chrome-extension:\/\/fpelahbljekknahkcaegamhcndkfpfnc\/iFrame.js\" type=\"text\/javascript\"><\/script><\/p>\n<p><script src=\"chrome-extension:\/\/fpelahbljekknahkcaegamhcndkfpfnc\/iFrame.js\" type=\"text\/javascript\"><\/script><\/p>\n<p><script src=\"chrome-extension:\/\/fpelahbljekknahkcaegamhcndkfpfnc\/iFrame.js\" type=\"text\/javascript\"><\/script><\/p>\n<p><script src=\"chrome-extension:\/\/fpelahbljekknahkcaegamhcndkfpfnc\/iFrame.js\" type=\"text\/javascript\"><\/script><\/p>\n<p><script src=\"chrome-extension:\/\/fpelahbljekknahkcaegamhcndkfpfnc\/iFrame.js\" type=\"text\/javascript\"><\/script><\/p>\n<p><script src=\"chrome-extension:\/\/fpelahbljekknahkcaegamhcndkfpfnc\/iFrame.js\" type=\"text\/javascript\"><\/script><\/p>\n<p><script src=\"chrome-extension:\/\/fpelahbljekknahkcaegamhcndkfpfnc\/iFrame.js\" type=\"text\/javascript\"><\/script><\/p>\n<p><script src=\"chrome-extension:\/\/fpelahbljekknahkcaegamhcndkfpfnc\/iFrame.js\" type=\"text\/javascript\"><\/script><\/p>\n<p><script src=\"chrome-extension:\/\/fpelahbljekknahkcaegamhcndkfpfnc\/iFrame.js\" type=\"text\/javascript\"><\/script><\/p>\n<p><script src=\"chrome-extension:\/\/fpelahbljekknahkcaegamhcndkfpfnc\/iFrame.js\" type=\"text\/javascript\"><\/script><\/p>\n<p><script src=\"chrome-extension:\/\/fpelahbljekknahkcaegamhcndkfpfnc\/iFrame.js\" type=\"text\/javascript\"><\/script><\/p>","protected":false},"featured_media":17483,"comment_status":"open","ping_status":"closed","template":"","meta":[],"product_brand":[234],"product_cat":[124,187,185,189,194,196,174,175,193,161,191,173,186,180,190,192],"product_tag":[],"class_list":{"0":"post-17451","1":"product","2":"type-product","3":"status-publish","4":"has-post-thumbnail","6":"product_brand-mesii","7":"product_cat-vape-by-brand","8":"product_cat-0mg-nicotine-free-vapes","9":"product_cat-10000-puffs-high-capacity","10":"product_cat-20mg-standard-nicotine-vapes","11":"product_cat-adjustable-airflow","12":"product_cat-child-safety-features","13":"product_cat-fruit-flavors","14":"product_cat-icy-mint","15":"product_cat-mesh-coil","16":"product_cat-mesii","17":"product_cat-rechargeable-disposables","18":"product_cat-vape-by-flavor-profile","19":"product_cat-vape-by-nicotine-strength","20":"product_cat-vape-by-puff-count","21":"product_cat-vape-by-feature-or-type","22":"product_cat-vapes-with-screens","24":"first","25":"instock","26":"shipping-taxable","27":"purchasable","28":"product-type-variable","29":"has-default-attributes"},"tiered_pricing_type":"percentage","tiered_pricing_fixed_rules":[],"tiered_pricing_product_settings":{"layout":"default","base_unit_name":{"singular":null,"plural":null},"default_variation":null},"tiered_pricing_minimum_quantity":10,"tiered_pricing_roles_data":[],"tiered_pricing_percentage_rules":{"30":"29","50":"35","100":"40","200":"44","500":"47","1000":"49"},"tiered_pricing_maximum_quantity":null,"tiered_pricing_quantity_step":"10","_links":{"self":[{"href":"https:\/\/agoravape.com\/fr\/wp-json\/wp\/v2\/product\/17451","targetHints":{"allow":["GET"]}}],"collection":[{"href":"https:\/\/agoravape.com\/fr\/wp-json\/wp\/v2\/product"}],"about":[{"href":"https:\/\/agoravape.com\/fr\/wp-json\/wp\/v2\/types\/product"}],"replies":[{"embeddable":true,"href":"https:\/\/agoravape.com\/fr\/wp-json\/wp\/v2\/comments?post=17451"}],"version-history":[{"count":0,"href":"https:\/\/agoravape.com\/fr\/wp-json\/wp\/v2\/product\/17451\/revisions"}],"wp:featuredmedia":[{"embeddable":true,"href":"https:\/\/agoravape.com\/fr\/wp-json\/wp\/v2\/media\/17483"}],"wp:attachment":[{"href":"https:\/\/agoravape.com\/fr\/wp-json\/wp\/v2\/media?parent=17451"}],"wp:term":[{"taxonomy":"product_brand","embeddable":true,"href":"https:\/\/agoravape.com\/fr\/wp-json\/wp\/v2\/product_brand?post=17451"},{"taxonomy":"product_cat","embeddable":true,"href":"https:\/\/agoravape.com\/fr\/wp-json\/wp\/v2\/product_cat?post=17451"},{"taxonomy":"product_tag","embeddable":true,"href":"https:\/\/agoravape.com\/fr\/wp-json\/wp\/v2\/product_tag?post=17451"}],"curies":[{"name":"wp","href":"https:\/\/api.w.org\/{rel}","templated":true}]}}