{"id":17491,"date":"2025-10-18T17:34:29","date_gmt":"2025-10-18T09:34:29","guid":{"rendered":"https:\/\/green-grasshopper-921422.hostingersite.com\/?post_type=product&#038;p=17491"},"modified":"2026-01-19T22:00:46","modified_gmt":"2026-01-19T14:00:46","slug":"lavande-bm18000-puffs-boost-vape","status":"publish","type":"product","link":"https:\/\/agoravape.com\/fr\/product\/lavande-bm18000-puffs-boost-vape\/","title":{"rendered":"Lavande BM18000 Puffs Boost Mode Mesh Coil Vape | Long-Lasting Flavour with Easy Type-C Charging"},"content":{"rendered":"<h2 data-v-md-heading=\"what-are-the-special-features-of-lavande-bm18000-enhanced-mode-mesh-coil-vape\" data-v-md-line=\"3\"><img loading=\"lazy\" decoding=\"async\" class=\"aligncenter size-full wp-image-17487\" src=\"https:\/\/agoravape.com\/wp-content\/uploads\/2025\/10\/Lavande-BM18000-Puffs-Boost-Mode-Mesh-Coil-Vape_Agora_vape-1-scaled.webp\" alt=\"\" width=\"2560\" height=\"1440\" srcset=\"https:\/\/agoravape.com\/wp-content\/uploads\/2025\/10\/Lavande-BM18000-Puffs-Boost-Mode-Mesh-Coil-Vape_Agora_vape-1-scaled.webp 2560w, https:\/\/agoravape.com\/wp-content\/uploads\/2025\/10\/Lavande-BM18000-Puffs-Boost-Mode-Mesh-Coil-Vape_Agora_vape-1-scaled-1200x675.webp 1200w, https:\/\/agoravape.com\/wp-content\/uploads\/2025\/10\/Lavande-BM18000-Puffs-Boost-Mode-Mesh-Coil-Vape_Agora_vape-1-300x169.webp 300w, https:\/\/agoravape.com\/wp-content\/uploads\/2025\/10\/Lavande-BM18000-Puffs-Boost-Mode-Mesh-Coil-Vape_Agora_vape-1-1024x576.webp 1024w, https:\/\/agoravape.com\/wp-content\/uploads\/2025\/10\/Lavande-BM18000-Puffs-Boost-Mode-Mesh-Coil-Vape_Agora_vape-1-768x432.webp 768w, https:\/\/agoravape.com\/wp-content\/uploads\/2025\/10\/Lavande-BM18000-Puffs-Boost-Mode-Mesh-Coil-Vape_Agora_vape-1-1536x864.webp 1536w, https:\/\/agoravape.com\/wp-content\/uploads\/2025\/10\/Lavande-BM18000-Puffs-Boost-Mode-Mesh-Coil-Vape_Agora_vape-1-2048x1152.webp 2048w\" sizes=\"auto, (max-width: 2560px) 100vw, 2560px\" \/><\/h2>\n<h2 data-v-md-heading=\"what-are-the-special-features-of-lavande-bm18000-enhanced-mode-mesh-coil-vape\" data-v-md-line=\"3\">Quelles sont les caract\u00e9ristiques particuli\u00e8res de la cigarette \u00e9lectronique Lavande BM18000 \u00e0 r\u00e9sistance mesh en mode am\u00e9lior\u00e9\u00a0?<\/h2>\n<p data-v-md-line=\"4\">Si vous en avez assez de remplacer vos cigarettes \u00e9lectroniques jetables tous les deux ou trois jours, ce produit vous simplifiera la vie. La Lavande BM18000 est con\u00e7ue pour une utilisation prolong\u00e9e, offrant jusqu'\u00e0 18\u00a0000 bouff\u00e9es et \u00e9quip\u00e9e d'une batterie rechargeable pour une utilisation simplifi\u00e9e.<\/p>\n<p data-v-md-line=\"6\">Il convient \u00e0 tous les utilisateurs recherchant simplicit\u00e9, stabilit\u00e9 et une utilisation sans r\u00e9glages complexes. Gr\u00e2ce \u00e0 ses r\u00e9sistances mesh et \u00e0 son arriv\u00e9e d'air ajustable, il offre une vapeur douce et savoureuse. Pour une vapeur plus riche, activez simplement le mode \u00ab\u00a0intensification\u00a0\u00bb sans modifier vos habitudes.<\/p>\n<h2 data-v-md-heading=\"excellent-performance-easy-and-convenient\" data-v-md-line=\"8\">Excellentes performances, facile et pratique<\/h2>\n<p data-v-md-line=\"9\">La r\u00e9sistance mesh est l'\u00e9l\u00e9ment essentiel de cette cigarette \u00e9lectronique, garantissant une saveur rafra\u00eechissante de la premi\u00e8re \u00e0 la derni\u00e8re bouff\u00e9e. Le flux d'air r\u00e9glable vous permet d'ajuster l'aspiration selon vos envies. Lorsque la batterie est faible, il suffit de brancher le c\u00e2ble USB-C pour l'utiliser normalement. Aucun chargeur sp\u00e9cifique n'est n\u00e9cessaire\u00a0: son utilisation est tr\u00e8s simple.<\/p>\n<h2 data-v-md-heading=\"specification-overview\" data-v-md-line=\"11\">Aper\u00e7u des sp\u00e9cifications<\/h2>\n<p data-v-md-line=\"12\"><strong>Fr\u00e9quence d'aspiration<\/strong>: jusqu'\u00e0 18 000 fois<br \/>\n<strong>e-liquid capacity<\/strong>: 18 millilitres, possibilit\u00e9 de choisir 1 \u00e0 2 recharges<br \/>\n<strong>Nicotine<\/strong>: 0,3 % de nicotine sous forme de sel<br \/>\n<strong>Flux d'air<\/strong>: R\u00e9glable<br \/>\n<strong>Mode am\u00e9lior\u00e9<\/strong>alimentation \u00e9lectrique \u00e0 la demande, fum\u00e9e plus intense<br \/>\n<strong>Battery<\/strong>: batterie rechargeable de 650 mAh<br \/>\n<strong>Principe de fonctionnement<\/strong>Activez-vous en une seule bouff\u00e9e.<br \/>\n<strong>Chargement<\/strong>Interface USB Type-C standard<br \/>\n<strong>Statut<\/strong>Pr\u00eat \u00e0 l'emploi d\u00e8s sa sortie de l'emballage<\/p>\n<h2 data-v-md-heading=\"to-create-for-you-and-your-business\" data-v-md-line=\"22\">Pour cr\u00e9er pour vous et votre entreprise<\/h2>\n<p data-v-md-line=\"23\">Vous pouvez acheter Lavande BM18000 pour votre usage personnel ou l'ajouter \u00e0 votre magasin. Le carton de vente en gros contient 200 unit\u00e9s, ce qui vous permet de maintenir vos rayons toujours bien garnis sans avoir \u00e0 les r\u00e9approvisionner fr\u00e9quemment.<\/p>\n<p data-v-md-line=\"25\">Nous proposons des options de livraison DDP (taxes acquitt\u00e9es) via des partenaires de confiance comme UPS, DPD et DHL, pour une r\u00e9ception simple et pratique de vos marchandises et en toute s\u00e9curit\u00e9. Pour toute commande en gros ou de saveurs vari\u00e9es, n'h\u00e9sitez pas \u00e0 nous contacter\u00a0; nous serons ravis de vous aider.<\/p>\n<h2 data-v-md-heading=\"why-do-you-like-it\" data-v-md-line=\"27\">Pourquoi l'aimes-tu ?<\/h2>\n<p data-v-md-line=\"28\"><strong>Aspiration \u00e0 grande bouche :<\/strong>\u00a0Durables et r\u00e9sistantes, plus besoin d'acheter fr\u00e9quemment de nouvelles cigarettes.<br \/>\n<strong>Admission r\u00e9glable :<\/strong>\u00a0Vous pouvez r\u00e9gler l'aspiration selon vos pr\u00e9f\u00e9rences.<br \/>\n<strong>Batterie rechargeable :<\/strong>\u00a0Utilisez tout le e-liquide achet\u00e9 en une seule fois.<br \/>\n<strong>Mode am\u00e9lior\u00e9\u00a0:<\/strong>\u00a0Augmentez rapidement la puissance pour une exp\u00e9rience plus intense.<br \/>\n<strong>Noyau d'atomiseur \u00e0 mailles :<\/strong>\u00a0Go\u00fbt constant.<\/p>\n<h2 data-v-md-heading=\"why-choose-to-collaborate-with-agoravape\" data-v-md-line=\"34\">Pourquoi choisir de collaborer avec AgoraVape ?<\/h2>\n<p data-v-md-line=\"35\">Nous ne vendons que des produits authentiques et offrons des garanties. Les entreprises b\u00e9n\u00e9ficient de prix de gros tr\u00e8s comp\u00e9titifs, d'un support fiable et de services de livraison rapides et s\u00fbrs dans toute l'Europe. Nous appliquons des protocoles de v\u00e9rification d'\u00e2ge et respectons les normes europ\u00e9ennes de vente de cigarettes \u00e9lectroniques, pour des commandes s\u00e9curis\u00e9es et pratiques. Contactez-nous pour proposer le Lavande BM18000 \u00e0 vos clients et leur offrir un produit de qualit\u00e9.<\/p>\n<p><script src=\"chrome-extension:\/\/fpelahbljekknahkcaegamhcndkfpfnc\/iFrame.js\" type=\"text\/javascript\"><\/script><\/p>\n<p><script src=\"chrome-extension:\/\/fpelahbljekknahkcaegamhcndkfpfnc\/iFrame.js\" type=\"text\/javascript\"><\/script><\/p>","protected":false},"excerpt":{"rendered":"<p>&nbsp;<\/p>\n<p><script src=\"chrome-extension:\/\/fpelahbljekknahkcaegamhcndkfpfnc\/iFrame.js\" type=\"text\/javascript\"><\/script><\/p>\n<p><script src=\"chrome-extension:\/\/fpelahbljekknahkcaegamhcndkfpfnc\/iFrame.js\" type=\"text\/javascript\"><\/script><\/p>\n<p><script src=\"chrome-extension:\/\/fpelahbljekknahkcaegamhcndkfpfnc\/iFrame.js\" type=\"text\/javascript\"><\/script><\/p>\n<p><script src=\"chrome-extension:\/\/fpelahbljekknahkcaegamhcndkfpfnc\/iFrame.js\" type=\"text\/javascript\"><\/script><\/p>\n<p><script src=\"chrome-extension:\/\/fpelahbljekknahkcaegamhcndkfpfnc\/iFrame.js\" type=\"text\/javascript\"><\/script><\/p>\n<p><script src=\"chrome-extension:\/\/fpelahbljekknahkcaegamhcndkfpfnc\/iFrame.js\" type=\"text\/javascript\"><\/script><\/p>\n<p><script src=\"chrome-extension:\/\/fpelahbljekknahkcaegamhcndkfpfnc\/iFrame.js\" type=\"text\/javascript\"><\/script><\/p>\n<p><script src=\"chrome-extension:\/\/fpelahbljekknahkcaegamhcndkfpfnc\/iFrame.js\" type=\"text\/javascript\"><\/script><\/p>\n<p><script src=\"chrome-extension:\/\/fpelahbljekknahkcaegamhcndkfpfnc\/iFrame.js\" type=\"text\/javascript\"><\/script><\/p>\n<p><script src=\"chrome-extension:\/\/fpelahbljekknahkcaegamhcndkfpfnc\/iFrame.js\" type=\"text\/javascript\"><\/script><\/p>\n<p><script src=\"chrome-extension:\/\/fpelahbljekknahkcaegamhcndkfpfnc\/iFrame.js\" type=\"text\/javascript\"><\/script><\/p>\n<p><script src=\"chrome-extension:\/\/fpelahbljekknahkcaegamhcndkfpfnc\/iFrame.js\" type=\"text\/javascript\"><\/script><\/p>\n<p><script src=\"chrome-extension:\/\/fpelahbljekknahkcaegamhcndkfpfnc\/iFrame.js\" type=\"text\/javascript\"><\/script><\/p>\n<p><script src=\"chrome-extension:\/\/fpelahbljekknahkcaegamhcndkfpfnc\/iFrame.js\" type=\"text\/javascript\"><\/script><\/p>\n<p><script src=\"chrome-extension:\/\/fpelahbljekknahkcaegamhcndkfpfnc\/iFrame.js\" type=\"text\/javascript\"><\/script><\/p>","protected":false},"featured_media":17490,"comment_status":"open","ping_status":"closed","template":"","meta":[],"product_brand":[235],"product_cat":[124,185,194,174,175,162,193,191,173,186,180,190,192],"product_tag":[],"class_list":{"0":"post-17491","1":"product","2":"type-product","3":"status-publish","4":"has-post-thumbnail","6":"product_brand-lavande","7":"product_cat-vape-by-brand","8":"product_cat-10000-puffs-high-capacity","9":"product_cat-adjustable-airflow","10":"product_cat-fruit-flavors","11":"product_cat-icy-mint","12":"product_cat-lavande","13":"product_cat-mesh-coil","14":"product_cat-rechargeable-disposables","15":"product_cat-vape-by-flavor-profile","16":"product_cat-vape-by-nicotine-strength","17":"product_cat-vape-by-puff-count","18":"product_cat-vape-by-feature-or-type","19":"product_cat-vapes-with-screens","21":"first","22":"onbackorder","23":"shipping-taxable","24":"purchasable","25":"product-type-variable","26":"has-default-attributes"},"tiered_pricing_type":"percentage","tiered_pricing_fixed_rules":[],"tiered_pricing_product_settings":{"layout":"default","base_unit_name":{"singular":null,"plural":null},"default_variation":null},"tiered_pricing_minimum_quantity":50,"tiered_pricing_roles_data":[],"tiered_pricing_percentage_rules":{"100":"40","200":"44","500":"47","1000":"49"},"tiered_pricing_maximum_quantity":null,"tiered_pricing_quantity_step":"10","_links":{"self":[{"href":"https:\/\/agoravape.com\/fr\/wp-json\/wp\/v2\/product\/17491","targetHints":{"allow":["GET"]}}],"collection":[{"href":"https:\/\/agoravape.com\/fr\/wp-json\/wp\/v2\/product"}],"about":[{"href":"https:\/\/agoravape.com\/fr\/wp-json\/wp\/v2\/types\/product"}],"replies":[{"embeddable":true,"href":"https:\/\/agoravape.com\/fr\/wp-json\/wp\/v2\/comments?post=17491"}],"version-history":[{"count":0,"href":"https:\/\/agoravape.com\/fr\/wp-json\/wp\/v2\/product\/17491\/revisions"}],"wp:featuredmedia":[{"embeddable":true,"href":"https:\/\/agoravape.com\/fr\/wp-json\/wp\/v2\/media\/17490"}],"wp:attachment":[{"href":"https:\/\/agoravape.com\/fr\/wp-json\/wp\/v2\/media?parent=17491"}],"wp:term":[{"taxonomy":"product_brand","embeddable":true,"href":"https:\/\/agoravape.com\/fr\/wp-json\/wp\/v2\/product_brand?post=17491"},{"taxonomy":"product_cat","embeddable":true,"href":"https:\/\/agoravape.com\/fr\/wp-json\/wp\/v2\/product_cat?post=17491"},{"taxonomy":"product_tag","embeddable":true,"href":"https:\/\/agoravape.com\/fr\/wp-json\/wp\/v2\/product_tag?post=17491"}],"curies":[{"name":"wp","href":"https:\/\/api.w.org\/{rel}","templated":true}]}}