{"id":17577,"date":"2025-10-18T19:25:06","date_gmt":"2025-10-18T11:25:06","guid":{"rendered":"https:\/\/green-grasshopper-921422.hostingersite.com\/?post_type=product&#038;p=17577"},"modified":"2026-01-12T14:06:49","modified_gmt":"2026-01-12T06:06:49","slug":"razz-bar-50k-50000-puffs-vape","status":"publish","type":"product","link":"https:\/\/agoravape.com\/fr\/product\/razz-bar-50k-50000-puffs-vape\/","title":{"rendered":"Vaporisateur jetable haute capacit\u00e9 Razz Bar 50K bouff\u00e9es | Grande autonomie, simple d'utilisation"},"content":{"rendered":"<h2 data-v-md-heading=\"what-are-the-advantages-of-razz-bar-50k-large-capacity-disposable-vapes\" data-v-md-line=\"3\"><img loading=\"lazy\" decoding=\"async\" class=\"aligncenter size-full wp-image-17589\" src=\"https:\/\/agoravape.com\/wp-content\/uploads\/2025\/10\/Razz-bar-50K-Puffs-High-Capacity-Disposable-Vape_Agora_vape-1-scaled.webp\" alt=\"\" width=\"1506\" height=\"2560\" srcset=\"https:\/\/agoravape.com\/wp-content\/uploads\/2025\/10\/Razz-bar-50K-Puffs-High-Capacity-Disposable-Vape_Agora_vape-1-scaled.webp 1506w, https:\/\/agoravape.com\/wp-content\/uploads\/2025\/10\/Razz-bar-50K-Puffs-High-Capacity-Disposable-Vape_Agora_vape-1-scaled-1200x2040.webp 1200w, https:\/\/agoravape.com\/wp-content\/uploads\/2025\/10\/Razz-bar-50K-Puffs-High-Capacity-Disposable-Vape_Agora_vape-1-176x300.webp 176w, https:\/\/agoravape.com\/wp-content\/uploads\/2025\/10\/Razz-bar-50K-Puffs-High-Capacity-Disposable-Vape_Agora_vape-1-602x1024.webp 602w, https:\/\/agoravape.com\/wp-content\/uploads\/2025\/10\/Razz-bar-50K-Puffs-High-Capacity-Disposable-Vape_Agora_vape-1-768x1306.webp 768w, https:\/\/agoravape.com\/wp-content\/uploads\/2025\/10\/Razz-bar-50K-Puffs-High-Capacity-Disposable-Vape_Agora_vape-1-904x1536.webp 904w, https:\/\/agoravape.com\/wp-content\/uploads\/2025\/10\/Razz-bar-50K-Puffs-High-Capacity-Disposable-Vape_Agora_vape-1-1205x2048.webp 1205w\" sizes=\"auto, (max-width: 1506px) 100vw, 1506px\" \/><\/h2>\n<h2 data-v-md-heading=\"what-are-the-advantages-of-razz-bar-50k-large-capacity-disposable-vapes\" data-v-md-line=\"3\">Quels sont les avantages des vapes jetables de grande capacit\u00e9 Razz Bar 50K ?<\/h2>\n<p data-v-md-line=\"4\">Si vous en avez assez de changer de vape tous les deux jours, ce produit vous facilitera la vie. Le Razz Bar 50K dispose d'une puissante batterie d'une dur\u00e9e de vie de 50000 bouch\u00e9es, vous permettant de profiter facilement de vos saveurs pr\u00e9f\u00e9r\u00e9es.<\/p>\n<p data-v-md-line=\"6\">Il convient \u00e0 tous ceux qui veulent d\u00e9marrer facilement sans apprentissage. Ouvrez la bo\u00eete d'emballage pour l'utiliser. Aucun r\u00e9glage n'est n\u00e9cessaire. Facile et pratique.<\/p>\n<h2 data-v-md-heading=\"excellent-performance-easy-and-convenient\" data-v-md-line=\"8\">Excellentes performances, facile et pratique<\/h2>\n<p data-v-md-line=\"9\">Cet appareil met l'accent sur la r\u00e9gularit\u00e9. Vous pouvez profiter d'une aspiration en douceur et d'un go\u00fbt stable sans perdre votre souffle \u00e0 mi-parcours. Il n'y a pas d'interf\u00e9rence avec les boutons ou les menus. Il s'agit d'un appareil simple, pr\u00eat \u00e0 l'emploi, qui peut \u00eatre utilis\u00e9 jour apr\u00e8s jour.<\/p>\n<p data-v-md-line=\"11\">On pourrait penser qu'un produit avec autant de bouff\u00e9es est compliqu\u00e9, mais il est tr\u00e8s facile \u00e0 utiliser.<\/p>\n<h2 data-v-md-heading=\"specification-introduction\" data-v-md-line=\"13\">Introduction aux sp\u00e9cifications<\/h2>\n<ul data-v-md-line=\"14\">\n<li>Fr\u00e9quence d'aspiration : jusqu'\u00e0 50\u00a0000 fois<\/li>\n<li>Teneur en nicotine\u00a0: 2\u00a0% et 5\u00a0% en option<\/li>\n<li>Principe de fonctionnement : dispositif jetable, pas besoin d'installation<\/li>\n<li>M\u00e9thode de charge\u00a0: non sp\u00e9cifi\u00e9e par le fabricant<\/li>\n<li>\u00c9tat : Pr\u00eat \u00e0 l'emploi d\u00e8s la sortie de l'emballage<\/li>\n<li>Batterie : 650 mAh<\/li>\n<\/ul>\n<h2 data-v-md-heading=\"full-range-of-flavors\" data-v-md-line=\"21\">Full range of flavors<\/h2>\n<ul data-v-md-line=\"22\">\n<li>Saveur framboise-past\u00e8que<\/li>\n<li>Smoothie aux fraises<\/li>\n<li>Red Bull go\u00fbt raisin<\/li>\n<li>saveur de fruits tropicaux<\/li>\n<li>Go\u00fbt de banane<\/li>\n<li>Smoothie aux myrtilles<\/li>\n<li>Smoothie \u00e0 la p\u00eache<\/li>\n<li>Saveur ananas-noix de coco<\/li>\n<li>Smoothie \u00e0 la past\u00e8que<\/li>\n<li>Saveur citron et citron vert<\/li>\n<li>Saveur fraise et banane<\/li>\n<li>Monsieur Saveur Bleue<\/li>\n<li>Chewing-gum \u00e0 la fraise et \u00e0 la past\u00e8que<\/li>\n<li>Pink Lemon Water<\/li>\n<li>Saveur Coca-Cola Cherry<\/li>\n<li>bonbons g\u00e9lifi\u00e9s Petit Ours<\/li>\n<\/ul>\n<h2 data-v-md-heading=\"for-you-and-your-business\" data-v-md-line=\"39\">Pour vous et votre entreprise<\/h2>\n<p data-v-md-line=\"40\">Choisissez-en un pour vous-m\u00eame ou ajoutez un produit populaire \u00e0 votre rayon. Nous vendons en gros 200 pi\u00e8ces de chaque saveur dans une bo\u00eete, ce qui permet aux magasins tr\u00e8s fr\u00e9quent\u00e9s de se r\u00e9approvisionner facilement. Chaque bo\u00eete principale a un poids brut de 23 kilogrammes, de sorte que votre plan d'entreposage est tr\u00e8s simple.<\/p>\n<p data-v-md-line=\"42\">Nous fournissons des services de livraison DDP dans toute l'Europe par l'interm\u00e9diaire de partenaires de confiance tels que UPS, DPD et DHL. Traitement pr\u00e9alable des taxes et des frais pour \u00e9viter les situations inattendues \u00e0 la douane.<\/p>\n<h2 data-v-md-heading=\"why-do-you-like-it\" data-v-md-line=\"44\">Pourquoi l'aimes-tu ?<\/h2>\n<ul data-v-md-line=\"45\">\n<li>Grande capacit\u00e9 : jusqu'\u00e0 50 000 ports, ce qui r\u00e9duit les remplacements et les interruptions.<\/li>\n<li>S\u00e9lection de la nicotine : Choisissez une teneur en nicotine de 2% ou 5% selon votre pr\u00e9f\u00e9rence.<\/li>\n<li>Facile \u00e0 utiliser : Pas besoin d'installation, convient parfaitement \u00e0 une utilisation quotidienne.<\/li>\n<li>Stabilit\u00e9 persistante : le go\u00fbt reste stable de la premi\u00e8re \u00e0 la derni\u00e8re bouch\u00e9e.<\/li>\n<\/ul>\n<h2 data-v-md-heading=\"why-collaborate-with-agoravape\" data-v-md-line=\"50\">Pourquoi collaborer avec AgoraVape ?<\/h2>\n<p data-v-md-line=\"51\">Nous ne vendons que des stocks authentiques de 100% provenant de fournisseurs audit\u00e9s. En achetant les vapes jetables de grande capacit\u00e9 Razz Bar 50K, vous pouvez profiter de prix de gros r\u00e9duits, d'un support technique rapide et de services de livraison DDP rapides. Contactez notre \u00e9quipe pour vous assurer que vos clients reviennent toujours pour go\u00fbter les saveurs.<\/p>","protected":false},"excerpt":{"rendered":"<p>&nbsp;<\/p>\n<p><script src=\"chrome-extension:\/\/fpelahbljekknahkcaegamhcndkfpfnc\/iFrame.js\" type=\"text\/javascript\"><\/script><\/p>\n<p><script src=\"chrome-extension:\/\/fpelahbljekknahkcaegamhcndkfpfnc\/iFrame.js\" type=\"text\/javascript\"><\/script><\/p>\n<p><script src=\"chrome-extension:\/\/fpelahbljekknahkcaegamhcndkfpfnc\/iFrame.js\" type=\"text\/javascript\"><\/script><\/p>\n<p><script src=\"chrome-extension:\/\/fpelahbljekknahkcaegamhcndkfpfnc\/iFrame.js\" type=\"text\/javascript\"><\/script><\/p>\n<p><script src=\"chrome-extension:\/\/fpelahbljekknahkcaegamhcndkfpfnc\/iFrame.js\" type=\"text\/javascript\"><\/script><\/p>\n<p><script src=\"chrome-extension:\/\/fpelahbljekknahkcaegamhcndkfpfnc\/iFrame.js\" type=\"text\/javascript\"><\/script><\/p>\n<p><script src=\"chrome-extension:\/\/fpelahbljekknahkcaegamhcndkfpfnc\/iFrame.js\" type=\"text\/javascript\"><\/script><\/p>\n<p><script src=\"chrome-extension:\/\/fpelahbljekknahkcaegamhcndkfpfnc\/iFrame.js\" type=\"text\/javascript\"><\/script><\/p>\n<p><script src=\"chrome-extension:\/\/fpelahbljekknahkcaegamhcndkfpfnc\/iFrame.js\" type=\"text\/javascript\"><\/script><\/p>\n<p><script src=\"chrome-extension:\/\/fpelahbljekknahkcaegamhcndkfpfnc\/iFrame.js\" type=\"text\/javascript\"><\/script><\/p>\n<p><script src=\"chrome-extension:\/\/fpelahbljekknahkcaegamhcndkfpfnc\/iFrame.js\" type=\"text\/javascript\"><\/script><\/p>\n<p><script src=\"chrome-extension:\/\/fpelahbljekknahkcaegamhcndkfpfnc\/iFrame.js\" type=\"text\/javascript\"><\/script><\/p>\n<p><script src=\"chrome-extension:\/\/fpelahbljekknahkcaegamhcndkfpfnc\/iFrame.js\" type=\"text\/javascript\"><\/script><\/p>\n<p><script src=\"chrome-extension:\/\/fpelahbljekknahkcaegamhcndkfpfnc\/iFrame.js\" type=\"text\/javascript\"><\/script><\/p>\n<p><script src=\"chrome-extension:\/\/fpelahbljekknahkcaegamhcndkfpfnc\/iFrame.js\" type=\"text\/javascript\"><\/script><\/p>\n<p><script src=\"chrome-extension:\/\/fpelahbljekknahkcaegamhcndkfpfnc\/iFrame.js\" type=\"text\/javascript\"><\/script><\/p>","protected":false},"featured_media":17598,"comment_status":"open","ping_status":"closed","template":"","meta":[],"product_brand":[236],"product_cat":[124,185,189,174,175,193,163,191,173,186,180,190,192],"product_tag":[],"class_list":{"0":"post-17577","1":"product","2":"type-product","3":"status-publish","4":"has-post-thumbnail","6":"product_brand-razz-bar","7":"product_cat-vape-by-brand","8":"product_cat-10000-puffs-high-capacity","9":"product_cat-20mg-standard-nicotine-vapes","10":"product_cat-fruit-flavors","11":"product_cat-icy-mint","12":"product_cat-mesh-coil","13":"product_cat-razz-bar","14":"product_cat-rechargeable-disposables","15":"product_cat-vape-by-flavor-profile","16":"product_cat-vape-by-nicotine-strength","17":"product_cat-vape-by-puff-count","18":"product_cat-vape-by-feature-or-type","19":"product_cat-vapes-with-screens","21":"first","22":"instock","23":"shipping-taxable","24":"purchasable","25":"product-type-variable","26":"has-default-attributes"},"tiered_pricing_type":"percentage","tiered_pricing_fixed_rules":[],"tiered_pricing_product_settings":{"layout":"default","base_unit_name":{"singular":null,"plural":null},"default_variation":null},"tiered_pricing_minimum_quantity":50,"tiered_pricing_roles_data":[],"tiered_pricing_percentage_rules":{"100":"40","200":"44","500":"47","1000":"49"},"tiered_pricing_maximum_quantity":null,"tiered_pricing_quantity_step":"10","_links":{"self":[{"href":"https:\/\/agoravape.com\/fr\/wp-json\/wp\/v2\/product\/17577","targetHints":{"allow":["GET"]}}],"collection":[{"href":"https:\/\/agoravape.com\/fr\/wp-json\/wp\/v2\/product"}],"about":[{"href":"https:\/\/agoravape.com\/fr\/wp-json\/wp\/v2\/types\/product"}],"replies":[{"embeddable":true,"href":"https:\/\/agoravape.com\/fr\/wp-json\/wp\/v2\/comments?post=17577"}],"version-history":[{"count":0,"href":"https:\/\/agoravape.com\/fr\/wp-json\/wp\/v2\/product\/17577\/revisions"}],"wp:featuredmedia":[{"embeddable":true,"href":"https:\/\/agoravape.com\/fr\/wp-json\/wp\/v2\/media\/17598"}],"wp:attachment":[{"href":"https:\/\/agoravape.com\/fr\/wp-json\/wp\/v2\/media?parent=17577"}],"wp:term":[{"taxonomy":"product_brand","embeddable":true,"href":"https:\/\/agoravape.com\/fr\/wp-json\/wp\/v2\/product_brand?post=17577"},{"taxonomy":"product_cat","embeddable":true,"href":"https:\/\/agoravape.com\/fr\/wp-json\/wp\/v2\/product_cat?post=17577"},{"taxonomy":"product_tag","embeddable":true,"href":"https:\/\/agoravape.com\/fr\/wp-json\/wp\/v2\/product_tag?post=17577"}],"curies":[{"name":"wp","href":"https:\/\/api.w.org\/{rel}","templated":true}]}}