{"id":17606,"date":"2025-10-18T19:36:37","date_gmt":"2025-10-18T11:36:37","guid":{"rendered":"https:\/\/green-grasshopper-921422.hostingersite.com\/?post_type=product&#038;p=17606"},"modified":"2026-01-19T22:00:34","modified_gmt":"2026-01-19T14:00:34","slug":"razz-bar-45000-puffs-vape","status":"publish","type":"product","link":"https:\/\/agoravape.com\/fr\/product\/razz-bar-45000-puffs-vape\/","title":{"rendered":"Razz Bar 45\u00a0000 bouff\u00e9es, cigarette \u00e9lectronique jetable longue dur\u00e9e | Grande autonomie, utilisation simple"},"content":{"rendered":"<h2 data-v-md-heading=\"what-is-special-about-razz-bar-45000-long-lasting-disposable-vapes\" data-v-md-line=\"3\"><img loading=\"lazy\" decoding=\"async\" class=\"aligncenter size-full wp-image-17629\" src=\"https:\/\/agoravape.com\/wp-content\/uploads\/2025\/10\/Razz-bar-45000-Puffs-Long-Lasting-Disposable-Vape_Agora_vape-6.webp\" alt=\"\" width=\"2000\" height=\"2000\" srcset=\"https:\/\/agoravape.com\/wp-content\/uploads\/2025\/10\/Razz-bar-45000-Puffs-Long-Lasting-Disposable-Vape_Agora_vape-6.webp 2000w, https:\/\/agoravape.com\/wp-content\/uploads\/2025\/10\/Razz-bar-45000-Puffs-Long-Lasting-Disposable-Vape_Agora_vape-6-600x600.webp 600w, https:\/\/agoravape.com\/wp-content\/uploads\/2025\/10\/Razz-bar-45000-Puffs-Long-Lasting-Disposable-Vape_Agora_vape-6-1200x1200.webp 1200w, https:\/\/agoravape.com\/wp-content\/uploads\/2025\/10\/Razz-bar-45000-Puffs-Long-Lasting-Disposable-Vape_Agora_vape-6-300x300.webp 300w, https:\/\/agoravape.com\/wp-content\/uploads\/2025\/10\/Razz-bar-45000-Puffs-Long-Lasting-Disposable-Vape_Agora_vape-6-1024x1024.webp 1024w, https:\/\/agoravape.com\/wp-content\/uploads\/2025\/10\/Razz-bar-45000-Puffs-Long-Lasting-Disposable-Vape_Agora_vape-6-150x150.webp 150w, https:\/\/agoravape.com\/wp-content\/uploads\/2025\/10\/Razz-bar-45000-Puffs-Long-Lasting-Disposable-Vape_Agora_vape-6-768x768.webp 768w, https:\/\/agoravape.com\/wp-content\/uploads\/2025\/10\/Razz-bar-45000-Puffs-Long-Lasting-Disposable-Vape_Agora_vape-6-1536x1536.webp 1536w\" sizes=\"auto, (max-width: 2000px) 100vw, 2000px\" \/><\/h2>\n<h2 data-v-md-heading=\"what-is-special-about-razz-bar-45000-long-lasting-disposable-vapes\" data-v-md-line=\"3\">Qu'est-ce qui rend les cigarettes \u00e9lectroniques jetables longue dur\u00e9e Razz bar 45000 si sp\u00e9ciales ?<\/h2>\n<p data-v-md-line=\"4\">Si vous en avez assez des cigarettes \u00e9lectroniques jetables qui tombent en panne le vendredi, ce produit devrait vous int\u00e9resser. La cigarette \u00e9lectronique Razz Bar (pack de 45\u00a0000) est con\u00e7ue pour ceux qui recherchent simplicit\u00e9, durabilit\u00e9 et prix abordable. Sans boutons ni menus, il suffit d'un l\u00e9ger glissement pour vapoter.<\/p>\n<p data-v-md-line=\"6\">Petit rappel\u00a0: la capacit\u00e9 nominale de 45\u00a0000 ports est impressionnante. Con\u00e7ue pour une utilisation prolong\u00e9e, elle convient aux vapoteurs r\u00e9guliers qui ne souhaitent pas changer d\u2019appareil fr\u00e9quemment. Si vous r\u00e9sidez dans l\u2019UE, vous devez disposer d\u2019une option avec un taux de nicotine de 2\u00a0% et consulter la r\u00e9glementation locale. Les cigarettes \u00e9lectroniques haut de gamme d\u00e9passent g\u00e9n\u00e9ralement la limite fix\u00e9e par la directive TPD pour les cigarettes \u00e9lectroniques jetables pr\u00e9-remplies\u00a0; la disponibilit\u00e9 peut donc varier selon les pays et les r\u00e9gions.<\/p>\n<h2 data-v-md-heading=\"excellent-performance-easy-and-convenient\" data-v-md-line=\"8\">Excellentes performances, facile et pratique<\/h2>\n<p data-v-md-line=\"9\">De la premi\u00e8re \u00e0 la derni\u00e8re bouff\u00e9e, savourez un go\u00fbt constant. La t\u00eate d'atomisation assure une vapeur douce et homog\u00e8ne, pour une exp\u00e9rience toujours aussi agr\u00e9able, m\u00eame apr\u00e8s une semaine. Une simple inhalation suffit pour activer l'appareil et profiter d'une exp\u00e9rience unique. Pour recharger la batterie, un simple c\u00e2ble USB suffit. Pratique et facile.<\/p>\n<h2 data-v-md-heading=\"specification-introduction\" data-v-md-line=\"11\">Introduction aux sp\u00e9cifications<\/h2>\n<p data-v-md-line=\"12\"><strong>Nombre d'aspirations<\/strong>: jusqu'\u00e0 45 000 aspirations<br \/>\n<strong>Teneur en nicotine<\/strong>2 % et 5 % en option<br \/>\n<strong>Usage<\/strong>Inspirez pour activer<br \/>\n<strong>Chargement<\/strong>Interface de chargement USB standard<br \/>\n<strong>Statut<\/strong>Pr\u00eat \u00e0 l'emploi d\u00e8s le d\u00e9ballage<\/p>\n<h2 data-v-md-heading=\"multiple-flavor-options\" data-v-md-line=\"18\">Plusieurs options de saveurs<\/h2>\n<ul data-v-md-line=\"19\">\n<li>Saveur Sang de Tigre<\/li>\n<li>Glace \u00e0 la fraise<\/li>\n<li>Saveur fraise et banane<\/li>\n<li>Saveur estivale de r\u00eave<\/li>\n<li>saveur de fruits tropicaux<\/li>\n<li>Blue Rink Ice<\/li>\n<li>Glace \u00e0 la p\u00eache<\/li>\n<li>Glace \u00e0 la fraise, framboise et cerise<\/li>\n<li>Glace \u00e0 la past\u00e8que<\/li>\n<li>Glace du Dragon Noir<\/li>\n<li>Amour 66<\/li>\n<li>Saveur \u00e9trange de fraise<\/li>\n<li>Saveur Coca-Cola Cherry<\/li>\n<li>Saveur ananas-noix de coco<\/li>\n<li>Saveur citron et citron vert<\/li>\n<li>Monsieur Saveur Bleue<\/li>\n<\/ul>\n<h2 data-v-md-heading=\"born-for-you-and-your-business\" data-v-md-line=\"36\">Con\u00e7u pour vous et votre entreprise<\/h2>\n<p data-v-md-line=\"37\">Vous pouvez acheter l'e-liquide Razz Bar pour 45\u00a0000 bouff\u00e9es pour votre usage personnel ou pour votre magasin. Le carton de vente en gros contient 200 unit\u00e9s, ce qui facilite l'organisation de vos rayons. Nous proposons une livraison DDP (rendu droits acquitt\u00e9s) via des partenaires de confiance tels que UPS, DPD et DHL\u00a0; les droits de douane sont ainsi r\u00e9gl\u00e9s \u00e0 l'avance afin d'\u00e9viter toute mauvaise surprise.<\/p>\n<p data-v-md-line=\"39\">Autre conseil pratique\u00a0: conform\u00e9ment \u00e0 la r\u00e9glementation europ\u00e9enne, la capacit\u00e9 maximale du e-liquide pr\u00e9-rempli est de 2\u00a0ml et la teneur maximale en nicotine est de 20\u00a0mg\/ml. Seules 2\u00a0% des options respectent cette limite. Les sp\u00e9cifications et la capacit\u00e9 de l\u2019\u00e9quipement peuvent ne pas \u00eatre conformes aux exigences de tous les march\u00e9s de l\u2019UE. Veuillez donc v\u00e9rifier la r\u00e9glementation locale ou contacter notre \u00e9quipe avant de passer commande en gros.<\/p>\n<h2 data-v-md-heading=\"why-do-you-like-it\" data-v-md-line=\"41\">Pourquoi l'aimes-tu ?<\/h2>\n<p data-v-md-line=\"42\"><strong>Aspiration massive<\/strong>Il dure plus longtemps, vous n'avez donc pas besoin d'en acheter de nouveaux fr\u00e9quemment.<br \/>\n<strong>s\u00e9lection de la concentration de nicotine<\/strong>Choisissez la concentration qui convient \u00e0 vos habitudes quotidiennes.<br \/>\n<strong>Rechargeable<\/strong>Vous pouvez utiliser tous les e-liquides achet\u00e9s.<br \/>\n<strong>Performances stables de la bobine<\/strong>Le go\u00fbt est toujours doux.<\/p>\n<h2 data-v-md-heading=\"why-collaborate-with-agoravape\" data-v-md-line=\"47\">Pourquoi collaborer avec AgoraVape ?<\/h2>\n<p data-v-md-line=\"48\">Nous ne vendons que des produits authentiques, sans aucun doute. Pour les clients professionnels, b\u00e9n\u00e9ficiez de prix de gros avantageux, d'une assistance fiable et d'une livraison DDP rapide dans toute l'Europe pour les cigarettes \u00e9lectroniques jetables longue dur\u00e9e Razz bar 45000. Pour toute question relative \u00e0 la conformit\u00e9 r\u00e9glementaire ou aux associations de saveurs, n'h\u00e9sitez pas \u00e0 nous contacter. Nous avons \u00e0 c\u0153ur de cr\u00e9er des produits que vos clients auront plaisir \u00e0 red\u00e9couvrir.<\/p>","protected":false},"excerpt":{"rendered":"<p>&nbsp;<\/p>\n<p><script src=\"chrome-extension:\/\/fpelahbljekknahkcaegamhcndkfpfnc\/iFrame.js\" type=\"text\/javascript\"><\/script><\/p>\n<p><script src=\"chrome-extension:\/\/fpelahbljekknahkcaegamhcndkfpfnc\/iFrame.js\" type=\"text\/javascript\"><\/script><\/p>\n<p><script src=\"chrome-extension:\/\/fpelahbljekknahkcaegamhcndkfpfnc\/iFrame.js\" type=\"text\/javascript\"><\/script><\/p>\n<p><script src=\"chrome-extension:\/\/fpelahbljekknahkcaegamhcndkfpfnc\/iFrame.js\" type=\"text\/javascript\"><\/script><\/p>\n<p><script src=\"chrome-extension:\/\/fpelahbljekknahkcaegamhcndkfpfnc\/iFrame.js\" type=\"text\/javascript\"><\/script><\/p>\n<p><script src=\"chrome-extension:\/\/fpelahbljekknahkcaegamhcndkfpfnc\/iFrame.js\" type=\"text\/javascript\"><\/script><\/p>\n<p><script src=\"chrome-extension:\/\/fpelahbljekknahkcaegamhcndkfpfnc\/iFrame.js\" type=\"text\/javascript\"><\/script><\/p>\n<p><script src=\"chrome-extension:\/\/fpelahbljekknahkcaegamhcndkfpfnc\/iFrame.js\" type=\"text\/javascript\"><\/script><\/p>\n<p><script src=\"chrome-extension:\/\/fpelahbljekknahkcaegamhcndkfpfnc\/iFrame.js\" type=\"text\/javascript\"><\/script><\/p>\n<p><script src=\"chrome-extension:\/\/fpelahbljekknahkcaegamhcndkfpfnc\/iFrame.js\" type=\"text\/javascript\"><\/script><\/p>\n<p><script src=\"chrome-extension:\/\/fpelahbljekknahkcaegamhcndkfpfnc\/iFrame.js\" type=\"text\/javascript\"><\/script><\/p>\n<p><script src=\"chrome-extension:\/\/fpelahbljekknahkcaegamhcndkfpfnc\/iFrame.js\" type=\"text\/javascript\"><\/script><\/p>\n<p><script src=\"chrome-extension:\/\/fpelahbljekknahkcaegamhcndkfpfnc\/iFrame.js\" type=\"text\/javascript\"><\/script><\/p>\n<p><script src=\"chrome-extension:\/\/fpelahbljekknahkcaegamhcndkfpfnc\/iFrame.js\" type=\"text\/javascript\"><\/script><\/p>\n<p><script src=\"chrome-extension:\/\/fpelahbljekknahkcaegamhcndkfpfnc\/iFrame.js\" type=\"text\/javascript\"><\/script><\/p>\n<p><script src=\"chrome-extension:\/\/fpelahbljekknahkcaegamhcndkfpfnc\/iFrame.js\" type=\"text\/javascript\"><\/script><\/p>","protected":false},"featured_media":17632,"comment_status":"open","ping_status":"closed","template":"","meta":[],"product_brand":[236],"product_cat":[124,185,189,1640,194,174,175,193,163,191,173,186,180,190,192],"product_tag":[],"class_list":{"0":"post-17606","1":"product","2":"type-product","3":"status-publish","4":"has-post-thumbnail","6":"product_brand-razz-bar","7":"product_cat-vape-by-brand","8":"product_cat-10000-puffs-high-capacity","9":"product_cat-20mg-standard-nicotine-vapes","10":"product_cat-45000-puffs","11":"product_cat-adjustable-airflow","12":"product_cat-fruit-flavors","13":"product_cat-icy-mint","14":"product_cat-mesh-coil","15":"product_cat-razz-bar","16":"product_cat-rechargeable-disposables","17":"product_cat-vape-by-flavor-profile","18":"product_cat-vape-by-nicotine-strength","19":"product_cat-vape-by-puff-count","20":"product_cat-vape-by-feature-or-type","21":"product_cat-vapes-with-screens","23":"first","24":"onbackorder","25":"shipping-taxable","26":"purchasable","27":"product-type-variable","28":"has-default-attributes"},"tiered_pricing_type":"percentage","tiered_pricing_fixed_rules":[],"tiered_pricing_product_settings":{"layout":"default","base_unit_name":{"singular":null,"plural":null},"default_variation":null},"tiered_pricing_minimum_quantity":50,"tiered_pricing_roles_data":[],"tiered_pricing_percentage_rules":{"100":"40","200":"44","500":"47","1000":"49"},"tiered_pricing_maximum_quantity":null,"tiered_pricing_quantity_step":"10","_links":{"self":[{"href":"https:\/\/agoravape.com\/fr\/wp-json\/wp\/v2\/product\/17606","targetHints":{"allow":["GET"]}}],"collection":[{"href":"https:\/\/agoravape.com\/fr\/wp-json\/wp\/v2\/product"}],"about":[{"href":"https:\/\/agoravape.com\/fr\/wp-json\/wp\/v2\/types\/product"}],"replies":[{"embeddable":true,"href":"https:\/\/agoravape.com\/fr\/wp-json\/wp\/v2\/comments?post=17606"}],"version-history":[{"count":0,"href":"https:\/\/agoravape.com\/fr\/wp-json\/wp\/v2\/product\/17606\/revisions"}],"wp:featuredmedia":[{"embeddable":true,"href":"https:\/\/agoravape.com\/fr\/wp-json\/wp\/v2\/media\/17632"}],"wp:attachment":[{"href":"https:\/\/agoravape.com\/fr\/wp-json\/wp\/v2\/media?parent=17606"}],"wp:term":[{"taxonomy":"product_brand","embeddable":true,"href":"https:\/\/agoravape.com\/fr\/wp-json\/wp\/v2\/product_brand?post=17606"},{"taxonomy":"product_cat","embeddable":true,"href":"https:\/\/agoravape.com\/fr\/wp-json\/wp\/v2\/product_cat?post=17606"},{"taxonomy":"product_tag","embeddable":true,"href":"https:\/\/agoravape.com\/fr\/wp-json\/wp\/v2\/product_tag?post=17606"}],"curies":[{"name":"wp","href":"https:\/\/api.w.org\/{rel}","templated":true}]}}